{"id":11687,"date":"2023-03-17T14:47:42","date_gmt":"2023-03-17T13:47:42","guid":{"rendered":"https:\/\/algavenice.com\/politica-de-privacidad-conforme-al-gdpr\/"},"modified":"2023-03-22T15:21:17","modified_gmt":"2023-03-22T14:21:17","slug":"politica-de-privacidad-conforme-al-gdpr","status":"publish","type":"page","link":"https:\/\/algavenice.com\/es\/politica-de-privacidad-conforme-al-gdpr\/","title":{"rendered":"Pol\u00edtica de privacidad conforme al GDPR"},"content":{"rendered":"\t\t<div data-elementor-type=\"wp-page\" data-elementor-id=\"11687\" class=\"elementor elementor-11687 elementor-3342\">\n\t\t\t\t\t\t<section class=\"elementor-section elementor-top-section elementor-element elementor-element-33187d2b elementor-section-boxed elementor-section-height-default elementor-section-height-default none\" data-id=\"33187d2b\" data-element_type=\"section\" data-e-type=\"section\">\n\t\t\t\t\t\t<div class=\"elementor-container elementor-column-gap-default\">\n\t\t\t\t\t<div class=\"elementor-column elementor-col-100 elementor-top-column elementor-element elementor-element-3fc09d07 none\" data-id=\"3fc09d07\" data-element_type=\"column\" data-e-type=\"column\">\n\t\t\t<div class=\"elementor-widget-wrap elementor-element-populated\">\n\t\t\t\t\t\t<div class=\"elementor-element elementor-element-2143cc2 none elementor-widget elementor-widget-text-editor\" data-id=\"2143cc2\" data-element_type=\"widget\" data-e-type=\"widget\" data-widget_type=\"text-editor.default\">\n\t\t\t\t<div class=\"elementor-widget-container\">\n\t\t\t\t\t\t\t\t\t<h1>Pol\u00edtica de privacidad y cookies compatible con GDPR<\/h1>\n<h2>GDPR 679\/2016 &#8211; Informaci\u00f3n sobre la protecci\u00f3n de datos personales<\/h2>\n<p><strong>Se informa a los usuarios:<\/strong><\/p>\n<p>que los datos se tratar\u00e1n de conformidad con las disposiciones legales de la citada legislaci\u00f3n y con las obligaciones de confidencialidad previstas en la misma, de acuerdo con los principios de correcci\u00f3n, licitud, transparencia y protecci\u00f3n de su intimidad<\/p>\n<p><strong>Base jur\u00eddica<\/strong><\/p>\n<p>El tratamiento de los datos de los clientes se basa en el consentimiento prestado directamente por el cliente, y en el tratamiento necesario para permitir la celebraci\u00f3n del contrato de servicios, y consienten el tratamiento de sus datos personales en la forma y para los fines descritos a continuaci\u00f3n, incluida la posible divulgaci\u00f3n a terceros si ello es necesario para la prestaci\u00f3n de un servicio.<\/p>\n<p>Art. 6 (1) lett. (a) el interesado ha consentido el tratamiento de sus datos personales para uno o varios fines espec\u00edficos; (b) el tratamiento es necesario para la ejecuci\u00f3n de un contrato en el que el interesado es parte o para tomar medidas a petici\u00f3n del interesado antes de celebrar un contrato; f) el tratamiento es necesario para la consecuci\u00f3n de los intereses leg\u00edtimos del responsable del tratamiento o de un tercero.<\/p>\n<p>El responsable del tratamiento de sus datos personales es:<br \/><b>Societ\u00e0 Agricola Serenissima S.S.<br \/>IVA\/CF: 04808400289<br \/>horno distrito 7\/1<br \/>35026 &#8211; Conselve (Padua) &#8211; Italia<\/b><\/p>\n<p>responsable del uso l\u00edcito y correcto de sus datos personales y a quien puede dirigirse para cualquier informaci\u00f3n o solicitud en las siguientes direcciones:<br \/><b>Tel: <a href=\"tel:+39347%202910687\">+39 347 2910687<\/a><br \/>correo electr\u00f3nico: <a href=\"mailto:aa.serenissima@gmail.com\">aa.serenissima@gmail.com<\/a><\/b><\/p>\n<p>El responsable del tratamiento, de conformidad con el art. 37 GDPR ha designado a su representante legal pro-tempore.<\/p>\n<p><strong>Finalidad del tratamiento<\/strong><\/p>\n<p>Seguimiento de las actividades de preventa e informaci\u00f3n comercial solicitadas por el sujeto.<\/p>\n<p>Gestionar, concluir y ejecutar la relaci\u00f3n contractual acordada, as\u00ed como cualquier acuerdo auxiliar necesario, incluido el cumplimiento de las obligaciones fiscales y contables.<\/p>\n<p>Tramitaci\u00f3n y ejecuci\u00f3n de solicitudes de contacto del interesado, solicitudes de prestaci\u00f3n de servicios, en solicitudes de asistencia tambi\u00e9n mediante comunicaci\u00f3n a terceros.<\/p>\n<p>Datos resultantes de la transmisi\u00f3n impl\u00edcita en el uso de los protocolos de comunicaci\u00f3n de Internet.<\/p>\n<p>Los datos tambi\u00e9n podr\u00edan utilizarse para determinar la responsabilidad en caso de hipot\u00e9ticos delitos inform\u00e1ticos contra la estructura inform\u00e1tica (intereses leg\u00edtimos del propietario).<\/p>\n<p>La Societ\u00e0 Agricola Serenissima S.S. lleva a cabo la elaboraci\u00f3n de perfiles de acuerdo con los m\u00e9todos y l\u00edmites de la ley, enviando informaci\u00f3n promocional sobre nuestros servicios, informaci\u00f3n de marketing, remarketing, publicidad y otra informaci\u00f3n que pueda ser de su inter\u00e9s en base a las preferencias que expres\u00f3 al proporcionar sus datos personales.<\/p>\n<p><strong>\u00c1rea territorial<\/strong><\/p>\n<p>El Responsable del Tratamiento informa que tratar\u00e1 los datos conferidos, principalmente de forma directa o mediante encargo a un tercero, en todo caso dentro del espacio europeo.<\/p>\n<p><strong>La parte interesada<\/strong><\/p>\n<p>De conformidad con el art\u00edculo 15 del Reglamento UE 679\/2016, tiene derecho a obtener confirmaci\u00f3n sobre la existencia o inexistencia de datos que le conciernan, a ser informado de la fuente de los datos y de los fines y m\u00e9todos del tratamiento, a que los datos se actualicen, rectifiquen, completen, a que se supriman los datos tratados en violaci\u00f3n de la ley y a oponerse al tratamiento de datos con fines de env\u00edo de material publicitario.<strong> <\/strong><\/p>\n<p><strong>Ejercicio de derechos &#8211; Denuncia<\/strong><\/p>\n<p>Puede ejercer cualquiera de los derechos descritos en esta secci\u00f3n frente al responsable del tratamiento enviando un correo electr\u00f3nico a <a href=\"mailto:aa.serenissima@gmail.com\" target=\"_blank\" rel=\"noopener\">aa.serenissima@gmail.com.<\/a><\/p>\n<p>Tenga en cuenta que podemos pedirle que verifique su identidad antes de dar curso a su solicitud.<\/p>\n<p>Para ejercer sus derechos en virtud del art. 15 del Reglamento UE 679\/2016 podr\u00e1n ponerse en contacto con el Responsable del Tratamiento escribiendo a: Societ\u00e0 Agricola Serenissima S.S. P.IVA\/CF 04808400289 &#8211; quartiere della fornace 7\/1 &#8211; 35026 Conselve (Padua) &#8211; Italia o enviando un correo electr\u00f3nico a: <a href=\"mailto:aa.serenissima@gmail.com\" target=\"_blank\" rel=\"noopener\">aa.serenissima@gmail.com.<\/a><strong> <\/strong><\/p>\n<p><strong>Acceso a los datos<\/strong><\/p>\n<p>Tiene derecho a solicitar copias de los datos personales que nos haya facilitado en un formato estructurado, de uso com\u00fan y legible electr\u00f3nicamente, y\/o a solicitarnos que transmitamos dicha informaci\u00f3n a otro proveedor de servicios (siempre que sea t\u00e9cnicamente posible).<\/p>\n<p><strong>Duraci\u00f3n del tratamiento Almacenamiento<\/strong><\/p>\n<p>En general, Societ\u00e0 Agricola Serenissima S.S. conserva sus datos personales durante periodos cortos de tiempo, o durante el tiempo necesario para la ejecuci\u00f3n del contrato.<\/p>\n<p>Podemos conservar algunos de sus datos personales en la medida necesaria para cumplir nuestras obligaciones legales y fiscales y para proteger nuestros intereses contractuales.<\/p>\n<p>Excepcionalmente, podemos conservar algunos de sus datos personales con el fin de realizar investigaciones, tal y como exige la ley.<\/p>\n<p>Declaramos que una vez transcurridos 24 meses desde la finalizaci\u00f3n de las obligaciones contractuales o de las actividades comerciales y de preventa requeridas, eliminaremos los datos personales que no sean requeridos de otro modo por las normativas obligatorias.<strong> <\/strong><\/p>\n<p><strong>Retirada del consentimiento y limitaci\u00f3n del tratamiento de datos personales.<\/strong><\/p>\n<p>Usted puede revocar en cualquier momento su consentimiento para el tratamiento de sus datos personales envi\u00e1ndonos una comunicaci\u00f3n en la que indique que desea revocar su consentimiento, o proceder directamente a la supresi\u00f3n cuando proceda. La retirada del consentimiento no afecta a la legalidad de cualquier actividad de tratamiento basada en \u00e9l antes de su retirada.<\/p>\n<p><strong>Pol\u00edtica de cookies<\/strong><\/p>\n<p>Una cookie es un peque\u00f1o archivo de texto formado por letras y n\u00fameros que un sitio web coloca en el ordenador de un usuario cuando \u00e9ste accede a un sitio.<\/p>\n<p>Las almacena el navegador (por ejemplo, Google Chrome, Microsoft Edge o Apple Safari) de su ordenador, smartphone u otro dispositivo y permiten a los sitios web almacenar y utilizar informaci\u00f3n sobre las preferencias del usuario para reconocerlo cuando accede al sitio y, posiblemente, responder en consecuencia.<\/p>\n<p><strong>C\u00f3mo se utilizan<\/strong><\/p>\n<p>Las cookies se utilizan para aumentar la funcionalidad y facilidad de uso de nuestro sitio web. Utilizamos dos tipos de cookies: cookies persistentes y cookies de sesi\u00f3n.<\/p>\n<p>Las Cookies persistentes son aquellas que permanecen en el buscador entre sesiones.<\/p>\n<p>Las cookies de sesi\u00f3n est\u00e1n presentes cuando visita nuestro sitio y no se almacenan en su navegador cuando lo abandona.<\/p>\n<p>No se registra ninguna informaci\u00f3n personal en las cookies.<\/p>\n<p>Toda la informaci\u00f3n recogida por las cookies se conserva y no se divulga, transmite ni vende a terceros.<\/p>\n<p><strong>Tipos de cookies utilizadas en el sitio web<\/strong><\/p>\n<p>A continuaci\u00f3n se indican los distintos tipos de cookies utilizados en funci\u00f3n de su finalidad de uso.<br \/>* PHPSESSID &#8211; Cookie relacionada con la sesi\u00f3n de navegaci\u00f3n dentro del Sitio.<br \/>* _ga \/ _gat \/ _gid: cookies de Google Analytics<br \/>* Cookie_ue &#8211; Cookie relacionada con la aceptaci\u00f3n de la informaci\u00f3n sobre el uso de cookies.<\/p>\n<p><strong>Cookies t\u00e9cnicas<\/strong><\/p>\n<p>Este tipo de cookie permite que determinadas secciones del Sitio funcionen correctamente.<br \/>Se dividen en dos categor\u00edas: persistentes y de sesi\u00f3n:<br \/>* persistentes: una vez cerrado el navegador, no se destruyen, sino que permanecen hasta una fecha de caducidad preestablecida;<br \/>* sesi\u00f3n: se destruyen cada vez que se cierra el navegador.<\/p>\n<p>Estas cookies, enviadas siempre desde nuestro dominio, son necesarias para la correcta visualizaci\u00f3n del sitio y en relaci\u00f3n con los servicios t\u00e9cnicos ofrecidos, por lo que siempre ser\u00e1n utilizadas y enviadas, salvo que el usuario cambie la configuraci\u00f3n de su navegador (afectando as\u00ed a la visualizaci\u00f3n de las p\u00e1ginas del sitio).<\/p>\n<p><strong>Cookies anal\u00edticas<\/strong><\/p>\n<p>Las cookies de esta categor\u00eda se utilizan para recopilar informaci\u00f3n sobre el uso del sitio.<\/p>\n<p>El sitio utilizar\u00e1 esta informaci\u00f3n para realizar an\u00e1lisis estad\u00edsticos an\u00f3nimos con el fin de mejorar el uso del sitio y hacer que el contenido sea m\u00e1s interesante y relevante para los deseos del usuario.<\/p>\n<p>Este tipo de cookie recoge datos de forma an\u00f3nima sobre la actividad de los usuarios y c\u00f3mo llegaron al Sitio. Las cookies anal\u00edticas son enviadas por el propio Sitio o por dominios de terceros.<\/p>\n<p><strong>Cookies de an\u00e1lisis para servicios de terceros<\/strong><\/p>\n<p>Estas cookies se utilizan para recopilar informaci\u00f3n sobre el uso del Sitio por parte de los usuarios de forma an\u00f3nima, como: p\u00e1ginas visitadas, tiempo de permanencia, or\u00edgenes del tr\u00e1fico, procedencia geogr\u00e1fica, edad, sexo e intereses a efectos de campa\u00f1as de marketing. Estas cookies se env\u00edan desde dominios de terceros ajenos al Sitio.<\/p>\n<p><strong>Cookies para integrar software y funciones de terceros  <\/strong><\/p>\n<p>Este tipo de cookie integra funcionalidades desarrolladas por terceros dentro de las p\u00e1ginas del Sitio, como iconos y preferencias expresadas en redes sociales con el fin de compartir contenidos del Sitio o para el uso de servicios de software de terceros (como software para generar mapas y otro software que ofrece servicios adicionales). Estas cookies son enviadas por dominios de terceros y sitios asociados que ofrecen su funcionalidad entre las p\u00e1ginas del Sitio.<\/p>\n<p><strong>Cookies de perfiles<\/strong><\/p>\n<p>Son aquellas cookies necesarias para crear perfiles de usuario con el fin de enviar mensajes publicitarios acordes con las preferencias expresadas por el usuario dentro de las p\u00e1ginas del Sitio.<\/p>\n<p><strong>Formas de expresar el consentimiento para las cookies<\/strong><\/p>\n<p>El Responsable del Tratamiento, de acuerdo con la legislaci\u00f3n vigente, no est\u00e1 obligado a solicitar el consentimiento para las cookies t\u00e9cnicas y anal\u00edticas, ya que son necesarias para prestar los servicios solicitados. Para todos los dem\u00e1s tipos de cookies, el consentimiento puede ser expresado por el Usuario de una o varias de las siguientes maneras:<br \/>* Mediante configuraciones espec\u00edficas del navegador utilizado o de los correspondientes programas inform\u00e1ticos utilizados para navegar por las p\u00e1ginas que componen el Sitio.<br \/>* Cambiando la configuraci\u00f3n al utilizar servicios de terceros<\/p>\n<p>Cualquiera de estas soluciones puede impedir al usuario utilizar o ver partes del Sitio.<\/p>\n<p><strong>Desactivar las cookies<\/strong><\/p>\n<p>La mayor\u00eda de los navegadores aceptan cookies autom\u00e1ticamente, pero tambi\u00e9n puede optar por no aceptarlas. Si no desea que su ordenador reciba y almacene cookies, puede cambiar la configuraci\u00f3n de seguridad de su navegador (Microsoft Edge, Google Chrome, Apple Safari, etc.).<\/p>\n\t\t\t\t\t\t\t\t<\/div>\n\t\t\t\t<\/div>\n\t\t\t\t\t<\/div>\n\t\t<\/div>\n\t\t\t\t\t<\/div>\n\t\t<\/section>\n\t\t\t\t<\/div>\n\t\t","protected":false},"excerpt":{"rendered":"<p>Pol\u00edtica de privacidad y cookies compatible con GDPR GDPR 679\/2016 &#8211; Informaci\u00f3n sobre la protecci\u00f3n de datos personales Se informa a los usuarios: que los datos se tratar\u00e1n de conformidad [&hellip;]<\/p>\n","protected":false},"author":1,"featured_media":0,"parent":0,"menu_order":0,"comment_status":"closed","ping_status":"closed","template":"","meta":{"_acf_changed":false,"footnotes":""},"class_list":["post-11687","page","type-page","status-publish","hentry"],"acf":[],"yoast_head":"<!-- This site is optimized with the Yoast SEO plugin v27.3 - https:\/\/yoast.com\/product\/yoast-seo-wordpress\/ -->\n<title>Pol\u00edtica de privacidad conforme al GDPR - AlgaVenice<\/title>\n<meta name=\"description\" content=\"Nuestra pol\u00edtica de privacidad y de cookies cumple con el GDPR. C\u00f3mo trata y respeta nuestra empresa sus datos y su privacidad.\" \/>\n<meta name=\"robots\" content=\"index, follow, max-snippet:-1, max-image-preview:large, max-video-preview:-1\" \/>\n<link rel=\"canonical\" href=\"https:\/\/algavenice.com\/es\/politica-de-privacidad-conforme-al-gdpr\/\" \/>\n<meta property=\"og:locale\" content=\"es_ES\" \/>\n<meta property=\"og:type\" content=\"article\" \/>\n<meta property=\"og:title\" content=\"Pol\u00edtica de privacidad conforme al GDPR - AlgaVenice\" \/>\n<meta property=\"og:description\" content=\"Nuestra pol\u00edtica de privacidad y de cookies cumple con el GDPR. C\u00f3mo trata y respeta nuestra empresa sus datos y su privacidad.\" \/>\n<meta property=\"og:url\" content=\"https:\/\/algavenice.com\/es\/politica-de-privacidad-conforme-al-gdpr\/\" \/>\n<meta property=\"og:site_name\" content=\"AlgaVenice\" \/>\n<meta property=\"article:publisher\" content=\"https:\/\/www.facebook.com\/algavenice.it\" \/>\n<meta property=\"article:modified_time\" content=\"2023-03-22T14:21:17+00:00\" \/>\n<meta property=\"og:image\" content=\"https:\/\/algavenice.com\/wp-content\/uploads\/2023\/03\/algavenice_cover_image.jpg\" \/>\n\t<meta property=\"og:image:width\" content=\"1200\" \/>\n\t<meta property=\"og:image:height\" content=\"1046\" \/>\n\t<meta property=\"og:image:type\" content=\"image\/jpeg\" \/>\n<meta name=\"twitter:card\" content=\"summary_large_image\" \/>\n<meta name=\"twitter:label1\" content=\"Tiempo de lectura\" \/>\n\t<meta name=\"twitter:data1\" content=\"9 minutos\" \/>\n<script type=\"application\/ld+json\" class=\"yoast-schema-graph\">{\"@context\":\"https:\\\/\\\/schema.org\",\"@graph\":[{\"@type\":\"WebPage\",\"@id\":\"https:\\\/\\\/algavenice.com\\\/es\\\/politica-de-privacidad-conforme-al-gdpr\\\/\",\"url\":\"https:\\\/\\\/algavenice.com\\\/es\\\/politica-de-privacidad-conforme-al-gdpr\\\/\",\"name\":\"Pol\u00edtica de privacidad conforme al GDPR - AlgaVenice\",\"isPartOf\":{\"@id\":\"https:\\\/\\\/algavenice.com\\\/es\\\/#website\"},\"datePublished\":\"2023-03-17T13:47:42+00:00\",\"dateModified\":\"2023-03-22T14:21:17+00:00\",\"description\":\"Nuestra pol\u00edtica de privacidad y de cookies cumple con el GDPR. C\u00f3mo trata y respeta nuestra empresa sus datos y su privacidad.\",\"breadcrumb\":{\"@id\":\"https:\\\/\\\/algavenice.com\\\/es\\\/politica-de-privacidad-conforme-al-gdpr\\\/#breadcrumb\"},\"inLanguage\":\"es\",\"potentialAction\":[{\"@type\":\"ReadAction\",\"target\":[\"https:\\\/\\\/algavenice.com\\\/es\\\/politica-de-privacidad-conforme-al-gdpr\\\/\"]}]},{\"@type\":\"BreadcrumbList\",\"@id\":\"https:\\\/\\\/algavenice.com\\\/es\\\/politica-de-privacidad-conforme-al-gdpr\\\/#breadcrumb\",\"itemListElement\":[{\"@type\":\"ListItem\",\"position\":1,\"name\":\"Home\",\"item\":\"https:\\\/\\\/algavenice.com\\\/es\\\/\"},{\"@type\":\"ListItem\",\"position\":2,\"name\":\"Pol\u00edtica de privacidad conforme al GDPR\"}]},{\"@type\":\"WebSite\",\"@id\":\"https:\\\/\\\/algavenice.com\\\/es\\\/#website\",\"url\":\"https:\\\/\\\/algavenice.com\\\/es\\\/\",\"name\":\"AlgaVenice - Spirulina 100% pura, italiana e biologica\",\"description\":\"Vendita Spirulina di Alta Qualit\u00e0 Online\",\"publisher\":{\"@id\":\"https:\\\/\\\/algavenice.com\\\/es\\\/#organization\"},\"alternateName\":\"Vendita online Spirulina di alta qualit\u00e0\",\"potentialAction\":[{\"@type\":\"SearchAction\",\"target\":{\"@type\":\"EntryPoint\",\"urlTemplate\":\"https:\\\/\\\/algavenice.com\\\/es\\\/?s={search_term_string}\"},\"query-input\":{\"@type\":\"PropertyValueSpecification\",\"valueRequired\":true,\"valueName\":\"search_term_string\"}}],\"inLanguage\":\"es\"},{\"@type\":\"Organization\",\"@id\":\"https:\\\/\\\/algavenice.com\\\/es\\\/#organization\",\"name\":\"Societ\u00e0 Agricola Serenissima S.r.l.\",\"alternateName\":\"AlgaVenice\",\"url\":\"https:\\\/\\\/algavenice.com\\\/es\\\/\",\"logo\":{\"@type\":\"ImageObject\",\"inLanguage\":\"es\",\"@id\":\"https:\\\/\\\/algavenice.com\\\/es\\\/#\\\/schema\\\/logo\\\/image\\\/\",\"url\":\"https:\\\/\\\/algavenice.com\\\/wp-content\\\/uploads\\\/2023\\\/03\\\/algavenice_logo_dati_strutturati.jpg\",\"contentUrl\":\"https:\\\/\\\/algavenice.com\\\/wp-content\\\/uploads\\\/2023\\\/03\\\/algavenice_logo_dati_strutturati.jpg\",\"width\":696,\"height\":696,\"caption\":\"Societ\u00e0 Agricola Serenissima S.r.l.\"},\"image\":{\"@id\":\"https:\\\/\\\/algavenice.com\\\/es\\\/#\\\/schema\\\/logo\\\/image\\\/\"},\"sameAs\":[\"https:\\\/\\\/www.facebook.com\\\/algavenice.it\",\"https:\\\/\\\/www.instagram.com\\\/algavenice_spirulina\\\/\",\"https:\\\/\\\/www.youtube.com\\\/channel\\\/UCcgMDdoknspeIM22pqn7Qiw\"]}]}<\/script>\n<!-- \/ Yoast SEO plugin. -->","yoast_head_json":{"title":"Pol\u00edtica de privacidad conforme al GDPR - AlgaVenice","description":"Nuestra pol\u00edtica de privacidad y de cookies cumple con el GDPR. C\u00f3mo trata y respeta nuestra empresa sus datos y su privacidad.","robots":{"index":"index","follow":"follow","max-snippet":"max-snippet:-1","max-image-preview":"max-image-preview:large","max-video-preview":"max-video-preview:-1"},"canonical":"https:\/\/algavenice.com\/es\/politica-de-privacidad-conforme-al-gdpr\/","og_locale":"es_ES","og_type":"article","og_title":"Pol\u00edtica de privacidad conforme al GDPR - AlgaVenice","og_description":"Nuestra pol\u00edtica de privacidad y de cookies cumple con el GDPR. C\u00f3mo trata y respeta nuestra empresa sus datos y su privacidad.","og_url":"https:\/\/algavenice.com\/es\/politica-de-privacidad-conforme-al-gdpr\/","og_site_name":"AlgaVenice","article_publisher":"https:\/\/www.facebook.com\/algavenice.it","article_modified_time":"2023-03-22T14:21:17+00:00","og_image":[{"width":1200,"height":1046,"url":"https:\/\/algavenice.com\/wp-content\/uploads\/2023\/03\/algavenice_cover_image.jpg","type":"image\/jpeg"}],"twitter_card":"summary_large_image","twitter_misc":{"Tiempo de lectura":"9 minutos"},"schema":{"@context":"https:\/\/schema.org","@graph":[{"@type":"WebPage","@id":"https:\/\/algavenice.com\/es\/politica-de-privacidad-conforme-al-gdpr\/","url":"https:\/\/algavenice.com\/es\/politica-de-privacidad-conforme-al-gdpr\/","name":"Pol\u00edtica de privacidad conforme al GDPR - AlgaVenice","isPartOf":{"@id":"https:\/\/algavenice.com\/es\/#website"},"datePublished":"2023-03-17T13:47:42+00:00","dateModified":"2023-03-22T14:21:17+00:00","description":"Nuestra pol\u00edtica de privacidad y de cookies cumple con el GDPR. C\u00f3mo trata y respeta nuestra empresa sus datos y su privacidad.","breadcrumb":{"@id":"https:\/\/algavenice.com\/es\/politica-de-privacidad-conforme-al-gdpr\/#breadcrumb"},"inLanguage":"es","potentialAction":[{"@type":"ReadAction","target":["https:\/\/algavenice.com\/es\/politica-de-privacidad-conforme-al-gdpr\/"]}]},{"@type":"BreadcrumbList","@id":"https:\/\/algavenice.com\/es\/politica-de-privacidad-conforme-al-gdpr\/#breadcrumb","itemListElement":[{"@type":"ListItem","position":1,"name":"Home","item":"https:\/\/algavenice.com\/es\/"},{"@type":"ListItem","position":2,"name":"Pol\u00edtica de privacidad conforme al GDPR"}]},{"@type":"WebSite","@id":"https:\/\/algavenice.com\/es\/#website","url":"https:\/\/algavenice.com\/es\/","name":"AlgaVenice - Spirulina 100% pura, italiana e biologica","description":"Vendita Spirulina di Alta Qualit\u00e0 Online","publisher":{"@id":"https:\/\/algavenice.com\/es\/#organization"},"alternateName":"Vendita online Spirulina di alta qualit\u00e0","potentialAction":[{"@type":"SearchAction","target":{"@type":"EntryPoint","urlTemplate":"https:\/\/algavenice.com\/es\/?s={search_term_string}"},"query-input":{"@type":"PropertyValueSpecification","valueRequired":true,"valueName":"search_term_string"}}],"inLanguage":"es"},{"@type":"Organization","@id":"https:\/\/algavenice.com\/es\/#organization","name":"Societ\u00e0 Agricola Serenissima S.r.l.","alternateName":"AlgaVenice","url":"https:\/\/algavenice.com\/es\/","logo":{"@type":"ImageObject","inLanguage":"es","@id":"https:\/\/algavenice.com\/es\/#\/schema\/logo\/image\/","url":"https:\/\/algavenice.com\/wp-content\/uploads\/2023\/03\/algavenice_logo_dati_strutturati.jpg","contentUrl":"https:\/\/algavenice.com\/wp-content\/uploads\/2023\/03\/algavenice_logo_dati_strutturati.jpg","width":696,"height":696,"caption":"Societ\u00e0 Agricola Serenissima S.r.l."},"image":{"@id":"https:\/\/algavenice.com\/es\/#\/schema\/logo\/image\/"},"sameAs":["https:\/\/www.facebook.com\/algavenice.it","https:\/\/www.instagram.com\/algavenice_spirulina\/","https:\/\/www.youtube.com\/channel\/UCcgMDdoknspeIM22pqn7Qiw"]}]}},"_links":{"self":[{"href":"https:\/\/algavenice.com\/es\/wp-json\/wp\/v2\/pages\/11687","targetHints":{"allow":["GET"]}}],"collection":[{"href":"https:\/\/algavenice.com\/es\/wp-json\/wp\/v2\/pages"}],"about":[{"href":"https:\/\/algavenice.com\/es\/wp-json\/wp\/v2\/types\/page"}],"author":[{"embeddable":true,"href":"https:\/\/algavenice.com\/es\/wp-json\/wp\/v2\/users\/1"}],"replies":[{"embeddable":true,"href":"https:\/\/algavenice.com\/es\/wp-json\/wp\/v2\/comments?post=11687"}],"version-history":[{"count":0,"href":"https:\/\/algavenice.com\/es\/wp-json\/wp\/v2\/pages\/11687\/revisions"}],"wp:attachment":[{"href":"https:\/\/algavenice.com\/es\/wp-json\/wp\/v2\/media?parent=11687"}],"curies":[{"name":"wp","href":"https:\/\/api.w.org\/{rel}","templated":true}]}}