{"id":11697,"date":"2023-03-17T14:55:12","date_gmt":"2023-03-17T13:55:12","guid":{"rendered":"https:\/\/algavenice.com\/contacto-con-nosotros\/"},"modified":"2023-03-23T12:48:53","modified_gmt":"2023-03-23T11:48:53","slug":"contacto-con-nosotros","status":"publish","type":"page","link":"https:\/\/algavenice.com\/es\/contacto-con-nosotros\/","title":{"rendered":"Contacto con nosotros"},"content":{"rendered":"\t\t<div data-elementor-type=\"wp-page\" data-elementor-id=\"11697\" class=\"elementor elementor-11697 elementor-1479\">\n\t\t\t\t\t\t<section class=\"elementor-section elementor-top-section elementor-element elementor-element-4b98994 elementor-section-boxed elementor-section-height-default elementor-section-height-default none\" data-id=\"4b98994\" data-element_type=\"section\" data-e-type=\"section\">\n\t\t\t\t\t\t<div class=\"elementor-container elementor-column-gap-wider\">\n\t\t\t\t\t<div class=\"elementor-column elementor-col-100 elementor-top-column elementor-element elementor-element-911aa1e none\" data-id=\"911aa1e\" data-element_type=\"column\" data-e-type=\"column\">\n\t\t\t<div class=\"elementor-widget-wrap elementor-element-populated\">\n\t\t\t\t\t\t<div class=\"elementor-element elementor-element-e0a4630 none elementor-widget elementor-widget-heading\" data-id=\"e0a4630\" data-element_type=\"widget\" data-e-type=\"widget\" data-widget_type=\"heading.default\">\n\t\t\t\t<div class=\"elementor-widget-container\">\n\t\t\t\t\t<h1 class=\"elementor-heading-title elementor-size-default\">Para informaci\u00f3n sobre la espirulina, pre\/post venta:<br>AlgaVenice estar\u00e1 encantada de responder a sus preguntas.<\/h1>\t\t\t\t<\/div>\n\t\t\t\t<\/div>\n\t\t\t\t\t<\/div>\n\t\t<\/div>\n\t\t\t\t\t<\/div>\n\t\t<\/section>\n\t\t\t\t<section class=\"elementor-section elementor-top-section elementor-element elementor-element-ae9e3a4 elementor-section-boxed elementor-section-height-default elementor-section-height-default none\" data-id=\"ae9e3a4\" data-element_type=\"section\" data-e-type=\"section\">\n\t\t\t\t\t\t<div class=\"elementor-container elementor-column-gap-wider\">\n\t\t\t\t\t<div class=\"elementor-column elementor-col-50 elementor-top-column elementor-element elementor-element-ee56e7e none\" data-id=\"ee56e7e\" data-element_type=\"column\" data-e-type=\"column\">\n\t\t\t<div class=\"elementor-widget-wrap elementor-element-populated\">\n\t\t\t\t\t\t<div class=\"elementor-element elementor-element-a8d0f9d none elementor-widget elementor-widget-heading\" data-id=\"a8d0f9d\" data-element_type=\"widget\" data-e-type=\"widget\" data-widget_type=\"heading.default\">\n\t\t\t\t<div class=\"elementor-widget-container\">\n\t\t\t\t\t<p class=\"elementor-heading-title elementor-size-default\">Informaci\u00f3n de contacto<\/p>\t\t\t\t<\/div>\n\t\t\t\t<\/div>\n\t\t\t\t<div class=\"elementor-element elementor-element-5731c7d none elementor-widget elementor-widget-heading\" data-id=\"5731c7d\" data-element_type=\"widget\" data-e-type=\"widget\" data-widget_type=\"heading.default\">\n\t\t\t\t<div class=\"elementor-widget-container\">\n\t\t\t\t\t<h2 class=\"elementor-heading-title elementor-size-default\">D\u00f3nde encontrarnos<\/h2>\t\t\t\t<\/div>\n\t\t\t\t<\/div>\n\t\t\t\t<div class=\"elementor-element elementor-element-361caa0 none elementor-widget elementor-widget-text-editor\" data-id=\"361caa0\" data-element_type=\"widget\" data-e-type=\"widget\" data-widget_type=\"text-editor.default\">\n\t\t\t\t<div class=\"elementor-widget-container\">\n\t\t\t\t\t\t\t\t\t<p>Siempre al lado de los clientes y distribuidores nos puede encontrar en la siguiente direcci\u00f3n, para obtener informaci\u00f3n sobre nuestros productos, por favor rellene nuestro formulario de contacto, por debajo de enlace distribuidor p\u00e1gina.<\/p>\n\t\t\t\t\t\t\t\t<\/div>\n\t\t\t\t<\/div>\n\t\t\t\t<div class=\"elementor-element elementor-element-e59cefe elementor-icon-list--layout-traditional elementor-list-item-link-full_width none elementor-widget elementor-widget-icon-list\" data-id=\"e59cefe\" data-element_type=\"widget\" data-e-type=\"widget\" data-widget_type=\"icon-list.default\">\n\t\t\t\t<div class=\"elementor-widget-container\">\n\t\t\t\t\t\t\t<ul class=\"elementor-icon-list-items\">\n\t\t\t\t\t\t\t<li class=\"elementor-icon-list-item\">\n\t\t\t\t\t\t\t\t\t\t\t<span class=\"elementor-icon-list-icon\">\n\t\t\t\t\t\t\t<svg aria-hidden=\"true\" class=\"e-font-icon-svg e-far-address-card\" viewBox=\"0 0 576 512\" xmlns=\"http:\/\/www.w3.org\/2000\/svg\"><path d=\"M528 32H48C21.5 32 0 53.5 0 80v352c0 26.5 21.5 48 48 48h480c26.5 0 48-21.5 48-48V80c0-26.5-21.5-48-48-48zm0 400H48V80h480v352zM208 256c35.3 0 64-28.7 64-64s-28.7-64-64-64-64 28.7-64 64 28.7 64 64 64zm-89.6 128h179.2c12.4 0 22.4-8.6 22.4-19.2v-19.2c0-31.8-30.1-57.6-67.2-57.6-10.8 0-18.7 8-44.8 8-26.9 0-33.4-8-44.8-8-37.1 0-67.2 25.8-67.2 57.6v19.2c0 10.6 10 19.2 22.4 19.2zM360 320h112c4.4 0 8-3.6 8-8v-16c0-4.4-3.6-8-8-8H360c-4.4 0-8 3.6-8 8v16c0 4.4 3.6 8 8 8zm0-64h112c4.4 0 8-3.6 8-8v-16c0-4.4-3.6-8-8-8H360c-4.4 0-8 3.6-8 8v16c0 4.4 3.6 8 8 8zm0-64h112c4.4 0 8-3.6 8-8v-16c0-4.4-3.6-8-8-8H360c-4.4 0-8 3.6-8 8v16c0 4.4 3.6 8 8 8z\"><\/path><\/svg>\t\t\t\t\t\t<\/span>\n\t\t\t\t\t\t\t\t\t\t<span class=\"elementor-icon-list-text\">via Frignolo, 21<br>35020 Conche di Codevigo (PD)<\/span>\n\t\t\t\t\t\t\t\t\t<\/li>\n\t\t\t\t\t\t\t\t<li class=\"elementor-icon-list-item\">\n\t\t\t\t\t\t\t\t\t\t\t<span class=\"elementor-icon-list-icon\">\n\t\t\t\t\t\t\t<i aria-hidden=\"true\" class=\"far main-icon-email\"><\/i>\t\t\t\t\t\t<\/span>\n\t\t\t\t\t\t\t\t\t\t<span class=\"elementor-icon-list-text\"><a href=\"mailto:info@algavenice.it\">info@algavenice.it<\/a><\/span>\n\t\t\t\t\t\t\t\t\t<\/li>\n\t\t\t\t\t\t\t\t<li class=\"elementor-icon-list-item\">\n\t\t\t\t\t\t\t\t\t\t\t<span class=\"elementor-icon-list-icon\">\n\t\t\t\t\t\t\t<i aria-hidden=\"true\" class=\"far main-icon-phone-call1\"><\/i>\t\t\t\t\t\t<\/span>\n\t\t\t\t\t\t\t\t\t\t<span class=\"elementor-icon-list-text\"><a href=\"mailto:tel:+390499789591\">+39 049 9789591<\/a><\/span>\n\t\t\t\t\t\t\t\t\t<\/li>\n\t\t\t\t\t\t<\/ul>\n\t\t\t\t\t\t<\/div>\n\t\t\t\t<\/div>\n\t\t\t\t<div class=\"elementor-element elementor-element-5647614 none elementor-widget elementor-widget-button\" data-id=\"5647614\" data-element_type=\"widget\" data-e-type=\"widget\" data-widget_type=\"button.default\">\n\t\t\t\t<div class=\"elementor-widget-container\">\n\t\t\t\t\t\t\t\t\t<div class=\"elementor-button-wrapper\">\n\t\t\t\t\t<a class=\"elementor-button elementor-button-link elementor-size-sm\" href=\"https:\/\/algavenice.com\/es\/spirulina-algavenice-farmacias-y-distribuidores-autorizados\/\">\n\t\t\t\t\t\t<span class=\"elementor-button-content-wrapper\">\n\t\t\t\t\t\t\t\t\t<span class=\"elementor-button-text\">Nuestros concesionarios<\/span>\n\t\t\t\t\t<\/span>\n\t\t\t\t\t<\/a>\n\t\t\t\t<\/div>\n\t\t\t\t\t\t\t\t<\/div>\n\t\t\t\t<\/div>\n\t\t\t\t\t<\/div>\n\t\t<\/div>\n\t\t\t\t<div class=\"elementor-column elementor-col-50 elementor-top-column elementor-element elementor-element-0ba2445 none\" data-id=\"0ba2445\" data-element_type=\"column\" data-e-type=\"column\">\n\t\t\t<div class=\"elementor-widget-wrap elementor-element-populated\">\n\t\t\t\t\t\t<div class=\"elementor-element elementor-element-7735a24 none elementor-widget elementor-widget-heading\" data-id=\"7735a24\" data-element_type=\"widget\" data-e-type=\"widget\" data-widget_type=\"heading.default\">\n\t\t\t\t<div class=\"elementor-widget-container\">\n\t\t\t\t\t<p class=\"elementor-heading-title elementor-size-default\">Para informaci\u00f3n previa y posterior a la venta<\/p>\t\t\t\t<\/div>\n\t\t\t\t<\/div>\n\t\t\t\t<div class=\"elementor-element elementor-element-8cb22be none elementor-widget elementor-widget-heading\" data-id=\"8cb22be\" data-element_type=\"widget\" data-e-type=\"widget\" data-widget_type=\"heading.default\">\n\t\t\t\t<div class=\"elementor-widget-container\">\n\t\t\t\t\t<h2 class=\"elementor-heading-title elementor-size-default\">Formulario de contacto<\/h2>\t\t\t\t<\/div>\n\t\t\t\t<\/div>\n\t\t\t\t<div class=\"elementor-element elementor-element-eead5c2 none elementor-widget elementor-widget-shortcode\" data-id=\"eead5c2\" data-element_type=\"widget\" data-e-type=\"widget\" data-widget_type=\"shortcode.default\">\n\t\t\t\t<div class=\"elementor-widget-container\">\n\t\t\t\t\t\t\t<div class=\"elementor-shortcode\">\n<div class=\"wpcf7 no-js\" id=\"wpcf7-f12314-o1\" lang=\"es-ES\" dir=\"ltr\" data-wpcf7-id=\"12314\">\n<div class=\"screen-reader-response\"><p role=\"status\" aria-live=\"polite\" aria-atomic=\"true\"><\/p> <ul><\/ul><\/div>\n<form action=\"\/es\/wp-json\/wp\/v2\/pages\/11697#wpcf7-f12314-o1\" method=\"post\" class=\"wpcf7-form init\" aria-label=\"Formulario de contacto\" novalidate=\"novalidate\" data-status=\"init\">\n<fieldset class=\"hidden-fields-container\"><input type=\"hidden\" name=\"_wpcf7\" value=\"12314\" \/><input type=\"hidden\" name=\"_wpcf7_version\" value=\"6.1.5\" \/><input type=\"hidden\" name=\"_wpcf7_locale\" value=\"es_ES\" \/><input type=\"hidden\" name=\"_wpcf7_unit_tag\" value=\"wpcf7-f12314-o1\" \/><input type=\"hidden\" name=\"_wpcf7_container_post\" value=\"0\" \/><input type=\"hidden\" name=\"_wpcf7_posted_data_hash\" value=\"\" \/><input type=\"hidden\" name=\"_wpcf7_recaptcha_response\" value=\"\" \/>\n<\/fieldset>\n<div class=\"row\">\n\t<p class=\"col-md-6\"><br \/>\n<span class=\"wpcf7-form-control-wrap\" data-name=\"your-name\"><input size=\"40\" maxlength=\"400\" class=\"wpcf7-form-control wpcf7-text wpcf7-validates-as-required\" aria-required=\"true\" aria-invalid=\"false\" placeholder=\"NOMBRE *\" value=\"\" type=\"text\" name=\"your-name\" \/><\/span>\n\t<\/p>\n\t<p class=\"col-md-6\"><br \/>\n<span class=\"wpcf7-form-control-wrap\" data-name=\"your-surname\"><input size=\"40\" maxlength=\"400\" class=\"wpcf7-form-control wpcf7-text\" aria-invalid=\"false\" placeholder=\"APELLIDOS\" value=\"\" type=\"text\" name=\"your-surname\" \/><\/span>\n\t<\/p>\n\t<p class=\"col-md-6\"><br \/>\n<span class=\"wpcf7-form-control-wrap\" data-name=\"your-phone\"><input size=\"40\" maxlength=\"400\" class=\"wpcf7-form-control wpcf7-tel wpcf7-validates-as-required wpcf7-text wpcf7-validates-as-tel\" aria-required=\"true\" aria-invalid=\"false\" placeholder=\"TEL\u00c9FONO *\" value=\"\" type=\"tel\" name=\"your-phone\" \/><\/span>\n\t<\/p>\n\t<p class=\"col-md-6\"><br \/>\n<span class=\"wpcf7-form-control-wrap\" data-name=\"your-mail\"><input size=\"40\" maxlength=\"400\" class=\"wpcf7-form-control wpcf7-email wpcf7-validates-as-required wpcf7-text wpcf7-validates-as-email\" aria-required=\"true\" aria-invalid=\"false\" placeholder=\"CORREO *\" value=\"\" type=\"email\" name=\"your-mail\" \/><\/span>\n\t<\/p>\n\t<p class=\"col-md-12\"><br \/>\n<span class=\"wpcf7-form-control-wrap\" data-name=\"your-message\"><textarea cols=\"40\" rows=\"10\" maxlength=\"2000\" class=\"wpcf7-form-control wpcf7-textarea\" aria-invalid=\"false\" placeholder=\"MENSAJE\" name=\"your-message\"><\/textarea><\/span>\n\t<\/p>\n\t<p class=\"col-md-12\" style=\"margin-bottom:0px;\"><br \/>\n<span class=\"wpcf7-form-control-wrap\" data-name=\"privacy-acceptance\"><span class=\"wpcf7-form-control wpcf7-acceptance\"><span class=\"wpcf7-list-item\"><label><input type=\"checkbox\" name=\"privacy-acceptance\" value=\"1\" aria-invalid=\"false\" \/><span class=\"wpcf7-list-item-label\">Al enviar este formulario consiente el tratamiento de sus datos personales.<\/span><\/label><\/span><\/span><\/span>\n\t<\/p>\n\t<p class=\"col-md-12\"><br \/>\nTratamiento de los datos personales De conformidad con la Ley 196\/2003, los datos personales rellenados en este formulario ser\u00e1n utilizados exclusivamente por Azienda Agricola Serenissima S.r.l. <a href=\"\/privacy-policy\/\">+info<\/a>.\n\t<\/p>\n<\/div>\n<p><input class=\"wpcf7-form-control wpcf7-submit has-spinner\" type=\"submit\" value=\"ENTREGAR\" \/>\n<\/p><div class=\"wpcf7-response-output\" aria-hidden=\"true\"><\/div>\n<\/form>\n<\/div>\n<\/div>\n\t\t\t\t\t\t<\/div>\n\t\t\t\t<\/div>\n\t\t\t\t\t<\/div>\n\t\t<\/div>\n\t\t\t\t\t<\/div>\n\t\t<\/section>\n\t\t\t\t<section class=\"elementor-section elementor-top-section elementor-element elementor-element-9812c9c elementor-section-stretched elementor-section-full_width elementor-section-height-default elementor-section-height-default none\" data-id=\"9812c9c\" data-element_type=\"section\" data-e-type=\"section\" data-settings=\"{&quot;stretch_section&quot;:&quot;section-stretched&quot;}\">\n\t\t\t\t\t\t<div class=\"elementor-container elementor-column-gap-no\">\n\t\t\t\t\t<div class=\"elementor-column elementor-col-100 elementor-top-column elementor-element elementor-element-d3a058d none\" data-id=\"d3a058d\" data-element_type=\"column\" data-e-type=\"column\">\n\t\t\t<div class=\"elementor-widget-wrap elementor-element-populated\">\n\t\t\t\t\t\t<div class=\"elementor-element elementor-element-075cfac none elementor-widget elementor-widget-google_maps\" data-id=\"075cfac\" data-element_type=\"widget\" data-e-type=\"widget\" data-widget_type=\"google_maps.default\">\n\t\t\t\t<div class=\"elementor-widget-container\">\n\t\t\t\t\t\t\t<div class=\"elementor-custom-embed\">\n\t\t\t<iframe loading=\"lazy\"\n\t\t\t\t\tsrc=\"https:\/\/maps.google.com\/maps?q=via%20Frignolo%2C%2021%2035020%20-%20Conche%20di%20Codevigo%20%28PD%29%20Italia&#038;t=m&#038;z=10&#038;output=embed&#038;iwloc=near\"\n\t\t\t\t\ttitle=\"via Frignolo, 21 35020 - Conche di Codevigo (PD) Italia\"\n\t\t\t\t\taria-label=\"via Frignolo, 21 35020 - Conche di Codevigo (PD) Italia\"\n\t\t\t><\/iframe>\n\t\t<\/div>\n\t\t\t\t\t\t<\/div>\n\t\t\t\t<\/div>\n\t\t\t\t\t<\/div>\n\t\t<\/div>\n\t\t\t\t\t<\/div>\n\t\t<\/section>\n\t\t\t\t<\/div>\n\t\t","protected":false},"excerpt":{"rendered":"<p>Para informaci\u00f3n sobre la espirulina, pre\/post venta:AlgaVenice estar\u00e1 encantada de responder a sus preguntas. Informaci\u00f3n de contacto D\u00f3nde encontrarnos Siempre al lado de los clientes y distribuidores nos puede encontrar [&hellip;]<\/p>\n","protected":false},"author":1,"featured_media":0,"parent":0,"menu_order":0,"comment_status":"closed","ping_status":"closed","template":"","meta":{"_acf_changed":false,"footnotes":""},"class_list":["post-11697","page","type-page","status-publish","hentry"],"acf":[],"yoast_head":"<!-- This site is optimized with the Yoast SEO plugin v27.3 - https:\/\/yoast.com\/product\/yoast-seo-wordpress\/ -->\n<title>Para particulares y minoristas que deseen comprar espirulina - AlgaVenice.<\/title>\n<meta name=\"description\" content=\"Para particulares y minoristas que busquen una empresa especializada y certificada en espirulina, alimentaci\u00f3n y bienestar, \u00a1p\u00f3ngase en contacto con nosotros!\" \/>\n<meta name=\"robots\" content=\"index, follow, max-snippet:-1, max-image-preview:large, max-video-preview:-1\" \/>\n<link rel=\"canonical\" href=\"https:\/\/algavenice.com\/es\/contacto-con-nosotros\/\" \/>\n<meta property=\"og:locale\" content=\"es_ES\" \/>\n<meta property=\"og:type\" content=\"article\" \/>\n<meta property=\"og:title\" content=\"Para particulares y minoristas que deseen comprar espirulina - AlgaVenice.\" \/>\n<meta property=\"og:description\" content=\"Para particulares y minoristas que busquen una empresa especializada y certificada en espirulina, alimentaci\u00f3n y bienestar, \u00a1p\u00f3ngase en contacto con nosotros!\" \/>\n<meta property=\"og:url\" content=\"https:\/\/algavenice.com\/es\/contacto-con-nosotros\/\" \/>\n<meta property=\"og:site_name\" content=\"AlgaVenice\" \/>\n<meta property=\"article:publisher\" content=\"https:\/\/www.facebook.com\/algavenice.it\" \/>\n<meta property=\"article:modified_time\" content=\"2023-03-23T11:48:53+00:00\" \/>\n<meta property=\"og:image\" content=\"https:\/\/algavenice.com\/wp-content\/uploads\/2023\/03\/algavenice_cover_image.jpg\" \/>\n\t<meta property=\"og:image:width\" content=\"1200\" \/>\n\t<meta property=\"og:image:height\" content=\"1046\" \/>\n\t<meta property=\"og:image:type\" content=\"image\/jpeg\" \/>\n<meta name=\"twitter:card\" content=\"summary_large_image\" \/>\n<meta name=\"twitter:label1\" content=\"Tiempo de lectura\" \/>\n\t<meta name=\"twitter:data1\" content=\"1 minuto\" \/>\n<script type=\"application\/ld+json\" class=\"yoast-schema-graph\">{\"@context\":\"https:\\\/\\\/schema.org\",\"@graph\":[{\"@type\":\"WebPage\",\"@id\":\"https:\\\/\\\/algavenice.com\\\/es\\\/contacto-con-nosotros\\\/\",\"url\":\"https:\\\/\\\/algavenice.com\\\/es\\\/contacto-con-nosotros\\\/\",\"name\":\"Para particulares y minoristas que deseen comprar espirulina - AlgaVenice.\",\"isPartOf\":{\"@id\":\"https:\\\/\\\/algavenice.com\\\/es\\\/#website\"},\"datePublished\":\"2023-03-17T13:55:12+00:00\",\"dateModified\":\"2023-03-23T11:48:53+00:00\",\"description\":\"Para particulares y minoristas que busquen una empresa especializada y certificada en espirulina, alimentaci\u00f3n y bienestar, \u00a1p\u00f3ngase en contacto con nosotros!\",\"breadcrumb\":{\"@id\":\"https:\\\/\\\/algavenice.com\\\/es\\\/contacto-con-nosotros\\\/#breadcrumb\"},\"inLanguage\":\"es\",\"potentialAction\":[{\"@type\":\"ReadAction\",\"target\":[\"https:\\\/\\\/algavenice.com\\\/es\\\/contacto-con-nosotros\\\/\"]}]},{\"@type\":\"BreadcrumbList\",\"@id\":\"https:\\\/\\\/algavenice.com\\\/es\\\/contacto-con-nosotros\\\/#breadcrumb\",\"itemListElement\":[{\"@type\":\"ListItem\",\"position\":1,\"name\":\"Home\",\"item\":\"https:\\\/\\\/algavenice.com\\\/es\\\/\"},{\"@type\":\"ListItem\",\"position\":2,\"name\":\"Contacto con nosotros\"}]},{\"@type\":\"WebSite\",\"@id\":\"https:\\\/\\\/algavenice.com\\\/es\\\/#website\",\"url\":\"https:\\\/\\\/algavenice.com\\\/es\\\/\",\"name\":\"AlgaVenice - Spirulina 100% pura, italiana e biologica\",\"description\":\"Vendita Spirulina di Alta Qualit\u00e0 Online\",\"publisher\":{\"@id\":\"https:\\\/\\\/algavenice.com\\\/es\\\/#organization\"},\"alternateName\":\"Vendita online Spirulina di alta qualit\u00e0\",\"potentialAction\":[{\"@type\":\"SearchAction\",\"target\":{\"@type\":\"EntryPoint\",\"urlTemplate\":\"https:\\\/\\\/algavenice.com\\\/es\\\/?s={search_term_string}\"},\"query-input\":{\"@type\":\"PropertyValueSpecification\",\"valueRequired\":true,\"valueName\":\"search_term_string\"}}],\"inLanguage\":\"es\"},{\"@type\":\"Organization\",\"@id\":\"https:\\\/\\\/algavenice.com\\\/es\\\/#organization\",\"name\":\"Societ\u00e0 Agricola Serenissima S.r.l.\",\"alternateName\":\"AlgaVenice\",\"url\":\"https:\\\/\\\/algavenice.com\\\/es\\\/\",\"logo\":{\"@type\":\"ImageObject\",\"inLanguage\":\"es\",\"@id\":\"https:\\\/\\\/algavenice.com\\\/es\\\/#\\\/schema\\\/logo\\\/image\\\/\",\"url\":\"https:\\\/\\\/algavenice.com\\\/wp-content\\\/uploads\\\/2023\\\/03\\\/algavenice_logo_dati_strutturati.jpg\",\"contentUrl\":\"https:\\\/\\\/algavenice.com\\\/wp-content\\\/uploads\\\/2023\\\/03\\\/algavenice_logo_dati_strutturati.jpg\",\"width\":696,\"height\":696,\"caption\":\"Societ\u00e0 Agricola Serenissima S.r.l.\"},\"image\":{\"@id\":\"https:\\\/\\\/algavenice.com\\\/es\\\/#\\\/schema\\\/logo\\\/image\\\/\"},\"sameAs\":[\"https:\\\/\\\/www.facebook.com\\\/algavenice.it\",\"https:\\\/\\\/www.instagram.com\\\/algavenice_spirulina\\\/\",\"https:\\\/\\\/www.youtube.com\\\/channel\\\/UCcgMDdoknspeIM22pqn7Qiw\"]}]}<\/script>\n<!-- \/ Yoast SEO plugin. -->","yoast_head_json":{"title":"Para particulares y minoristas que deseen comprar espirulina - AlgaVenice.","description":"Para particulares y minoristas que busquen una empresa especializada y certificada en espirulina, alimentaci\u00f3n y bienestar, \u00a1p\u00f3ngase en contacto con nosotros!","robots":{"index":"index","follow":"follow","max-snippet":"max-snippet:-1","max-image-preview":"max-image-preview:large","max-video-preview":"max-video-preview:-1"},"canonical":"https:\/\/algavenice.com\/es\/contacto-con-nosotros\/","og_locale":"es_ES","og_type":"article","og_title":"Para particulares y minoristas que deseen comprar espirulina - AlgaVenice.","og_description":"Para particulares y minoristas que busquen una empresa especializada y certificada en espirulina, alimentaci\u00f3n y bienestar, \u00a1p\u00f3ngase en contacto con nosotros!","og_url":"https:\/\/algavenice.com\/es\/contacto-con-nosotros\/","og_site_name":"AlgaVenice","article_publisher":"https:\/\/www.facebook.com\/algavenice.it","article_modified_time":"2023-03-23T11:48:53+00:00","og_image":[{"width":1200,"height":1046,"url":"https:\/\/algavenice.com\/wp-content\/uploads\/2023\/03\/algavenice_cover_image.jpg","type":"image\/jpeg"}],"twitter_card":"summary_large_image","twitter_misc":{"Tiempo de lectura":"1 minuto"},"schema":{"@context":"https:\/\/schema.org","@graph":[{"@type":"WebPage","@id":"https:\/\/algavenice.com\/es\/contacto-con-nosotros\/","url":"https:\/\/algavenice.com\/es\/contacto-con-nosotros\/","name":"Para particulares y minoristas que deseen comprar espirulina - AlgaVenice.","isPartOf":{"@id":"https:\/\/algavenice.com\/es\/#website"},"datePublished":"2023-03-17T13:55:12+00:00","dateModified":"2023-03-23T11:48:53+00:00","description":"Para particulares y minoristas que busquen una empresa especializada y certificada en espirulina, alimentaci\u00f3n y bienestar, \u00a1p\u00f3ngase en contacto con nosotros!","breadcrumb":{"@id":"https:\/\/algavenice.com\/es\/contacto-con-nosotros\/#breadcrumb"},"inLanguage":"es","potentialAction":[{"@type":"ReadAction","target":["https:\/\/algavenice.com\/es\/contacto-con-nosotros\/"]}]},{"@type":"BreadcrumbList","@id":"https:\/\/algavenice.com\/es\/contacto-con-nosotros\/#breadcrumb","itemListElement":[{"@type":"ListItem","position":1,"name":"Home","item":"https:\/\/algavenice.com\/es\/"},{"@type":"ListItem","position":2,"name":"Contacto con nosotros"}]},{"@type":"WebSite","@id":"https:\/\/algavenice.com\/es\/#website","url":"https:\/\/algavenice.com\/es\/","name":"AlgaVenice - Spirulina 100% pura, italiana e biologica","description":"Vendita Spirulina di Alta Qualit\u00e0 Online","publisher":{"@id":"https:\/\/algavenice.com\/es\/#organization"},"alternateName":"Vendita online Spirulina di alta qualit\u00e0","potentialAction":[{"@type":"SearchAction","target":{"@type":"EntryPoint","urlTemplate":"https:\/\/algavenice.com\/es\/?s={search_term_string}"},"query-input":{"@type":"PropertyValueSpecification","valueRequired":true,"valueName":"search_term_string"}}],"inLanguage":"es"},{"@type":"Organization","@id":"https:\/\/algavenice.com\/es\/#organization","name":"Societ\u00e0 Agricola Serenissima S.r.l.","alternateName":"AlgaVenice","url":"https:\/\/algavenice.com\/es\/","logo":{"@type":"ImageObject","inLanguage":"es","@id":"https:\/\/algavenice.com\/es\/#\/schema\/logo\/image\/","url":"https:\/\/algavenice.com\/wp-content\/uploads\/2023\/03\/algavenice_logo_dati_strutturati.jpg","contentUrl":"https:\/\/algavenice.com\/wp-content\/uploads\/2023\/03\/algavenice_logo_dati_strutturati.jpg","width":696,"height":696,"caption":"Societ\u00e0 Agricola Serenissima S.r.l."},"image":{"@id":"https:\/\/algavenice.com\/es\/#\/schema\/logo\/image\/"},"sameAs":["https:\/\/www.facebook.com\/algavenice.it","https:\/\/www.instagram.com\/algavenice_spirulina\/","https:\/\/www.youtube.com\/channel\/UCcgMDdoknspeIM22pqn7Qiw"]}]}},"_links":{"self":[{"href":"https:\/\/algavenice.com\/es\/wp-json\/wp\/v2\/pages\/11697","targetHints":{"allow":["GET"]}}],"collection":[{"href":"https:\/\/algavenice.com\/es\/wp-json\/wp\/v2\/pages"}],"about":[{"href":"https:\/\/algavenice.com\/es\/wp-json\/wp\/v2\/types\/page"}],"author":[{"embeddable":true,"href":"https:\/\/algavenice.com\/es\/wp-json\/wp\/v2\/users\/1"}],"replies":[{"embeddable":true,"href":"https:\/\/algavenice.com\/es\/wp-json\/wp\/v2\/comments?post=11697"}],"version-history":[{"count":0,"href":"https:\/\/algavenice.com\/es\/wp-json\/wp\/v2\/pages\/11697\/revisions"}],"wp:attachment":[{"href":"https:\/\/algavenice.com\/es\/wp-json\/wp\/v2\/media?parent=11697"}],"curies":[{"name":"wp","href":"https:\/\/api.w.org\/{rel}","templated":true}]}}