{"id":11703,"date":"2023-03-17T14:56:03","date_gmt":"2023-03-17T13:56:03","guid":{"rendered":"https:\/\/algavenice.com\/conviertase-en-distribuidor-de-algavenice\/"},"modified":"2023-04-24T13:12:53","modified_gmt":"2023-04-24T11:12:53","slug":"conviertase-en-distribuidor-de-algavenice","status":"publish","type":"page","link":"https:\/\/algavenice.com\/es\/conviertase-en-distribuidor-de-algavenice\/","title":{"rendered":"Convi\u00e9rtase en distribuidor de AlgaVenice"},"content":{"rendered":"\t\t<div data-elementor-type=\"wp-page\" data-elementor-id=\"11703\" class=\"elementor elementor-11703 elementor-10344\">\n\t\t\t\t\t\t<section class=\"elementor-section elementor-top-section elementor-element elementor-element-4b98994 elementor-section-boxed elementor-section-height-default elementor-section-height-default none\" data-id=\"4b98994\" data-element_type=\"section\" data-e-type=\"section\">\n\t\t\t\t\t\t<div class=\"elementor-container elementor-column-gap-wider\">\n\t\t\t\t\t<div class=\"elementor-column elementor-col-100 elementor-top-column elementor-element elementor-element-911aa1e none\" data-id=\"911aa1e\" data-element_type=\"column\" data-e-type=\"column\">\n\t\t\t<div class=\"elementor-widget-wrap elementor-element-populated\">\n\t\t\t\t\t\t<div class=\"elementor-element elementor-element-e0a4630 none elementor-widget elementor-widget-heading\" data-id=\"e0a4630\" data-element_type=\"widget\" data-e-type=\"widget\" data-widget_type=\"heading.default\">\n\t\t\t\t<div class=\"elementor-widget-container\">\n\t\t\t\t\t<h1 class=\"elementor-heading-title elementor-size-default\">Convi\u00e9rtase en distribuidor certificado de Spirulina AlgaVenice<\/h1>\t\t\t\t<\/div>\n\t\t\t\t<\/div>\n\t\t\t\t\t<\/div>\n\t\t<\/div>\n\t\t\t\t\t<\/div>\n\t\t<\/section>\n\t\t\t\t<section class=\"elementor-section elementor-top-section elementor-element elementor-element-ae9e3a4 elementor-section-boxed elementor-section-height-default elementor-section-height-default none\" data-id=\"ae9e3a4\" data-element_type=\"section\" data-e-type=\"section\">\n\t\t\t\t\t\t<div class=\"elementor-container elementor-column-gap-wider\">\n\t\t\t\t\t<div class=\"elementor-column elementor-col-50 elementor-top-column elementor-element elementor-element-ee56e7e none\" data-id=\"ee56e7e\" data-element_type=\"column\" data-e-type=\"column\">\n\t\t\t<div class=\"elementor-widget-wrap elementor-element-populated\">\n\t\t\t\t\t\t<div class=\"elementor-element elementor-element-a8d0f9d none elementor-widget elementor-widget-heading\" data-id=\"a8d0f9d\" data-element_type=\"widget\" data-e-type=\"widget\" data-widget_type=\"heading.default\">\n\t\t\t\t<div class=\"elementor-widget-container\">\n\t\t\t\t\t<p class=\"elementor-heading-title elementor-size-default\">Informaci\u00f3n para distribuidores<\/p>\t\t\t\t<\/div>\n\t\t\t\t<\/div>\n\t\t\t\t<div class=\"elementor-element elementor-element-5731c7d none elementor-widget elementor-widget-heading\" data-id=\"5731c7d\" data-element_type=\"widget\" data-e-type=\"widget\" data-widget_type=\"heading.default\">\n\t\t\t\t<div class=\"elementor-widget-container\">\n\t\t\t\t\t<h2 class=\"elementor-heading-title elementor-size-default\">Qu\u00e9 significa<\/h2>\t\t\t\t<\/div>\n\t\t\t\t<\/div>\n\t\t\t\t<div class=\"elementor-element elementor-element-361caa0 none elementor-widget elementor-widget-text-editor\" data-id=\"361caa0\" data-element_type=\"widget\" data-e-type=\"widget\" data-widget_type=\"text-editor.default\">\n\t\t\t\t<div class=\"elementor-widget-container\">\n\t\t\t\t\t\t\t\t\t<p>Convertirse en nuestro distribuidor autorizado le brinda la oportunidad de asociarse con nosotros y distribuir nuestros productos.<\/p>\n\t\t\t\t\t\t\t\t<\/div>\n\t\t\t\t<\/div>\n\t\t\t\t<div class=\"elementor-element elementor-element-a3e7af1 none elementor-widget elementor-widget-text-editor\" data-id=\"a3e7af1\" data-element_type=\"widget\" data-e-type=\"widget\" data-widget_type=\"text-editor.default\">\n\t\t\t\t<div class=\"elementor-widget-container\">\n\t\t\t\t\t\t\t\t\t<p>Lo que pedimos a nuestros socios es la m\u00e1xima seriedad, profesionalidad y capacidad para recomendar correctamente el producto; nuestra empresa estar\u00e1 siempre a su lado si tiene alguna pregunta o duda sobre nuestros art\u00edculos.<\/p>\n\t\t\t\t\t\t\t\t<\/div>\n\t\t\t\t<\/div>\n\t\t\t\t<div class=\"elementor-element elementor-element-dc14db0 none elementor-widget elementor-widget-button\" data-id=\"dc14db0\" data-element_type=\"widget\" data-e-type=\"widget\" data-widget_type=\"button.default\">\n\t\t\t\t<div class=\"elementor-widget-container\">\n\t\t\t\t\t\t\t\t\t<div class=\"elementor-button-wrapper\">\n\t\t\t\t\t<a class=\"elementor-button elementor-size-sm\" role=\"button\">\n\t\t\t\t\t\t<span class=\"elementor-button-content-wrapper\">\n\t\t\t\t\t\t\t\t\t<span class=\"elementor-button-text\">NUESTROS DISTRIBUIDORES<\/span>\n\t\t\t\t\t<\/span>\n\t\t\t\t\t<\/a>\n\t\t\t\t<\/div>\n\t\t\t\t\t\t\t\t<\/div>\n\t\t\t\t<\/div>\n\t\t\t\t\t<\/div>\n\t\t<\/div>\n\t\t\t\t<div class=\"elementor-column elementor-col-50 elementor-top-column elementor-element elementor-element-0ba2445 none\" data-id=\"0ba2445\" data-element_type=\"column\" data-e-type=\"column\">\n\t\t\t<div class=\"elementor-widget-wrap elementor-element-populated\">\n\t\t\t\t\t\t<div class=\"elementor-element elementor-element-7735a24 none elementor-widget elementor-widget-heading\" data-id=\"7735a24\" data-element_type=\"widget\" data-e-type=\"widget\" data-widget_type=\"heading.default\">\n\t\t\t\t<div class=\"elementor-widget-container\">\n\t\t\t\t\t<p class=\"elementor-heading-title elementor-size-default\">Para realizar la solicitud<\/p>\t\t\t\t<\/div>\n\t\t\t\t<\/div>\n\t\t\t\t<div class=\"elementor-element elementor-element-8cb22be none elementor-widget elementor-widget-heading\" data-id=\"8cb22be\" data-element_type=\"widget\" data-e-type=\"widget\" data-widget_type=\"heading.default\">\n\t\t\t\t<div class=\"elementor-widget-container\">\n\t\t\t\t\t<h2 class=\"elementor-heading-title elementor-size-default\">Formulario de contacto<\/h2>\t\t\t\t<\/div>\n\t\t\t\t<\/div>\n\t\t\t\t<div class=\"elementor-element elementor-element-eead5c2 none elementor-widget elementor-widget-shortcode\" data-id=\"eead5c2\" data-element_type=\"widget\" data-e-type=\"widget\" data-widget_type=\"shortcode.default\">\n\t\t\t\t<div class=\"elementor-widget-container\">\n\t\t\t\t\t\t\t<div class=\"elementor-shortcode\">\n<div class=\"wpcf7 no-js\" id=\"wpcf7-f12317-o1\" lang=\"es-ES\" dir=\"ltr\" data-wpcf7-id=\"12317\">\n<div class=\"screen-reader-response\"><p role=\"status\" aria-live=\"polite\" aria-atomic=\"true\"><\/p> <ul><\/ul><\/div>\n<form action=\"\/es\/wp-json\/wp\/v2\/pages\/11703#wpcf7-f12317-o1\" method=\"post\" class=\"wpcf7-form init\" aria-label=\"Formulario de contacto\" novalidate=\"novalidate\" data-status=\"init\">\n<fieldset class=\"hidden-fields-container\"><input type=\"hidden\" name=\"_wpcf7\" value=\"12317\" \/><input type=\"hidden\" name=\"_wpcf7_version\" value=\"6.1.5\" \/><input type=\"hidden\" name=\"_wpcf7_locale\" value=\"es_ES\" \/><input type=\"hidden\" name=\"_wpcf7_unit_tag\" value=\"wpcf7-f12317-o1\" \/><input type=\"hidden\" name=\"_wpcf7_container_post\" value=\"0\" \/><input type=\"hidden\" name=\"_wpcf7_posted_data_hash\" value=\"\" \/><input type=\"hidden\" name=\"_wpcf7_recaptcha_response\" value=\"\" \/>\n<\/fieldset>\n<div class=\"row\">\n\t<p class=\"col-md-6\"><br \/>\n<span class=\"wpcf7-form-control-wrap\" data-name=\"your-name\"><input size=\"40\" maxlength=\"400\" class=\"wpcf7-form-control wpcf7-text wpcf7-validates-as-required\" aria-required=\"true\" aria-invalid=\"false\" placeholder=\"NOMBRE *\" value=\"\" type=\"text\" name=\"your-name\" \/><\/span>\n\t<\/p>\n\t<p class=\"col-md-6\"><br \/>\n<span class=\"wpcf7-form-control-wrap\" data-name=\"your-surname\"><input size=\"40\" maxlength=\"400\" class=\"wpcf7-form-control wpcf7-text\" aria-invalid=\"false\" placeholder=\"APELLIDOS\" value=\"\" type=\"text\" name=\"your-surname\" \/><\/span>\n\t<\/p>\n\t<p class=\"col-md-6\"><br \/>\n<span class=\"wpcf7-form-control-wrap\" data-name=\"your-phone\"><input size=\"40\" maxlength=\"400\" class=\"wpcf7-form-control wpcf7-tel wpcf7-validates-as-required wpcf7-text wpcf7-validates-as-tel\" aria-required=\"true\" aria-invalid=\"false\" placeholder=\"TEL\u00c9FONO *\" value=\"\" type=\"tel\" name=\"your-phone\" \/><\/span>\n\t<\/p>\n\t<p class=\"col-md-6\"><br \/>\n<span class=\"wpcf7-form-control-wrap\" data-name=\"your-dealer\"><input size=\"40\" maxlength=\"400\" class=\"wpcf7-form-control wpcf7-text\" aria-invalid=\"false\" placeholder=\"EMPRESA *\" value=\"\" type=\"text\" name=\"your-dealer\" \/><\/span>\n\t<\/p>\n\t<p class=\"col-md-6\"><br \/>\n<span class=\"wpcf7-form-control-wrap\" data-name=\"your-mail\"><input size=\"40\" maxlength=\"400\" class=\"wpcf7-form-control wpcf7-email wpcf7-validates-as-required wpcf7-text wpcf7-validates-as-email\" aria-required=\"true\" aria-invalid=\"false\" placeholder=\"CORREO *\" value=\"\" type=\"email\" name=\"your-mail\" \/><\/span>\n\t<\/p>\n\t<p class=\"col-md-6\"><br \/>\n<span class=\"wpcf7-form-control-wrap\" data-name=\"menu-dealer\"><select class=\"wpcf7-form-control wpcf7-select\" aria-invalid=\"false\" name=\"menu-dealer\"><option value=\"FARMACIA\">FARMACIA<\/option><option value=\"ERBORISTERIA\">ERBORISTERIA<\/option><option value=\"NEGOZIO BIOS\">NEGOZIO BIOS<\/option><option value=\"NEGOZIO ONLINE\">NEGOZIO ONLINE<\/option><\/select><\/span>\n\t<\/p>\n\t<p class=\"col-md-12\"><br \/>\n<span class=\"wpcf7-form-control-wrap\" data-name=\"your-message\"><textarea cols=\"40\" rows=\"10\" maxlength=\"2000\" class=\"wpcf7-form-control wpcf7-textarea\" aria-invalid=\"false\" placeholder=\"MENSAJE\" name=\"your-message\"><\/textarea><\/span>\n\t<\/p>\n\t<p class=\"col-md-12\" style=\"margin-bottom:0px;\"><br \/>\n<span class=\"wpcf7-form-control-wrap\" data-name=\"privacy-acceptance\"><span class=\"wpcf7-form-control wpcf7-acceptance\"><span class=\"wpcf7-list-item\"><label><input type=\"checkbox\" name=\"privacy-acceptance\" value=\"1\" aria-invalid=\"false\" \/><span class=\"wpcf7-list-item-label\">Al enviar este formulario consiente el tratamiento de sus datos personales.<\/span><\/label><\/span><\/span><\/span>\n\t<\/p>\n\t<p class=\"col-md-12\"><br \/>\nTratamiento de los datos personales De conformidad con la Ley 196\/2003, los datos personales rellenados en este formulario ser\u00e1n utilizados exclusivamente por Azienda Agricola Serenissima S.r.l. <a href=\"\/privacy-policy\/\">+info<\/a>.\n\t<\/p>\n<\/div>\n<p><input class=\"wpcf7-form-control wpcf7-submit has-spinner\" type=\"submit\" value=\"ENTREGAR\" \/>\n<\/p><div class=\"wpcf7-response-output\" aria-hidden=\"true\"><\/div>\n<\/form>\n<\/div>\n<\/div>\n\t\t\t\t\t\t<\/div>\n\t\t\t\t<\/div>\n\t\t\t\t\t<\/div>\n\t\t<\/div>\n\t\t\t\t\t<\/div>\n\t\t<\/section>\n\t\t\t\t<\/div>\n\t\t","protected":false},"excerpt":{"rendered":"<p>Convi\u00e9rtase en distribuidor certificado de Spirulina AlgaVenice Informaci\u00f3n para distribuidores Qu\u00e9 significa Convertirse en nuestro distribuidor autorizado le brinda la oportunidad de asociarse con nosotros y distribuir nuestros productos. Lo [&hellip;]<\/p>\n","protected":false},"author":1,"featured_media":0,"parent":0,"menu_order":0,"comment_status":"closed","ping_status":"closed","template":"","meta":{"_acf_changed":false,"footnotes":""},"class_list":["post-11703","page","type-page","status-publish","hentry"],"acf":[],"yoast_head":"<!-- This site is optimized with the Yoast SEO plugin v27.3 - https:\/\/yoast.com\/product\/yoast-seo-wordpress\/ -->\n<title>Convi\u00e9rtase en un distribuidor certificado de productos Bio Spirulina - AlgaVenice.<\/title>\n<meta name=\"description\" content=\"Solicitud para convertirse en minorista certificado de Spirulina Bio AlgaVenice, s\u00f3lo para farmacias, herborister\u00edas y tiendas especializadas.\" \/>\n<meta name=\"robots\" content=\"index, follow, max-snippet:-1, max-image-preview:large, max-video-preview:-1\" \/>\n<link rel=\"canonical\" href=\"https:\/\/algavenice.com\/es\/conviertase-en-distribuidor-de-algavenice\/\" \/>\n<meta property=\"og:locale\" content=\"es_ES\" \/>\n<meta property=\"og:type\" content=\"article\" \/>\n<meta property=\"og:title\" content=\"Convi\u00e9rtase en un distribuidor certificado de productos Bio Spirulina - AlgaVenice.\" \/>\n<meta property=\"og:description\" content=\"Solicitud para convertirse en minorista certificado de Spirulina Bio AlgaVenice, s\u00f3lo para farmacias, herborister\u00edas y tiendas especializadas.\" \/>\n<meta property=\"og:url\" content=\"https:\/\/algavenice.com\/es\/conviertase-en-distribuidor-de-algavenice\/\" \/>\n<meta property=\"og:site_name\" content=\"AlgaVenice\" \/>\n<meta property=\"article:publisher\" content=\"https:\/\/www.facebook.com\/algavenice.it\" \/>\n<meta property=\"article:modified_time\" content=\"2023-04-24T11:12:53+00:00\" \/>\n<meta property=\"og:image\" content=\"https:\/\/algavenice.com\/wp-content\/uploads\/2023\/03\/algavenice_cover_image.jpg\" \/>\n\t<meta property=\"og:image:width\" content=\"1200\" \/>\n\t<meta property=\"og:image:height\" content=\"1046\" \/>\n\t<meta property=\"og:image:type\" content=\"image\/jpeg\" \/>\n<meta name=\"twitter:card\" content=\"summary_large_image\" \/>\n<meta name=\"twitter:label1\" content=\"Tiempo de lectura\" \/>\n\t<meta name=\"twitter:data1\" content=\"1 minuto\" \/>\n<script type=\"application\/ld+json\" class=\"yoast-schema-graph\">{\"@context\":\"https:\\\/\\\/schema.org\",\"@graph\":[{\"@type\":\"WebPage\",\"@id\":\"https:\\\/\\\/algavenice.com\\\/es\\\/conviertase-en-distribuidor-de-algavenice\\\/\",\"url\":\"https:\\\/\\\/algavenice.com\\\/es\\\/conviertase-en-distribuidor-de-algavenice\\\/\",\"name\":\"Convi\u00e9rtase en un distribuidor certificado de productos Bio Spirulina - AlgaVenice.\",\"isPartOf\":{\"@id\":\"https:\\\/\\\/algavenice.com\\\/es\\\/#website\"},\"datePublished\":\"2023-03-17T13:56:03+00:00\",\"dateModified\":\"2023-04-24T11:12:53+00:00\",\"description\":\"Solicitud para convertirse en minorista certificado de Spirulina Bio AlgaVenice, s\u00f3lo para farmacias, herborister\u00edas y tiendas especializadas.\",\"breadcrumb\":{\"@id\":\"https:\\\/\\\/algavenice.com\\\/es\\\/conviertase-en-distribuidor-de-algavenice\\\/#breadcrumb\"},\"inLanguage\":\"es\",\"potentialAction\":[{\"@type\":\"ReadAction\",\"target\":[\"https:\\\/\\\/algavenice.com\\\/es\\\/conviertase-en-distribuidor-de-algavenice\\\/\"]}]},{\"@type\":\"BreadcrumbList\",\"@id\":\"https:\\\/\\\/algavenice.com\\\/es\\\/conviertase-en-distribuidor-de-algavenice\\\/#breadcrumb\",\"itemListElement\":[{\"@type\":\"ListItem\",\"position\":1,\"name\":\"Home\",\"item\":\"https:\\\/\\\/algavenice.com\\\/es\\\/\"},{\"@type\":\"ListItem\",\"position\":2,\"name\":\"Convi\u00e9rtase en distribuidor de AlgaVenice\"}]},{\"@type\":\"WebSite\",\"@id\":\"https:\\\/\\\/algavenice.com\\\/es\\\/#website\",\"url\":\"https:\\\/\\\/algavenice.com\\\/es\\\/\",\"name\":\"AlgaVenice - Spirulina 100% pura, italiana e biologica\",\"description\":\"Vendita Spirulina di Alta Qualit\u00e0 Online\",\"publisher\":{\"@id\":\"https:\\\/\\\/algavenice.com\\\/es\\\/#organization\"},\"alternateName\":\"Vendita online Spirulina di alta qualit\u00e0\",\"potentialAction\":[{\"@type\":\"SearchAction\",\"target\":{\"@type\":\"EntryPoint\",\"urlTemplate\":\"https:\\\/\\\/algavenice.com\\\/es\\\/?s={search_term_string}\"},\"query-input\":{\"@type\":\"PropertyValueSpecification\",\"valueRequired\":true,\"valueName\":\"search_term_string\"}}],\"inLanguage\":\"es\"},{\"@type\":\"Organization\",\"@id\":\"https:\\\/\\\/algavenice.com\\\/es\\\/#organization\",\"name\":\"Societ\u00e0 Agricola Serenissima S.r.l.\",\"alternateName\":\"AlgaVenice\",\"url\":\"https:\\\/\\\/algavenice.com\\\/es\\\/\",\"logo\":{\"@type\":\"ImageObject\",\"inLanguage\":\"es\",\"@id\":\"https:\\\/\\\/algavenice.com\\\/es\\\/#\\\/schema\\\/logo\\\/image\\\/\",\"url\":\"https:\\\/\\\/algavenice.com\\\/wp-content\\\/uploads\\\/2023\\\/03\\\/algavenice_logo_dati_strutturati.jpg\",\"contentUrl\":\"https:\\\/\\\/algavenice.com\\\/wp-content\\\/uploads\\\/2023\\\/03\\\/algavenice_logo_dati_strutturati.jpg\",\"width\":696,\"height\":696,\"caption\":\"Societ\u00e0 Agricola Serenissima S.r.l.\"},\"image\":{\"@id\":\"https:\\\/\\\/algavenice.com\\\/es\\\/#\\\/schema\\\/logo\\\/image\\\/\"},\"sameAs\":[\"https:\\\/\\\/www.facebook.com\\\/algavenice.it\",\"https:\\\/\\\/www.instagram.com\\\/algavenice_spirulina\\\/\",\"https:\\\/\\\/www.youtube.com\\\/channel\\\/UCcgMDdoknspeIM22pqn7Qiw\"]}]}<\/script>\n<!-- \/ Yoast SEO plugin. -->","yoast_head_json":{"title":"Convi\u00e9rtase en un distribuidor certificado de productos Bio Spirulina - AlgaVenice.","description":"Solicitud para convertirse en minorista certificado de Spirulina Bio AlgaVenice, s\u00f3lo para farmacias, herborister\u00edas y tiendas especializadas.","robots":{"index":"index","follow":"follow","max-snippet":"max-snippet:-1","max-image-preview":"max-image-preview:large","max-video-preview":"max-video-preview:-1"},"canonical":"https:\/\/algavenice.com\/es\/conviertase-en-distribuidor-de-algavenice\/","og_locale":"es_ES","og_type":"article","og_title":"Convi\u00e9rtase en un distribuidor certificado de productos Bio Spirulina - AlgaVenice.","og_description":"Solicitud para convertirse en minorista certificado de Spirulina Bio AlgaVenice, s\u00f3lo para farmacias, herborister\u00edas y tiendas especializadas.","og_url":"https:\/\/algavenice.com\/es\/conviertase-en-distribuidor-de-algavenice\/","og_site_name":"AlgaVenice","article_publisher":"https:\/\/www.facebook.com\/algavenice.it","article_modified_time":"2023-04-24T11:12:53+00:00","og_image":[{"width":1200,"height":1046,"url":"https:\/\/algavenice.com\/wp-content\/uploads\/2023\/03\/algavenice_cover_image.jpg","type":"image\/jpeg"}],"twitter_card":"summary_large_image","twitter_misc":{"Tiempo de lectura":"1 minuto"},"schema":{"@context":"https:\/\/schema.org","@graph":[{"@type":"WebPage","@id":"https:\/\/algavenice.com\/es\/conviertase-en-distribuidor-de-algavenice\/","url":"https:\/\/algavenice.com\/es\/conviertase-en-distribuidor-de-algavenice\/","name":"Convi\u00e9rtase en un distribuidor certificado de productos Bio Spirulina - AlgaVenice.","isPartOf":{"@id":"https:\/\/algavenice.com\/es\/#website"},"datePublished":"2023-03-17T13:56:03+00:00","dateModified":"2023-04-24T11:12:53+00:00","description":"Solicitud para convertirse en minorista certificado de Spirulina Bio AlgaVenice, s\u00f3lo para farmacias, herborister\u00edas y tiendas especializadas.","breadcrumb":{"@id":"https:\/\/algavenice.com\/es\/conviertase-en-distribuidor-de-algavenice\/#breadcrumb"},"inLanguage":"es","potentialAction":[{"@type":"ReadAction","target":["https:\/\/algavenice.com\/es\/conviertase-en-distribuidor-de-algavenice\/"]}]},{"@type":"BreadcrumbList","@id":"https:\/\/algavenice.com\/es\/conviertase-en-distribuidor-de-algavenice\/#breadcrumb","itemListElement":[{"@type":"ListItem","position":1,"name":"Home","item":"https:\/\/algavenice.com\/es\/"},{"@type":"ListItem","position":2,"name":"Convi\u00e9rtase en distribuidor de AlgaVenice"}]},{"@type":"WebSite","@id":"https:\/\/algavenice.com\/es\/#website","url":"https:\/\/algavenice.com\/es\/","name":"AlgaVenice - Spirulina 100% pura, italiana e biologica","description":"Vendita Spirulina di Alta Qualit\u00e0 Online","publisher":{"@id":"https:\/\/algavenice.com\/es\/#organization"},"alternateName":"Vendita online Spirulina di alta qualit\u00e0","potentialAction":[{"@type":"SearchAction","target":{"@type":"EntryPoint","urlTemplate":"https:\/\/algavenice.com\/es\/?s={search_term_string}"},"query-input":{"@type":"PropertyValueSpecification","valueRequired":true,"valueName":"search_term_string"}}],"inLanguage":"es"},{"@type":"Organization","@id":"https:\/\/algavenice.com\/es\/#organization","name":"Societ\u00e0 Agricola Serenissima S.r.l.","alternateName":"AlgaVenice","url":"https:\/\/algavenice.com\/es\/","logo":{"@type":"ImageObject","inLanguage":"es","@id":"https:\/\/algavenice.com\/es\/#\/schema\/logo\/image\/","url":"https:\/\/algavenice.com\/wp-content\/uploads\/2023\/03\/algavenice_logo_dati_strutturati.jpg","contentUrl":"https:\/\/algavenice.com\/wp-content\/uploads\/2023\/03\/algavenice_logo_dati_strutturati.jpg","width":696,"height":696,"caption":"Societ\u00e0 Agricola Serenissima S.r.l."},"image":{"@id":"https:\/\/algavenice.com\/es\/#\/schema\/logo\/image\/"},"sameAs":["https:\/\/www.facebook.com\/algavenice.it","https:\/\/www.instagram.com\/algavenice_spirulina\/","https:\/\/www.youtube.com\/channel\/UCcgMDdoknspeIM22pqn7Qiw"]}]}},"_links":{"self":[{"href":"https:\/\/algavenice.com\/es\/wp-json\/wp\/v2\/pages\/11703","targetHints":{"allow":["GET"]}}],"collection":[{"href":"https:\/\/algavenice.com\/es\/wp-json\/wp\/v2\/pages"}],"about":[{"href":"https:\/\/algavenice.com\/es\/wp-json\/wp\/v2\/types\/page"}],"author":[{"embeddable":true,"href":"https:\/\/algavenice.com\/es\/wp-json\/wp\/v2\/users\/1"}],"replies":[{"embeddable":true,"href":"https:\/\/algavenice.com\/es\/wp-json\/wp\/v2\/comments?post=11703"}],"version-history":[{"count":0,"href":"https:\/\/algavenice.com\/es\/wp-json\/wp\/v2\/pages\/11703\/revisions"}],"wp:attachment":[{"href":"https:\/\/algavenice.com\/es\/wp-json\/wp\/v2\/media?parent=11703"}],"curies":[{"name":"wp","href":"https:\/\/api.w.org\/{rel}","templated":true}]}}