{"id":11913,"date":"2021-07-15T15:01:11","date_gmt":"2023-03-19T15:31:19","guid":{"rendered":"https:\/\/algavenice.com\/prodotto\/jabon-de-espirulina\/"},"modified":"2023-03-20T17:20:12","modified_gmt":"2023-03-20T16:20:12","slug":"jabon-de-espirulina","status":"publish","type":"product","link":"https:\/\/algavenice.com\/es\/producto\/jabon-de-espirulina\/","title":{"rendered":"Jab\u00f3n de espirulina"},"content":{"rendered":"<h2>SPIRAL jab\u00f3n de espirulina AlgaVenice<\/h2>\n<p>El <strong>jab\u00f3n de espirulina SPIRAL<\/strong> representa una nueva realidad para su piel. Se trata de un jab\u00f3n exfoliante con <a href=\"https:\/\/algavenice.com\/es\/la-espirulina-alimento-por-excelencia\/\">microalgas Arthrospira Platensis AlgaVenice Spirulina<\/a> y esponja vegetal Luffa en su interior.<\/p>\n<p>Puede utilizar este <strong>jab\u00f3n exfoliante<\/strong> como una esponja sobre la piel h\u00fameda con movimientos circulares por todo el cuerpo. Gracias a la esponja vegetal que contiene, el jab\u00f3n ejerce una acci\u00f3n exfoliante. Su aroma a brisa marina de jab\u00f3n tambi\u00e9n relajar\u00e1 sus sentidos.<\/p>\n<h2>Propiedades cosm\u00e9ticas de la espirulina<\/h2>\n<p>A lo largo de los a\u00f1os, el uso de <strong>la espirulina en cosm\u00e9tica<\/strong> ha crecido a un ritmo asombroso. La espirulina tiene una incre\u00edble capacidad nutritiva para la piel del rostro y del cuerpo, puede: tonificarla, hidratarla, nutrirla y regenerarla.<\/p>\n<p>Para el rostro, es muy adecuado ya que tiene un<strong>efecto antiedad<\/strong>, gracias a la presencia de vitamina E, selenio y tirosina. Mientras que para el organismo es \u00fatil por su acci\u00f3n<strong>tonificante y reafirmante<\/strong>, debido a la acci\u00f3n de las vitaminas A, C, E, K y vitaminas del grupo B como B2, B3, B1, B5, B9, B6, y zinc, cobre, f\u00f3sforo, hierro, manganeso, potasio, calcio y selenio.<\/p>\n<p>Gracias a sus propiedades antioxidantes y elastizantes, contribuye a restablecer el equilibrio h\u00eddrico natural de la piel. Tambi\u00e9n contribuye a frenar el <strong>envejecimiento<\/strong> prematuro de la epidermis.<\/p>\n<p>Por \u00faltimo, ahora se sabe que el uso de la espirulina Arthrospira Platensis tiene importantes beneficios para el <strong>cuidado del cabello<\/strong>. Crecen fuertes y sanos gracias a su contenido en hierro, cobre y vitaminas del grupo B.<\/p>\n<p>Si quieres <strong>combatir el acn\u00e9<\/strong>, \u00a1la espirulina es tu valiosa aliada! Esto se debe a que contiene vitamina A, conocida por su capacidad para disminuir la aparici\u00f3n de granos y regular la secreci\u00f3n de las gl\u00e1ndulas seb\u00e1ceas.<\/p>\n<p>Descubra el poder purificante del <strong>jab\u00f3n<\/strong> <em>Espiral<\/em> <strong>de Espirulina<\/strong> y consiga una piel m\u00e1s radiante y reequilibrada.<\/p>\n","protected":false},"excerpt":{"rendered":"<p>Jab\u00f3n exfoliante con microalgas org\u00e1nicas Spirulina Arthrospira Platensis y esponja vegetal Luffa.<\/p>\n<p>Una nueva realidad para su piel.<\/p>\n<p>Purificante, aporta luminosidad y reequilibrio a la piel. Aroma de brisa marina.<\/p>\n","protected":false},"featured_media":11012,"comment_status":"closed","ping_status":"closed","template":"","meta":{"_acf_changed":false},"product_cat":[422,423,426],"product_tag":[],"class_list":{"0":"post-11913","1":"product","2":"type-product","3":"status-publish","4":"has-post-thumbnail","6":"product_brand-algavenice-by-agricola-serenissima-s-r-l","7":"product_cat-cosmeticos-de-espirulina","8":"product_cat-espirulina-recomendada-para-ti","9":"product_cat-la-espirulina-mas-vendida","11":"first","12":"instock","13":"taxable","14":"shipping-taxable","15":"purchasable","16":"product-type-simple"},"acf":[],"yoast_head":"<!-- This site is optimized with the Yoast SEO plugin v27.3 - https:\/\/yoast.com\/product\/yoast-seo-wordpress\/ -->\n<title>Jab\u00f3n de espirulina In Vendita Online | AlgaVenice<\/title>\n<meta name=\"description\" content=\"Nada es m\u00e1s importante para su piel que utilizar productos naturales. Pruebe el jab\u00f3n de espirulina AlgaVenice. \u00a1Es para siempre!\" \/>\n<meta name=\"robots\" content=\"index, follow, max-snippet:-1, max-image-preview:large, max-video-preview:-1\" \/>\n<link rel=\"canonical\" href=\"https:\/\/algavenice.com\/es\/producto\/jabon-de-espirulina\/\" \/>\n<meta property=\"og:locale\" content=\"es_ES\" \/>\n<meta property=\"og:type\" content=\"article\" \/>\n<meta property=\"og:title\" content=\"Jab\u00f3n de espirulina In Vendita Online | AlgaVenice\" \/>\n<meta property=\"og:description\" content=\"Nada es m\u00e1s importante para su piel que utilizar productos naturales. Pruebe el jab\u00f3n de espirulina AlgaVenice. \u00a1Es para siempre!\" \/>\n<meta property=\"og:url\" content=\"https:\/\/algavenice.com\/es\/producto\/jabon-de-espirulina\/\" \/>\n<meta property=\"og:site_name\" content=\"AlgaVenice\" \/>\n<meta property=\"article:publisher\" content=\"https:\/\/www.facebook.com\/algavenice.it\" \/>\n<meta property=\"article:modified_time\" content=\"2023-03-20T16:20:12+00:00\" \/>\n<meta property=\"og:image\" content=\"https:\/\/algavenice.com\/wp-content\/uploads\/2021\/07\/saponetta_alla_spirulina_bio_pura_alta_qualita.jpg\" \/>\n\t<meta property=\"og:image:width\" content=\"800\" \/>\n\t<meta property=\"og:image:height\" content=\"800\" \/>\n\t<meta property=\"og:image:type\" content=\"image\/jpeg\" \/>\n<meta name=\"twitter:card\" content=\"summary_large_image\" \/>\n<meta name=\"twitter:label1\" content=\"Tiempo de lectura\" \/>\n\t<meta name=\"twitter:data1\" content=\"2 minutos\" \/>\n<script type=\"application\/ld+json\" class=\"yoast-schema-graph\">{\"@context\":\"https:\\\/\\\/schema.org\",\"@graph\":[{\"@type\":\"WebPage\",\"@id\":\"https:\\\/\\\/algavenice.com\\\/es\\\/producto\\\/jabon-de-espirulina\\\/\",\"url\":\"https:\\\/\\\/algavenice.com\\\/es\\\/producto\\\/jabon-de-espirulina\\\/\",\"name\":\"Jab\u00f3n de espirulina In Vendita Online | AlgaVenice\",\"isPartOf\":{\"@id\":\"https:\\\/\\\/algavenice.com\\\/es\\\/#website\"},\"primaryImageOfPage\":{\"@id\":\"https:\\\/\\\/algavenice.com\\\/es\\\/producto\\\/jabon-de-espirulina\\\/#primaryimage\"},\"image\":{\"@id\":\"https:\\\/\\\/algavenice.com\\\/es\\\/producto\\\/jabon-de-espirulina\\\/#primaryimage\"},\"thumbnailUrl\":\"https:\\\/\\\/algavenice.com\\\/wp-content\\\/uploads\\\/2021\\\/07\\\/saponetta_alla_spirulina_bio_pura_alta_qualita.jpg\",\"datePublished\":\"2023-03-19T15:31:19+00:00\",\"dateModified\":\"2023-03-20T16:20:12+00:00\",\"description\":\"Nada es m\u00e1s importante para su piel que utilizar productos naturales. Pruebe el jab\u00f3n de espirulina AlgaVenice. \u00a1Es para siempre!\",\"breadcrumb\":{\"@id\":\"https:\\\/\\\/algavenice.com\\\/es\\\/producto\\\/jabon-de-espirulina\\\/#breadcrumb\"},\"inLanguage\":\"es\",\"potentialAction\":[{\"@type\":\"ReadAction\",\"target\":[\"https:\\\/\\\/algavenice.com\\\/es\\\/producto\\\/jabon-de-espirulina\\\/\"]}]},{\"@type\":\"ImageObject\",\"inLanguage\":\"es\",\"@id\":\"https:\\\/\\\/algavenice.com\\\/es\\\/producto\\\/jabon-de-espirulina\\\/#primaryimage\",\"url\":\"https:\\\/\\\/algavenice.com\\\/wp-content\\\/uploads\\\/2021\\\/07\\\/saponetta_alla_spirulina_bio_pura_alta_qualita.jpg\",\"contentUrl\":\"https:\\\/\\\/algavenice.com\\\/wp-content\\\/uploads\\\/2021\\\/07\\\/saponetta_alla_spirulina_bio_pura_alta_qualita.jpg\",\"width\":800,\"height\":800,\"caption\":\"saponetta alla spirulina bio alta qualit\u00e0\"},{\"@type\":\"BreadcrumbList\",\"@id\":\"https:\\\/\\\/algavenice.com\\\/es\\\/producto\\\/jabon-de-espirulina\\\/#breadcrumb\",\"itemListElement\":[{\"@type\":\"ListItem\",\"position\":1,\"name\":\"Home\",\"item\":\"https:\\\/\\\/algavenice.com\\\/es\\\/\"},{\"@type\":\"ListItem\",\"position\":2,\"name\":\"Tienda ecol\u00f3gica\",\"item\":\"https:\\\/\\\/algavenice.com\\\/negozio-bio\\\/\"},{\"@type\":\"ListItem\",\"position\":3,\"name\":\"Jab\u00f3n de espirulina\"}]},{\"@type\":\"WebSite\",\"@id\":\"https:\\\/\\\/algavenice.com\\\/es\\\/#website\",\"url\":\"https:\\\/\\\/algavenice.com\\\/es\\\/\",\"name\":\"AlgaVenice - Spirulina 100% pura, italiana e biologica\",\"description\":\"Vendita Spirulina di Alta Qualit\u00e0 Online\",\"publisher\":{\"@id\":\"https:\\\/\\\/algavenice.com\\\/es\\\/#organization\"},\"alternateName\":\"Vendita online Spirulina di alta qualit\u00e0\",\"potentialAction\":[{\"@type\":\"SearchAction\",\"target\":{\"@type\":\"EntryPoint\",\"urlTemplate\":\"https:\\\/\\\/algavenice.com\\\/es\\\/?s={search_term_string}\"},\"query-input\":{\"@type\":\"PropertyValueSpecification\",\"valueRequired\":true,\"valueName\":\"search_term_string\"}}],\"inLanguage\":\"es\"},{\"@type\":\"Organization\",\"@id\":\"https:\\\/\\\/algavenice.com\\\/es\\\/#organization\",\"name\":\"Societ\u00e0 Agricola Serenissima S.r.l.\",\"alternateName\":\"AlgaVenice\",\"url\":\"https:\\\/\\\/algavenice.com\\\/es\\\/\",\"logo\":{\"@type\":\"ImageObject\",\"inLanguage\":\"es\",\"@id\":\"https:\\\/\\\/algavenice.com\\\/es\\\/#\\\/schema\\\/logo\\\/image\\\/\",\"url\":\"https:\\\/\\\/algavenice.com\\\/wp-content\\\/uploads\\\/2023\\\/03\\\/algavenice_logo_dati_strutturati.jpg\",\"contentUrl\":\"https:\\\/\\\/algavenice.com\\\/wp-content\\\/uploads\\\/2023\\\/03\\\/algavenice_logo_dati_strutturati.jpg\",\"width\":696,\"height\":696,\"caption\":\"Societ\u00e0 Agricola Serenissima S.r.l.\"},\"image\":{\"@id\":\"https:\\\/\\\/algavenice.com\\\/es\\\/#\\\/schema\\\/logo\\\/image\\\/\"},\"sameAs\":[\"https:\\\/\\\/www.facebook.com\\\/algavenice.it\",\"https:\\\/\\\/www.instagram.com\\\/algavenice_spirulina\\\/\",\"https:\\\/\\\/www.youtube.com\\\/channel\\\/UCcgMDdoknspeIM22pqn7Qiw\"]}]}<\/script>\n<!-- \/ Yoast SEO plugin. -->","yoast_head_json":{"title":"Jab\u00f3n de espirulina In Vendita Online | AlgaVenice","description":"Nada es m\u00e1s importante para su piel que utilizar productos naturales. Pruebe el jab\u00f3n de espirulina AlgaVenice. \u00a1Es para siempre!","robots":{"index":"index","follow":"follow","max-snippet":"max-snippet:-1","max-image-preview":"max-image-preview:large","max-video-preview":"max-video-preview:-1"},"canonical":"https:\/\/algavenice.com\/es\/producto\/jabon-de-espirulina\/","og_locale":"es_ES","og_type":"article","og_title":"Jab\u00f3n de espirulina In Vendita Online | AlgaVenice","og_description":"Nada es m\u00e1s importante para su piel que utilizar productos naturales. Pruebe el jab\u00f3n de espirulina AlgaVenice. \u00a1Es para siempre!","og_url":"https:\/\/algavenice.com\/es\/producto\/jabon-de-espirulina\/","og_site_name":"AlgaVenice","article_publisher":"https:\/\/www.facebook.com\/algavenice.it","article_modified_time":"2023-03-20T16:20:12+00:00","og_image":[{"width":800,"height":800,"url":"https:\/\/algavenice.com\/wp-content\/uploads\/2021\/07\/saponetta_alla_spirulina_bio_pura_alta_qualita.jpg","type":"image\/jpeg"}],"twitter_card":"summary_large_image","twitter_misc":{"Tiempo de lectura":"2 minutos"},"schema":{"@context":"https:\/\/schema.org","@graph":[{"@type":"WebPage","@id":"https:\/\/algavenice.com\/es\/producto\/jabon-de-espirulina\/","url":"https:\/\/algavenice.com\/es\/producto\/jabon-de-espirulina\/","name":"Jab\u00f3n de espirulina In Vendita Online | AlgaVenice","isPartOf":{"@id":"https:\/\/algavenice.com\/es\/#website"},"primaryImageOfPage":{"@id":"https:\/\/algavenice.com\/es\/producto\/jabon-de-espirulina\/#primaryimage"},"image":{"@id":"https:\/\/algavenice.com\/es\/producto\/jabon-de-espirulina\/#primaryimage"},"thumbnailUrl":"https:\/\/algavenice.com\/wp-content\/uploads\/2021\/07\/saponetta_alla_spirulina_bio_pura_alta_qualita.jpg","datePublished":"2023-03-19T15:31:19+00:00","dateModified":"2023-03-20T16:20:12+00:00","description":"Nada es m\u00e1s importante para su piel que utilizar productos naturales. Pruebe el jab\u00f3n de espirulina AlgaVenice. \u00a1Es para siempre!","breadcrumb":{"@id":"https:\/\/algavenice.com\/es\/producto\/jabon-de-espirulina\/#breadcrumb"},"inLanguage":"es","potentialAction":[{"@type":"ReadAction","target":["https:\/\/algavenice.com\/es\/producto\/jabon-de-espirulina\/"]}]},{"@type":"ImageObject","inLanguage":"es","@id":"https:\/\/algavenice.com\/es\/producto\/jabon-de-espirulina\/#primaryimage","url":"https:\/\/algavenice.com\/wp-content\/uploads\/2021\/07\/saponetta_alla_spirulina_bio_pura_alta_qualita.jpg","contentUrl":"https:\/\/algavenice.com\/wp-content\/uploads\/2021\/07\/saponetta_alla_spirulina_bio_pura_alta_qualita.jpg","width":800,"height":800,"caption":"saponetta alla spirulina bio alta qualit\u00e0"},{"@type":"BreadcrumbList","@id":"https:\/\/algavenice.com\/es\/producto\/jabon-de-espirulina\/#breadcrumb","itemListElement":[{"@type":"ListItem","position":1,"name":"Home","item":"https:\/\/algavenice.com\/es\/"},{"@type":"ListItem","position":2,"name":"Tienda ecol\u00f3gica","item":"https:\/\/algavenice.com\/negozio-bio\/"},{"@type":"ListItem","position":3,"name":"Jab\u00f3n de espirulina"}]},{"@type":"WebSite","@id":"https:\/\/algavenice.com\/es\/#website","url":"https:\/\/algavenice.com\/es\/","name":"AlgaVenice - Spirulina 100% pura, italiana e biologica","description":"Vendita Spirulina di Alta Qualit\u00e0 Online","publisher":{"@id":"https:\/\/algavenice.com\/es\/#organization"},"alternateName":"Vendita online Spirulina di alta qualit\u00e0","potentialAction":[{"@type":"SearchAction","target":{"@type":"EntryPoint","urlTemplate":"https:\/\/algavenice.com\/es\/?s={search_term_string}"},"query-input":{"@type":"PropertyValueSpecification","valueRequired":true,"valueName":"search_term_string"}}],"inLanguage":"es"},{"@type":"Organization","@id":"https:\/\/algavenice.com\/es\/#organization","name":"Societ\u00e0 Agricola Serenissima S.r.l.","alternateName":"AlgaVenice","url":"https:\/\/algavenice.com\/es\/","logo":{"@type":"ImageObject","inLanguage":"es","@id":"https:\/\/algavenice.com\/es\/#\/schema\/logo\/image\/","url":"https:\/\/algavenice.com\/wp-content\/uploads\/2023\/03\/algavenice_logo_dati_strutturati.jpg","contentUrl":"https:\/\/algavenice.com\/wp-content\/uploads\/2023\/03\/algavenice_logo_dati_strutturati.jpg","width":696,"height":696,"caption":"Societ\u00e0 Agricola Serenissima S.r.l."},"image":{"@id":"https:\/\/algavenice.com\/es\/#\/schema\/logo\/image\/"},"sameAs":["https:\/\/www.facebook.com\/algavenice.it","https:\/\/www.instagram.com\/algavenice_spirulina\/","https:\/\/www.youtube.com\/channel\/UCcgMDdoknspeIM22pqn7Qiw"]}]}},"_links":{"self":[{"href":"https:\/\/algavenice.com\/es\/wp-json\/wp\/v2\/product\/11913","targetHints":{"allow":["GET"]}}],"collection":[{"href":"https:\/\/algavenice.com\/es\/wp-json\/wp\/v2\/product"}],"about":[{"href":"https:\/\/algavenice.com\/es\/wp-json\/wp\/v2\/types\/product"}],"replies":[{"embeddable":true,"href":"https:\/\/algavenice.com\/es\/wp-json\/wp\/v2\/comments?post=11913"}],"wp:featuredmedia":[{"embeddable":true,"href":"https:\/\/algavenice.com\/es\/wp-json\/wp\/v2\/media\/11012"}],"wp:attachment":[{"href":"https:\/\/algavenice.com\/es\/wp-json\/wp\/v2\/media?parent=11913"}],"wp:term":[{"taxonomy":"product_cat","embeddable":true,"href":"https:\/\/algavenice.com\/es\/wp-json\/wp\/v2\/product_cat?post=11913"},{"taxonomy":"product_tag","embeddable":true,"href":"https:\/\/algavenice.com\/es\/wp-json\/wp\/v2\/product_tag?post=11913"}],"curies":[{"name":"wp","href":"https:\/\/api.w.org\/{rel}","templated":true}]}}