{"id":11920,"date":"2020-06-17T03:34:48","date_gmt":"2020-06-17T03:34:48","guid":{"rendered":"https:\/\/algavenice.com\/prodotto\/spirulina-100-organica-tabletas-de-suplemento-dietetico\/"},"modified":"2025-10-24T14:14:38","modified_gmt":"2025-10-24T12:14:38","slug":"100-espirulina-suplemento-bio-alimenticio","status":"publish","type":"product","link":"https:\/\/algavenice.com\/es\/producto\/100-espirulina-suplemento-bio-alimenticio\/","title":{"rendered":"Spirulina 100% org\u00e1nica tabletas de suplemento diet\u00e9tico"},"content":{"rendered":"<p><strong>Spirulina Tabletas<\/strong> Suplemento Alimenticio contiene SOLO ESPIRULINA 100% PURA procedente de la agricultura ecol\u00f3gica.<\/p>\n<p>Ofrece un valioso apoyo y tiene una acci\u00f3n reparadora en caso de fatiga psicof\u00edsica en su organismo.<\/p>\n<p>Los comprimidos se asimilan r\u00e1pidamente y no llevan excipientes ni espesantes a\u00f1adidos. Sin gluten, lactosa ni conservantes. Apto para dietas veganas y vegetarianas.<\/p>\n<h2>Espirulina \u00bfcu\u00e1ntos comprimidos al d\u00eda?<\/h2>\n<p>Recomendamos tomar <strong>de 2 a 4 comprimidos<\/strong> al d\u00eda (m\u00e1ximo 6 comprimidos) a primera hora del d\u00eda para aprovechar al m\u00e1ximo los beneficios de este producto puro.<\/p>\n<p>Los comprimidos de AlgaVenice son agradables de tomar, ya que no tienen sabor ni olor particulares. Esto se debe al meticuloso proceso de producci\u00f3n.<\/p>\n<p>Las algas que crecen en tanques abiertos pueden contaminarse y presentar insectos. Como resultado, el producto final puede adquirir un mal olor. El sabor caracter\u00edstico de las algas s\u00f3lo puede descubrirse con <strong>las tabletas AlgaVenice<\/strong>. Esto se debe a que decidimos cultivar la espirulina en fotobiorreactores cerrados y constantemente vigilados.<\/p>\n<h2>Complemento alimenticio de espirulina<\/h2>\n<p>No fue hasta la d\u00e9cada de 1970 cuando la espirulina <em>Arthrospira platensis<\/em> consigui\u00f3 volver a ser el centro de atenci\u00f3n. El mundo acad\u00e9mico hab\u00eda empezado a estudiarla y a revelar su potencial como <strong>complemento alimenticio<\/strong>. Es una microalga de color verde oscuro que vive en agua dulce. Se une a la lista de alimentos denominados \u00absuperalimentos\u00bb por sus propiedades organol\u00e9pticas. De hecho, contiene:<\/p>\n<ul>\n<li>entre un 60 y un 70 por ciento de prote\u00ednas vegetales;<\/li>\n<li>los 11 amino\u00e1cidos que nuestro organismo s\u00f3lo integra a trav\u00e9s de la alimentaci\u00f3n;<\/li>\n<li>vitaminas (A, B, C, E);<\/li>\n<li>l\u00edpidos y minerales como hierro, magnesio, potasio y calcio;<\/li>\n<li>\u00e1cidos grasos esenciales;<\/li>\n<li>ficocianina, carotenoides, esteroles.<\/li>\n<\/ul>\n<p>Aparte de las propiedades nutricionales, \u00bfpor qu\u00e9 hay que <strong>tomar suplementos de espirulina<\/strong>? \u00c9stos son algunos de los beneficios probados de tomar este suplemento diet\u00e9tico:<\/p>\n<ul>\n<li>propiedades inmunomoduladoras;<\/li>\n<li>excelente aliado contra el colesterol y los triglic\u00e9ridos;<\/li>\n<li>capacidad antiinflamatoria;<\/li>\n<li>beneficioso para el sistema muscular en caso de esfuerzo f\u00edsico;<\/li>\n<li>combate la desnutrici\u00f3n.<\/li>\n<\/ul>\n<p>\u00a1Pruebe <strong>las tabletas de espirulina<\/strong> para sentir todos los beneficios en su cuerpo!<\/p>\n","protected":false},"excerpt":{"rendered":"<p><strong>Los comprimidos de espirulina<\/strong> son un suplemento diet\u00e9tico que contiene S\u00d3LO ESPIRULINA 100% PURA procedente de la agricultura ecol\u00f3gica.<\/p>\n<p>Bote de 90 comprimidos peso neto envase 45 g, cada comprimido 0,5 g para una dosificaci\u00f3n correcta y c\u00f3moda de tomar.<\/p>\n<p>Espirulina Arthrospira Platensis suplemento diet\u00e9tico c\u00f3digo 111794.<\/p>\n","protected":false},"featured_media":15457,"comment_status":"closed","ping_status":"closed","template":"","meta":{"_acf_changed":false},"product_cat":[421,424,423,426],"product_tag":[],"class_list":{"0":"post-11920","1":"product","2":"type-product","3":"status-publish","4":"has-post-thumbnail","6":"product_brand-algavenice-by-agricola-serenissima-s-r-l-es","7":"product_cat-suplementos-a-base-de-espirulina","8":"product_cat-espirulina-en-frascos","9":"product_cat-espirulina-recomendada-para-ti","10":"product_cat-la-espirulina-mas-vendida","12":"first","13":"instock","14":"taxable","15":"shipping-taxable","16":"purchasable","17":"product-type-simple"},"acf":[],"yoast_head":"<!-- This site is optimized with the Yoast SEO plugin v27.3 - https:\/\/yoast.com\/product\/yoast-seo-wordpress\/ -->\n<title>Spirulina 100% org\u00e1nica tabletas de suplemento diet\u00e9tico In Vendita Online | AlgaVenice<\/title>\n<meta name=\"description\" content=\"Algas espirulinas ecol\u00f3gicas en comprimidos 100% puras sin aditivos, 90 piezas, secadas a baja temperatura y analizadas por la Universidad de Florencia y Padua.\" \/>\n<meta name=\"robots\" content=\"index, follow, max-snippet:-1, max-image-preview:large, max-video-preview:-1\" \/>\n<link rel=\"canonical\" href=\"https:\/\/algavenice.com\/es\/producto\/100-espirulina-suplemento-bio-alimenticio\/\" \/>\n<meta property=\"og:locale\" content=\"es_ES\" \/>\n<meta property=\"og:type\" content=\"article\" \/>\n<meta property=\"og:title\" content=\"Spirulina 100% org\u00e1nica tabletas de suplemento diet\u00e9tico In Vendita Online | AlgaVenice\" \/>\n<meta property=\"og:description\" content=\"Algas espirulinas ecol\u00f3gicas en comprimidos 100% puras sin aditivos, 90 piezas, secadas a baja temperatura y analizadas por la Universidad de Florencia y Padua.\" \/>\n<meta property=\"og:url\" content=\"https:\/\/algavenice.com\/es\/producto\/100-espirulina-suplemento-bio-alimenticio\/\" \/>\n<meta property=\"og:site_name\" content=\"AlgaVenice\" \/>\n<meta property=\"article:publisher\" content=\"https:\/\/www.facebook.com\/algavenice.it\" \/>\n<meta property=\"article:modified_time\" content=\"2025-10-24T12:14:38+00:00\" \/>\n<meta property=\"og:image\" content=\"https:\/\/algavenice.com\/wp-content\/uploads\/2020\/06\/compresse_di_spirulina_in_barattolo.jpg\" \/>\n\t<meta property=\"og:image:width\" content=\"800\" \/>\n\t<meta property=\"og:image:height\" content=\"800\" \/>\n\t<meta property=\"og:image:type\" content=\"image\/jpeg\" \/>\n<meta name=\"twitter:card\" content=\"summary_large_image\" \/>\n<meta name=\"twitter:label1\" content=\"Tiempo de lectura\" \/>\n\t<meta name=\"twitter:data1\" content=\"2 minutos\" \/>\n<script type=\"application\/ld+json\" class=\"yoast-schema-graph\">{\"@context\":\"https:\\\/\\\/schema.org\",\"@graph\":[{\"@type\":\"WebPage\",\"@id\":\"https:\\\/\\\/algavenice.com\\\/es\\\/producto\\\/100-espirulina-suplemento-bio-alimenticio\\\/\",\"url\":\"https:\\\/\\\/algavenice.com\\\/es\\\/producto\\\/100-espirulina-suplemento-bio-alimenticio\\\/\",\"name\":\"Spirulina 100% org\u00e1nica tabletas de suplemento diet\u00e9tico In Vendita Online | AlgaVenice\",\"isPartOf\":{\"@id\":\"https:\\\/\\\/algavenice.com\\\/es\\\/#website\"},\"primaryImageOfPage\":{\"@id\":\"https:\\\/\\\/algavenice.com\\\/es\\\/producto\\\/100-espirulina-suplemento-bio-alimenticio\\\/#primaryimage\"},\"image\":{\"@id\":\"https:\\\/\\\/algavenice.com\\\/es\\\/producto\\\/100-espirulina-suplemento-bio-alimenticio\\\/#primaryimage\"},\"thumbnailUrl\":\"https:\\\/\\\/algavenice.com\\\/wp-content\\\/uploads\\\/2020\\\/06\\\/IMG_20251022_094810.jpg\",\"datePublished\":\"2020-06-17T03:34:48+00:00\",\"dateModified\":\"2025-10-24T12:14:38+00:00\",\"description\":\"Algas espirulinas ecol\u00f3gicas en comprimidos 100% puras sin aditivos, 90 piezas, secadas a baja temperatura y analizadas por la Universidad de Florencia y Padua.\",\"breadcrumb\":{\"@id\":\"https:\\\/\\\/algavenice.com\\\/es\\\/producto\\\/100-espirulina-suplemento-bio-alimenticio\\\/#breadcrumb\"},\"inLanguage\":\"es\",\"potentialAction\":[{\"@type\":\"ReadAction\",\"target\":[\"https:\\\/\\\/algavenice.com\\\/es\\\/producto\\\/100-espirulina-suplemento-bio-alimenticio\\\/\"]}]},{\"@type\":\"ImageObject\",\"inLanguage\":\"es\",\"@id\":\"https:\\\/\\\/algavenice.com\\\/es\\\/producto\\\/100-espirulina-suplemento-bio-alimenticio\\\/#primaryimage\",\"url\":\"https:\\\/\\\/algavenice.com\\\/wp-content\\\/uploads\\\/2020\\\/06\\\/IMG_20251022_094810.jpg\",\"contentUrl\":\"https:\\\/\\\/algavenice.com\\\/wp-content\\\/uploads\\\/2020\\\/06\\\/IMG_20251022_094810.jpg\",\"width\":1000,\"height\":1000},{\"@type\":\"BreadcrumbList\",\"@id\":\"https:\\\/\\\/algavenice.com\\\/es\\\/producto\\\/100-espirulina-suplemento-bio-alimenticio\\\/#breadcrumb\",\"itemListElement\":[{\"@type\":\"ListItem\",\"position\":1,\"name\":\"Home\",\"item\":\"https:\\\/\\\/algavenice.com\\\/es\\\/\"},{\"@type\":\"ListItem\",\"position\":2,\"name\":\"Tienda ecol\u00f3gica\",\"item\":\"https:\\\/\\\/algavenice.com\\\/negozio-bio\\\/\"},{\"@type\":\"ListItem\",\"position\":3,\"name\":\"Spirulina 100% org\u00e1nica tabletas de suplemento diet\u00e9tico\"}]},{\"@type\":\"WebSite\",\"@id\":\"https:\\\/\\\/algavenice.com\\\/es\\\/#website\",\"url\":\"https:\\\/\\\/algavenice.com\\\/es\\\/\",\"name\":\"AlgaVenice - Spirulina 100% pura, italiana e biologica\",\"description\":\"Vendita Spirulina di Alta Qualit\u00e0 Online\",\"publisher\":{\"@id\":\"https:\\\/\\\/algavenice.com\\\/es\\\/#organization\"},\"alternateName\":\"Vendita online Spirulina di alta qualit\u00e0\",\"potentialAction\":[{\"@type\":\"SearchAction\",\"target\":{\"@type\":\"EntryPoint\",\"urlTemplate\":\"https:\\\/\\\/algavenice.com\\\/es\\\/?s={search_term_string}\"},\"query-input\":{\"@type\":\"PropertyValueSpecification\",\"valueRequired\":true,\"valueName\":\"search_term_string\"}}],\"inLanguage\":\"es\"},{\"@type\":\"Organization\",\"@id\":\"https:\\\/\\\/algavenice.com\\\/es\\\/#organization\",\"name\":\"Societ\u00e0 Agricola Serenissima S.r.l.\",\"alternateName\":\"AlgaVenice\",\"url\":\"https:\\\/\\\/algavenice.com\\\/es\\\/\",\"logo\":{\"@type\":\"ImageObject\",\"inLanguage\":\"es\",\"@id\":\"https:\\\/\\\/algavenice.com\\\/es\\\/#\\\/schema\\\/logo\\\/image\\\/\",\"url\":\"https:\\\/\\\/algavenice.com\\\/wp-content\\\/uploads\\\/2023\\\/03\\\/algavenice_logo_dati_strutturati.jpg\",\"contentUrl\":\"https:\\\/\\\/algavenice.com\\\/wp-content\\\/uploads\\\/2023\\\/03\\\/algavenice_logo_dati_strutturati.jpg\",\"width\":696,\"height\":696,\"caption\":\"Societ\u00e0 Agricola Serenissima S.r.l.\"},\"image\":{\"@id\":\"https:\\\/\\\/algavenice.com\\\/es\\\/#\\\/schema\\\/logo\\\/image\\\/\"},\"sameAs\":[\"https:\\\/\\\/www.facebook.com\\\/algavenice.it\",\"https:\\\/\\\/www.instagram.com\\\/algavenice_spirulina\\\/\",\"https:\\\/\\\/www.youtube.com\\\/channel\\\/UCcgMDdoknspeIM22pqn7Qiw\"]}]}<\/script>\n<!-- \/ Yoast SEO plugin. -->","yoast_head_json":{"title":"Spirulina 100% org\u00e1nica tabletas de suplemento diet\u00e9tico In Vendita Online | AlgaVenice","description":"Algas espirulinas ecol\u00f3gicas en comprimidos 100% puras sin aditivos, 90 piezas, secadas a baja temperatura y analizadas por la Universidad de Florencia y Padua.","robots":{"index":"index","follow":"follow","max-snippet":"max-snippet:-1","max-image-preview":"max-image-preview:large","max-video-preview":"max-video-preview:-1"},"canonical":"https:\/\/algavenice.com\/es\/producto\/100-espirulina-suplemento-bio-alimenticio\/","og_locale":"es_ES","og_type":"article","og_title":"Spirulina 100% org\u00e1nica tabletas de suplemento diet\u00e9tico In Vendita Online | AlgaVenice","og_description":"Algas espirulinas ecol\u00f3gicas en comprimidos 100% puras sin aditivos, 90 piezas, secadas a baja temperatura y analizadas por la Universidad de Florencia y Padua.","og_url":"https:\/\/algavenice.com\/es\/producto\/100-espirulina-suplemento-bio-alimenticio\/","og_site_name":"AlgaVenice","article_publisher":"https:\/\/www.facebook.com\/algavenice.it","article_modified_time":"2025-10-24T12:14:38+00:00","og_image":[{"width":800,"height":800,"url":"https:\/\/algavenice.com\/wp-content\/uploads\/2020\/06\/compresse_di_spirulina_in_barattolo.jpg","type":"image\/jpeg"}],"twitter_card":"summary_large_image","twitter_misc":{"Tiempo de lectura":"2 minutos"},"schema":{"@context":"https:\/\/schema.org","@graph":[{"@type":"WebPage","@id":"https:\/\/algavenice.com\/es\/producto\/100-espirulina-suplemento-bio-alimenticio\/","url":"https:\/\/algavenice.com\/es\/producto\/100-espirulina-suplemento-bio-alimenticio\/","name":"Spirulina 100% org\u00e1nica tabletas de suplemento diet\u00e9tico In Vendita Online | AlgaVenice","isPartOf":{"@id":"https:\/\/algavenice.com\/es\/#website"},"primaryImageOfPage":{"@id":"https:\/\/algavenice.com\/es\/producto\/100-espirulina-suplemento-bio-alimenticio\/#primaryimage"},"image":{"@id":"https:\/\/algavenice.com\/es\/producto\/100-espirulina-suplemento-bio-alimenticio\/#primaryimage"},"thumbnailUrl":"https:\/\/algavenice.com\/wp-content\/uploads\/2020\/06\/IMG_20251022_094810.jpg","datePublished":"2020-06-17T03:34:48+00:00","dateModified":"2025-10-24T12:14:38+00:00","description":"Algas espirulinas ecol\u00f3gicas en comprimidos 100% puras sin aditivos, 90 piezas, secadas a baja temperatura y analizadas por la Universidad de Florencia y Padua.","breadcrumb":{"@id":"https:\/\/algavenice.com\/es\/producto\/100-espirulina-suplemento-bio-alimenticio\/#breadcrumb"},"inLanguage":"es","potentialAction":[{"@type":"ReadAction","target":["https:\/\/algavenice.com\/es\/producto\/100-espirulina-suplemento-bio-alimenticio\/"]}]},{"@type":"ImageObject","inLanguage":"es","@id":"https:\/\/algavenice.com\/es\/producto\/100-espirulina-suplemento-bio-alimenticio\/#primaryimage","url":"https:\/\/algavenice.com\/wp-content\/uploads\/2020\/06\/IMG_20251022_094810.jpg","contentUrl":"https:\/\/algavenice.com\/wp-content\/uploads\/2020\/06\/IMG_20251022_094810.jpg","width":1000,"height":1000},{"@type":"BreadcrumbList","@id":"https:\/\/algavenice.com\/es\/producto\/100-espirulina-suplemento-bio-alimenticio\/#breadcrumb","itemListElement":[{"@type":"ListItem","position":1,"name":"Home","item":"https:\/\/algavenice.com\/es\/"},{"@type":"ListItem","position":2,"name":"Tienda ecol\u00f3gica","item":"https:\/\/algavenice.com\/negozio-bio\/"},{"@type":"ListItem","position":3,"name":"Spirulina 100% org\u00e1nica tabletas de suplemento diet\u00e9tico"}]},{"@type":"WebSite","@id":"https:\/\/algavenice.com\/es\/#website","url":"https:\/\/algavenice.com\/es\/","name":"AlgaVenice - Spirulina 100% pura, italiana e biologica","description":"Vendita Spirulina di Alta Qualit\u00e0 Online","publisher":{"@id":"https:\/\/algavenice.com\/es\/#organization"},"alternateName":"Vendita online Spirulina di alta qualit\u00e0","potentialAction":[{"@type":"SearchAction","target":{"@type":"EntryPoint","urlTemplate":"https:\/\/algavenice.com\/es\/?s={search_term_string}"},"query-input":{"@type":"PropertyValueSpecification","valueRequired":true,"valueName":"search_term_string"}}],"inLanguage":"es"},{"@type":"Organization","@id":"https:\/\/algavenice.com\/es\/#organization","name":"Societ\u00e0 Agricola Serenissima S.r.l.","alternateName":"AlgaVenice","url":"https:\/\/algavenice.com\/es\/","logo":{"@type":"ImageObject","inLanguage":"es","@id":"https:\/\/algavenice.com\/es\/#\/schema\/logo\/image\/","url":"https:\/\/algavenice.com\/wp-content\/uploads\/2023\/03\/algavenice_logo_dati_strutturati.jpg","contentUrl":"https:\/\/algavenice.com\/wp-content\/uploads\/2023\/03\/algavenice_logo_dati_strutturati.jpg","width":696,"height":696,"caption":"Societ\u00e0 Agricola Serenissima S.r.l."},"image":{"@id":"https:\/\/algavenice.com\/es\/#\/schema\/logo\/image\/"},"sameAs":["https:\/\/www.facebook.com\/algavenice.it","https:\/\/www.instagram.com\/algavenice_spirulina\/","https:\/\/www.youtube.com\/channel\/UCcgMDdoknspeIM22pqn7Qiw"]}]}},"_links":{"self":[{"href":"https:\/\/algavenice.com\/es\/wp-json\/wp\/v2\/product\/11920","targetHints":{"allow":["GET"]}}],"collection":[{"href":"https:\/\/algavenice.com\/es\/wp-json\/wp\/v2\/product"}],"about":[{"href":"https:\/\/algavenice.com\/es\/wp-json\/wp\/v2\/types\/product"}],"replies":[{"embeddable":true,"href":"https:\/\/algavenice.com\/es\/wp-json\/wp\/v2\/comments?post=11920"}],"wp:featuredmedia":[{"embeddable":true,"href":"https:\/\/algavenice.com\/es\/wp-json\/wp\/v2\/media\/15457"}],"wp:attachment":[{"href":"https:\/\/algavenice.com\/es\/wp-json\/wp\/v2\/media?parent=11920"}],"wp:term":[{"taxonomy":"product_cat","embeddable":true,"href":"https:\/\/algavenice.com\/es\/wp-json\/wp\/v2\/product_cat?post=11920"},{"taxonomy":"product_tag","embeddable":true,"href":"https:\/\/algavenice.com\/es\/wp-json\/wp\/v2\/product_tag?post=11920"}],"curies":[{"name":"wp","href":"https:\/\/api.w.org\/{rel}","templated":true}]}}