{"id":11927,"date":"2021-07-08T17:08:11","date_gmt":"2021-07-08T15:08:11","guid":{"rendered":"https:\/\/algavenice.com\/prodotto\/espirulina-ecologica-en-polvo-100-g\/"},"modified":"2023-03-19T16:33:03","modified_gmt":"2023-03-19T15:33:03","slug":"spirulina-bio-100-gr-en-polvo","status":"publish","type":"product","link":"https:\/\/algavenice.com\/es\/producto\/spirulina-bio-100-gr-en-polvo\/","title":{"rendered":"Espirulina ecol\u00f3gica en polvo 100 g"},"content":{"rendered":"<p><strong>La espirulina ecol\u00f3gica<\/strong> de AlgaVenice es un valioso suplemento natural para su organismo. 100% pura, sin pasteurizar y en polvo.<\/p>\n<p>El organismo lo asimila r\u00e1pidamente y no contiene excipientes ni espesantes a\u00f1adidos. Puede a\u00f1adirse a bebidas o platos, como ingrediente en diversas recetas, en mezclas de alimentos, en helados, yogures, etc.<\/p>\n<p>Modo de empleo: Se recomienda media cucharadita.<br \/>\nDosis diaria 1g\/2g (m\u00e1ximo 3g al d\u00eda) en funci\u00f3n de las necesidades f\u00edsicas.<\/p>\n<p>Tomar a primera hora del d\u00eda para aprovechar al m\u00e1ximo los beneficios que ofrece este producto puro.<\/p>\n<h2>Espirulina italiana ecol\u00f3gica<\/h2>\n<p>La <strong>espirulina ecol\u00f3gica<\/strong> en polvo de AlgaVenice es la \u00fanica espirulina ecol\u00f3gica con sus propiedades organol\u00e9pticas intactas. Podemos afirmarlo por varias razones.<\/p>\n<p>La espirulina de AlgaVenice tiene una caracter\u00edstica inconfundible: es <strong>100% pura<\/strong>. Su historia comenz\u00f3 en 2017 y est\u00e1 marcada por la innovaci\u00f3n tecnol\u00f3gica avanzada. Quer\u00edamos ofrecerle un producto \u00fanico y lo hemos conseguido. AlgaVenice spirulina, que es una cepa patentada de <strong>Spirulina Arthrospira Platensis<\/strong>:<\/p>\n<ul>\n<li>obtiene la certificaci\u00f3n <strong>ecol\u00f3gica del alga espirulina<\/strong>;<\/li>\n<li>crece en el interior lagunar del V\u00e9neto. La moderna planta se dise\u00f1\u00f3 en colaboraci\u00f3n con la Facultad de Ingenier\u00eda de la Universidad de Padua;<\/li>\n<li>no se cultiva en tanques abiertos, sino en fotobiorreactores cerrados para evitar la contaminaci\u00f3n;<\/li>\n<li>no se pasteuriza, lo que preserva las <strong>propiedades organol\u00e9pticas del alga<\/strong>;<\/li>\n<li>El secado se produce de forma muy lenta y natural. Cualquier otro m\u00e9todo de secado compromete inevitablemente la calidad del producto;<\/li>\n<li>no contiene espesantes ni aditivos de ning\u00fan tipo;<\/li>\n<li>El agua del fotobiorreactor tiene un pH controlado;<\/li>\n<li>la planta est\u00e1 constantemente supervisada por expertos de Fotosintetica &amp; Microbiologica S.r.l. <a href=\"https:\/\/www.unifi.it\/p8477.html\">, spin-off de la Universidad de Florencia<\/a>, a trav\u00e9s de una conexi\u00f3n inform\u00e1tica;<\/li>\n<li>Hay detectores en el interior de la planta que nos permiten vigilar 24\/24 el h\u00e1bitat en el que crece la espirulina.<\/li>\n<\/ul>\n<h2>\u00bfCu\u00e1l es la mejor marca de espirulina?<\/h2>\n<p>Sin duda encontrar\u00e1 infinidad de marcas en el mercado y le resultar\u00e1 dif\u00edcil elegir una. Un consejo que podemos darle es que no se f\u00ede del precio. Por supuesto, la <strong>espirulina org\u00e1nica<\/strong> cultivada en la India o en otros lugares puede ser rid\u00edculamente cara. Pero la pregunta que debe hacerse es: \u00bfpuedo estar seguro de que, adem\u00e1s del producto, no estoy tomando otros elementos no declarados?<\/p>\n<p>Como hemos explicado en el apartado anterior, debes tener en cuenta muchos aspectos a la hora de elegir una <strong>marca de espirulina<\/strong>. Por lo tanto, ahora le toca a usted calcular la relaci\u00f3n coste-beneficio de la espirulina que debe tomar.<\/p>\n<p>Si tiene alguna otra pregunta o curiosidad sobre la <strong>espirulina ecol\u00f3gica<\/strong> de AlgaVenice, \u00a1no dude en <a href=\"https:\/\/algavenice.com\/es\/contacto-con-nosotros\/\">ponerse en contacto con nosotros<\/a>!<\/p>\n","protected":false},"excerpt":{"rendered":"<p><strong>La espirulina org\u00e1nica<\/strong> en polvo de AlgaVenice es un suplemento natural 100% puro y un valioso apoyo para su organismo.<\/p>\n<p>Lata blanca con tapa a presi\u00f3n que contiene 100 g de espirulina <em>Arthrospira Platensis<\/em> en polvo.<\/p>\n<p>Puede a\u00f1adirse a bebidas o platos, como ingrediente en diversas recetas, en mezclas de alimentos, en helados, yogures, etc.<\/p>\n","protected":false},"featured_media":11928,"comment_status":"closed","ping_status":"closed","template":"","meta":{"_acf_changed":false},"product_cat":[424,423,426],"product_tag":[],"class_list":{"0":"post-11927","1":"product","2":"type-product","3":"status-publish","4":"has-post-thumbnail","6":"product_cat-espirulina-en-frascos","7":"product_cat-espirulina-recomendada-para-ti","8":"product_cat-la-espirulina-mas-vendida","10":"first","11":"instock","12":"taxable","13":"shipping-taxable","14":"purchasable","15":"product-type-simple"},"acf":[],"yoast_head":"<!-- This site is optimized with the Yoast SEO plugin v27.3 - https:\/\/yoast.com\/product\/yoast-seo-wordpress\/ -->\n<title>Espirulina ecol\u00f3gica en polvo 100 g In Vendita Online | AlgaVenice<\/title>\n<meta name=\"description\" content=\"Descubra la diferencia entre la espirulina y el polvo puro de espirulina de AlgaVenice: pruebe la \u00fanica espirulina ecol\u00f3gica con sus propiedades organol\u00e9pticas intactas.\" \/>\n<meta name=\"robots\" content=\"index, follow, max-snippet:-1, max-image-preview:large, max-video-preview:-1\" \/>\n<link rel=\"canonical\" href=\"https:\/\/algavenice.com\/es\/producto\/spirulina-bio-100-gr-en-polvo\/\" \/>\n<meta property=\"og:locale\" content=\"es_ES\" \/>\n<meta property=\"og:type\" content=\"article\" \/>\n<meta property=\"og:title\" content=\"Espirulina ecol\u00f3gica en polvo 100 g In Vendita Online | AlgaVenice\" \/>\n<meta property=\"og:description\" content=\"Descubra la diferencia entre la espirulina y el polvo puro de espirulina de AlgaVenice: pruebe la \u00fanica espirulina ecol\u00f3gica con sus propiedades organol\u00e9pticas intactas.\" \/>\n<meta property=\"og:url\" content=\"https:\/\/algavenice.com\/es\/producto\/spirulina-bio-100-gr-en-polvo\/\" \/>\n<meta property=\"og:site_name\" content=\"AlgaVenice\" \/>\n<meta property=\"article:publisher\" content=\"https:\/\/www.facebook.com\/algavenice.it\" \/>\n<meta property=\"article:modified_time\" content=\"2023-03-19T15:33:03+00:00\" \/>\n<meta property=\"og:image\" content=\"https:\/\/algavenice.com\/wp-content\/uploads\/2021\/07\/spirulina-bio-100gr-in-polvere.jpg\" \/>\n\t<meta property=\"og:image:width\" content=\"800\" \/>\n\t<meta property=\"og:image:height\" content=\"800\" \/>\n\t<meta property=\"og:image:type\" content=\"image\/jpeg\" \/>\n<meta name=\"twitter:card\" content=\"summary_large_image\" \/>\n<meta name=\"twitter:label1\" content=\"Tiempo de lectura\" \/>\n\t<meta name=\"twitter:data1\" content=\"2 minutos\" \/>\n<script type=\"application\/ld+json\" class=\"yoast-schema-graph\">{\"@context\":\"https:\\\/\\\/schema.org\",\"@graph\":[{\"@type\":\"WebPage\",\"@id\":\"https:\\\/\\\/algavenice.com\\\/es\\\/producto\\\/spirulina-bio-100-gr-en-polvo\\\/\",\"url\":\"https:\\\/\\\/algavenice.com\\\/es\\\/producto\\\/spirulina-bio-100-gr-en-polvo\\\/\",\"name\":\"Espirulina ecol\u00f3gica en polvo 100 g In Vendita Online | AlgaVenice\",\"isPartOf\":{\"@id\":\"https:\\\/\\\/algavenice.com\\\/es\\\/#website\"},\"primaryImageOfPage\":{\"@id\":\"https:\\\/\\\/algavenice.com\\\/es\\\/producto\\\/spirulina-bio-100-gr-en-polvo\\\/#primaryimage\"},\"image\":{\"@id\":\"https:\\\/\\\/algavenice.com\\\/es\\\/producto\\\/spirulina-bio-100-gr-en-polvo\\\/#primaryimage\"},\"thumbnailUrl\":\"https:\\\/\\\/algavenice.com\\\/wp-content\\\/uploads\\\/2021\\\/07\\\/spirulina-bio-100gr-in-polvere.jpg\",\"datePublished\":\"2021-07-08T15:08:11+00:00\",\"dateModified\":\"2023-03-19T15:33:03+00:00\",\"description\":\"Descubra la diferencia entre la espirulina y el polvo puro de espirulina de AlgaVenice: pruebe la \u00fanica espirulina ecol\u00f3gica con sus propiedades organol\u00e9pticas intactas.\",\"breadcrumb\":{\"@id\":\"https:\\\/\\\/algavenice.com\\\/es\\\/producto\\\/spirulina-bio-100-gr-en-polvo\\\/#breadcrumb\"},\"inLanguage\":\"es\",\"potentialAction\":[{\"@type\":\"ReadAction\",\"target\":[\"https:\\\/\\\/algavenice.com\\\/es\\\/producto\\\/spirulina-bio-100-gr-en-polvo\\\/\"]}]},{\"@type\":\"ImageObject\",\"inLanguage\":\"es\",\"@id\":\"https:\\\/\\\/algavenice.com\\\/es\\\/producto\\\/spirulina-bio-100-gr-en-polvo\\\/#primaryimage\",\"url\":\"https:\\\/\\\/algavenice.com\\\/wp-content\\\/uploads\\\/2021\\\/07\\\/spirulina-bio-100gr-in-polvere.jpg\",\"contentUrl\":\"https:\\\/\\\/algavenice.com\\\/wp-content\\\/uploads\\\/2021\\\/07\\\/spirulina-bio-100gr-in-polvere.jpg\",\"width\":800,\"height\":800},{\"@type\":\"BreadcrumbList\",\"@id\":\"https:\\\/\\\/algavenice.com\\\/es\\\/producto\\\/spirulina-bio-100-gr-en-polvo\\\/#breadcrumb\",\"itemListElement\":[{\"@type\":\"ListItem\",\"position\":1,\"name\":\"Home\",\"item\":\"https:\\\/\\\/algavenice.com\\\/es\\\/\"},{\"@type\":\"ListItem\",\"position\":2,\"name\":\"Tienda ecol\u00f3gica\",\"item\":\"https:\\\/\\\/algavenice.com\\\/negozio-bio\\\/\"},{\"@type\":\"ListItem\",\"position\":3,\"name\":\"Espirulina ecol\u00f3gica en polvo 100 g\"}]},{\"@type\":\"WebSite\",\"@id\":\"https:\\\/\\\/algavenice.com\\\/es\\\/#website\",\"url\":\"https:\\\/\\\/algavenice.com\\\/es\\\/\",\"name\":\"AlgaVenice - Spirulina 100% pura, italiana e biologica\",\"description\":\"Vendita Spirulina di Alta Qualit\u00e0 Online\",\"publisher\":{\"@id\":\"https:\\\/\\\/algavenice.com\\\/es\\\/#organization\"},\"alternateName\":\"Vendita online Spirulina di alta qualit\u00e0\",\"potentialAction\":[{\"@type\":\"SearchAction\",\"target\":{\"@type\":\"EntryPoint\",\"urlTemplate\":\"https:\\\/\\\/algavenice.com\\\/es\\\/?s={search_term_string}\"},\"query-input\":{\"@type\":\"PropertyValueSpecification\",\"valueRequired\":true,\"valueName\":\"search_term_string\"}}],\"inLanguage\":\"es\"},{\"@type\":\"Organization\",\"@id\":\"https:\\\/\\\/algavenice.com\\\/es\\\/#organization\",\"name\":\"Societ\u00e0 Agricola Serenissima S.r.l.\",\"alternateName\":\"AlgaVenice\",\"url\":\"https:\\\/\\\/algavenice.com\\\/es\\\/\",\"logo\":{\"@type\":\"ImageObject\",\"inLanguage\":\"es\",\"@id\":\"https:\\\/\\\/algavenice.com\\\/es\\\/#\\\/schema\\\/logo\\\/image\\\/\",\"url\":\"https:\\\/\\\/algavenice.com\\\/wp-content\\\/uploads\\\/2023\\\/03\\\/algavenice_logo_dati_strutturati.jpg\",\"contentUrl\":\"https:\\\/\\\/algavenice.com\\\/wp-content\\\/uploads\\\/2023\\\/03\\\/algavenice_logo_dati_strutturati.jpg\",\"width\":696,\"height\":696,\"caption\":\"Societ\u00e0 Agricola Serenissima S.r.l.\"},\"image\":{\"@id\":\"https:\\\/\\\/algavenice.com\\\/es\\\/#\\\/schema\\\/logo\\\/image\\\/\"},\"sameAs\":[\"https:\\\/\\\/www.facebook.com\\\/algavenice.it\",\"https:\\\/\\\/www.instagram.com\\\/algavenice_spirulina\\\/\",\"https:\\\/\\\/www.youtube.com\\\/channel\\\/UCcgMDdoknspeIM22pqn7Qiw\"]}]}<\/script>\n<!-- \/ Yoast SEO plugin. -->","yoast_head_json":{"title":"Espirulina ecol\u00f3gica en polvo 100 g In Vendita Online | AlgaVenice","description":"Descubra la diferencia entre la espirulina y el polvo puro de espirulina de AlgaVenice: pruebe la \u00fanica espirulina ecol\u00f3gica con sus propiedades organol\u00e9pticas intactas.","robots":{"index":"index","follow":"follow","max-snippet":"max-snippet:-1","max-image-preview":"max-image-preview:large","max-video-preview":"max-video-preview:-1"},"canonical":"https:\/\/algavenice.com\/es\/producto\/spirulina-bio-100-gr-en-polvo\/","og_locale":"es_ES","og_type":"article","og_title":"Espirulina ecol\u00f3gica en polvo 100 g In Vendita Online | AlgaVenice","og_description":"Descubra la diferencia entre la espirulina y el polvo puro de espirulina de AlgaVenice: pruebe la \u00fanica espirulina ecol\u00f3gica con sus propiedades organol\u00e9pticas intactas.","og_url":"https:\/\/algavenice.com\/es\/producto\/spirulina-bio-100-gr-en-polvo\/","og_site_name":"AlgaVenice","article_publisher":"https:\/\/www.facebook.com\/algavenice.it","article_modified_time":"2023-03-19T15:33:03+00:00","og_image":[{"width":800,"height":800,"url":"https:\/\/algavenice.com\/wp-content\/uploads\/2021\/07\/spirulina-bio-100gr-in-polvere.jpg","type":"image\/jpeg"}],"twitter_card":"summary_large_image","twitter_misc":{"Tiempo de lectura":"2 minutos"},"schema":{"@context":"https:\/\/schema.org","@graph":[{"@type":"WebPage","@id":"https:\/\/algavenice.com\/es\/producto\/spirulina-bio-100-gr-en-polvo\/","url":"https:\/\/algavenice.com\/es\/producto\/spirulina-bio-100-gr-en-polvo\/","name":"Espirulina ecol\u00f3gica en polvo 100 g In Vendita Online | AlgaVenice","isPartOf":{"@id":"https:\/\/algavenice.com\/es\/#website"},"primaryImageOfPage":{"@id":"https:\/\/algavenice.com\/es\/producto\/spirulina-bio-100-gr-en-polvo\/#primaryimage"},"image":{"@id":"https:\/\/algavenice.com\/es\/producto\/spirulina-bio-100-gr-en-polvo\/#primaryimage"},"thumbnailUrl":"https:\/\/algavenice.com\/wp-content\/uploads\/2021\/07\/spirulina-bio-100gr-in-polvere.jpg","datePublished":"2021-07-08T15:08:11+00:00","dateModified":"2023-03-19T15:33:03+00:00","description":"Descubra la diferencia entre la espirulina y el polvo puro de espirulina de AlgaVenice: pruebe la \u00fanica espirulina ecol\u00f3gica con sus propiedades organol\u00e9pticas intactas.","breadcrumb":{"@id":"https:\/\/algavenice.com\/es\/producto\/spirulina-bio-100-gr-en-polvo\/#breadcrumb"},"inLanguage":"es","potentialAction":[{"@type":"ReadAction","target":["https:\/\/algavenice.com\/es\/producto\/spirulina-bio-100-gr-en-polvo\/"]}]},{"@type":"ImageObject","inLanguage":"es","@id":"https:\/\/algavenice.com\/es\/producto\/spirulina-bio-100-gr-en-polvo\/#primaryimage","url":"https:\/\/algavenice.com\/wp-content\/uploads\/2021\/07\/spirulina-bio-100gr-in-polvere.jpg","contentUrl":"https:\/\/algavenice.com\/wp-content\/uploads\/2021\/07\/spirulina-bio-100gr-in-polvere.jpg","width":800,"height":800},{"@type":"BreadcrumbList","@id":"https:\/\/algavenice.com\/es\/producto\/spirulina-bio-100-gr-en-polvo\/#breadcrumb","itemListElement":[{"@type":"ListItem","position":1,"name":"Home","item":"https:\/\/algavenice.com\/es\/"},{"@type":"ListItem","position":2,"name":"Tienda ecol\u00f3gica","item":"https:\/\/algavenice.com\/negozio-bio\/"},{"@type":"ListItem","position":3,"name":"Espirulina ecol\u00f3gica en polvo 100 g"}]},{"@type":"WebSite","@id":"https:\/\/algavenice.com\/es\/#website","url":"https:\/\/algavenice.com\/es\/","name":"AlgaVenice - Spirulina 100% pura, italiana e biologica","description":"Vendita Spirulina di Alta Qualit\u00e0 Online","publisher":{"@id":"https:\/\/algavenice.com\/es\/#organization"},"alternateName":"Vendita online Spirulina di alta qualit\u00e0","potentialAction":[{"@type":"SearchAction","target":{"@type":"EntryPoint","urlTemplate":"https:\/\/algavenice.com\/es\/?s={search_term_string}"},"query-input":{"@type":"PropertyValueSpecification","valueRequired":true,"valueName":"search_term_string"}}],"inLanguage":"es"},{"@type":"Organization","@id":"https:\/\/algavenice.com\/es\/#organization","name":"Societ\u00e0 Agricola Serenissima S.r.l.","alternateName":"AlgaVenice","url":"https:\/\/algavenice.com\/es\/","logo":{"@type":"ImageObject","inLanguage":"es","@id":"https:\/\/algavenice.com\/es\/#\/schema\/logo\/image\/","url":"https:\/\/algavenice.com\/wp-content\/uploads\/2023\/03\/algavenice_logo_dati_strutturati.jpg","contentUrl":"https:\/\/algavenice.com\/wp-content\/uploads\/2023\/03\/algavenice_logo_dati_strutturati.jpg","width":696,"height":696,"caption":"Societ\u00e0 Agricola Serenissima S.r.l."},"image":{"@id":"https:\/\/algavenice.com\/es\/#\/schema\/logo\/image\/"},"sameAs":["https:\/\/www.facebook.com\/algavenice.it","https:\/\/www.instagram.com\/algavenice_spirulina\/","https:\/\/www.youtube.com\/channel\/UCcgMDdoknspeIM22pqn7Qiw"]}]}},"_links":{"self":[{"href":"https:\/\/algavenice.com\/es\/wp-json\/wp\/v2\/product\/11927","targetHints":{"allow":["GET"]}}],"collection":[{"href":"https:\/\/algavenice.com\/es\/wp-json\/wp\/v2\/product"}],"about":[{"href":"https:\/\/algavenice.com\/es\/wp-json\/wp\/v2\/types\/product"}],"replies":[{"embeddable":true,"href":"https:\/\/algavenice.com\/es\/wp-json\/wp\/v2\/comments?post=11927"}],"wp:featuredmedia":[{"embeddable":true,"href":"https:\/\/algavenice.com\/es\/wp-json\/wp\/v2\/media\/11928"}],"wp:attachment":[{"href":"https:\/\/algavenice.com\/es\/wp-json\/wp\/v2\/media?parent=11927"}],"wp:term":[{"taxonomy":"product_cat","embeddable":true,"href":"https:\/\/algavenice.com\/es\/wp-json\/wp\/v2\/product_cat?post=11927"},{"taxonomy":"product_tag","embeddable":true,"href":"https:\/\/algavenice.com\/es\/wp-json\/wp\/v2\/product_tag?post=11927"}],"curies":[{"name":"wp","href":"https:\/\/api.w.org\/{rel}","templated":true}]}}