{"id":11931,"date":"2021-07-12T16:40:27","date_gmt":"2023-03-19T15:36:47","guid":{"rendered":"https:\/\/algavenice.com\/prodotto\/suplemento-de-espirulina-con-acerola\/"},"modified":"2023-03-19T16:36:47","modified_gmt":"2023-03-19T15:36:47","slug":"spirulina-con-acerola","status":"publish","type":"product","link":"https:\/\/algavenice.com\/es\/producto\/spirulina-con-acerola\/","title":{"rendered":"Suplemento de espirulina con acerola"},"content":{"rendered":"<p>El<strong>suplemento de espirulina<\/strong> con acerola fue creado para proporcionar al organismo energ\u00eda instant\u00e1nea. Los dos componentes del suplemento son perfectos para darte el impulso adecuado para un d\u00eda completo.<\/p>\n<p>As\u00ed pues, tenemos, por un lado, el<strong>alga espirulina<\/strong>, que es \u00fatil para restaurar y sostener el organismo. Mientras que la presencia de<strong>acerola<\/strong>, rica en <strong>vitamina C<\/strong>, es importante para las defensas naturales del organismo.<\/p>\n<h3>Suplemento de espirulina<\/h3>\n<p>Ahora es bien sabido que el alga espirulina platensis es un superalimento rico en nutrientes valiosos para el bienestar de todo el organismo humano y es:<\/p>\n<ul>\n<li><strong>vigorizante y energizante<\/strong>. Con sus prote\u00ednas vegetales listas para el consumo y sus vitaminas A, B, C y K, la espirulina es un valioso est\u00edmulo energ\u00e9tico para el organismo. La presencia de cobre, hierro y vitaminas del grupo B ayuda a fortalecer el cabello quebradizo y las u\u00f1as debilitadas.<\/li>\n<li><strong>antioxidante<\/strong>. La presencia de ficocianina y betacaroteno ayuda a ralentizar el envejecimiento celular y es un potente antioxidante contra los radicales libres.<\/li>\n<li><strong>purificante y desintoxicante<\/strong>. La clorofila de la espirulina ayuda a depurar el organismo y las propias algas ayudan a limpiarnos de metales pesados.<\/li>\n<li>beneficioso para el sistema <strong>inmunitario<\/strong>. Los \u00e1cidos grasos Omega 3 y Omega 6 de la espirulina son poderosos aliados de nuestro sistema inmunitario y ayudan a mantener el colesterol bajo control.<\/li>\n<\/ul>\n<h3>Suplemento de acerola<\/h3>\n<p>La acerola es una fruta amarga famosa por su alto poder antioxidante. Ayuda a combatir el envejecimiento protegiendo la piel y los tejidos. Regula la glucemia y, en consecuencia, evita el estr\u00e9s oxidativo del sistema cardiovascular. Pero sus beneficios no acaban ah\u00ed.<\/p>\n<p>La acerola ayuda a reforzar el sistema inmunitario porque tiene 50 veces m\u00e1s \u00e1cido asc\u00f3rbico que una naranja. El alto contenido en bioflavonoides ayuda a mantener y mejorar las funciones cognitivas. Adem\u00e1s, la vitamina A presente en la acerola ayuda a proteger la vista.<\/p>\n<p>&nbsp;<\/p>\n<p>Experimenta el poder de dos \u00absuperalimentos\u00bb y \u00a1no renuncies a los d\u00edas llenos de energ\u00eda!<\/p>\n","protected":false},"excerpt":{"rendered":"<p>El<strong>suplemento de espirulina con acerola <\/strong>fue creado para proporcionar al organismo energ\u00eda instant\u00e1nea. Los dos componentes del suplemento son perfectos para darte el impulso adecuado para un d\u00eda completo.<\/p>\n<p>Tarro conteniendo 45 comprimidos de 1g de Spirulina <em>Arthrospira Platensis<\/em> y <em>Acerola<\/em>. El peso neto total del paquete es de 45 g.<\/p>\n<p>La espirulina con acerola es un complemento alimenticio autorizado con el c\u00f3digo 138448.<\/p>\n","protected":false},"featured_media":12985,"comment_status":"closed","ping_status":"closed","template":"","meta":{"_acf_changed":false},"product_cat":[421,423,426],"product_tag":[],"class_list":{"0":"post-11931","1":"product","2":"type-product","3":"status-publish","4":"has-post-thumbnail","6":"product_brand-algavenice-by-agricola-serenissima-s-r-l","7":"product_cat-suplementos-a-base-de-espirulina","8":"product_cat-espirulina-recomendada-para-ti","9":"product_cat-la-espirulina-mas-vendida","11":"first","12":"instock","13":"taxable","14":"shipping-taxable","15":"purchasable","16":"product-type-simple"},"acf":[],"yoast_head":"<!-- This site is optimized with the Yoast SEO plugin v27.3 - https:\/\/yoast.com\/product\/yoast-seo-wordpress\/ -->\n<title>Suplemento de espirulina con acerola In Vendita Online | AlgaVenice<\/title>\n<meta name=\"description\" content=\"\u00bfSabe por qu\u00e9 decidimos crear el suplemento de espirulina con acerola? Para dotar a tu cuerpo de superpoderes. Haga clic para obtener m\u00e1s informaci\u00f3n.\" \/>\n<meta name=\"robots\" content=\"index, follow, max-snippet:-1, max-image-preview:large, max-video-preview:-1\" \/>\n<link rel=\"canonical\" href=\"https:\/\/algavenice.com\/es\/producto\/spirulina-con-acerola\/\" \/>\n<meta property=\"og:locale\" content=\"es_ES\" \/>\n<meta property=\"og:type\" content=\"article\" \/>\n<meta property=\"og:title\" content=\"Suplemento de espirulina con acerola In Vendita Online | AlgaVenice\" \/>\n<meta property=\"og:description\" content=\"\u00bfSabe por qu\u00e9 decidimos crear el suplemento de espirulina con acerola? Para dotar a tu cuerpo de superpoderes. Haga clic para obtener m\u00e1s informaci\u00f3n.\" \/>\n<meta property=\"og:url\" content=\"https:\/\/algavenice.com\/es\/producto\/spirulina-con-acerola\/\" \/>\n<meta property=\"og:site_name\" content=\"AlgaVenice\" \/>\n<meta property=\"article:publisher\" content=\"https:\/\/www.facebook.com\/algavenice.it\" \/>\n<meta property=\"og:image\" content=\"https:\/\/algavenice.com\/wp-content\/uploads\/2021\/07\/SPIRULINA_mockup.png\" \/>\n\t<meta property=\"og:image:width\" content=\"1772\" \/>\n\t<meta property=\"og:image:height\" content=\"1498\" \/>\n\t<meta property=\"og:image:type\" content=\"image\/png\" \/>\n<meta name=\"twitter:card\" content=\"summary_large_image\" \/>\n<meta name=\"twitter:label1\" content=\"Tiempo de lectura\" \/>\n\t<meta name=\"twitter:data1\" content=\"2 minutos\" \/>\n<script type=\"application\/ld+json\" class=\"yoast-schema-graph\">{\"@context\":\"https:\\\/\\\/schema.org\",\"@graph\":[{\"@type\":\"WebPage\",\"@id\":\"https:\\\/\\\/algavenice.com\\\/es\\\/producto\\\/spirulina-con-acerola\\\/\",\"url\":\"https:\\\/\\\/algavenice.com\\\/es\\\/producto\\\/spirulina-con-acerola\\\/\",\"name\":\"Suplemento de espirulina con acerola In Vendita Online | AlgaVenice\",\"isPartOf\":{\"@id\":\"https:\\\/\\\/algavenice.com\\\/es\\\/#website\"},\"primaryImageOfPage\":{\"@id\":\"https:\\\/\\\/algavenice.com\\\/es\\\/producto\\\/spirulina-con-acerola\\\/#primaryimage\"},\"image\":{\"@id\":\"https:\\\/\\\/algavenice.com\\\/es\\\/producto\\\/spirulina-con-acerola\\\/#primaryimage\"},\"thumbnailUrl\":\"https:\\\/\\\/algavenice.com\\\/wp-content\\\/uploads\\\/2021\\\/07\\\/SPIRULINA_mockup.png\",\"datePublished\":\"2023-03-19T15:36:47+00:00\",\"description\":\"\u00bfSabe por qu\u00e9 decidimos crear el suplemento de espirulina con acerola? Para dotar a tu cuerpo de superpoderes. Haga clic para obtener m\u00e1s informaci\u00f3n.\",\"breadcrumb\":{\"@id\":\"https:\\\/\\\/algavenice.com\\\/es\\\/producto\\\/spirulina-con-acerola\\\/#breadcrumb\"},\"inLanguage\":\"es\",\"potentialAction\":[{\"@type\":\"ReadAction\",\"target\":[\"https:\\\/\\\/algavenice.com\\\/es\\\/producto\\\/spirulina-con-acerola\\\/\"]}]},{\"@type\":\"ImageObject\",\"inLanguage\":\"es\",\"@id\":\"https:\\\/\\\/algavenice.com\\\/es\\\/producto\\\/spirulina-con-acerola\\\/#primaryimage\",\"url\":\"https:\\\/\\\/algavenice.com\\\/wp-content\\\/uploads\\\/2021\\\/07\\\/SPIRULINA_mockup.png\",\"contentUrl\":\"https:\\\/\\\/algavenice.com\\\/wp-content\\\/uploads\\\/2021\\\/07\\\/SPIRULINA_mockup.png\",\"width\":1772,\"height\":1498},{\"@type\":\"BreadcrumbList\",\"@id\":\"https:\\\/\\\/algavenice.com\\\/es\\\/producto\\\/spirulina-con-acerola\\\/#breadcrumb\",\"itemListElement\":[{\"@type\":\"ListItem\",\"position\":1,\"name\":\"Home\",\"item\":\"https:\\\/\\\/algavenice.com\\\/es\\\/\"},{\"@type\":\"ListItem\",\"position\":2,\"name\":\"Tienda ecol\u00f3gica\",\"item\":\"https:\\\/\\\/algavenice.com\\\/negozio-bio\\\/\"},{\"@type\":\"ListItem\",\"position\":3,\"name\":\"Suplemento de espirulina con acerola\"}]},{\"@type\":\"WebSite\",\"@id\":\"https:\\\/\\\/algavenice.com\\\/es\\\/#website\",\"url\":\"https:\\\/\\\/algavenice.com\\\/es\\\/\",\"name\":\"AlgaVenice - Spirulina 100% pura, italiana e biologica\",\"description\":\"Vendita Spirulina di Alta Qualit\u00e0 Online\",\"publisher\":{\"@id\":\"https:\\\/\\\/algavenice.com\\\/es\\\/#organization\"},\"alternateName\":\"Vendita online Spirulina di alta qualit\u00e0\",\"potentialAction\":[{\"@type\":\"SearchAction\",\"target\":{\"@type\":\"EntryPoint\",\"urlTemplate\":\"https:\\\/\\\/algavenice.com\\\/es\\\/?s={search_term_string}\"},\"query-input\":{\"@type\":\"PropertyValueSpecification\",\"valueRequired\":true,\"valueName\":\"search_term_string\"}}],\"inLanguage\":\"es\"},{\"@type\":\"Organization\",\"@id\":\"https:\\\/\\\/algavenice.com\\\/es\\\/#organization\",\"name\":\"Societ\u00e0 Agricola Serenissima S.r.l.\",\"alternateName\":\"AlgaVenice\",\"url\":\"https:\\\/\\\/algavenice.com\\\/es\\\/\",\"logo\":{\"@type\":\"ImageObject\",\"inLanguage\":\"es\",\"@id\":\"https:\\\/\\\/algavenice.com\\\/es\\\/#\\\/schema\\\/logo\\\/image\\\/\",\"url\":\"https:\\\/\\\/algavenice.com\\\/wp-content\\\/uploads\\\/2023\\\/03\\\/algavenice_logo_dati_strutturati.jpg\",\"contentUrl\":\"https:\\\/\\\/algavenice.com\\\/wp-content\\\/uploads\\\/2023\\\/03\\\/algavenice_logo_dati_strutturati.jpg\",\"width\":696,\"height\":696,\"caption\":\"Societ\u00e0 Agricola Serenissima S.r.l.\"},\"image\":{\"@id\":\"https:\\\/\\\/algavenice.com\\\/es\\\/#\\\/schema\\\/logo\\\/image\\\/\"},\"sameAs\":[\"https:\\\/\\\/www.facebook.com\\\/algavenice.it\",\"https:\\\/\\\/www.instagram.com\\\/algavenice_spirulina\\\/\",\"https:\\\/\\\/www.youtube.com\\\/channel\\\/UCcgMDdoknspeIM22pqn7Qiw\"]}]}<\/script>\n<!-- \/ Yoast SEO plugin. -->","yoast_head_json":{"title":"Suplemento de espirulina con acerola In Vendita Online | AlgaVenice","description":"\u00bfSabe por qu\u00e9 decidimos crear el suplemento de espirulina con acerola? Para dotar a tu cuerpo de superpoderes. Haga clic para obtener m\u00e1s informaci\u00f3n.","robots":{"index":"index","follow":"follow","max-snippet":"max-snippet:-1","max-image-preview":"max-image-preview:large","max-video-preview":"max-video-preview:-1"},"canonical":"https:\/\/algavenice.com\/es\/producto\/spirulina-con-acerola\/","og_locale":"es_ES","og_type":"article","og_title":"Suplemento de espirulina con acerola In Vendita Online | AlgaVenice","og_description":"\u00bfSabe por qu\u00e9 decidimos crear el suplemento de espirulina con acerola? Para dotar a tu cuerpo de superpoderes. Haga clic para obtener m\u00e1s informaci\u00f3n.","og_url":"https:\/\/algavenice.com\/es\/producto\/spirulina-con-acerola\/","og_site_name":"AlgaVenice","article_publisher":"https:\/\/www.facebook.com\/algavenice.it","og_image":[{"width":1772,"height":1498,"url":"https:\/\/algavenice.com\/wp-content\/uploads\/2021\/07\/SPIRULINA_mockup.png","type":"image\/png"}],"twitter_card":"summary_large_image","twitter_misc":{"Tiempo de lectura":"2 minutos"},"schema":{"@context":"https:\/\/schema.org","@graph":[{"@type":"WebPage","@id":"https:\/\/algavenice.com\/es\/producto\/spirulina-con-acerola\/","url":"https:\/\/algavenice.com\/es\/producto\/spirulina-con-acerola\/","name":"Suplemento de espirulina con acerola In Vendita Online | AlgaVenice","isPartOf":{"@id":"https:\/\/algavenice.com\/es\/#website"},"primaryImageOfPage":{"@id":"https:\/\/algavenice.com\/es\/producto\/spirulina-con-acerola\/#primaryimage"},"image":{"@id":"https:\/\/algavenice.com\/es\/producto\/spirulina-con-acerola\/#primaryimage"},"thumbnailUrl":"https:\/\/algavenice.com\/wp-content\/uploads\/2021\/07\/SPIRULINA_mockup.png","datePublished":"2023-03-19T15:36:47+00:00","description":"\u00bfSabe por qu\u00e9 decidimos crear el suplemento de espirulina con acerola? Para dotar a tu cuerpo de superpoderes. Haga clic para obtener m\u00e1s informaci\u00f3n.","breadcrumb":{"@id":"https:\/\/algavenice.com\/es\/producto\/spirulina-con-acerola\/#breadcrumb"},"inLanguage":"es","potentialAction":[{"@type":"ReadAction","target":["https:\/\/algavenice.com\/es\/producto\/spirulina-con-acerola\/"]}]},{"@type":"ImageObject","inLanguage":"es","@id":"https:\/\/algavenice.com\/es\/producto\/spirulina-con-acerola\/#primaryimage","url":"https:\/\/algavenice.com\/wp-content\/uploads\/2021\/07\/SPIRULINA_mockup.png","contentUrl":"https:\/\/algavenice.com\/wp-content\/uploads\/2021\/07\/SPIRULINA_mockup.png","width":1772,"height":1498},{"@type":"BreadcrumbList","@id":"https:\/\/algavenice.com\/es\/producto\/spirulina-con-acerola\/#breadcrumb","itemListElement":[{"@type":"ListItem","position":1,"name":"Home","item":"https:\/\/algavenice.com\/es\/"},{"@type":"ListItem","position":2,"name":"Tienda ecol\u00f3gica","item":"https:\/\/algavenice.com\/negozio-bio\/"},{"@type":"ListItem","position":3,"name":"Suplemento de espirulina con acerola"}]},{"@type":"WebSite","@id":"https:\/\/algavenice.com\/es\/#website","url":"https:\/\/algavenice.com\/es\/","name":"AlgaVenice - Spirulina 100% pura, italiana e biologica","description":"Vendita Spirulina di Alta Qualit\u00e0 Online","publisher":{"@id":"https:\/\/algavenice.com\/es\/#organization"},"alternateName":"Vendita online Spirulina di alta qualit\u00e0","potentialAction":[{"@type":"SearchAction","target":{"@type":"EntryPoint","urlTemplate":"https:\/\/algavenice.com\/es\/?s={search_term_string}"},"query-input":{"@type":"PropertyValueSpecification","valueRequired":true,"valueName":"search_term_string"}}],"inLanguage":"es"},{"@type":"Organization","@id":"https:\/\/algavenice.com\/es\/#organization","name":"Societ\u00e0 Agricola Serenissima S.r.l.","alternateName":"AlgaVenice","url":"https:\/\/algavenice.com\/es\/","logo":{"@type":"ImageObject","inLanguage":"es","@id":"https:\/\/algavenice.com\/es\/#\/schema\/logo\/image\/","url":"https:\/\/algavenice.com\/wp-content\/uploads\/2023\/03\/algavenice_logo_dati_strutturati.jpg","contentUrl":"https:\/\/algavenice.com\/wp-content\/uploads\/2023\/03\/algavenice_logo_dati_strutturati.jpg","width":696,"height":696,"caption":"Societ\u00e0 Agricola Serenissima S.r.l."},"image":{"@id":"https:\/\/algavenice.com\/es\/#\/schema\/logo\/image\/"},"sameAs":["https:\/\/www.facebook.com\/algavenice.it","https:\/\/www.instagram.com\/algavenice_spirulina\/","https:\/\/www.youtube.com\/channel\/UCcgMDdoknspeIM22pqn7Qiw"]}]}},"_links":{"self":[{"href":"https:\/\/algavenice.com\/es\/wp-json\/wp\/v2\/product\/11931","targetHints":{"allow":["GET"]}}],"collection":[{"href":"https:\/\/algavenice.com\/es\/wp-json\/wp\/v2\/product"}],"about":[{"href":"https:\/\/algavenice.com\/es\/wp-json\/wp\/v2\/types\/product"}],"replies":[{"embeddable":true,"href":"https:\/\/algavenice.com\/es\/wp-json\/wp\/v2\/comments?post=11931"}],"wp:featuredmedia":[{"embeddable":true,"href":"https:\/\/algavenice.com\/es\/wp-json\/wp\/v2\/media\/12985"}],"wp:attachment":[{"href":"https:\/\/algavenice.com\/es\/wp-json\/wp\/v2\/media?parent=11931"}],"wp:term":[{"taxonomy":"product_cat","embeddable":true,"href":"https:\/\/algavenice.com\/es\/wp-json\/wp\/v2\/product_cat?post=11931"},{"taxonomy":"product_tag","embeddable":true,"href":"https:\/\/algavenice.com\/es\/wp-json\/wp\/v2\/product_tag?post=11931"}],"curies":[{"name":"wp","href":"https:\/\/api.w.org\/{rel}","templated":true}]}}