{"id":11934,"date":"2021-07-12T17:03:33","date_gmt":"2023-03-19T15:37:39","guid":{"rendered":"https:\/\/algavenice.com\/prodotto\/complemento-alimenticio-de-accion-reconstituyente\/"},"modified":"2023-04-24T13:29:48","modified_gmt":"2023-04-24T11:29:48","slug":"accion-reposicion-integrador","status":"publish","type":"product","link":"https:\/\/algavenice.com\/es\/producto\/accion-reposicion-integrador\/","title":{"rendered":"Complemento alimenticio de acci\u00f3n reconstituyente"},"content":{"rendered":"<p><strong>Los complementos alimenticios<\/strong> de AlgaVenice est\u00e1n dise\u00f1ados para proporcionar a su organismo el m\u00e1ximo apoyo. En particular, los comprimidos \u00abAcci\u00f3n reparadora\u00bb son ideales en condiciones de estr\u00e9s psicof\u00edsico. \u00bfTe preguntas por qu\u00e9? La respuesta est\u00e1 en la composici\u00f3n de este suplemento. Observa:<\/p>\n<ul>\n<li><strong>alga espirulina<\/strong>, \u00fatil para una acci\u00f3n reconstituyente y de apoyo;<\/li>\n<li>El <strong>escaramujo<\/strong> cuyo extracto seco est\u00e1 titulado al 70% en vitamina C (\u00e1cido L-asc\u00f3rbico) favorece la absorci\u00f3n del hierro;<\/li>\n<li>El <strong>hierro<\/strong>, junto con la <strong>vitamina B12<\/strong> y el<strong>\u00e1cido f\u00f3lico<\/strong>, contribuye a reducir el cansancio y la fatiga;<\/li>\n<li><strong>Las vitaminas B2-B6<\/strong> contribuyen activamente al metabolismo energ\u00e9tico normal;<\/li>\n<li><strong>El eleuterococo<\/strong> ejerce una acci\u00f3n t\u00f3nico-adapt\u00f3gena y favorece las defensas inmunitarias del organismo;<\/li>\n<li><strong>\u00e1cido pantot\u00e9nico<\/strong> para reducir la fatiga.<\/li>\n<\/ul>\n<h2>Complementos alimenticios naturales<\/h2>\n<p>El suplemento \u00abAcci\u00f3n reparadora\u00bb, gracias a su composici\u00f3n, act\u00faa activamente en la <strong>reducci\u00f3n de la<\/strong><strong>fatiga mental y f\u00edsica<\/strong>.<\/p>\n<p>Hemos optado por utilizar la palabra \u00abRECONSTRUCTIVO\u00bb para indicar una preparaci\u00f3n del organismo para una mejora de la salud. De hecho, tomar el suplemento \u00abAcci\u00f3n reparadora\u00bb contribuye al <strong>restablecimiento funcional<\/strong> del organismo en casos de:<\/p>\n<ul>\n<li>deterioro;<\/li>\n<li>convalecencia;<\/li>\n<li>prevenir las consecuencias del exceso de trabajo f\u00edsico o psicol\u00f3gico.<\/li>\n<\/ul>\n<h2>Acci\u00f3n reparadora Indicaciones<\/h2>\n<p>Se recomienda tomar 2 comprimidos al d\u00eda, preferentemente por la ma\u00f1ana, durante el desayuno o la comida, con un gran vaso de agua. Se recomienda no superar la dosis diaria indicada.<\/p>\n<p>El producto debe almacenarse bien cerrado en un lugar seco y fresco, alejado de fuentes de calor y de la luz solar directa. La validez del envase sin abrir es de 36 meses.<\/p>\n<p>Recuerde mantener el envase fuera del alcance de los ni\u00f1os menores de 3 a\u00f1os. <strong>Los complementos alimenticios de AlgaVenice<\/strong> no deben entenderse como sustitutos de una dieta equilibrada ni de un estilo de vida saludable.<\/p>\n<p>Para el uso del producto durante el embarazo, la lactancia y en ni\u00f1os, se recomienda consultar siempre al m\u00e9dico.<\/p>\n<p>&nbsp;<\/p>\n<p>\u00a1Descubre todos los <strong>complementos alimenticios<\/strong> de AlgaVenice y elige el que m\u00e1s necesites en este momento!<\/p>\n","protected":false},"excerpt":{"rendered":"<p>Gracias a su composici\u00f3n, el<strong>complemento \u00abacci\u00f3n reparadora<\/strong> \u00bb act\u00faa activamente en la reducci\u00f3n de la fatiga mental y f\u00edsica. Los comprimidos son ideales en condiciones de estr\u00e9s y tienen la capacidad de dar un impulso extra al d\u00eda y en el deporte.<\/p>\n<p>Envase de 30 comprimidos de 1 g. Peso neto 30 g.<br \/>\nRestorative Action es un complemento alimenticio autorizado con el c\u00f3digo 138510.<\/p>\n","protected":false},"featured_media":12990,"comment_status":"closed","ping_status":"closed","template":"","meta":{"_acf_changed":false},"product_cat":[421,423,426],"product_tag":[],"class_list":{"0":"post-11934","1":"product","2":"type-product","3":"status-publish","4":"has-post-thumbnail","6":"product_brand-algavenice-by-agricola-serenissima-s-r-l","7":"product_cat-suplementos-a-base-de-espirulina","8":"product_cat-espirulina-recomendada-para-ti","9":"product_cat-la-espirulina-mas-vendida","11":"first","12":"instock","13":"taxable","14":"shipping-taxable","15":"purchasable","16":"product-type-simple"},"acf":[],"yoast_head":"<!-- This site is optimized with the Yoast SEO plugin v27.3 - https:\/\/yoast.com\/product\/yoast-seo-wordpress\/ -->\n<title>Complemento alimenticio de acci\u00f3n reconstituyente In Vendita Online | AlgaVenice<\/title>\n<meta name=\"description\" content=\"\u00bfQuiere aprovechar las ventajas de la espirulina y asegurarse un efecto reconstituyente? \u00a1Elija los complementos alimenticios AlgaVenice con minerales, vitaminas y espirulina!\" \/>\n<meta name=\"robots\" content=\"index, follow, max-snippet:-1, max-image-preview:large, max-video-preview:-1\" \/>\n<link rel=\"canonical\" href=\"https:\/\/algavenice.com\/es\/producto\/accion-reposicion-integrador\/\" \/>\n<meta property=\"og:locale\" content=\"es_ES\" \/>\n<meta property=\"og:type\" content=\"article\" \/>\n<meta property=\"og:title\" content=\"Complemento alimenticio de acci\u00f3n reconstituyente In Vendita Online | AlgaVenice\" \/>\n<meta property=\"og:description\" content=\"\u00bfQuiere aprovechar las ventajas de la espirulina y asegurarse un efecto reconstituyente? \u00a1Elija los complementos alimenticios AlgaVenice con minerales, vitaminas y espirulina!\" \/>\n<meta property=\"og:url\" content=\"https:\/\/algavenice.com\/es\/producto\/accion-reposicion-integrador\/\" \/>\n<meta property=\"og:site_name\" content=\"AlgaVenice\" \/>\n<meta property=\"article:publisher\" content=\"https:\/\/www.facebook.com\/algavenice.it\" \/>\n<meta property=\"article:modified_time\" content=\"2023-04-24T11:29:48+00:00\" \/>\n<meta property=\"og:image\" content=\"https:\/\/algavenice.com\/wp-content\/uploads\/2021\/07\/AZIONE-RICOSTITUENTE_mockup.jpg\" \/>\n\t<meta property=\"og:image:width\" content=\"1772\" \/>\n\t<meta property=\"og:image:height\" content=\"1498\" \/>\n\t<meta property=\"og:image:type\" content=\"image\/jpeg\" \/>\n<meta name=\"twitter:card\" content=\"summary_large_image\" \/>\n<meta name=\"twitter:label1\" content=\"Tiempo de lectura\" \/>\n\t<meta name=\"twitter:data1\" content=\"2 minutos\" \/>\n<script type=\"application\/ld+json\" class=\"yoast-schema-graph\">{\"@context\":\"https:\\\/\\\/schema.org\",\"@graph\":[{\"@type\":\"WebPage\",\"@id\":\"https:\\\/\\\/algavenice.com\\\/es\\\/producto\\\/accion-reposicion-integrador\\\/\",\"url\":\"https:\\\/\\\/algavenice.com\\\/es\\\/producto\\\/accion-reposicion-integrador\\\/\",\"name\":\"Complemento alimenticio de acci\u00f3n reconstituyente In Vendita Online | AlgaVenice\",\"isPartOf\":{\"@id\":\"https:\\\/\\\/algavenice.com\\\/es\\\/#website\"},\"primaryImageOfPage\":{\"@id\":\"https:\\\/\\\/algavenice.com\\\/es\\\/producto\\\/accion-reposicion-integrador\\\/#primaryimage\"},\"image\":{\"@id\":\"https:\\\/\\\/algavenice.com\\\/es\\\/producto\\\/accion-reposicion-integrador\\\/#primaryimage\"},\"thumbnailUrl\":\"https:\\\/\\\/algavenice.com\\\/wp-content\\\/uploads\\\/2021\\\/07\\\/AZIONE-RICOSTITUENTE_mockup.jpg\",\"datePublished\":\"2023-03-19T15:37:39+00:00\",\"dateModified\":\"2023-04-24T11:29:48+00:00\",\"description\":\"\u00bfQuiere aprovechar las ventajas de la espirulina y asegurarse un efecto reconstituyente? \u00a1Elija los complementos alimenticios AlgaVenice con minerales, vitaminas y espirulina!\",\"breadcrumb\":{\"@id\":\"https:\\\/\\\/algavenice.com\\\/es\\\/producto\\\/accion-reposicion-integrador\\\/#breadcrumb\"},\"inLanguage\":\"es\",\"potentialAction\":[{\"@type\":\"ReadAction\",\"target\":[\"https:\\\/\\\/algavenice.com\\\/es\\\/producto\\\/accion-reposicion-integrador\\\/\"]}]},{\"@type\":\"ImageObject\",\"inLanguage\":\"es\",\"@id\":\"https:\\\/\\\/algavenice.com\\\/es\\\/producto\\\/accion-reposicion-integrador\\\/#primaryimage\",\"url\":\"https:\\\/\\\/algavenice.com\\\/wp-content\\\/uploads\\\/2021\\\/07\\\/AZIONE-RICOSTITUENTE_mockup.jpg\",\"contentUrl\":\"https:\\\/\\\/algavenice.com\\\/wp-content\\\/uploads\\\/2021\\\/07\\\/AZIONE-RICOSTITUENTE_mockup.jpg\",\"width\":1772,\"height\":1498,\"caption\":\"Integratore Alimentare Azione Ricostituente\"},{\"@type\":\"BreadcrumbList\",\"@id\":\"https:\\\/\\\/algavenice.com\\\/es\\\/producto\\\/accion-reposicion-integrador\\\/#breadcrumb\",\"itemListElement\":[{\"@type\":\"ListItem\",\"position\":1,\"name\":\"Home\",\"item\":\"https:\\\/\\\/algavenice.com\\\/es\\\/\"},{\"@type\":\"ListItem\",\"position\":2,\"name\":\"Tienda ecol\u00f3gica\",\"item\":\"https:\\\/\\\/algavenice.com\\\/negozio-bio\\\/\"},{\"@type\":\"ListItem\",\"position\":3,\"name\":\"Complemento alimenticio de acci\u00f3n reconstituyente\"}]},{\"@type\":\"WebSite\",\"@id\":\"https:\\\/\\\/algavenice.com\\\/es\\\/#website\",\"url\":\"https:\\\/\\\/algavenice.com\\\/es\\\/\",\"name\":\"AlgaVenice - Spirulina 100% pura, italiana e biologica\",\"description\":\"Vendita Spirulina di Alta Qualit\u00e0 Online\",\"publisher\":{\"@id\":\"https:\\\/\\\/algavenice.com\\\/es\\\/#organization\"},\"alternateName\":\"Vendita online Spirulina di alta qualit\u00e0\",\"potentialAction\":[{\"@type\":\"SearchAction\",\"target\":{\"@type\":\"EntryPoint\",\"urlTemplate\":\"https:\\\/\\\/algavenice.com\\\/es\\\/?s={search_term_string}\"},\"query-input\":{\"@type\":\"PropertyValueSpecification\",\"valueRequired\":true,\"valueName\":\"search_term_string\"}}],\"inLanguage\":\"es\"},{\"@type\":\"Organization\",\"@id\":\"https:\\\/\\\/algavenice.com\\\/es\\\/#organization\",\"name\":\"Societ\u00e0 Agricola Serenissima S.r.l.\",\"alternateName\":\"AlgaVenice\",\"url\":\"https:\\\/\\\/algavenice.com\\\/es\\\/\",\"logo\":{\"@type\":\"ImageObject\",\"inLanguage\":\"es\",\"@id\":\"https:\\\/\\\/algavenice.com\\\/es\\\/#\\\/schema\\\/logo\\\/image\\\/\",\"url\":\"https:\\\/\\\/algavenice.com\\\/wp-content\\\/uploads\\\/2023\\\/03\\\/algavenice_logo_dati_strutturati.jpg\",\"contentUrl\":\"https:\\\/\\\/algavenice.com\\\/wp-content\\\/uploads\\\/2023\\\/03\\\/algavenice_logo_dati_strutturati.jpg\",\"width\":696,\"height\":696,\"caption\":\"Societ\u00e0 Agricola Serenissima S.r.l.\"},\"image\":{\"@id\":\"https:\\\/\\\/algavenice.com\\\/es\\\/#\\\/schema\\\/logo\\\/image\\\/\"},\"sameAs\":[\"https:\\\/\\\/www.facebook.com\\\/algavenice.it\",\"https:\\\/\\\/www.instagram.com\\\/algavenice_spirulina\\\/\",\"https:\\\/\\\/www.youtube.com\\\/channel\\\/UCcgMDdoknspeIM22pqn7Qiw\"]}]}<\/script>\n<!-- \/ Yoast SEO plugin. -->","yoast_head_json":{"title":"Complemento alimenticio de acci\u00f3n reconstituyente In Vendita Online | AlgaVenice","description":"\u00bfQuiere aprovechar las ventajas de la espirulina y asegurarse un efecto reconstituyente? \u00a1Elija los complementos alimenticios AlgaVenice con minerales, vitaminas y espirulina!","robots":{"index":"index","follow":"follow","max-snippet":"max-snippet:-1","max-image-preview":"max-image-preview:large","max-video-preview":"max-video-preview:-1"},"canonical":"https:\/\/algavenice.com\/es\/producto\/accion-reposicion-integrador\/","og_locale":"es_ES","og_type":"article","og_title":"Complemento alimenticio de acci\u00f3n reconstituyente In Vendita Online | AlgaVenice","og_description":"\u00bfQuiere aprovechar las ventajas de la espirulina y asegurarse un efecto reconstituyente? \u00a1Elija los complementos alimenticios AlgaVenice con minerales, vitaminas y espirulina!","og_url":"https:\/\/algavenice.com\/es\/producto\/accion-reposicion-integrador\/","og_site_name":"AlgaVenice","article_publisher":"https:\/\/www.facebook.com\/algavenice.it","article_modified_time":"2023-04-24T11:29:48+00:00","og_image":[{"width":1772,"height":1498,"url":"https:\/\/algavenice.com\/wp-content\/uploads\/2021\/07\/AZIONE-RICOSTITUENTE_mockup.jpg","type":"image\/jpeg"}],"twitter_card":"summary_large_image","twitter_misc":{"Tiempo de lectura":"2 minutos"},"schema":{"@context":"https:\/\/schema.org","@graph":[{"@type":"WebPage","@id":"https:\/\/algavenice.com\/es\/producto\/accion-reposicion-integrador\/","url":"https:\/\/algavenice.com\/es\/producto\/accion-reposicion-integrador\/","name":"Complemento alimenticio de acci\u00f3n reconstituyente In Vendita Online | AlgaVenice","isPartOf":{"@id":"https:\/\/algavenice.com\/es\/#website"},"primaryImageOfPage":{"@id":"https:\/\/algavenice.com\/es\/producto\/accion-reposicion-integrador\/#primaryimage"},"image":{"@id":"https:\/\/algavenice.com\/es\/producto\/accion-reposicion-integrador\/#primaryimage"},"thumbnailUrl":"https:\/\/algavenice.com\/wp-content\/uploads\/2021\/07\/AZIONE-RICOSTITUENTE_mockup.jpg","datePublished":"2023-03-19T15:37:39+00:00","dateModified":"2023-04-24T11:29:48+00:00","description":"\u00bfQuiere aprovechar las ventajas de la espirulina y asegurarse un efecto reconstituyente? \u00a1Elija los complementos alimenticios AlgaVenice con minerales, vitaminas y espirulina!","breadcrumb":{"@id":"https:\/\/algavenice.com\/es\/producto\/accion-reposicion-integrador\/#breadcrumb"},"inLanguage":"es","potentialAction":[{"@type":"ReadAction","target":["https:\/\/algavenice.com\/es\/producto\/accion-reposicion-integrador\/"]}]},{"@type":"ImageObject","inLanguage":"es","@id":"https:\/\/algavenice.com\/es\/producto\/accion-reposicion-integrador\/#primaryimage","url":"https:\/\/algavenice.com\/wp-content\/uploads\/2021\/07\/AZIONE-RICOSTITUENTE_mockup.jpg","contentUrl":"https:\/\/algavenice.com\/wp-content\/uploads\/2021\/07\/AZIONE-RICOSTITUENTE_mockup.jpg","width":1772,"height":1498,"caption":"Integratore Alimentare Azione Ricostituente"},{"@type":"BreadcrumbList","@id":"https:\/\/algavenice.com\/es\/producto\/accion-reposicion-integrador\/#breadcrumb","itemListElement":[{"@type":"ListItem","position":1,"name":"Home","item":"https:\/\/algavenice.com\/es\/"},{"@type":"ListItem","position":2,"name":"Tienda ecol\u00f3gica","item":"https:\/\/algavenice.com\/negozio-bio\/"},{"@type":"ListItem","position":3,"name":"Complemento alimenticio de acci\u00f3n reconstituyente"}]},{"@type":"WebSite","@id":"https:\/\/algavenice.com\/es\/#website","url":"https:\/\/algavenice.com\/es\/","name":"AlgaVenice - Spirulina 100% pura, italiana e biologica","description":"Vendita Spirulina di Alta Qualit\u00e0 Online","publisher":{"@id":"https:\/\/algavenice.com\/es\/#organization"},"alternateName":"Vendita online Spirulina di alta qualit\u00e0","potentialAction":[{"@type":"SearchAction","target":{"@type":"EntryPoint","urlTemplate":"https:\/\/algavenice.com\/es\/?s={search_term_string}"},"query-input":{"@type":"PropertyValueSpecification","valueRequired":true,"valueName":"search_term_string"}}],"inLanguage":"es"},{"@type":"Organization","@id":"https:\/\/algavenice.com\/es\/#organization","name":"Societ\u00e0 Agricola Serenissima S.r.l.","alternateName":"AlgaVenice","url":"https:\/\/algavenice.com\/es\/","logo":{"@type":"ImageObject","inLanguage":"es","@id":"https:\/\/algavenice.com\/es\/#\/schema\/logo\/image\/","url":"https:\/\/algavenice.com\/wp-content\/uploads\/2023\/03\/algavenice_logo_dati_strutturati.jpg","contentUrl":"https:\/\/algavenice.com\/wp-content\/uploads\/2023\/03\/algavenice_logo_dati_strutturati.jpg","width":696,"height":696,"caption":"Societ\u00e0 Agricola Serenissima S.r.l."},"image":{"@id":"https:\/\/algavenice.com\/es\/#\/schema\/logo\/image\/"},"sameAs":["https:\/\/www.facebook.com\/algavenice.it","https:\/\/www.instagram.com\/algavenice_spirulina\/","https:\/\/www.youtube.com\/channel\/UCcgMDdoknspeIM22pqn7Qiw"]}]}},"_links":{"self":[{"href":"https:\/\/algavenice.com\/es\/wp-json\/wp\/v2\/product\/11934","targetHints":{"allow":["GET"]}}],"collection":[{"href":"https:\/\/algavenice.com\/es\/wp-json\/wp\/v2\/product"}],"about":[{"href":"https:\/\/algavenice.com\/es\/wp-json\/wp\/v2\/types\/product"}],"replies":[{"embeddable":true,"href":"https:\/\/algavenice.com\/es\/wp-json\/wp\/v2\/comments?post=11934"}],"wp:featuredmedia":[{"embeddable":true,"href":"https:\/\/algavenice.com\/es\/wp-json\/wp\/v2\/media\/12990"}],"wp:attachment":[{"href":"https:\/\/algavenice.com\/es\/wp-json\/wp\/v2\/media?parent=11934"}],"wp:term":[{"taxonomy":"product_cat","embeddable":true,"href":"https:\/\/algavenice.com\/es\/wp-json\/wp\/v2\/product_cat?post=11934"},{"taxonomy":"product_tag","embeddable":true,"href":"https:\/\/algavenice.com\/es\/wp-json\/wp\/v2\/product_tag?post=11934"}],"curies":[{"name":"wp","href":"https:\/\/api.w.org\/{rel}","templated":true}]}}