{"id":11937,"date":"2021-07-12T17:33:25","date_gmt":"2023-03-19T15:38:31","guid":{"rendered":"https:\/\/algavenice.com\/prodotto\/complemento-alimenticio-de-espirulina-con-extractos-de-plantas-y-minerales\/"},"modified":"2023-03-19T16:38:31","modified_gmt":"2023-03-19T15:38:31","slug":"complemento-alimenticio","status":"publish","type":"product","link":"https:\/\/algavenice.com\/es\/producto\/complemento-alimenticio\/","title":{"rendered":"Complemento alimenticio de espirulina con extractos de plantas y minerales"},"content":{"rendered":"<p>GIOIE es un <strong>complemento alimenticio<\/strong> a base de extractos de plantas y minerales para:<\/p>\n<ul>\n<li>la recuperaci\u00f3n fisiol\u00f3gica de la concentraci\u00f3n;<\/li>\n<li>ayudan activamente en casos de fatiga y estr\u00e9s psicol\u00f3gico;<\/li>\n<li>act\u00faan positivamente ayudando a un efecto t\u00f3nico-adaptativo.<\/li>\n<\/ul>\n<p>No lo dejes todo al azar: refresca tu memoria y dale brillo a tus conexiones neuronales. \u00a1Elige estar bien con \u00abAlegr\u00eda\u00bb!<\/p>\n<h3>Complemento alimenticio Gioie<\/h3>\n<p>El dise\u00f1o del suplemento \u00abJoy\u00bb est\u00e1 estrechamente ligado al deseo de permitir que el organismo humano disponga de todos los nutrientes necesarios para hacer frente a los periodos de estr\u00e9s psicol\u00f3gico. Los ingredientes secretos de esta poci\u00f3n m\u00e1gica son damiana, maca, muira puama, ginseng, ginkgo, alga espirulina, zinc y selenio.<\/p>\n<p>Los t\u00f3nicos de <strong>damiana, maca, muira puama y ginseng<\/strong> son \u00fatiles para la fatiga f\u00edsica y mental y tambi\u00e9n act\u00faan como estimulantes neuromusculares.<\/p>\n<p><strong>El ginkgo<\/strong> est\u00e1 reconocido desde hace muchos a\u00f1os como antioxidante para la memoria y la funci\u00f3n cognitiva. Se utiliza para el tratamiento de: el deterioro mental, el tinnitus y el v\u00e9rtigo, la prevenci\u00f3n y el tratamiento de la aterosclerosis, la hipertensi\u00f3n arterial y la retinopat\u00eda. La acci\u00f3n antiflog\u00edstica de la planta se debe a los ginkg\u00f3lidos que contiene.<\/p>\n<p>Estudios cient\u00edficos han demostrado que la ginkgolida de tipo B puede inhibir las actividades del Factor Activador Plaquetario (PAF), que es un factor qu\u00edmico responsable de la inflamaci\u00f3n. <strong>Los ginkgoflavonoides<\/strong> son capaces de disminuir la permeabilidad vascular y aumentar la resistencia de los capilares sangu\u00edneos . Interact\u00faan con los radicales libres y combaten as\u00ed los da\u00f1os en las membranas celulares.<\/p>\n<p>El suplemento Gioie tambi\u00e9n tiene una acci\u00f3n de apoyo y reconstituyente debido a la presencia del<strong>alga Spirulina<\/strong>. En el post Propiedades del <a href=\"https:\/\/algavenice.com\/es\/las-propiedades-de-la-espirulina\/\">alga espirulina<\/a> puedes leer m\u00e1s sobre las caracter\u00edsticas de esta valiosa alga.<\/p>\n<p>Los dos \u00faltimos componentes del GIOIE son el <strong>zinc y el selenio<\/strong>. Ayudan a proteger las c\u00e9lulas del estr\u00e9s oxidativo. Sabemos que el zinc est\u00e1 contenido en ves\u00edculas sin\u00e1pticas espec\u00edficas de las neuronas y puede regular la elasticidad neuronal, actuar sobre la plasticidad sin\u00e1ptica y, por tanto, tambi\u00e9n sobre la funci\u00f3n de aprendizaje.<\/p>\n<p>El selenio es un antagonista del mercurio y otros metales potencialmente peligrosos para nuestro cerebro. Ayuda a contrarrestar el da\u00f1o oxidativo debido a la presencia de estos metales en el cerebro y los tejidos endocrinos.<\/p>\n","protected":false},"excerpt":{"rendered":"<p><strong>Suplemento alimenticio a base de espirulina<\/strong> que contiene extractos de plantas y minerales para una recuperaci\u00f3n fisiol\u00f3gica eficaz y \u00f3ptima.<\/p>\n<p>El suplemento GIOIE ayuda activamente en casos de fatiga y estr\u00e9s mental, adem\u00e1s de tener un efecto t\u00f3nico-adapt\u00f3geno positivo.<\/p>\n<p>Envase de 30 comprimidos de 1 g. Peso neto total 30 g.<br \/>\nGIOIE es un complemento alimenticio autorizado c\u00f3digo 138452<\/p>\n","protected":false},"featured_media":12994,"comment_status":"closed","ping_status":"closed","template":"","meta":{"_acf_changed":false},"product_cat":[421,423,426],"product_tag":[],"class_list":{"0":"post-11937","1":"product","2":"type-product","3":"status-publish","4":"has-post-thumbnail","6":"product_brand-algavenice-by-agricola-serenissima-s-r-l","7":"product_cat-suplementos-a-base-de-espirulina","8":"product_cat-espirulina-recomendada-para-ti","9":"product_cat-la-espirulina-mas-vendida","11":"first","12":"instock","13":"taxable","14":"shipping-taxable","15":"purchasable","16":"product-type-simple"},"acf":[],"yoast_head":"<!-- This site is optimized with the Yoast SEO plugin v27.3 - https:\/\/yoast.com\/product\/yoast-seo-wordpress\/ -->\n<title>Complemento alimenticio de espirulina con extractos de plantas y minerales In Vendita Online | AlgaVenice<\/title>\n<meta name=\"description\" content=\"Alta qualit\u00e0 Complemento alimenticio de espirulina con extractos de plantas y minerales in vendita su algavenice.com. Complemento alimenticio de espirulina con extractos de plantas y minerales in vendita online con spedizione veloce e sicura! Ordina adesso!\" \/>\n<meta name=\"robots\" content=\"index, follow, max-snippet:-1, max-image-preview:large, max-video-preview:-1\" \/>\n<link rel=\"canonical\" href=\"https:\/\/algavenice.com\/es\/producto\/complemento-alimenticio\/\" \/>\n<meta property=\"og:locale\" content=\"es_ES\" \/>\n<meta property=\"og:type\" content=\"article\" \/>\n<meta property=\"og:title\" content=\"Complemento alimenticio de espirulina con extractos de plantas y minerales In Vendita Online | AlgaVenice\" \/>\n<meta property=\"og:description\" content=\"Alta qualit\u00e0 Complemento alimenticio de espirulina con extractos de plantas y minerales in vendita su algavenice.com. Complemento alimenticio de espirulina con extractos de plantas y minerales in vendita online con spedizione veloce e sicura! Ordina adesso!\" \/>\n<meta property=\"og:url\" content=\"https:\/\/algavenice.com\/es\/producto\/complemento-alimenticio\/\" \/>\n<meta property=\"og:site_name\" content=\"AlgaVenice\" \/>\n<meta property=\"article:publisher\" content=\"https:\/\/www.facebook.com\/algavenice.it\" \/>\n<meta property=\"og:image\" content=\"https:\/\/algavenice.com\/wp-content\/uploads\/2021\/07\/GIOIE_mockup.png\" \/>\n\t<meta property=\"og:image:width\" content=\"1772\" \/>\n\t<meta property=\"og:image:height\" content=\"1498\" \/>\n\t<meta property=\"og:image:type\" content=\"image\/png\" \/>\n<meta name=\"twitter:card\" content=\"summary_large_image\" \/>\n<meta name=\"twitter:label1\" content=\"Tiempo de lectura\" \/>\n\t<meta name=\"twitter:data1\" content=\"2 minutos\" \/>\n<script type=\"application\/ld+json\" class=\"yoast-schema-graph\">{\"@context\":\"https:\\\/\\\/schema.org\",\"@graph\":[{\"@type\":\"WebPage\",\"@id\":\"https:\\\/\\\/algavenice.com\\\/es\\\/producto\\\/complemento-alimenticio\\\/\",\"url\":\"https:\\\/\\\/algavenice.com\\\/es\\\/producto\\\/complemento-alimenticio\\\/\",\"name\":\"Complemento alimenticio de espirulina con extractos de plantas y minerales In Vendita Online | AlgaVenice\",\"isPartOf\":{\"@id\":\"https:\\\/\\\/algavenice.com\\\/es\\\/#website\"},\"primaryImageOfPage\":{\"@id\":\"https:\\\/\\\/algavenice.com\\\/es\\\/producto\\\/complemento-alimenticio\\\/#primaryimage\"},\"image\":{\"@id\":\"https:\\\/\\\/algavenice.com\\\/es\\\/producto\\\/complemento-alimenticio\\\/#primaryimage\"},\"thumbnailUrl\":\"https:\\\/\\\/algavenice.com\\\/wp-content\\\/uploads\\\/2021\\\/07\\\/GIOIE_mockup.png\",\"datePublished\":\"2023-03-19T15:38:31+00:00\",\"description\":\"Alta qualit\u00e0 Complemento alimenticio de espirulina con extractos de plantas y minerales in vendita su algavenice.com. Complemento alimenticio de espirulina con extractos de plantas y minerales in vendita online con spedizione veloce e sicura! Ordina adesso!\",\"breadcrumb\":{\"@id\":\"https:\\\/\\\/algavenice.com\\\/es\\\/producto\\\/complemento-alimenticio\\\/#breadcrumb\"},\"inLanguage\":\"es\",\"potentialAction\":[{\"@type\":\"ReadAction\",\"target\":[\"https:\\\/\\\/algavenice.com\\\/es\\\/producto\\\/complemento-alimenticio\\\/\"]}]},{\"@type\":\"ImageObject\",\"inLanguage\":\"es\",\"@id\":\"https:\\\/\\\/algavenice.com\\\/es\\\/producto\\\/complemento-alimenticio\\\/#primaryimage\",\"url\":\"https:\\\/\\\/algavenice.com\\\/wp-content\\\/uploads\\\/2021\\\/07\\\/GIOIE_mockup.png\",\"contentUrl\":\"https:\\\/\\\/algavenice.com\\\/wp-content\\\/uploads\\\/2021\\\/07\\\/GIOIE_mockup.png\",\"width\":1772,\"height\":1498},{\"@type\":\"BreadcrumbList\",\"@id\":\"https:\\\/\\\/algavenice.com\\\/es\\\/producto\\\/complemento-alimenticio\\\/#breadcrumb\",\"itemListElement\":[{\"@type\":\"ListItem\",\"position\":1,\"name\":\"Home\",\"item\":\"https:\\\/\\\/algavenice.com\\\/es\\\/\"},{\"@type\":\"ListItem\",\"position\":2,\"name\":\"Tienda ecol\u00f3gica\",\"item\":\"https:\\\/\\\/algavenice.com\\\/negozio-bio\\\/\"},{\"@type\":\"ListItem\",\"position\":3,\"name\":\"Complemento alimenticio de espirulina con extractos de plantas y minerales\"}]},{\"@type\":\"WebSite\",\"@id\":\"https:\\\/\\\/algavenice.com\\\/es\\\/#website\",\"url\":\"https:\\\/\\\/algavenice.com\\\/es\\\/\",\"name\":\"AlgaVenice - Spirulina 100% pura, italiana e biologica\",\"description\":\"Vendita Spirulina di Alta Qualit\u00e0 Online\",\"publisher\":{\"@id\":\"https:\\\/\\\/algavenice.com\\\/es\\\/#organization\"},\"alternateName\":\"Vendita online Spirulina di alta qualit\u00e0\",\"potentialAction\":[{\"@type\":\"SearchAction\",\"target\":{\"@type\":\"EntryPoint\",\"urlTemplate\":\"https:\\\/\\\/algavenice.com\\\/es\\\/?s={search_term_string}\"},\"query-input\":{\"@type\":\"PropertyValueSpecification\",\"valueRequired\":true,\"valueName\":\"search_term_string\"}}],\"inLanguage\":\"es\"},{\"@type\":\"Organization\",\"@id\":\"https:\\\/\\\/algavenice.com\\\/es\\\/#organization\",\"name\":\"Societ\u00e0 Agricola Serenissima S.r.l.\",\"alternateName\":\"AlgaVenice\",\"url\":\"https:\\\/\\\/algavenice.com\\\/es\\\/\",\"logo\":{\"@type\":\"ImageObject\",\"inLanguage\":\"es\",\"@id\":\"https:\\\/\\\/algavenice.com\\\/es\\\/#\\\/schema\\\/logo\\\/image\\\/\",\"url\":\"https:\\\/\\\/algavenice.com\\\/wp-content\\\/uploads\\\/2023\\\/03\\\/algavenice_logo_dati_strutturati.jpg\",\"contentUrl\":\"https:\\\/\\\/algavenice.com\\\/wp-content\\\/uploads\\\/2023\\\/03\\\/algavenice_logo_dati_strutturati.jpg\",\"width\":696,\"height\":696,\"caption\":\"Societ\u00e0 Agricola Serenissima S.r.l.\"},\"image\":{\"@id\":\"https:\\\/\\\/algavenice.com\\\/es\\\/#\\\/schema\\\/logo\\\/image\\\/\"},\"sameAs\":[\"https:\\\/\\\/www.facebook.com\\\/algavenice.it\",\"https:\\\/\\\/www.instagram.com\\\/algavenice_spirulina\\\/\",\"https:\\\/\\\/www.youtube.com\\\/channel\\\/UCcgMDdoknspeIM22pqn7Qiw\"]}]}<\/script>\n<!-- \/ Yoast SEO plugin. -->","yoast_head_json":{"title":"Complemento alimenticio de espirulina con extractos de plantas y minerales In Vendita Online | AlgaVenice","description":"Alta qualit\u00e0 Complemento alimenticio de espirulina con extractos de plantas y minerales in vendita su algavenice.com. Complemento alimenticio de espirulina con extractos de plantas y minerales in vendita online con spedizione veloce e sicura! Ordina adesso!","robots":{"index":"index","follow":"follow","max-snippet":"max-snippet:-1","max-image-preview":"max-image-preview:large","max-video-preview":"max-video-preview:-1"},"canonical":"https:\/\/algavenice.com\/es\/producto\/complemento-alimenticio\/","og_locale":"es_ES","og_type":"article","og_title":"Complemento alimenticio de espirulina con extractos de plantas y minerales In Vendita Online | AlgaVenice","og_description":"Alta qualit\u00e0 Complemento alimenticio de espirulina con extractos de plantas y minerales in vendita su algavenice.com. Complemento alimenticio de espirulina con extractos de plantas y minerales in vendita online con spedizione veloce e sicura! Ordina adesso!","og_url":"https:\/\/algavenice.com\/es\/producto\/complemento-alimenticio\/","og_site_name":"AlgaVenice","article_publisher":"https:\/\/www.facebook.com\/algavenice.it","og_image":[{"width":1772,"height":1498,"url":"https:\/\/algavenice.com\/wp-content\/uploads\/2021\/07\/GIOIE_mockup.png","type":"image\/png"}],"twitter_card":"summary_large_image","twitter_misc":{"Tiempo de lectura":"2 minutos"},"schema":{"@context":"https:\/\/schema.org","@graph":[{"@type":"WebPage","@id":"https:\/\/algavenice.com\/es\/producto\/complemento-alimenticio\/","url":"https:\/\/algavenice.com\/es\/producto\/complemento-alimenticio\/","name":"Complemento alimenticio de espirulina con extractos de plantas y minerales In Vendita Online | AlgaVenice","isPartOf":{"@id":"https:\/\/algavenice.com\/es\/#website"},"primaryImageOfPage":{"@id":"https:\/\/algavenice.com\/es\/producto\/complemento-alimenticio\/#primaryimage"},"image":{"@id":"https:\/\/algavenice.com\/es\/producto\/complemento-alimenticio\/#primaryimage"},"thumbnailUrl":"https:\/\/algavenice.com\/wp-content\/uploads\/2021\/07\/GIOIE_mockup.png","datePublished":"2023-03-19T15:38:31+00:00","description":"Alta qualit\u00e0 Complemento alimenticio de espirulina con extractos de plantas y minerales in vendita su algavenice.com. Complemento alimenticio de espirulina con extractos de plantas y minerales in vendita online con spedizione veloce e sicura! Ordina adesso!","breadcrumb":{"@id":"https:\/\/algavenice.com\/es\/producto\/complemento-alimenticio\/#breadcrumb"},"inLanguage":"es","potentialAction":[{"@type":"ReadAction","target":["https:\/\/algavenice.com\/es\/producto\/complemento-alimenticio\/"]}]},{"@type":"ImageObject","inLanguage":"es","@id":"https:\/\/algavenice.com\/es\/producto\/complemento-alimenticio\/#primaryimage","url":"https:\/\/algavenice.com\/wp-content\/uploads\/2021\/07\/GIOIE_mockup.png","contentUrl":"https:\/\/algavenice.com\/wp-content\/uploads\/2021\/07\/GIOIE_mockup.png","width":1772,"height":1498},{"@type":"BreadcrumbList","@id":"https:\/\/algavenice.com\/es\/producto\/complemento-alimenticio\/#breadcrumb","itemListElement":[{"@type":"ListItem","position":1,"name":"Home","item":"https:\/\/algavenice.com\/es\/"},{"@type":"ListItem","position":2,"name":"Tienda ecol\u00f3gica","item":"https:\/\/algavenice.com\/negozio-bio\/"},{"@type":"ListItem","position":3,"name":"Complemento alimenticio de espirulina con extractos de plantas y minerales"}]},{"@type":"WebSite","@id":"https:\/\/algavenice.com\/es\/#website","url":"https:\/\/algavenice.com\/es\/","name":"AlgaVenice - Spirulina 100% pura, italiana e biologica","description":"Vendita Spirulina di Alta Qualit\u00e0 Online","publisher":{"@id":"https:\/\/algavenice.com\/es\/#organization"},"alternateName":"Vendita online Spirulina di alta qualit\u00e0","potentialAction":[{"@type":"SearchAction","target":{"@type":"EntryPoint","urlTemplate":"https:\/\/algavenice.com\/es\/?s={search_term_string}"},"query-input":{"@type":"PropertyValueSpecification","valueRequired":true,"valueName":"search_term_string"}}],"inLanguage":"es"},{"@type":"Organization","@id":"https:\/\/algavenice.com\/es\/#organization","name":"Societ\u00e0 Agricola Serenissima S.r.l.","alternateName":"AlgaVenice","url":"https:\/\/algavenice.com\/es\/","logo":{"@type":"ImageObject","inLanguage":"es","@id":"https:\/\/algavenice.com\/es\/#\/schema\/logo\/image\/","url":"https:\/\/algavenice.com\/wp-content\/uploads\/2023\/03\/algavenice_logo_dati_strutturati.jpg","contentUrl":"https:\/\/algavenice.com\/wp-content\/uploads\/2023\/03\/algavenice_logo_dati_strutturati.jpg","width":696,"height":696,"caption":"Societ\u00e0 Agricola Serenissima S.r.l."},"image":{"@id":"https:\/\/algavenice.com\/es\/#\/schema\/logo\/image\/"},"sameAs":["https:\/\/www.facebook.com\/algavenice.it","https:\/\/www.instagram.com\/algavenice_spirulina\/","https:\/\/www.youtube.com\/channel\/UCcgMDdoknspeIM22pqn7Qiw"]}]}},"_links":{"self":[{"href":"https:\/\/algavenice.com\/es\/wp-json\/wp\/v2\/product\/11937","targetHints":{"allow":["GET"]}}],"collection":[{"href":"https:\/\/algavenice.com\/es\/wp-json\/wp\/v2\/product"}],"about":[{"href":"https:\/\/algavenice.com\/es\/wp-json\/wp\/v2\/types\/product"}],"replies":[{"embeddable":true,"href":"https:\/\/algavenice.com\/es\/wp-json\/wp\/v2\/comments?post=11937"}],"wp:featuredmedia":[{"embeddable":true,"href":"https:\/\/algavenice.com\/es\/wp-json\/wp\/v2\/media\/12994"}],"wp:attachment":[{"href":"https:\/\/algavenice.com\/es\/wp-json\/wp\/v2\/media?parent=11937"}],"wp:term":[{"taxonomy":"product_cat","embeddable":true,"href":"https:\/\/algavenice.com\/es\/wp-json\/wp\/v2\/product_cat?post=11937"},{"taxonomy":"product_tag","embeddable":true,"href":"https:\/\/algavenice.com\/es\/wp-json\/wp\/v2\/product_tag?post=11937"}],"curies":[{"name":"wp","href":"https:\/\/api.w.org\/{rel}","templated":true}]}}