{"id":11940,"date":"2021-07-12T17:48:52","date_gmt":"2021-07-12T15:48:52","guid":{"rendered":"https:\/\/algavenice.com\/prodotto\/suplemento-dietetico-muscle-mass\/"},"modified":"2023-03-19T16:39:23","modified_gmt":"2023-03-19T15:39:23","slug":"suplemento-de-masa-muscular","status":"publish","type":"product","link":"https:\/\/algavenice.com\/es\/producto\/suplemento-de-masa-muscular\/","title":{"rendered":"Suplemento diet\u00e9tico Muscle Mass"},"content":{"rendered":"<p><strong>Muscle Mass<\/strong> es un suplemento que contiene extractos de plantas, vitaminas y coenzima Q10. Todos ellos son <strong>nutrientes<\/strong> indispensables para el crecimiento y el desarrollo del sistema muscular.<\/p>\n<p>MASA MUSCULAR es un <strong>complemento alimenticio<\/strong> que contiene:<\/p>\n<ul>\n<li>Prote\u00edna de espirulina de origen vegetal que contribuye al crecimiento de la masa muscular.<\/li>\n<li>Coenzima Q10 para la conversi\u00f3n de prote\u00ednas en energ\u00eda.<\/li>\n<li>Euterococcus un t\u00f3nico adapt\u00f3geno que hace que el cuerpo se fatigue menos durante la actividad f\u00edsica.<\/li>\n<li>La granada tiene una funci\u00f3n antioxidante y elimina as\u00ed todas las sustancias t\u00f3xicas que produce el m\u00fasculo en su actividad.<\/li>\n<li>Vitaminas del complejo B que contribuyen a la transformaci\u00f3n normal de las prote\u00ednas y el gluc\u00f3geno en energ\u00eda.<\/li>\n<\/ul>\n<h2>Aumento de la masa muscular<\/h2>\n<p>El t\u00e9rmino m\u00fasculo identifica un \u00f3rgano compuesto principalmente por<strong> tejido biol\u00f3gico<\/strong> con capacidad contr\u00e1ctil. Todos los m\u00fasculos constituyen el aparato muscular, que junto con el esqueleto y las articulaciones forman el<strong>aparato locomotor<\/strong>.<\/p>\n<p>Para aumentar la masa muscular, el<strong>ejercicio<\/strong> es la \u00fanica manera. Se trata de reglas, perseverancia y mucho entrenamiento. Si eres principiante, debes empezar con 2-3 entrenamientos a la semana e ir aumentando progresivamente. Ten en cuenta tambi\u00e9n que s\u00f3lo necesitar\u00e1s 24 horas de descanso despu\u00e9s de un entrenamiento corporal total, mientras que para entrenamientos musculares espec\u00edficos, el descanso ser\u00e1 de 48 horas. La constancia es un factor determinante en el <strong>desarrollo muscular<\/strong>. De ah\u00ed la importancia de un plan de entrenamiento: \u00a1no se improvisa!<\/p>\n<p>El momento adecuado para aumentar la carga y pasar al siguiente nivel es cuando sientas que despu\u00e9s de tu serie de ejercicios puedes hacer algo m\u00e1s. As\u00ed que puedes insertar una variante m\u00e1s dif\u00edcil o intentar un ejercicio m\u00e1s avanzado la pr\u00f3xima vez.<\/p>\n<p>Recuerde tambi\u00e9n que la base del \u00e9xito para hacer frente a la fatiga del entrenamiento f\u00edsico reside en una alimentaci\u00f3n rica en nutrientes para su sistema muscular.<\/p>\n<h2>Suplementos deportivos<\/h2>\n<p>Para garantizar el m\u00e1ximo desarrollo muscular, es necesario suministrar a los m\u00fasculos todos los nutrientes que necesitan para crecer. La base de todo es una dieta variada y equilibrada para aportar todos los nutrientes en las proporciones adecuadas. Si esto no siempre es posible, es \u00fatil complementarlo con los <strong>macro y micronutrientes<\/strong> adecuados.<\/p>\n","protected":false},"excerpt":{"rendered":"<p><strong>Muscle Mass<\/strong> Supplement es un suplemento a base de espirulina que contiene extractos de plantas, vitaminas y coenzima Q10. Nutrientes esenciales para el crecimiento y el desarrollo del sistema muscular.<\/p>\n<p>Envase de 60 c\u00e1psulas. Peso neto 43 g.<br \/>\nMuscle Mass es un complemento alimenticio autorizado con el c\u00f3digo 138459.<\/p>\n","protected":false},"featured_media":10501,"comment_status":"closed","ping_status":"closed","template":"","meta":{"_acf_changed":false},"product_cat":[421],"product_tag":[],"class_list":{"0":"post-11940","1":"product","2":"type-product","3":"status-publish","4":"has-post-thumbnail","6":"product_brand-algavenice-by-agricola-serenissima-s-r-l-es","7":"product_cat-suplementos-a-base-de-espirulina","9":"first","10":"outofstock","11":"taxable","12":"shipping-taxable","13":"purchasable","14":"product-type-simple"},"acf":[],"yoast_head":"<!-- This site is optimized with the Yoast SEO plugin v27.3 - https:\/\/yoast.com\/product\/yoast-seo-wordpress\/ -->\n<title>Suplemento diet\u00e9tico Muscle Mass In Vendita Online | AlgaVenice<\/title>\n<meta name=\"description\" content=\"\u00bfLe gustar\u00eda encontrar todos los ingredientes para aumentar su masa muscular en un solo suplemento diet\u00e9tico? Entonces la MASA MUSCULAR es para ti.\" \/>\n<meta name=\"robots\" content=\"index, follow, max-snippet:-1, max-image-preview:large, max-video-preview:-1\" \/>\n<link rel=\"canonical\" href=\"https:\/\/algavenice.com\/es\/producto\/suplemento-de-masa-muscular\/\" \/>\n<meta property=\"og:locale\" content=\"es_ES\" \/>\n<meta property=\"og:type\" content=\"article\" \/>\n<meta property=\"og:title\" content=\"Suplemento diet\u00e9tico Muscle Mass In Vendita Online | AlgaVenice\" \/>\n<meta property=\"og:description\" content=\"\u00bfLe gustar\u00eda encontrar todos los ingredientes para aumentar su masa muscular en un solo suplemento diet\u00e9tico? Entonces la MASA MUSCULAR es para ti.\" \/>\n<meta property=\"og:url\" content=\"https:\/\/algavenice.com\/es\/producto\/suplemento-de-masa-muscular\/\" \/>\n<meta property=\"og:site_name\" content=\"AlgaVenice\" \/>\n<meta property=\"article:publisher\" content=\"https:\/\/www.facebook.com\/algavenice.it\" \/>\n<meta property=\"article:modified_time\" content=\"2023-03-19T15:39:23+00:00\" \/>\n<meta property=\"og:image\" content=\"https:\/\/algavenice.com\/wp-content\/uploads\/2021\/07\/integratore_per_la_massa_muscolare-_con_spirulina_estratti_vegetali_vitamin_-e_coenzima_Q10.jpg\" \/>\n\t<meta property=\"og:image:width\" content=\"800\" \/>\n\t<meta property=\"og:image:height\" content=\"800\" \/>\n\t<meta property=\"og:image:type\" content=\"image\/jpeg\" \/>\n<meta name=\"twitter:card\" content=\"summary_large_image\" \/>\n<meta name=\"twitter:label1\" content=\"Tiempo de lectura\" \/>\n\t<meta name=\"twitter:data1\" content=\"2 minutos\" \/>\n<script type=\"application\/ld+json\" class=\"yoast-schema-graph\">{\"@context\":\"https:\\\/\\\/schema.org\",\"@graph\":[{\"@type\":\"WebPage\",\"@id\":\"https:\\\/\\\/algavenice.com\\\/es\\\/producto\\\/suplemento-de-masa-muscular\\\/\",\"url\":\"https:\\\/\\\/algavenice.com\\\/es\\\/producto\\\/suplemento-de-masa-muscular\\\/\",\"name\":\"Suplemento diet\u00e9tico Muscle Mass In Vendita Online | AlgaVenice\",\"isPartOf\":{\"@id\":\"https:\\\/\\\/algavenice.com\\\/es\\\/#website\"},\"primaryImageOfPage\":{\"@id\":\"https:\\\/\\\/algavenice.com\\\/es\\\/producto\\\/suplemento-de-masa-muscular\\\/#primaryimage\"},\"image\":{\"@id\":\"https:\\\/\\\/algavenice.com\\\/es\\\/producto\\\/suplemento-de-masa-muscular\\\/#primaryimage\"},\"thumbnailUrl\":\"https:\\\/\\\/algavenice.com\\\/wp-content\\\/uploads\\\/2021\\\/07\\\/integratore_per_la_massa_muscolare-_con_spirulina_estratti_vegetali_vitamin_-e_coenzima_Q10.jpg\",\"datePublished\":\"2021-07-12T15:48:52+00:00\",\"dateModified\":\"2023-03-19T15:39:23+00:00\",\"description\":\"\u00bfLe gustar\u00eda encontrar todos los ingredientes para aumentar su masa muscular en un solo suplemento diet\u00e9tico? Entonces la MASA MUSCULAR es para ti.\",\"breadcrumb\":{\"@id\":\"https:\\\/\\\/algavenice.com\\\/es\\\/producto\\\/suplemento-de-masa-muscular\\\/#breadcrumb\"},\"inLanguage\":\"es\",\"potentialAction\":[{\"@type\":\"ReadAction\",\"target\":[\"https:\\\/\\\/algavenice.com\\\/es\\\/producto\\\/suplemento-de-masa-muscular\\\/\"]}]},{\"@type\":\"ImageObject\",\"inLanguage\":\"es\",\"@id\":\"https:\\\/\\\/algavenice.com\\\/es\\\/producto\\\/suplemento-de-masa-muscular\\\/#primaryimage\",\"url\":\"https:\\\/\\\/algavenice.com\\\/wp-content\\\/uploads\\\/2021\\\/07\\\/integratore_per_la_massa_muscolare-_con_spirulina_estratti_vegetali_vitamin_-e_coenzima_Q10.jpg\",\"contentUrl\":\"https:\\\/\\\/algavenice.com\\\/wp-content\\\/uploads\\\/2021\\\/07\\\/integratore_per_la_massa_muscolare-_con_spirulina_estratti_vegetali_vitamin_-e_coenzima_Q10.jpg\",\"width\":800,\"height\":800,\"caption\":\"Integratore per la Massa Muscolare con Spirulina, estratti vegetali, vitamine e coenzima Q10\"},{\"@type\":\"BreadcrumbList\",\"@id\":\"https:\\\/\\\/algavenice.com\\\/es\\\/producto\\\/suplemento-de-masa-muscular\\\/#breadcrumb\",\"itemListElement\":[{\"@type\":\"ListItem\",\"position\":1,\"name\":\"Home\",\"item\":\"https:\\\/\\\/algavenice.com\\\/es\\\/\"},{\"@type\":\"ListItem\",\"position\":2,\"name\":\"Tienda ecol\u00f3gica\",\"item\":\"https:\\\/\\\/algavenice.com\\\/negozio-bio\\\/\"},{\"@type\":\"ListItem\",\"position\":3,\"name\":\"Suplemento diet\u00e9tico Muscle Mass\"}]},{\"@type\":\"WebSite\",\"@id\":\"https:\\\/\\\/algavenice.com\\\/es\\\/#website\",\"url\":\"https:\\\/\\\/algavenice.com\\\/es\\\/\",\"name\":\"AlgaVenice - Spirulina 100% pura, italiana e biologica\",\"description\":\"Vendita Spirulina di Alta Qualit\u00e0 Online\",\"publisher\":{\"@id\":\"https:\\\/\\\/algavenice.com\\\/es\\\/#organization\"},\"alternateName\":\"Vendita online Spirulina di alta qualit\u00e0\",\"potentialAction\":[{\"@type\":\"SearchAction\",\"target\":{\"@type\":\"EntryPoint\",\"urlTemplate\":\"https:\\\/\\\/algavenice.com\\\/es\\\/?s={search_term_string}\"},\"query-input\":{\"@type\":\"PropertyValueSpecification\",\"valueRequired\":true,\"valueName\":\"search_term_string\"}}],\"inLanguage\":\"es\"},{\"@type\":\"Organization\",\"@id\":\"https:\\\/\\\/algavenice.com\\\/es\\\/#organization\",\"name\":\"Societ\u00e0 Agricola Serenissima S.r.l.\",\"alternateName\":\"AlgaVenice\",\"url\":\"https:\\\/\\\/algavenice.com\\\/es\\\/\",\"logo\":{\"@type\":\"ImageObject\",\"inLanguage\":\"es\",\"@id\":\"https:\\\/\\\/algavenice.com\\\/es\\\/#\\\/schema\\\/logo\\\/image\\\/\",\"url\":\"https:\\\/\\\/algavenice.com\\\/wp-content\\\/uploads\\\/2023\\\/03\\\/algavenice_logo_dati_strutturati.jpg\",\"contentUrl\":\"https:\\\/\\\/algavenice.com\\\/wp-content\\\/uploads\\\/2023\\\/03\\\/algavenice_logo_dati_strutturati.jpg\",\"width\":696,\"height\":696,\"caption\":\"Societ\u00e0 Agricola Serenissima S.r.l.\"},\"image\":{\"@id\":\"https:\\\/\\\/algavenice.com\\\/es\\\/#\\\/schema\\\/logo\\\/image\\\/\"},\"sameAs\":[\"https:\\\/\\\/www.facebook.com\\\/algavenice.it\",\"https:\\\/\\\/www.instagram.com\\\/algavenice_spirulina\\\/\",\"https:\\\/\\\/www.youtube.com\\\/channel\\\/UCcgMDdoknspeIM22pqn7Qiw\"]}]}<\/script>\n<!-- \/ Yoast SEO plugin. -->","yoast_head_json":{"title":"Suplemento diet\u00e9tico Muscle Mass In Vendita Online | AlgaVenice","description":"\u00bfLe gustar\u00eda encontrar todos los ingredientes para aumentar su masa muscular en un solo suplemento diet\u00e9tico? Entonces la MASA MUSCULAR es para ti.","robots":{"index":"index","follow":"follow","max-snippet":"max-snippet:-1","max-image-preview":"max-image-preview:large","max-video-preview":"max-video-preview:-1"},"canonical":"https:\/\/algavenice.com\/es\/producto\/suplemento-de-masa-muscular\/","og_locale":"es_ES","og_type":"article","og_title":"Suplemento diet\u00e9tico Muscle Mass In Vendita Online | AlgaVenice","og_description":"\u00bfLe gustar\u00eda encontrar todos los ingredientes para aumentar su masa muscular en un solo suplemento diet\u00e9tico? Entonces la MASA MUSCULAR es para ti.","og_url":"https:\/\/algavenice.com\/es\/producto\/suplemento-de-masa-muscular\/","og_site_name":"AlgaVenice","article_publisher":"https:\/\/www.facebook.com\/algavenice.it","article_modified_time":"2023-03-19T15:39:23+00:00","og_image":[{"width":800,"height":800,"url":"https:\/\/algavenice.com\/wp-content\/uploads\/2021\/07\/integratore_per_la_massa_muscolare-_con_spirulina_estratti_vegetali_vitamin_-e_coenzima_Q10.jpg","type":"image\/jpeg"}],"twitter_card":"summary_large_image","twitter_misc":{"Tiempo de lectura":"2 minutos"},"schema":{"@context":"https:\/\/schema.org","@graph":[{"@type":"WebPage","@id":"https:\/\/algavenice.com\/es\/producto\/suplemento-de-masa-muscular\/","url":"https:\/\/algavenice.com\/es\/producto\/suplemento-de-masa-muscular\/","name":"Suplemento diet\u00e9tico Muscle Mass In Vendita Online | AlgaVenice","isPartOf":{"@id":"https:\/\/algavenice.com\/es\/#website"},"primaryImageOfPage":{"@id":"https:\/\/algavenice.com\/es\/producto\/suplemento-de-masa-muscular\/#primaryimage"},"image":{"@id":"https:\/\/algavenice.com\/es\/producto\/suplemento-de-masa-muscular\/#primaryimage"},"thumbnailUrl":"https:\/\/algavenice.com\/wp-content\/uploads\/2021\/07\/integratore_per_la_massa_muscolare-_con_spirulina_estratti_vegetali_vitamin_-e_coenzima_Q10.jpg","datePublished":"2021-07-12T15:48:52+00:00","dateModified":"2023-03-19T15:39:23+00:00","description":"\u00bfLe gustar\u00eda encontrar todos los ingredientes para aumentar su masa muscular en un solo suplemento diet\u00e9tico? Entonces la MASA MUSCULAR es para ti.","breadcrumb":{"@id":"https:\/\/algavenice.com\/es\/producto\/suplemento-de-masa-muscular\/#breadcrumb"},"inLanguage":"es","potentialAction":[{"@type":"ReadAction","target":["https:\/\/algavenice.com\/es\/producto\/suplemento-de-masa-muscular\/"]}]},{"@type":"ImageObject","inLanguage":"es","@id":"https:\/\/algavenice.com\/es\/producto\/suplemento-de-masa-muscular\/#primaryimage","url":"https:\/\/algavenice.com\/wp-content\/uploads\/2021\/07\/integratore_per_la_massa_muscolare-_con_spirulina_estratti_vegetali_vitamin_-e_coenzima_Q10.jpg","contentUrl":"https:\/\/algavenice.com\/wp-content\/uploads\/2021\/07\/integratore_per_la_massa_muscolare-_con_spirulina_estratti_vegetali_vitamin_-e_coenzima_Q10.jpg","width":800,"height":800,"caption":"Integratore per la Massa Muscolare con Spirulina, estratti vegetali, vitamine e coenzima Q10"},{"@type":"BreadcrumbList","@id":"https:\/\/algavenice.com\/es\/producto\/suplemento-de-masa-muscular\/#breadcrumb","itemListElement":[{"@type":"ListItem","position":1,"name":"Home","item":"https:\/\/algavenice.com\/es\/"},{"@type":"ListItem","position":2,"name":"Tienda ecol\u00f3gica","item":"https:\/\/algavenice.com\/negozio-bio\/"},{"@type":"ListItem","position":3,"name":"Suplemento diet\u00e9tico Muscle Mass"}]},{"@type":"WebSite","@id":"https:\/\/algavenice.com\/es\/#website","url":"https:\/\/algavenice.com\/es\/","name":"AlgaVenice - Spirulina 100% pura, italiana e biologica","description":"Vendita Spirulina di Alta Qualit\u00e0 Online","publisher":{"@id":"https:\/\/algavenice.com\/es\/#organization"},"alternateName":"Vendita online Spirulina di alta qualit\u00e0","potentialAction":[{"@type":"SearchAction","target":{"@type":"EntryPoint","urlTemplate":"https:\/\/algavenice.com\/es\/?s={search_term_string}"},"query-input":{"@type":"PropertyValueSpecification","valueRequired":true,"valueName":"search_term_string"}}],"inLanguage":"es"},{"@type":"Organization","@id":"https:\/\/algavenice.com\/es\/#organization","name":"Societ\u00e0 Agricola Serenissima S.r.l.","alternateName":"AlgaVenice","url":"https:\/\/algavenice.com\/es\/","logo":{"@type":"ImageObject","inLanguage":"es","@id":"https:\/\/algavenice.com\/es\/#\/schema\/logo\/image\/","url":"https:\/\/algavenice.com\/wp-content\/uploads\/2023\/03\/algavenice_logo_dati_strutturati.jpg","contentUrl":"https:\/\/algavenice.com\/wp-content\/uploads\/2023\/03\/algavenice_logo_dati_strutturati.jpg","width":696,"height":696,"caption":"Societ\u00e0 Agricola Serenissima S.r.l."},"image":{"@id":"https:\/\/algavenice.com\/es\/#\/schema\/logo\/image\/"},"sameAs":["https:\/\/www.facebook.com\/algavenice.it","https:\/\/www.instagram.com\/algavenice_spirulina\/","https:\/\/www.youtube.com\/channel\/UCcgMDdoknspeIM22pqn7Qiw"]}]}},"_links":{"self":[{"href":"https:\/\/algavenice.com\/es\/wp-json\/wp\/v2\/product\/11940","targetHints":{"allow":["GET"]}}],"collection":[{"href":"https:\/\/algavenice.com\/es\/wp-json\/wp\/v2\/product"}],"about":[{"href":"https:\/\/algavenice.com\/es\/wp-json\/wp\/v2\/types\/product"}],"replies":[{"embeddable":true,"href":"https:\/\/algavenice.com\/es\/wp-json\/wp\/v2\/comments?post=11940"}],"wp:featuredmedia":[{"embeddable":true,"href":"https:\/\/algavenice.com\/es\/wp-json\/wp\/v2\/media\/10501"}],"wp:attachment":[{"href":"https:\/\/algavenice.com\/es\/wp-json\/wp\/v2\/media?parent=11940"}],"wp:term":[{"taxonomy":"product_cat","embeddable":true,"href":"https:\/\/algavenice.com\/es\/wp-json\/wp\/v2\/product_cat?post=11940"},{"taxonomy":"product_tag","embeddable":true,"href":"https:\/\/algavenice.com\/es\/wp-json\/wp\/v2\/product_tag?post=11940"}],"curies":[{"name":"wp","href":"https:\/\/api.w.org\/{rel}","templated":true}]}}