{"id":11943,"date":"2021-07-15T13:38:26","date_gmt":"2023-03-19T15:40:14","guid":{"rendered":"https:\/\/algavenice.com\/prodotto\/copos-de-espirulina-50-g\/"},"modified":"2023-03-19T16:40:14","modified_gmt":"2023-03-19T15:40:14","slug":"spirulina-bio-50-g-en-flakes","status":"publish","type":"product","link":"https:\/\/algavenice.com\/es\/producto\/spirulina-bio-50-g-en-flakes\/","title":{"rendered":"Copos de espirulina 50 g"},"content":{"rendered":"<p>El alga <strong>espirulina en copos<\/strong> es asimilada r\u00e1pidamente por el organismo. No contiene excipientes ni espesantes a\u00f1adidos, 100% puro y sin pasteurizar. Por lo tanto, es un suplemento natural para su cuerpo.<\/p>\n<p>Este formato de espirulina contiene el alga seca, sin procesar. Si pensamos en el formato en polvo, implica un paso de procesamiento adicional. Esto se debe a que los copos tienen que molerse finamente y pulverizarse en un proceso en fr\u00edo para convertirse en polvo de espirulina. As\u00ed, los copos de espirulina son el <strong>primer formato de producto acabado<\/strong>. Veamos ahora c\u00f3mo puede conseguirlo.<\/p>\n<h2>\u00bfC\u00f3mo tomar los copos de espirulina?<\/h2>\n<p>El<strong>alga espirulina en copos<\/strong> es un valioso apoyo para su organismo, pero tambi\u00e9n un excelente est\u00edmulo para su creatividad en la cocina.<\/p>\n<p>Puede tomarse con un vaso de agua, zumo, extractos, etc. Tambi\u00e9n es excelente para <strong>condimentar platos de<\/strong> carne o pescado. Puede <strong>a\u00f1adirse<\/strong> a <strong>ensaladas<\/strong> mixtas o a diversos platos como <strong>ingrediente de acabado<\/strong>.<\/p>\n<p>En las <strong>recetas<\/strong> veganas <strong>y vegetarianas<\/strong>, ocupa f\u00e1cilmente el centro del escenario, ya que el 60-70% de su composici\u00f3n es prote\u00edna vegetal \u00abnoble\u00bb.<\/p>\n<p>Recomendamos una dosis diaria de 1g\/2g (m\u00e1ximo 3g al d\u00eda) en funci\u00f3n de sus necesidades f\u00edsicas.<\/p>\n<h2>\u00bfPor qu\u00e9 tomar espirulina?<\/h2>\n<p>La <a href=\"https:\/\/algavenice.com\/es\/las-propiedades-de-la-espirulina\/\">caracter\u00edstica m\u00e1s importante de la espirulina<\/a> es que aporta <strong>nutrientes<\/strong> a nuestro organismo listos para ser asimilados. Por esta raz\u00f3n es muy adecuado para:<\/p>\n<ul>\n<li>recuperaci\u00f3n de la concentraci\u00f3n y la atenci\u00f3n;<\/li>\n<li>regeneraci\u00f3n de las propias fuerzas en momentos de gran tensi\u00f3n;<\/li>\n<li>apoyo del sistema muscular durante la actividad f\u00edsica intensa;<\/li>\n<li>completar la dieta con sustancias indispensables para el organismo.<\/li>\n<\/ul>\n<p>Es una valiosa fuente de energ\u00eda de disponibilidad inmediata gracias a su composici\u00f3n, rica en:<\/p>\n<ul>\n<li><strong>Prote\u00ednas vegetales<\/strong> nobles (60-70%) y <strong>amino\u00e1cidos esenciales<\/strong>;<\/li>\n<li><strong>sales minerales<\/strong>: magnesio, manganeso, potasio, zinc, f\u00f3sforo, hierro, calcio;<\/li>\n<li><strong>vitaminas<\/strong>, incluidas las de los grupos A, B, K, E, betacaroteno;<\/li>\n<li>carotenoides, ficocianina, esteroles;<\/li>\n<li>\u00e1cidos grasos esenciales (GLA, Omega 6).<\/li>\n<\/ul>\n<p>Experimente un largo periodo de bienestar tomando <strong>copos de espirulina<\/strong> AlgaVenice.<\/p>\n","protected":false},"excerpt":{"rendered":"<p><strong>Copos de espirulina <\/strong>asimilados r\u00e1pidamente por el organismo. No contiene excipientes ni espesantes a\u00f1adidos, es 100% puro y no est\u00e1 pasteurizado.<\/p>\n<p>Lata blanca con tapa a presi\u00f3n que contiene 50 g de copos de Spirulina Arthrospira Platensis.<\/p>\n<p>Dosis diaria 1g\/2g (m\u00e1ximo 3g al d\u00eda) en funci\u00f3n de las necesidades f\u00edsicas.<\/p>\n","protected":false},"featured_media":10974,"comment_status":"closed","ping_status":"closed","template":"","meta":{"_acf_changed":false},"product_cat":[424,423,426],"product_tag":[],"class_list":{"0":"post-11943","1":"product","2":"type-product","3":"status-publish","4":"has-post-thumbnail","6":"product_brand-algavenice-by-agricola-serenissima-s-r-l","7":"product_cat-espirulina-en-frascos","8":"product_cat-espirulina-recomendada-para-ti","9":"product_cat-la-espirulina-mas-vendida","11":"first","12":"instock","13":"taxable","14":"shipping-taxable","15":"purchasable","16":"product-type-simple"},"acf":[],"yoast_head":"<!-- This site is optimized with the Yoast SEO plugin v27.3 - https:\/\/yoast.com\/product\/yoast-seo-wordpress\/ -->\n<title>Copos de espirulina 50 g In Vendita Online | AlgaVenice<\/title>\n<meta name=\"description\" content=\"Los copos de espirulina son un valioso apoyo para su organismo. Ideal para enriquecer su desayuno o merienda energizante. Averig\u00fce c\u00f3mo.\" \/>\n<meta name=\"robots\" content=\"index, follow, max-snippet:-1, max-image-preview:large, max-video-preview:-1\" \/>\n<link rel=\"canonical\" href=\"https:\/\/algavenice.com\/es\/producto\/spirulina-bio-50-g-en-flakes\/\" \/>\n<meta property=\"og:locale\" content=\"es_ES\" \/>\n<meta property=\"og:type\" content=\"article\" \/>\n<meta property=\"og:title\" content=\"Copos de espirulina 50 g In Vendita Online | AlgaVenice\" \/>\n<meta property=\"og:description\" content=\"Los copos de espirulina son un valioso apoyo para su organismo. Ideal para enriquecer su desayuno o merienda energizante. Averig\u00fce c\u00f3mo.\" \/>\n<meta property=\"og:url\" content=\"https:\/\/algavenice.com\/es\/producto\/spirulina-bio-50-g-en-flakes\/\" \/>\n<meta property=\"og:site_name\" content=\"AlgaVenice\" \/>\n<meta property=\"article:publisher\" content=\"https:\/\/www.facebook.com\/algavenice.it\" \/>\n<meta property=\"og:image\" content=\"https:\/\/algavenice.com\/wp-content\/uploads\/2021\/07\/spirulina_in_scaglie-1.jpg\" \/>\n\t<meta property=\"og:image:width\" content=\"800\" \/>\n\t<meta property=\"og:image:height\" content=\"800\" \/>\n\t<meta property=\"og:image:type\" content=\"image\/jpeg\" \/>\n<meta name=\"twitter:card\" content=\"summary_large_image\" \/>\n<meta name=\"twitter:label1\" content=\"Tiempo de lectura\" \/>\n\t<meta name=\"twitter:data1\" content=\"2 minutos\" \/>\n<script type=\"application\/ld+json\" class=\"yoast-schema-graph\">{\"@context\":\"https:\\\/\\\/schema.org\",\"@graph\":[{\"@type\":\"WebPage\",\"@id\":\"https:\\\/\\\/algavenice.com\\\/es\\\/producto\\\/spirulina-bio-50-g-en-flakes\\\/\",\"url\":\"https:\\\/\\\/algavenice.com\\\/es\\\/producto\\\/spirulina-bio-50-g-en-flakes\\\/\",\"name\":\"Copos de espirulina 50 g In Vendita Online | AlgaVenice\",\"isPartOf\":{\"@id\":\"https:\\\/\\\/algavenice.com\\\/es\\\/#website\"},\"primaryImageOfPage\":{\"@id\":\"https:\\\/\\\/algavenice.com\\\/es\\\/producto\\\/spirulina-bio-50-g-en-flakes\\\/#primaryimage\"},\"image\":{\"@id\":\"https:\\\/\\\/algavenice.com\\\/es\\\/producto\\\/spirulina-bio-50-g-en-flakes\\\/#primaryimage\"},\"thumbnailUrl\":\"https:\\\/\\\/algavenice.com\\\/wp-content\\\/uploads\\\/2021\\\/07\\\/spirulina_in_scaglie-1.jpg\",\"datePublished\":\"2023-03-19T15:40:14+00:00\",\"description\":\"Los copos de espirulina son un valioso apoyo para su organismo. Ideal para enriquecer su desayuno o merienda energizante. Averig\u00fce c\u00f3mo.\",\"breadcrumb\":{\"@id\":\"https:\\\/\\\/algavenice.com\\\/es\\\/producto\\\/spirulina-bio-50-g-en-flakes\\\/#breadcrumb\"},\"inLanguage\":\"es\",\"potentialAction\":[{\"@type\":\"ReadAction\",\"target\":[\"https:\\\/\\\/algavenice.com\\\/es\\\/producto\\\/spirulina-bio-50-g-en-flakes\\\/\"]}]},{\"@type\":\"ImageObject\",\"inLanguage\":\"es\",\"@id\":\"https:\\\/\\\/algavenice.com\\\/es\\\/producto\\\/spirulina-bio-50-g-en-flakes\\\/#primaryimage\",\"url\":\"https:\\\/\\\/algavenice.com\\\/wp-content\\\/uploads\\\/2021\\\/07\\\/spirulina_in_scaglie-1.jpg\",\"contentUrl\":\"https:\\\/\\\/algavenice.com\\\/wp-content\\\/uploads\\\/2021\\\/07\\\/spirulina_in_scaglie-1.jpg\",\"width\":800,\"height\":800,\"caption\":\"Spir\"},{\"@type\":\"BreadcrumbList\",\"@id\":\"https:\\\/\\\/algavenice.com\\\/es\\\/producto\\\/spirulina-bio-50-g-en-flakes\\\/#breadcrumb\",\"itemListElement\":[{\"@type\":\"ListItem\",\"position\":1,\"name\":\"Home\",\"item\":\"https:\\\/\\\/algavenice.com\\\/es\\\/\"},{\"@type\":\"ListItem\",\"position\":2,\"name\":\"Tienda ecol\u00f3gica\",\"item\":\"https:\\\/\\\/algavenice.com\\\/negozio-bio\\\/\"},{\"@type\":\"ListItem\",\"position\":3,\"name\":\"Copos de espirulina 50 g\"}]},{\"@type\":\"WebSite\",\"@id\":\"https:\\\/\\\/algavenice.com\\\/es\\\/#website\",\"url\":\"https:\\\/\\\/algavenice.com\\\/es\\\/\",\"name\":\"AlgaVenice - Spirulina 100% pura, italiana e biologica\",\"description\":\"Vendita Spirulina di Alta Qualit\u00e0 Online\",\"publisher\":{\"@id\":\"https:\\\/\\\/algavenice.com\\\/es\\\/#organization\"},\"alternateName\":\"Vendita online Spirulina di alta qualit\u00e0\",\"potentialAction\":[{\"@type\":\"SearchAction\",\"target\":{\"@type\":\"EntryPoint\",\"urlTemplate\":\"https:\\\/\\\/algavenice.com\\\/es\\\/?s={search_term_string}\"},\"query-input\":{\"@type\":\"PropertyValueSpecification\",\"valueRequired\":true,\"valueName\":\"search_term_string\"}}],\"inLanguage\":\"es\"},{\"@type\":\"Organization\",\"@id\":\"https:\\\/\\\/algavenice.com\\\/es\\\/#organization\",\"name\":\"Societ\u00e0 Agricola Serenissima S.r.l.\",\"alternateName\":\"AlgaVenice\",\"url\":\"https:\\\/\\\/algavenice.com\\\/es\\\/\",\"logo\":{\"@type\":\"ImageObject\",\"inLanguage\":\"es\",\"@id\":\"https:\\\/\\\/algavenice.com\\\/es\\\/#\\\/schema\\\/logo\\\/image\\\/\",\"url\":\"https:\\\/\\\/algavenice.com\\\/wp-content\\\/uploads\\\/2023\\\/03\\\/algavenice_logo_dati_strutturati.jpg\",\"contentUrl\":\"https:\\\/\\\/algavenice.com\\\/wp-content\\\/uploads\\\/2023\\\/03\\\/algavenice_logo_dati_strutturati.jpg\",\"width\":696,\"height\":696,\"caption\":\"Societ\u00e0 Agricola Serenissima S.r.l.\"},\"image\":{\"@id\":\"https:\\\/\\\/algavenice.com\\\/es\\\/#\\\/schema\\\/logo\\\/image\\\/\"},\"sameAs\":[\"https:\\\/\\\/www.facebook.com\\\/algavenice.it\",\"https:\\\/\\\/www.instagram.com\\\/algavenice_spirulina\\\/\",\"https:\\\/\\\/www.youtube.com\\\/channel\\\/UCcgMDdoknspeIM22pqn7Qiw\"]}]}<\/script>\n<!-- \/ Yoast SEO plugin. -->","yoast_head_json":{"title":"Copos de espirulina 50 g In Vendita Online | AlgaVenice","description":"Los copos de espirulina son un valioso apoyo para su organismo. Ideal para enriquecer su desayuno o merienda energizante. Averig\u00fce c\u00f3mo.","robots":{"index":"index","follow":"follow","max-snippet":"max-snippet:-1","max-image-preview":"max-image-preview:large","max-video-preview":"max-video-preview:-1"},"canonical":"https:\/\/algavenice.com\/es\/producto\/spirulina-bio-50-g-en-flakes\/","og_locale":"es_ES","og_type":"article","og_title":"Copos de espirulina 50 g In Vendita Online | AlgaVenice","og_description":"Los copos de espirulina son un valioso apoyo para su organismo. Ideal para enriquecer su desayuno o merienda energizante. Averig\u00fce c\u00f3mo.","og_url":"https:\/\/algavenice.com\/es\/producto\/spirulina-bio-50-g-en-flakes\/","og_site_name":"AlgaVenice","article_publisher":"https:\/\/www.facebook.com\/algavenice.it","og_image":[{"width":800,"height":800,"url":"https:\/\/algavenice.com\/wp-content\/uploads\/2021\/07\/spirulina_in_scaglie-1.jpg","type":"image\/jpeg"}],"twitter_card":"summary_large_image","twitter_misc":{"Tiempo de lectura":"2 minutos"},"schema":{"@context":"https:\/\/schema.org","@graph":[{"@type":"WebPage","@id":"https:\/\/algavenice.com\/es\/producto\/spirulina-bio-50-g-en-flakes\/","url":"https:\/\/algavenice.com\/es\/producto\/spirulina-bio-50-g-en-flakes\/","name":"Copos de espirulina 50 g In Vendita Online | AlgaVenice","isPartOf":{"@id":"https:\/\/algavenice.com\/es\/#website"},"primaryImageOfPage":{"@id":"https:\/\/algavenice.com\/es\/producto\/spirulina-bio-50-g-en-flakes\/#primaryimage"},"image":{"@id":"https:\/\/algavenice.com\/es\/producto\/spirulina-bio-50-g-en-flakes\/#primaryimage"},"thumbnailUrl":"https:\/\/algavenice.com\/wp-content\/uploads\/2021\/07\/spirulina_in_scaglie-1.jpg","datePublished":"2023-03-19T15:40:14+00:00","description":"Los copos de espirulina son un valioso apoyo para su organismo. Ideal para enriquecer su desayuno o merienda energizante. Averig\u00fce c\u00f3mo.","breadcrumb":{"@id":"https:\/\/algavenice.com\/es\/producto\/spirulina-bio-50-g-en-flakes\/#breadcrumb"},"inLanguage":"es","potentialAction":[{"@type":"ReadAction","target":["https:\/\/algavenice.com\/es\/producto\/spirulina-bio-50-g-en-flakes\/"]}]},{"@type":"ImageObject","inLanguage":"es","@id":"https:\/\/algavenice.com\/es\/producto\/spirulina-bio-50-g-en-flakes\/#primaryimage","url":"https:\/\/algavenice.com\/wp-content\/uploads\/2021\/07\/spirulina_in_scaglie-1.jpg","contentUrl":"https:\/\/algavenice.com\/wp-content\/uploads\/2021\/07\/spirulina_in_scaglie-1.jpg","width":800,"height":800,"caption":"Spir"},{"@type":"BreadcrumbList","@id":"https:\/\/algavenice.com\/es\/producto\/spirulina-bio-50-g-en-flakes\/#breadcrumb","itemListElement":[{"@type":"ListItem","position":1,"name":"Home","item":"https:\/\/algavenice.com\/es\/"},{"@type":"ListItem","position":2,"name":"Tienda ecol\u00f3gica","item":"https:\/\/algavenice.com\/negozio-bio\/"},{"@type":"ListItem","position":3,"name":"Copos de espirulina 50 g"}]},{"@type":"WebSite","@id":"https:\/\/algavenice.com\/es\/#website","url":"https:\/\/algavenice.com\/es\/","name":"AlgaVenice - Spirulina 100% pura, italiana e biologica","description":"Vendita Spirulina di Alta Qualit\u00e0 Online","publisher":{"@id":"https:\/\/algavenice.com\/es\/#organization"},"alternateName":"Vendita online Spirulina di alta qualit\u00e0","potentialAction":[{"@type":"SearchAction","target":{"@type":"EntryPoint","urlTemplate":"https:\/\/algavenice.com\/es\/?s={search_term_string}"},"query-input":{"@type":"PropertyValueSpecification","valueRequired":true,"valueName":"search_term_string"}}],"inLanguage":"es"},{"@type":"Organization","@id":"https:\/\/algavenice.com\/es\/#organization","name":"Societ\u00e0 Agricola Serenissima S.r.l.","alternateName":"AlgaVenice","url":"https:\/\/algavenice.com\/es\/","logo":{"@type":"ImageObject","inLanguage":"es","@id":"https:\/\/algavenice.com\/es\/#\/schema\/logo\/image\/","url":"https:\/\/algavenice.com\/wp-content\/uploads\/2023\/03\/algavenice_logo_dati_strutturati.jpg","contentUrl":"https:\/\/algavenice.com\/wp-content\/uploads\/2023\/03\/algavenice_logo_dati_strutturati.jpg","width":696,"height":696,"caption":"Societ\u00e0 Agricola Serenissima S.r.l."},"image":{"@id":"https:\/\/algavenice.com\/es\/#\/schema\/logo\/image\/"},"sameAs":["https:\/\/www.facebook.com\/algavenice.it","https:\/\/www.instagram.com\/algavenice_spirulina\/","https:\/\/www.youtube.com\/channel\/UCcgMDdoknspeIM22pqn7Qiw"]}]}},"_links":{"self":[{"href":"https:\/\/algavenice.com\/es\/wp-json\/wp\/v2\/product\/11943","targetHints":{"allow":["GET"]}}],"collection":[{"href":"https:\/\/algavenice.com\/es\/wp-json\/wp\/v2\/product"}],"about":[{"href":"https:\/\/algavenice.com\/es\/wp-json\/wp\/v2\/types\/product"}],"replies":[{"embeddable":true,"href":"https:\/\/algavenice.com\/es\/wp-json\/wp\/v2\/comments?post=11943"}],"wp:featuredmedia":[{"embeddable":true,"href":"https:\/\/algavenice.com\/es\/wp-json\/wp\/v2\/media\/10974"}],"wp:attachment":[{"href":"https:\/\/algavenice.com\/es\/wp-json\/wp\/v2\/media?parent=11943"}],"wp:term":[{"taxonomy":"product_cat","embeddable":true,"href":"https:\/\/algavenice.com\/es\/wp-json\/wp\/v2\/product_cat?post=11943"},{"taxonomy":"product_tag","embeddable":true,"href":"https:\/\/algavenice.com\/es\/wp-json\/wp\/v2\/product_tag?post=11943"}],"curies":[{"name":"wp","href":"https:\/\/api.w.org\/{rel}","templated":true}]}}