{"id":11952,"date":"2021-07-15T14:01:45","date_gmt":"2021-07-15T12:01:45","guid":{"rendered":"https:\/\/algavenice.com\/prodotto\/espirulina-bio-500-g-copos\/"},"modified":"2023-03-19T16:45:39","modified_gmt":"2023-03-19T15:45:39","slug":"spirulina-bio-500-g-en-copos","status":"publish","type":"product","link":"https:\/\/algavenice.com\/es\/producto\/spirulina-bio-500-g-en-copos\/","title":{"rendered":"Espirulina bio 500 g copos"},"content":{"rendered":"<p><strong>Los copos de espirulina<\/strong> pueden tomarse con un vaso de agua, zumos, extractos, etc. Muy a menudo se a\u00f1ade a ensaladas mixtas, pero tambi\u00e9n puede utilizarse para condimentar platos de pescado o carne. Vers\u00e1til como ingrediente final de diversos platos a placer.<\/p>\n<p>A menudo la encontramos como protagonista en recetas veganas y vegetarianas, ya que el 60-70% de su composici\u00f3n es prote\u00edna vegetal \u00abnoble\u00bb.<\/p>\n<p>La dosis diaria recomendada es de 1g\/2g (m\u00e1ximo 3g al d\u00eda) en funci\u00f3n de sus necesidades f\u00edsicas. El alga espirulina no tiene contraindicaciones particulares. Le recomendamos que consulte a su m\u00e9dico si tiene problemas de tiroides y padece enfermedades autoinmunes.<\/p>\n<p>Conservar en lugar fresco y seco, a temperatura ambiente, alejado de fuentes de calor y luz.<\/p>\n<h2>Por qu\u00e9 elegir los copos de espirulina<\/h2>\n<p>El alga espirulina en copos es un valioso apoyo para el organismo, sobre todo porque se asimila r\u00e1pidamente y proporciona energ\u00eda de inmediato. Los copos de espirulina no contienen excipientes, espesantes, OMG ni colorantes. No est\u00e1 pasteurizada y es 100% pura. Es un excelente suplemento natural para su organismo.<\/p>\n<p>El formato de copos de espirulina contiene el alga desecada y sin procesar. A partir de los copos, se obtiene polvo mediante molienda mec\u00e1nica. A continuaci\u00f3n, para crear tabletas de espirulina, el polvo se somete a un paso m\u00e1s: la compresi\u00f3n. As\u00ed que el formato en escamas es nuestro primer y m\u00e1s aut\u00e9ntico formato de producto acabado.<\/p>\n<p>Las prote\u00ednas contenidas en la espirulina ejercen una funci\u00f3n energizante y tonificante. Los \u00e1cidos grasos tienen una funci\u00f3n antiinflamatoria e inmunitaria. Mientras que las vitaminas y el betacaroteno tienen propiedades desintoxicantes y antioxidantes. Luego tenemos la clorofila, que es \u00fatil para una acci\u00f3n purificadora. \u00bfCu\u00e1l de estas propiedades le interesa m\u00e1s?<\/p>\n<p>Tome espirulina de forma constante, todos los d\u00edas durante un periodo m\u00e1s o menos largo y <a href=\"https:\/\/algavenice.com\/es\/contacto-con-nosotros\/\">\u00a1h\u00e1ganos saber<\/a> si ha surtido efecto!<\/p>\n<p>&nbsp;<\/p>\n","protected":false},"excerpt":{"rendered":"<p><strong>Copos de espirulina <\/strong>asimilados r\u00e1pidamente por el organismo. No contiene excipientes ni espesantes a\u00f1adidos, es 100% puro y no est\u00e1 pasteurizado.<\/p>\n<p>Lata blanca con tapa a presi\u00f3n que contiene 500 g de copos de Spirulina Arthrospira Platensis.<\/p>\n<p>Dosis diaria 1g\/2g (m\u00e1ximo 3g al d\u00eda) en funci\u00f3n de las necesidades f\u00edsicas.<\/p>\n","protected":false},"featured_media":10988,"comment_status":"closed","ping_status":"closed","template":"","meta":{"_acf_changed":false},"product_cat":[424],"product_tag":[],"class_list":{"0":"post-11952","1":"product","2":"type-product","3":"status-publish","4":"has-post-thumbnail","6":"product_brand-algavenice-by-agricola-serenissima-s-r-l-es","7":"product_cat-espirulina-en-frascos","9":"first","10":"instock","11":"taxable","12":"shipping-taxable","13":"purchasable","14":"product-type-simple"},"acf":[],"yoast_head":"<!-- This site is optimized with the Yoast SEO plugin v27.3 - https:\/\/yoast.com\/product\/yoast-seo-wordpress\/ -->\n<title>Espirulina bio 500 g copos In Vendita Online | AlgaVenice<\/title>\n<meta name=\"description\" content=\"La espirulina en copos es el formato en el que el producto no se procesa. El m\u00e1s puro de todos. Por eso deber\u00edas preferirlo.\" \/>\n<meta name=\"robots\" content=\"index, follow, max-snippet:-1, max-image-preview:large, max-video-preview:-1\" \/>\n<link rel=\"canonical\" href=\"https:\/\/algavenice.com\/es\/producto\/spirulina-bio-500-g-en-copos\/\" \/>\n<meta property=\"og:locale\" content=\"es_ES\" \/>\n<meta property=\"og:type\" content=\"article\" \/>\n<meta property=\"og:title\" content=\"Espirulina bio 500 g copos In Vendita Online | AlgaVenice\" \/>\n<meta property=\"og:description\" content=\"La espirulina en copos es el formato en el que el producto no se procesa. El m\u00e1s puro de todos. Por eso deber\u00edas preferirlo.\" \/>\n<meta property=\"og:url\" content=\"https:\/\/algavenice.com\/es\/producto\/spirulina-bio-500-g-en-copos\/\" \/>\n<meta property=\"og:site_name\" content=\"AlgaVenice\" \/>\n<meta property=\"article:publisher\" content=\"https:\/\/www.facebook.com\/algavenice.it\" \/>\n<meta property=\"article:modified_time\" content=\"2023-03-19T15:45:39+00:00\" \/>\n<meta property=\"og:image\" content=\"https:\/\/algavenice.com\/wp-content\/uploads\/2021\/07\/spirulina_in_scaglie_confezione_500gr.jpg\" \/>\n\t<meta property=\"og:image:width\" content=\"800\" \/>\n\t<meta property=\"og:image:height\" content=\"800\" \/>\n\t<meta property=\"og:image:type\" content=\"image\/jpeg\" \/>\n<meta name=\"twitter:card\" content=\"summary_large_image\" \/>\n<meta name=\"twitter:label1\" content=\"Tiempo de lectura\" \/>\n\t<meta name=\"twitter:data1\" content=\"2 minutos\" \/>\n<script type=\"application\/ld+json\" class=\"yoast-schema-graph\">{\"@context\":\"https:\\\/\\\/schema.org\",\"@graph\":[{\"@type\":\"WebPage\",\"@id\":\"https:\\\/\\\/algavenice.com\\\/es\\\/producto\\\/spirulina-bio-500-g-en-copos\\\/\",\"url\":\"https:\\\/\\\/algavenice.com\\\/es\\\/producto\\\/spirulina-bio-500-g-en-copos\\\/\",\"name\":\"Espirulina bio 500 g copos In Vendita Online | AlgaVenice\",\"isPartOf\":{\"@id\":\"https:\\\/\\\/algavenice.com\\\/es\\\/#website\"},\"primaryImageOfPage\":{\"@id\":\"https:\\\/\\\/algavenice.com\\\/es\\\/producto\\\/spirulina-bio-500-g-en-copos\\\/#primaryimage\"},\"image\":{\"@id\":\"https:\\\/\\\/algavenice.com\\\/es\\\/producto\\\/spirulina-bio-500-g-en-copos\\\/#primaryimage\"},\"thumbnailUrl\":\"https:\\\/\\\/algavenice.com\\\/wp-content\\\/uploads\\\/2021\\\/07\\\/spirulina_in_scaglie_confezione_500gr.jpg\",\"datePublished\":\"2021-07-15T12:01:45+00:00\",\"dateModified\":\"2023-03-19T15:45:39+00:00\",\"description\":\"La espirulina en copos es el formato en el que el producto no se procesa. El m\u00e1s puro de todos. Por eso deber\u00edas preferirlo.\",\"breadcrumb\":{\"@id\":\"https:\\\/\\\/algavenice.com\\\/es\\\/producto\\\/spirulina-bio-500-g-en-copos\\\/#breadcrumb\"},\"inLanguage\":\"es\",\"potentialAction\":[{\"@type\":\"ReadAction\",\"target\":[\"https:\\\/\\\/algavenice.com\\\/es\\\/producto\\\/spirulina-bio-500-g-en-copos\\\/\"]}]},{\"@type\":\"ImageObject\",\"inLanguage\":\"es\",\"@id\":\"https:\\\/\\\/algavenice.com\\\/es\\\/producto\\\/spirulina-bio-500-g-en-copos\\\/#primaryimage\",\"url\":\"https:\\\/\\\/algavenice.com\\\/wp-content\\\/uploads\\\/2021\\\/07\\\/spirulina_in_scaglie_confezione_500gr.jpg\",\"contentUrl\":\"https:\\\/\\\/algavenice.com\\\/wp-content\\\/uploads\\\/2021\\\/07\\\/spirulina_in_scaglie_confezione_500gr.jpg\",\"width\":800,\"height\":800,\"caption\":\"spirulina in scaglie confezione da 500gr\"},{\"@type\":\"BreadcrumbList\",\"@id\":\"https:\\\/\\\/algavenice.com\\\/es\\\/producto\\\/spirulina-bio-500-g-en-copos\\\/#breadcrumb\",\"itemListElement\":[{\"@type\":\"ListItem\",\"position\":1,\"name\":\"Home\",\"item\":\"https:\\\/\\\/algavenice.com\\\/es\\\/\"},{\"@type\":\"ListItem\",\"position\":2,\"name\":\"Tienda ecol\u00f3gica\",\"item\":\"https:\\\/\\\/algavenice.com\\\/negozio-bio\\\/\"},{\"@type\":\"ListItem\",\"position\":3,\"name\":\"Espirulina bio 500 g copos\"}]},{\"@type\":\"WebSite\",\"@id\":\"https:\\\/\\\/algavenice.com\\\/es\\\/#website\",\"url\":\"https:\\\/\\\/algavenice.com\\\/es\\\/\",\"name\":\"AlgaVenice - Spirulina 100% pura, italiana e biologica\",\"description\":\"Vendita Spirulina di Alta Qualit\u00e0 Online\",\"publisher\":{\"@id\":\"https:\\\/\\\/algavenice.com\\\/es\\\/#organization\"},\"alternateName\":\"Vendita online Spirulina di alta qualit\u00e0\",\"potentialAction\":[{\"@type\":\"SearchAction\",\"target\":{\"@type\":\"EntryPoint\",\"urlTemplate\":\"https:\\\/\\\/algavenice.com\\\/es\\\/?s={search_term_string}\"},\"query-input\":{\"@type\":\"PropertyValueSpecification\",\"valueRequired\":true,\"valueName\":\"search_term_string\"}}],\"inLanguage\":\"es\"},{\"@type\":\"Organization\",\"@id\":\"https:\\\/\\\/algavenice.com\\\/es\\\/#organization\",\"name\":\"Societ\u00e0 Agricola Serenissima S.r.l.\",\"alternateName\":\"AlgaVenice\",\"url\":\"https:\\\/\\\/algavenice.com\\\/es\\\/\",\"logo\":{\"@type\":\"ImageObject\",\"inLanguage\":\"es\",\"@id\":\"https:\\\/\\\/algavenice.com\\\/es\\\/#\\\/schema\\\/logo\\\/image\\\/\",\"url\":\"https:\\\/\\\/algavenice.com\\\/wp-content\\\/uploads\\\/2023\\\/03\\\/algavenice_logo_dati_strutturati.jpg\",\"contentUrl\":\"https:\\\/\\\/algavenice.com\\\/wp-content\\\/uploads\\\/2023\\\/03\\\/algavenice_logo_dati_strutturati.jpg\",\"width\":696,\"height\":696,\"caption\":\"Societ\u00e0 Agricola Serenissima S.r.l.\"},\"image\":{\"@id\":\"https:\\\/\\\/algavenice.com\\\/es\\\/#\\\/schema\\\/logo\\\/image\\\/\"},\"sameAs\":[\"https:\\\/\\\/www.facebook.com\\\/algavenice.it\",\"https:\\\/\\\/www.instagram.com\\\/algavenice_spirulina\\\/\",\"https:\\\/\\\/www.youtube.com\\\/channel\\\/UCcgMDdoknspeIM22pqn7Qiw\"]}]}<\/script>\n<!-- \/ Yoast SEO plugin. -->","yoast_head_json":{"title":"Espirulina bio 500 g copos In Vendita Online | AlgaVenice","description":"La espirulina en copos es el formato en el que el producto no se procesa. El m\u00e1s puro de todos. Por eso deber\u00edas preferirlo.","robots":{"index":"index","follow":"follow","max-snippet":"max-snippet:-1","max-image-preview":"max-image-preview:large","max-video-preview":"max-video-preview:-1"},"canonical":"https:\/\/algavenice.com\/es\/producto\/spirulina-bio-500-g-en-copos\/","og_locale":"es_ES","og_type":"article","og_title":"Espirulina bio 500 g copos In Vendita Online | AlgaVenice","og_description":"La espirulina en copos es el formato en el que el producto no se procesa. El m\u00e1s puro de todos. Por eso deber\u00edas preferirlo.","og_url":"https:\/\/algavenice.com\/es\/producto\/spirulina-bio-500-g-en-copos\/","og_site_name":"AlgaVenice","article_publisher":"https:\/\/www.facebook.com\/algavenice.it","article_modified_time":"2023-03-19T15:45:39+00:00","og_image":[{"width":800,"height":800,"url":"https:\/\/algavenice.com\/wp-content\/uploads\/2021\/07\/spirulina_in_scaglie_confezione_500gr.jpg","type":"image\/jpeg"}],"twitter_card":"summary_large_image","twitter_misc":{"Tiempo de lectura":"2 minutos"},"schema":{"@context":"https:\/\/schema.org","@graph":[{"@type":"WebPage","@id":"https:\/\/algavenice.com\/es\/producto\/spirulina-bio-500-g-en-copos\/","url":"https:\/\/algavenice.com\/es\/producto\/spirulina-bio-500-g-en-copos\/","name":"Espirulina bio 500 g copos In Vendita Online | AlgaVenice","isPartOf":{"@id":"https:\/\/algavenice.com\/es\/#website"},"primaryImageOfPage":{"@id":"https:\/\/algavenice.com\/es\/producto\/spirulina-bio-500-g-en-copos\/#primaryimage"},"image":{"@id":"https:\/\/algavenice.com\/es\/producto\/spirulina-bio-500-g-en-copos\/#primaryimage"},"thumbnailUrl":"https:\/\/algavenice.com\/wp-content\/uploads\/2021\/07\/spirulina_in_scaglie_confezione_500gr.jpg","datePublished":"2021-07-15T12:01:45+00:00","dateModified":"2023-03-19T15:45:39+00:00","description":"La espirulina en copos es el formato en el que el producto no se procesa. El m\u00e1s puro de todos. Por eso deber\u00edas preferirlo.","breadcrumb":{"@id":"https:\/\/algavenice.com\/es\/producto\/spirulina-bio-500-g-en-copos\/#breadcrumb"},"inLanguage":"es","potentialAction":[{"@type":"ReadAction","target":["https:\/\/algavenice.com\/es\/producto\/spirulina-bio-500-g-en-copos\/"]}]},{"@type":"ImageObject","inLanguage":"es","@id":"https:\/\/algavenice.com\/es\/producto\/spirulina-bio-500-g-en-copos\/#primaryimage","url":"https:\/\/algavenice.com\/wp-content\/uploads\/2021\/07\/spirulina_in_scaglie_confezione_500gr.jpg","contentUrl":"https:\/\/algavenice.com\/wp-content\/uploads\/2021\/07\/spirulina_in_scaglie_confezione_500gr.jpg","width":800,"height":800,"caption":"spirulina in scaglie confezione da 500gr"},{"@type":"BreadcrumbList","@id":"https:\/\/algavenice.com\/es\/producto\/spirulina-bio-500-g-en-copos\/#breadcrumb","itemListElement":[{"@type":"ListItem","position":1,"name":"Home","item":"https:\/\/algavenice.com\/es\/"},{"@type":"ListItem","position":2,"name":"Tienda ecol\u00f3gica","item":"https:\/\/algavenice.com\/negozio-bio\/"},{"@type":"ListItem","position":3,"name":"Espirulina bio 500 g copos"}]},{"@type":"WebSite","@id":"https:\/\/algavenice.com\/es\/#website","url":"https:\/\/algavenice.com\/es\/","name":"AlgaVenice - Spirulina 100% pura, italiana e biologica","description":"Vendita Spirulina di Alta Qualit\u00e0 Online","publisher":{"@id":"https:\/\/algavenice.com\/es\/#organization"},"alternateName":"Vendita online Spirulina di alta qualit\u00e0","potentialAction":[{"@type":"SearchAction","target":{"@type":"EntryPoint","urlTemplate":"https:\/\/algavenice.com\/es\/?s={search_term_string}"},"query-input":{"@type":"PropertyValueSpecification","valueRequired":true,"valueName":"search_term_string"}}],"inLanguage":"es"},{"@type":"Organization","@id":"https:\/\/algavenice.com\/es\/#organization","name":"Societ\u00e0 Agricola Serenissima S.r.l.","alternateName":"AlgaVenice","url":"https:\/\/algavenice.com\/es\/","logo":{"@type":"ImageObject","inLanguage":"es","@id":"https:\/\/algavenice.com\/es\/#\/schema\/logo\/image\/","url":"https:\/\/algavenice.com\/wp-content\/uploads\/2023\/03\/algavenice_logo_dati_strutturati.jpg","contentUrl":"https:\/\/algavenice.com\/wp-content\/uploads\/2023\/03\/algavenice_logo_dati_strutturati.jpg","width":696,"height":696,"caption":"Societ\u00e0 Agricola Serenissima S.r.l."},"image":{"@id":"https:\/\/algavenice.com\/es\/#\/schema\/logo\/image\/"},"sameAs":["https:\/\/www.facebook.com\/algavenice.it","https:\/\/www.instagram.com\/algavenice_spirulina\/","https:\/\/www.youtube.com\/channel\/UCcgMDdoknspeIM22pqn7Qiw"]}]}},"_links":{"self":[{"href":"https:\/\/algavenice.com\/es\/wp-json\/wp\/v2\/product\/11952","targetHints":{"allow":["GET"]}}],"collection":[{"href":"https:\/\/algavenice.com\/es\/wp-json\/wp\/v2\/product"}],"about":[{"href":"https:\/\/algavenice.com\/es\/wp-json\/wp\/v2\/types\/product"}],"replies":[{"embeddable":true,"href":"https:\/\/algavenice.com\/es\/wp-json\/wp\/v2\/comments?post=11952"}],"wp:featuredmedia":[{"embeddable":true,"href":"https:\/\/algavenice.com\/es\/wp-json\/wp\/v2\/media\/10988"}],"wp:attachment":[{"href":"https:\/\/algavenice.com\/es\/wp-json\/wp\/v2\/media?parent=11952"}],"wp:term":[{"taxonomy":"product_cat","embeddable":true,"href":"https:\/\/algavenice.com\/es\/wp-json\/wp\/v2\/product_cat?post=11952"},{"taxonomy":"product_tag","embeddable":true,"href":"https:\/\/algavenice.com\/es\/wp-json\/wp\/v2\/product_tag?post=11952"}],"curies":[{"name":"wp","href":"https:\/\/api.w.org\/{rel}","templated":true}]}}