{"id":11955,"date":"2021-07-15T14:11:20","date_gmt":"2023-03-19T15:46:29","guid":{"rendered":"https:\/\/algavenice.com\/prodotto\/espirulina-en-polvo-250-g\/"},"modified":"2023-03-19T16:46:29","modified_gmt":"2023-03-19T15:46:29","slug":"espirulina-en-polvo-250gr","status":"publish","type":"product","link":"https:\/\/algavenice.com\/es\/producto\/espirulina-en-polvo-250gr\/","title":{"rendered":"Espirulina en polvo 250 g"},"content":{"rendered":"<h2>Alga espirulinaVenecia<\/h2>\n<p><strong>La espirulina en polvo<\/strong> de AlgaVenice es un complemento alimenticio eficaz y natural. Proporciona un valioso apoyo a su organismo tanto en d\u00edas de actividad normal como durante actividades psicof\u00edsicas intensas. Lo \u00fanico que tendr\u00e1s que modular es la cantidad que tomas.<\/p>\n<p>Su cuerpo puede asimilar r\u00e1pidamente la espirulina de AlgaVenice, ya que no contiene excipientes ni espesantes a\u00f1adidos.<\/p>\n<p>La espirulina en polvo puede a\u00f1adirse a bebidas o platos, como ingrediente en diversas recetas, en mezclas de alimentos, en helados, yogures, etc.<\/p>\n<p>Modo de empleo: Se recomienda media cucharadita.<br \/>\nDosis diaria 1g\/2g (m\u00e1ximo 3g al d\u00eda) en funci\u00f3n de las necesidades f\u00edsicas. Es preferible tomarlo en la primera parte del d\u00eda para aprovechar al m\u00e1ximo sus propiedades nutritivas.<\/p>\n<h2>Beneficios de la espirulina en polvo<\/h2>\n<p>La espirulina de AlgaVenice es la \u00fanica 100% pura. Hemos conseguido el m\u00e1ximo grado de pureza gracias a unas instalaciones de \u00faltima generaci\u00f3n que permiten cultivar las algas en fotobiorreactores cerrados. Adem\u00e1s, el secado se produce lentamente y de forma totalmente natural. No se a\u00f1aden excipientes para ofrecerle un producto aut\u00e9ntico libre de otras sustancias.<\/p>\n<p>Otro aspecto que deber\u00e1 tener en cuenta cuando decida empezar a utilizar nuestra espirulina es la tabla nutricional. Las algas contienen un 60-70% de prote\u00ednas vegetales \u00abnobles\u00bb. \u00bfQu\u00e9 son? Las prote\u00ednas vegetales nobles son aquellas que contienen los 11 amino\u00e1cidos esenciales que necesitamos aportar a nuestro organismo a trav\u00e9s de la alimentaci\u00f3n. Otro aspecto interesante es que estas prote\u00ednas son predigeridas por las algas, por lo que son inmediatamente asimilables por nuestro organismo.<\/p>\n<p>Las algas tambi\u00e9n contienen minerales como magnesio, manganeso, potasio, zinc, f\u00f3sforo, hierro y calcio. Tambi\u00e9n encontramos muchas vitaminas en su composici\u00f3n, entre ellas las de los grupos A, B, K, E y betacaroteno. Tambi\u00e9n est\u00e1n presentes otros elementos como carotenoides, ficocianina, esteroles y \u00e1cidos grasos esenciales (GLA, Omega 6).<\/p>\n<p>Si necesita m\u00e1s informaci\u00f3n sobre los valores nutricionales del alga espirulina en polvo, <a href=\"https:\/\/algavenice.com\/es\/contacto-con-nosotros\/\">p\u00f3ngase en contacto con nosotros<\/a>.<\/p>\n","protected":false},"excerpt":{"rendered":"<p><strong>La espirulina<\/strong> <strong>en polvo<\/strong> de AlgaVenice es un suplemento natural 100% puro y un valioso apoyo para su organismo.<\/p>\n<p>Lata blanca con tapa a presi\u00f3n que contiene 250 g de espirulina <em>Arthrospira Platensis<\/em> en polvo.<\/p>\n<p>Puede a\u00f1adirse a bebidas o platos, como ingrediente en diversas recetas, en mezclas de alimentos, en helados, yogures, etc.<\/p>\n","protected":false},"featured_media":10993,"comment_status":"closed","ping_status":"closed","template":"","meta":{"_acf_changed":false},"product_cat":[424,423,426],"product_tag":[],"class_list":{"0":"post-11955","1":"product","2":"type-product","3":"status-publish","4":"has-post-thumbnail","6":"product_brand-algavenice-by-agricola-serenissima-s-r-l-es","7":"product_cat-espirulina-en-frascos","8":"product_cat-espirulina-recomendada-para-ti","9":"product_cat-la-espirulina-mas-vendida","11":"first","12":"instock","13":"taxable","14":"shipping-taxable","15":"purchasable","16":"product-type-simple"},"acf":[],"yoast_head":"<!-- This site is optimized with the Yoast SEO plugin v27.3 - https:\/\/yoast.com\/product\/yoast-seo-wordpress\/ -->\n<title>Espirulina en polvo 250 g In Vendita Online | AlgaVenice<\/title>\n<meta name=\"description\" content=\"\u00bfPor qu\u00e9 elegir el polvo de espirulina de AlgaVenice? Sencillo: \u00a1es la \u00fanica espirulina pura del mercado! Cero aditivos, 100% espirulina.\" \/>\n<meta name=\"robots\" content=\"index, follow, max-snippet:-1, max-image-preview:large, max-video-preview:-1\" \/>\n<link rel=\"canonical\" href=\"https:\/\/algavenice.com\/es\/producto\/espirulina-en-polvo-250gr\/\" \/>\n<meta property=\"og:locale\" content=\"es_ES\" \/>\n<meta property=\"og:type\" content=\"article\" \/>\n<meta property=\"og:title\" content=\"Espirulina en polvo 250 g In Vendita Online | AlgaVenice\" \/>\n<meta property=\"og:description\" content=\"\u00bfPor qu\u00e9 elegir el polvo de espirulina de AlgaVenice? Sencillo: \u00a1es la \u00fanica espirulina pura del mercado! Cero aditivos, 100% espirulina.\" \/>\n<meta property=\"og:url\" content=\"https:\/\/algavenice.com\/es\/producto\/espirulina-en-polvo-250gr\/\" \/>\n<meta property=\"og:site_name\" content=\"AlgaVenice\" \/>\n<meta property=\"article:publisher\" content=\"https:\/\/www.facebook.com\/algavenice.it\" \/>\n<meta property=\"og:image\" content=\"https:\/\/algavenice.com\/wp-content\/uploads\/2021\/07\/spirulina_di_alta_qualita_bio_in_polvere_250gr.jpg\" \/>\n\t<meta property=\"og:image:width\" content=\"800\" \/>\n\t<meta property=\"og:image:height\" content=\"800\" \/>\n\t<meta property=\"og:image:type\" content=\"image\/jpeg\" \/>\n<meta name=\"twitter:card\" content=\"summary_large_image\" \/>\n<meta name=\"twitter:label1\" content=\"Tiempo de lectura\" \/>\n\t<meta name=\"twitter:data1\" content=\"2 minutos\" \/>\n<script type=\"application\/ld+json\" class=\"yoast-schema-graph\">{\"@context\":\"https:\\\/\\\/schema.org\",\"@graph\":[{\"@type\":\"WebPage\",\"@id\":\"https:\\\/\\\/algavenice.com\\\/es\\\/producto\\\/espirulina-en-polvo-250gr\\\/\",\"url\":\"https:\\\/\\\/algavenice.com\\\/es\\\/producto\\\/espirulina-en-polvo-250gr\\\/\",\"name\":\"Espirulina en polvo 250 g In Vendita Online | AlgaVenice\",\"isPartOf\":{\"@id\":\"https:\\\/\\\/algavenice.com\\\/es\\\/#website\"},\"primaryImageOfPage\":{\"@id\":\"https:\\\/\\\/algavenice.com\\\/es\\\/producto\\\/espirulina-en-polvo-250gr\\\/#primaryimage\"},\"image\":{\"@id\":\"https:\\\/\\\/algavenice.com\\\/es\\\/producto\\\/espirulina-en-polvo-250gr\\\/#primaryimage\"},\"thumbnailUrl\":\"https:\\\/\\\/algavenice.com\\\/wp-content\\\/uploads\\\/2021\\\/07\\\/spirulina_di_alta_qualita_bio_in_polvere_250gr.jpg\",\"datePublished\":\"2023-03-19T15:46:29+00:00\",\"description\":\"\u00bfPor qu\u00e9 elegir el polvo de espirulina de AlgaVenice? Sencillo: \u00a1es la \u00fanica espirulina pura del mercado! Cero aditivos, 100% espirulina.\",\"breadcrumb\":{\"@id\":\"https:\\\/\\\/algavenice.com\\\/es\\\/producto\\\/espirulina-en-polvo-250gr\\\/#breadcrumb\"},\"inLanguage\":\"es\",\"potentialAction\":[{\"@type\":\"ReadAction\",\"target\":[\"https:\\\/\\\/algavenice.com\\\/es\\\/producto\\\/espirulina-en-polvo-250gr\\\/\"]}]},{\"@type\":\"ImageObject\",\"inLanguage\":\"es\",\"@id\":\"https:\\\/\\\/algavenice.com\\\/es\\\/producto\\\/espirulina-en-polvo-250gr\\\/#primaryimage\",\"url\":\"https:\\\/\\\/algavenice.com\\\/wp-content\\\/uploads\\\/2021\\\/07\\\/spirulina_di_alta_qualita_bio_in_polvere_250gr.jpg\",\"contentUrl\":\"https:\\\/\\\/algavenice.com\\\/wp-content\\\/uploads\\\/2021\\\/07\\\/spirulina_di_alta_qualita_bio_in_polvere_250gr.jpg\",\"width\":800,\"height\":800,\"caption\":\"spirulina di alta qualit\u00e0 bio in polvere 250gr\"},{\"@type\":\"BreadcrumbList\",\"@id\":\"https:\\\/\\\/algavenice.com\\\/es\\\/producto\\\/espirulina-en-polvo-250gr\\\/#breadcrumb\",\"itemListElement\":[{\"@type\":\"ListItem\",\"position\":1,\"name\":\"Home\",\"item\":\"https:\\\/\\\/algavenice.com\\\/es\\\/\"},{\"@type\":\"ListItem\",\"position\":2,\"name\":\"Tienda ecol\u00f3gica\",\"item\":\"https:\\\/\\\/algavenice.com\\\/negozio-bio\\\/\"},{\"@type\":\"ListItem\",\"position\":3,\"name\":\"Espirulina en polvo 250 g\"}]},{\"@type\":\"WebSite\",\"@id\":\"https:\\\/\\\/algavenice.com\\\/es\\\/#website\",\"url\":\"https:\\\/\\\/algavenice.com\\\/es\\\/\",\"name\":\"AlgaVenice - Spirulina 100% pura, italiana e biologica\",\"description\":\"Vendita Spirulina di Alta Qualit\u00e0 Online\",\"publisher\":{\"@id\":\"https:\\\/\\\/algavenice.com\\\/es\\\/#organization\"},\"alternateName\":\"Vendita online Spirulina di alta qualit\u00e0\",\"potentialAction\":[{\"@type\":\"SearchAction\",\"target\":{\"@type\":\"EntryPoint\",\"urlTemplate\":\"https:\\\/\\\/algavenice.com\\\/es\\\/?s={search_term_string}\"},\"query-input\":{\"@type\":\"PropertyValueSpecification\",\"valueRequired\":true,\"valueName\":\"search_term_string\"}}],\"inLanguage\":\"es\"},{\"@type\":\"Organization\",\"@id\":\"https:\\\/\\\/algavenice.com\\\/es\\\/#organization\",\"name\":\"Societ\u00e0 Agricola Serenissima S.r.l.\",\"alternateName\":\"AlgaVenice\",\"url\":\"https:\\\/\\\/algavenice.com\\\/es\\\/\",\"logo\":{\"@type\":\"ImageObject\",\"inLanguage\":\"es\",\"@id\":\"https:\\\/\\\/algavenice.com\\\/es\\\/#\\\/schema\\\/logo\\\/image\\\/\",\"url\":\"https:\\\/\\\/algavenice.com\\\/wp-content\\\/uploads\\\/2023\\\/03\\\/algavenice_logo_dati_strutturati.jpg\",\"contentUrl\":\"https:\\\/\\\/algavenice.com\\\/wp-content\\\/uploads\\\/2023\\\/03\\\/algavenice_logo_dati_strutturati.jpg\",\"width\":696,\"height\":696,\"caption\":\"Societ\u00e0 Agricola Serenissima S.r.l.\"},\"image\":{\"@id\":\"https:\\\/\\\/algavenice.com\\\/es\\\/#\\\/schema\\\/logo\\\/image\\\/\"},\"sameAs\":[\"https:\\\/\\\/www.facebook.com\\\/algavenice.it\",\"https:\\\/\\\/www.instagram.com\\\/algavenice_spirulina\\\/\",\"https:\\\/\\\/www.youtube.com\\\/channel\\\/UCcgMDdoknspeIM22pqn7Qiw\"]}]}<\/script>\n<!-- \/ Yoast SEO plugin. -->","yoast_head_json":{"title":"Espirulina en polvo 250 g In Vendita Online | AlgaVenice","description":"\u00bfPor qu\u00e9 elegir el polvo de espirulina de AlgaVenice? Sencillo: \u00a1es la \u00fanica espirulina pura del mercado! Cero aditivos, 100% espirulina.","robots":{"index":"index","follow":"follow","max-snippet":"max-snippet:-1","max-image-preview":"max-image-preview:large","max-video-preview":"max-video-preview:-1"},"canonical":"https:\/\/algavenice.com\/es\/producto\/espirulina-en-polvo-250gr\/","og_locale":"es_ES","og_type":"article","og_title":"Espirulina en polvo 250 g In Vendita Online | AlgaVenice","og_description":"\u00bfPor qu\u00e9 elegir el polvo de espirulina de AlgaVenice? Sencillo: \u00a1es la \u00fanica espirulina pura del mercado! Cero aditivos, 100% espirulina.","og_url":"https:\/\/algavenice.com\/es\/producto\/espirulina-en-polvo-250gr\/","og_site_name":"AlgaVenice","article_publisher":"https:\/\/www.facebook.com\/algavenice.it","og_image":[{"width":800,"height":800,"url":"https:\/\/algavenice.com\/wp-content\/uploads\/2021\/07\/spirulina_di_alta_qualita_bio_in_polvere_250gr.jpg","type":"image\/jpeg"}],"twitter_card":"summary_large_image","twitter_misc":{"Tiempo de lectura":"2 minutos"},"schema":{"@context":"https:\/\/schema.org","@graph":[{"@type":"WebPage","@id":"https:\/\/algavenice.com\/es\/producto\/espirulina-en-polvo-250gr\/","url":"https:\/\/algavenice.com\/es\/producto\/espirulina-en-polvo-250gr\/","name":"Espirulina en polvo 250 g In Vendita Online | AlgaVenice","isPartOf":{"@id":"https:\/\/algavenice.com\/es\/#website"},"primaryImageOfPage":{"@id":"https:\/\/algavenice.com\/es\/producto\/espirulina-en-polvo-250gr\/#primaryimage"},"image":{"@id":"https:\/\/algavenice.com\/es\/producto\/espirulina-en-polvo-250gr\/#primaryimage"},"thumbnailUrl":"https:\/\/algavenice.com\/wp-content\/uploads\/2021\/07\/spirulina_di_alta_qualita_bio_in_polvere_250gr.jpg","datePublished":"2023-03-19T15:46:29+00:00","description":"\u00bfPor qu\u00e9 elegir el polvo de espirulina de AlgaVenice? Sencillo: \u00a1es la \u00fanica espirulina pura del mercado! Cero aditivos, 100% espirulina.","breadcrumb":{"@id":"https:\/\/algavenice.com\/es\/producto\/espirulina-en-polvo-250gr\/#breadcrumb"},"inLanguage":"es","potentialAction":[{"@type":"ReadAction","target":["https:\/\/algavenice.com\/es\/producto\/espirulina-en-polvo-250gr\/"]}]},{"@type":"ImageObject","inLanguage":"es","@id":"https:\/\/algavenice.com\/es\/producto\/espirulina-en-polvo-250gr\/#primaryimage","url":"https:\/\/algavenice.com\/wp-content\/uploads\/2021\/07\/spirulina_di_alta_qualita_bio_in_polvere_250gr.jpg","contentUrl":"https:\/\/algavenice.com\/wp-content\/uploads\/2021\/07\/spirulina_di_alta_qualita_bio_in_polvere_250gr.jpg","width":800,"height":800,"caption":"spirulina di alta qualit\u00e0 bio in polvere 250gr"},{"@type":"BreadcrumbList","@id":"https:\/\/algavenice.com\/es\/producto\/espirulina-en-polvo-250gr\/#breadcrumb","itemListElement":[{"@type":"ListItem","position":1,"name":"Home","item":"https:\/\/algavenice.com\/es\/"},{"@type":"ListItem","position":2,"name":"Tienda ecol\u00f3gica","item":"https:\/\/algavenice.com\/negozio-bio\/"},{"@type":"ListItem","position":3,"name":"Espirulina en polvo 250 g"}]},{"@type":"WebSite","@id":"https:\/\/algavenice.com\/es\/#website","url":"https:\/\/algavenice.com\/es\/","name":"AlgaVenice - Spirulina 100% pura, italiana e biologica","description":"Vendita Spirulina di Alta Qualit\u00e0 Online","publisher":{"@id":"https:\/\/algavenice.com\/es\/#organization"},"alternateName":"Vendita online Spirulina di alta qualit\u00e0","potentialAction":[{"@type":"SearchAction","target":{"@type":"EntryPoint","urlTemplate":"https:\/\/algavenice.com\/es\/?s={search_term_string}"},"query-input":{"@type":"PropertyValueSpecification","valueRequired":true,"valueName":"search_term_string"}}],"inLanguage":"es"},{"@type":"Organization","@id":"https:\/\/algavenice.com\/es\/#organization","name":"Societ\u00e0 Agricola Serenissima S.r.l.","alternateName":"AlgaVenice","url":"https:\/\/algavenice.com\/es\/","logo":{"@type":"ImageObject","inLanguage":"es","@id":"https:\/\/algavenice.com\/es\/#\/schema\/logo\/image\/","url":"https:\/\/algavenice.com\/wp-content\/uploads\/2023\/03\/algavenice_logo_dati_strutturati.jpg","contentUrl":"https:\/\/algavenice.com\/wp-content\/uploads\/2023\/03\/algavenice_logo_dati_strutturati.jpg","width":696,"height":696,"caption":"Societ\u00e0 Agricola Serenissima S.r.l."},"image":{"@id":"https:\/\/algavenice.com\/es\/#\/schema\/logo\/image\/"},"sameAs":["https:\/\/www.facebook.com\/algavenice.it","https:\/\/www.instagram.com\/algavenice_spirulina\/","https:\/\/www.youtube.com\/channel\/UCcgMDdoknspeIM22pqn7Qiw"]}]}},"_links":{"self":[{"href":"https:\/\/algavenice.com\/es\/wp-json\/wp\/v2\/product\/11955","targetHints":{"allow":["GET"]}}],"collection":[{"href":"https:\/\/algavenice.com\/es\/wp-json\/wp\/v2\/product"}],"about":[{"href":"https:\/\/algavenice.com\/es\/wp-json\/wp\/v2\/types\/product"}],"replies":[{"embeddable":true,"href":"https:\/\/algavenice.com\/es\/wp-json\/wp\/v2\/comments?post=11955"}],"wp:featuredmedia":[{"embeddable":true,"href":"https:\/\/algavenice.com\/es\/wp-json\/wp\/v2\/media\/10993"}],"wp:attachment":[{"href":"https:\/\/algavenice.com\/es\/wp-json\/wp\/v2\/media?parent=11955"}],"wp:term":[{"taxonomy":"product_cat","embeddable":true,"href":"https:\/\/algavenice.com\/es\/wp-json\/wp\/v2\/product_cat?post=11955"},{"taxonomy":"product_tag","embeddable":true,"href":"https:\/\/algavenice.com\/es\/wp-json\/wp\/v2\/product_tag?post=11955"}],"curies":[{"name":"wp","href":"https:\/\/api.w.org\/{rel}","templated":true}]}}