{"id":11685,"date":"2023-03-17T14:47:11","date_gmt":"2023-03-17T13:47:11","guid":{"rendered":"https:\/\/algavenice.com\/politique-de-confidentialite-conforme-au-gdpr\/"},"modified":"2023-03-22T15:19:12","modified_gmt":"2023-03-22T14:19:12","slug":"politique-de-confidentialite-conforme-au-gdpr","status":"publish","type":"page","link":"https:\/\/algavenice.com\/fr\/politique-de-confidentialite-conforme-au-gdpr\/","title":{"rendered":"Politique de confidentialit\u00e9 conforme au GDPR"},"content":{"rendered":"\t\t<div data-elementor-type=\"wp-page\" data-elementor-id=\"11685\" class=\"elementor elementor-11685 elementor-3342\">\n\t\t\t\t\t\t<section class=\"elementor-section elementor-top-section elementor-element elementor-element-33187d2b elementor-section-boxed elementor-section-height-default elementor-section-height-default none\" data-id=\"33187d2b\" data-element_type=\"section\" data-e-type=\"section\">\n\t\t\t\t\t\t<div class=\"elementor-container elementor-column-gap-default\">\n\t\t\t\t\t<div class=\"elementor-column elementor-col-100 elementor-top-column elementor-element elementor-element-3fc09d07 none\" data-id=\"3fc09d07\" data-element_type=\"column\" data-e-type=\"column\">\n\t\t\t<div class=\"elementor-widget-wrap elementor-element-populated\">\n\t\t\t\t\t\t<div class=\"elementor-element elementor-element-2143cc2 none elementor-widget elementor-widget-text-editor\" data-id=\"2143cc2\" data-element_type=\"widget\" data-e-type=\"widget\" data-widget_type=\"text-editor.default\">\n\t\t\t\t<div class=\"elementor-widget-container\">\n\t\t\t\t\t\t\t\t\t<h1>Politique de confidentialit\u00e9 et de cookies conforme au GDPR<\/h1>\n<h2>GDPR 679\/2016 &#8211; Informations sur la protection des donn\u00e9es personnelles<\/h2>\n<p><strong>Les utilisateurs sont inform\u00e9s :<\/strong><\/p>\n<p>que les donn\u00e9es seront trait\u00e9es conform\u00e9ment aux dispositions l\u00e9gales de la l\u00e9gislation susmentionn\u00e9e et aux obligations de confidentialit\u00e9 qui y sont pr\u00e9vues, dans le respect des principes d&rsquo;exactitude, de l\u00e9galit\u00e9, de transparence et de protection de votre vie priv\u00e9e<\/p>\n<p><strong>Base juridique<\/strong><\/p>\n<p>Le traitement des donn\u00e9es des clients est bas\u00e9 sur le consentement fourni directement par le client et sur le traitement n\u00e9cessaire pour permettre la conclusion du contrat de service, et ils consentent au traitement de leurs donn\u00e9es personnelles de la mani\u00e8re et aux fins d\u00e9crites ci-dessous, y compris la divulgation \u00e9ventuelle \u00e0 des tiers si cela est n\u00e9cessaire pour la fourniture d&rsquo;un service.<\/p>\n<p>Art. 6 (1) lett. (a) la personne concern\u00e9e a consenti au traitement de ses donn\u00e9es \u00e0 caract\u00e8re personnel pour une ou plusieurs finalit\u00e9s sp\u00e9cifiques ; (Le traitement est n\u00e9cessaire \u00e0 l&rsquo;ex\u00e9cution d&rsquo;un contrat auquel la personne concern\u00e9e est partie ou \u00e0 l&rsquo;ex\u00e9cution de mesures pr\u00e9alables \u00e0 la conclusion d&rsquo;un contrat \u00e0 la demande de la personne concern\u00e9e ; f) le traitement est n\u00e9cessaire \u00e0 la poursuite des int\u00e9r\u00eats l\u00e9gitimes du responsable du traitement ou d&rsquo;un tiers.<\/p>\n<p>Le responsable du traitement de vos donn\u00e9es personnelles est :<br \/><b>Societ\u00e0 Agricola Serenissima S.S.<br \/>VAT\/CF : 04808400289<br \/>district du four 7\/1<br \/>35026 &#8211; Conselve (Padoue) &#8211; Italie<\/b><\/p>\n<p>responsable de l&rsquo;utilisation licite et correcte de vos donn\u00e9es personnelles et que vous pouvez contacter pour toute information ou demande aux adresses suivantes :<br \/><b>Tel : <a href=\"tel:+39347%202910687\">+39 347 2910687<\/a><br \/>mail : <a href=\"mailto:aa.serenissima@gmail.com\">aa.serenissima@gmail.com<\/a><\/b><\/p>\n<p>Le contr\u00f4leur des donn\u00e9es, conform\u00e9ment \u00e0 l&rsquo;art. 37 GDPR a d\u00e9sign\u00e9 son repr\u00e9sentant l\u00e9gal pro-tempore.<\/p>\n<p><strong>Finalit\u00e9 du traitement<\/strong><\/p>\n<p>Assurer le suivi des activit\u00e9s de pr\u00e9vente et d&rsquo;information commerciale demand\u00e9es par le sujet.<\/p>\n<p>G\u00e9rer, conclure et ex\u00e9cuter la relation contractuelle convenue, ainsi que toutes les dispositions auxiliaires n\u00e9cessaires, y compris le respect des obligations fiscales et comptables.<\/p>\n<p>Traitement et ex\u00e9cution des demandes de contact de la personne concern\u00e9e, des demandes de prestation de services, des demandes d&rsquo;assistance, y compris par la communication \u00e0 des tiers.<\/p>\n<p>Donn\u00e9es r\u00e9sultant d&rsquo;une transmission implicite dans le cadre de l&rsquo;utilisation des protocoles de communication Internet.<\/p>\n<p>Les donn\u00e9es pourraient \u00e9galement \u00eatre utilis\u00e9es pour d\u00e9terminer la responsabilit\u00e9 en cas d&rsquo;hypoth\u00e9tiques d\u00e9lits informatiques contre la structure informatique (int\u00e9r\u00eats l\u00e9gitimes du propri\u00e9taire).<\/p>\n<p>La Societ\u00e0 Agricola Serenissima S.S. proc\u00e8de au profilage conform\u00e9ment aux m\u00e9thodes et aux limites pr\u00e9vues par la loi, en envoyant des informations promotionnelles sur nos services, des informations marketing, du remarketing, de la publicit\u00e9 et d&rsquo;autres informations susceptibles de vous int\u00e9resser en fonction des pr\u00e9f\u00e9rences que vous avez exprim\u00e9es lorsque vous avez fourni vos donn\u00e9es personnelles.<\/p>\n<p><strong>Zone territoriale<\/strong><\/p>\n<p>Le responsable du traitement des donn\u00e9es informe qu&rsquo;il traitera les donn\u00e9es fournies, principalement directement ou en les confiant \u00e0 un tiers, mais dans l&rsquo;espace europ\u00e9en.<\/p>\n<p><strong>La partie int\u00e9ress\u00e9e<\/strong><\/p>\n<p>Conform\u00e9ment \u00e0 l&rsquo;article 15 du r\u00e8glement (UE) n\u00b0 679\/2016, vous avez le droit d&rsquo;obtenir la confirmation de l&rsquo;existence ou non de donn\u00e9es vous concernant, d&rsquo;\u00eatre inform\u00e9 de l&rsquo;origine des donn\u00e9es ainsi que des finalit\u00e9s et des modalit\u00e9s du traitement, de faire mettre \u00e0 jour, rectifier, compl\u00e9ter les donn\u00e9es, de faire effacer les donn\u00e9es trait\u00e9es en violation de la loi et de vous opposer au traitement des donn\u00e9es \u00e0 des fins d&rsquo;envoi de mat\u00e9riel publicitaire.<strong> <\/strong><\/p>\n<p><strong>Exercice des droits &#8211; Plainte<\/strong><\/p>\n<p>Vous pouvez exercer l&rsquo;un des droits d\u00e9crits dans la pr\u00e9sente section \u00e0 l&rsquo;encontre du responsable du traitement des donn\u00e9es en envoyant un courrier \u00e9lectronique \u00e0 <a href=\"mailto:aa.serenissima@gmail.com\" target=\"_blank\" rel=\"noopener\">aa.serenissima@gmail.com<\/a>.<\/p>\n<p>Veuillez noter que nous pouvons vous demander de v\u00e9rifier votre identit\u00e9 avant de donner suite \u00e0 votre demande.<\/p>\n<p>Pour exercer vos droits en vertu de l&rsquo;art. 15 du r\u00e8glement UE 679\/2016 peut contacter le contr\u00f4leur des donn\u00e9es en \u00e9crivant \u00e0 : Societ\u00e0 Agricola Serenissima S.S. P.IVA\/CF 04808400289 &#8211; quartiere della fornace 7\/1 &#8211; 35026 Conselve (Padova) &#8211; Italie ou en envoyant un courriel \u00e0 : <a href=\"mailto:aa.serenissima@gmail.com\" target=\"_blank\" rel=\"noopener\">aa.serenissima@gmail.com.<\/a><strong> <\/strong><\/p>\n<p><strong>Acc\u00e8s aux donn\u00e9es<\/strong><\/p>\n<p>Vous avez le droit de demander des copies des donn\u00e9es \u00e0 caract\u00e8re personnel que vous nous avez fournies dans un format structur\u00e9, couramment utilis\u00e9 et lisible \u00e9lectroniquement, et\/ou de nous demander de transmettre ces informations \u00e0 un autre prestataire de services (lorsque cela est techniquement possible).<\/p>\n<p><strong>Dur\u00e9e du traitement Stockage<\/strong><\/p>\n<p>En g\u00e9n\u00e9ral, la Societ\u00e0 Agricola Serenissima S.S. conserve vos donn\u00e9es personnelles pour de courtes p\u00e9riodes, ou pour la dur\u00e9e n\u00e9cessaire \u00e0 l&rsquo;ex\u00e9cution du contrat.<\/p>\n<p>Nous pouvons conserver certaines de vos donn\u00e9es personnelles dans la mesure o\u00f9 cela est n\u00e9cessaire pour remplir nos obligations l\u00e9gales et fiscales et pour prot\u00e9ger nos int\u00e9r\u00eats contractuels.<\/p>\n<p>Exceptionnellement, nous pouvons conserver certaines de vos donn\u00e9es \u00e0 caract\u00e8re personnel dans le but de mener des enqu\u00eates, comme l&rsquo;exige la loi.<\/p>\n<p>Nous d\u00e9clarons qu&rsquo;apr\u00e8s 24 mois \u00e0 compter de la fin des obligations contractuelles ou des activit\u00e9s de pr\u00e9vente et commerciales requises, nous supprimerons les donn\u00e9es personnelles qui ne sont pas autrement requises par des r\u00e9glementations obligatoires.<strong> <\/strong><\/p>\n<p><strong>Retrait du consentement et restriction du traitement des donn\u00e9es \u00e0 caract\u00e8re personnel.<\/strong><\/p>\n<p>Vous pouvez \u00e0 tout moment r\u00e9voquer votre consentement au traitement de vos donn\u00e9es \u00e0 caract\u00e8re personnel en nous envoyant une communication indiquant que vous souhaitez r\u00e9voquer votre consentement, ou proc\u00e9der directement \u00e0 la suppression le cas \u00e9ch\u00e9ant. Le retrait du consentement n&rsquo;affecte pas la l\u00e9galit\u00e9 de toute activit\u00e9 de traitement fond\u00e9e sur ce consentement avant son retrait.<\/p>\n<p><strong>Politique en mati\u00e8re de cookies<\/strong><\/p>\n<p>Un cookie est un petit fichier texte compos\u00e9 de lettres et de chiffres plac\u00e9 par un site web sur l&rsquo;ordinateur d&rsquo;un utilisateur lorsqu&rsquo;il acc\u00e8de \u00e0 un site.<\/p>\n<p>Ils sont stock\u00e9s par le navigateur (par exemple Google Chrome, Microsoft Edge ou Apple Safari) sur votre ordinateur, smartphone ou autre appareil et permettent aux sites web de stocker et d&rsquo;utiliser des informations sur les pr\u00e9f\u00e9rences de l&rsquo;utilisateur afin de reconna\u00eetre un utilisateur lorsqu&rsquo;il acc\u00e8de au site et \u00e9ventuellement de r\u00e9agir en cons\u00e9quence.<\/p>\n<p><strong>Comment ils sont utilis\u00e9s<\/strong><\/p>\n<p>Les cookies sont utilis\u00e9s pour am\u00e9liorer la fonctionnalit\u00e9 et la facilit\u00e9 d&rsquo;utilisation de notre site web. Nous utilisons deux types de cookies : les cookies persistants et les cookies de session.<\/p>\n<p>Les cookies persistants sont ceux qui restent dans le moteur de recherche entre les sessions.<\/p>\n<p>Les cookies de session sont pr\u00e9sents lorsque vous visitez notre site et ne sont pas stock\u00e9s dans votre navigateur lorsque vous le quittez.<\/p>\n<p>Aucune information personnelle n&rsquo;est enregistr\u00e9e dans les cookies.<\/p>\n<p>Toutes les informations collect\u00e9es par les cookies sont conserv\u00e9es et ne sont pas divulgu\u00e9es, transmises ou vendues \u00e0 des tiers.<\/p>\n<p><strong>Types de cookies utilis\u00e9s sur le site<\/strong><\/p>\n<p>Vous trouverez ci-dessous les diff\u00e9rents types de cookies utilis\u00e9s en fonction de leur finalit\u00e9.<br \/>* PHPSESSID &#8211; Cookie relatif \u00e0 la session de navigation au sein du site<br \/>* _ga \/ _gat \/ _gid &#8211; cookies de Google Analytics<br \/>* Cookie_ue &#8211; Cookie li\u00e9 \u00e0 l&rsquo;acceptation de l&rsquo;information sur l&rsquo;utilisation des cookies<\/p>\n<p><strong>Cookies techniques<\/strong><\/p>\n<p>Ce type de cookie permet \u00e0 certaines sections du site de fonctionner correctement.<br \/>Ils se r\u00e9partissent en deux cat\u00e9gories : les travailleurs permanents et les travailleurs temporaires :<br \/>* persistants : une fois le navigateur ferm\u00e9, ils ne sont pas d\u00e9truits mais restent en place jusqu&rsquo;\u00e0 une date d&rsquo;expiration pr\u00e9d\u00e9finie ;<br \/>* session : ils sont d\u00e9truits chaque fois que le navigateur est ferm\u00e9.<\/p>\n<p>Ces cookies, toujours envoy\u00e9s depuis notre domaine, sont n\u00e9cessaires pour afficher le site correctement et en relation avec les services techniques offerts, ils seront donc toujours utilis\u00e9s et envoy\u00e9s, \u00e0 moins que l&rsquo;utilisateur ne modifie les param\u00e8tres de son navigateur (affectant ainsi l&rsquo;affichage des pages du site).<\/p>\n<p><strong>Cookies analytiques<\/strong><\/p>\n<p>Les cookies de cette cat\u00e9gorie sont utilis\u00e9s pour collecter des informations sur l&rsquo;utilisation du site.<\/p>\n<p>Le site utilisera ces informations \u00e0 des fins d&rsquo;analyse statistique anonyme afin d&rsquo;am\u00e9liorer l&rsquo;utilisation du site et de rendre le contenu plus int\u00e9ressant et plus adapt\u00e9 aux souhaits de l&rsquo;utilisateur.<\/p>\n<p>Ce type de cookie recueille des donn\u00e9es sous une forme anonyme sur l&rsquo;activit\u00e9 des utilisateurs et la fa\u00e7on dont ils sont arriv\u00e9s sur le site. Les cookies analytiques sont envoy\u00e9s par le site lui-m\u00eame ou par des domaines tiers.<\/p>\n<p><strong>Cookies d&rsquo;analyse pour les services de tiers<\/strong><\/p>\n<p>Ces cookies sont utilis\u00e9s pour collecter des informations sur l&rsquo;utilisation du site par les utilisateurs sous une forme anonyme, telles que les pages visit\u00e9es, le temps pass\u00e9, l&rsquo;origine du trafic, l&rsquo;origine g\u00e9ographique, l&rsquo;\u00e2ge, le sexe et les centres d&rsquo;int\u00e9r\u00eat, dans le but de mener des campagnes de marketing. Ces cookies sont envoy\u00e9s par des domaines tiers en dehors du site.<\/p>\n<p><strong>Cookies pour int\u00e9grer des logiciels et des fonctions de tiers  <\/strong><\/p>\n<p>Ce type de cookie int\u00e8gre des fonctionnalit\u00e9s d\u00e9velopp\u00e9es par des tiers au sein des pages du Site telles que les ic\u00f4nes et les pr\u00e9f\u00e9rences exprim\u00e9es dans les r\u00e9seaux sociaux dans le but de partager le contenu du Site ou pour l&rsquo;utilisation de services logiciels tiers (tels que des logiciels pour g\u00e9n\u00e9rer des cartes et d&rsquo;autres logiciels offrant des services suppl\u00e9mentaires). Ces cookies sont envoy\u00e9s par des domaines tiers et des sites partenaires qui proposent leurs fonctionnalit\u00e9s entre les pages du Site.<\/p>\n<p><strong>Cookies de profilage<\/strong><\/p>\n<p>Il s&rsquo;agit des cookies n\u00e9cessaires pour cr\u00e9er des profils d&rsquo;utilisateurs afin d&rsquo;envoyer des messages publicitaires en fonction des pr\u00e9f\u00e9rences exprim\u00e9es par l&rsquo;utilisateur dans les pages du site.<\/p>\n<p><strong>Moyens d&rsquo;exprimer son consentement \u00e0 l&rsquo;utilisation de cookies<\/strong><\/p>\n<p>Conform\u00e9ment \u00e0 la l\u00e9gislation en vigueur, le contr\u00f4leur des donn\u00e9es n&rsquo;est pas tenu de demander le consentement pour les cookies techniques et analytiques, \u00e9tant donn\u00e9 qu&rsquo;ils sont n\u00e9cessaires pour fournir les services demand\u00e9s. Pour tous les autres types de cookies, le consentement peut \u00eatre exprim\u00e9 par l&rsquo;utilisateur d&rsquo;une ou plusieurs des mani\u00e8res suivantes :<br \/>* Au moyen de configurations sp\u00e9cifiques du navigateur utilis\u00e9 ou des programmes informatiques pertinents utilis\u00e9s pour naviguer sur les pages qui composent le Site.<br \/>* en modifiant les param\u00e8tres lors de l&rsquo;utilisation de services tiers<\/p>\n<p>L&rsquo;une ou l&rsquo;autre de ces solutions peut emp\u00eacher l&rsquo;utilisateur d&rsquo;utiliser ou de visualiser certaines parties du site.<\/p>\n<p><strong>D\u00e9sactivation des cookies<\/strong><\/p>\n<p>La plupart des navigateurs acceptent les cookies automatiquement, mais vous pouvez \u00e9galement choisir de ne pas les accepter. Si vous ne souhaitez pas que votre ordinateur re\u00e7oive et stocke des cookies, vous pouvez modifier les param\u00e8tres de s\u00e9curit\u00e9 de votre navigateur (Microsoft Edge, Google Chrome, Apple Safari, etc.).<\/p>\n\t\t\t\t\t\t\t\t<\/div>\n\t\t\t\t<\/div>\n\t\t\t\t\t<\/div>\n\t\t<\/div>\n\t\t\t\t\t<\/div>\n\t\t<\/section>\n\t\t\t\t<\/div>\n\t\t","protected":false},"excerpt":{"rendered":"<p>Politique de confidentialit\u00e9 et de cookies conforme au GDPR GDPR 679\/2016 &#8211; Informations sur la protection des donn\u00e9es personnelles Les utilisateurs sont inform\u00e9s : que les donn\u00e9es seront trait\u00e9es conform\u00e9ment [&hellip;]<\/p>\n","protected":false},"author":1,"featured_media":0,"parent":0,"menu_order":0,"comment_status":"closed","ping_status":"closed","template":"","meta":{"_acf_changed":false,"footnotes":""},"class_list":["post-11685","page","type-page","status-publish","hentry"],"acf":[],"yoast_head":"<!-- This site is optimized with the Yoast SEO plugin v27.3 - https:\/\/yoast.com\/product\/yoast-seo-wordpress\/ -->\n<title>Politique de confidentialit\u00e9 conforme au GDPR - AlgaVenice<\/title>\n<meta name=\"description\" content=\"Notre politique de confidentialit\u00e9 et notre politique en mati\u00e8re de cookies sont conformes au GDPR. Comment notre entreprise traite et respecte vos donn\u00e9es et votre vie priv\u00e9e.\" \/>\n<meta name=\"robots\" content=\"index, follow, max-snippet:-1, max-image-preview:large, max-video-preview:-1\" \/>\n<link rel=\"canonical\" href=\"https:\/\/algavenice.com\/fr\/politique-de-confidentialite-conforme-au-gdpr\/\" \/>\n<meta property=\"og:locale\" content=\"fr_FR\" \/>\n<meta property=\"og:type\" content=\"article\" \/>\n<meta property=\"og:title\" content=\"Politique de confidentialit\u00e9 conforme au GDPR - AlgaVenice\" \/>\n<meta property=\"og:description\" content=\"Notre politique de confidentialit\u00e9 et notre politique en mati\u00e8re de cookies sont conformes au GDPR. Comment notre entreprise traite et respecte vos donn\u00e9es et votre vie priv\u00e9e.\" \/>\n<meta property=\"og:url\" content=\"https:\/\/algavenice.com\/fr\/politique-de-confidentialite-conforme-au-gdpr\/\" \/>\n<meta property=\"og:site_name\" content=\"AlgaVenice\" \/>\n<meta property=\"article:publisher\" content=\"https:\/\/www.facebook.com\/algavenice.it\" \/>\n<meta property=\"article:modified_time\" content=\"2023-03-22T14:19:12+00:00\" \/>\n<meta property=\"og:image\" content=\"https:\/\/algavenice.com\/wp-content\/uploads\/2023\/03\/algavenice_cover_image.jpg\" \/>\n\t<meta property=\"og:image:width\" content=\"1200\" \/>\n\t<meta property=\"og:image:height\" content=\"1046\" \/>\n\t<meta property=\"og:image:type\" content=\"image\/jpeg\" \/>\n<meta name=\"twitter:card\" content=\"summary_large_image\" \/>\n<meta name=\"twitter:label1\" content=\"Dur\u00e9e de lecture estim\u00e9e\" \/>\n\t<meta name=\"twitter:data1\" content=\"9 minutes\" \/>\n<script type=\"application\/ld+json\" class=\"yoast-schema-graph\">{\"@context\":\"https:\\\/\\\/schema.org\",\"@graph\":[{\"@type\":\"WebPage\",\"@id\":\"https:\\\/\\\/algavenice.com\\\/fr\\\/politique-de-confidentialite-conforme-au-gdpr\\\/\",\"url\":\"https:\\\/\\\/algavenice.com\\\/fr\\\/politique-de-confidentialite-conforme-au-gdpr\\\/\",\"name\":\"Politique de confidentialit\u00e9 conforme au GDPR - AlgaVenice\",\"isPartOf\":{\"@id\":\"https:\\\/\\\/algavenice.com\\\/fr\\\/#website\"},\"datePublished\":\"2023-03-17T13:47:11+00:00\",\"dateModified\":\"2023-03-22T14:19:12+00:00\",\"description\":\"Notre politique de confidentialit\u00e9 et notre politique en mati\u00e8re de cookies sont conformes au GDPR. Comment notre entreprise traite et respecte vos donn\u00e9es et votre vie priv\u00e9e.\",\"breadcrumb\":{\"@id\":\"https:\\\/\\\/algavenice.com\\\/fr\\\/politique-de-confidentialite-conforme-au-gdpr\\\/#breadcrumb\"},\"inLanguage\":\"fr-FR\",\"potentialAction\":[{\"@type\":\"ReadAction\",\"target\":[\"https:\\\/\\\/algavenice.com\\\/fr\\\/politique-de-confidentialite-conforme-au-gdpr\\\/\"]}]},{\"@type\":\"BreadcrumbList\",\"@id\":\"https:\\\/\\\/algavenice.com\\\/fr\\\/politique-de-confidentialite-conforme-au-gdpr\\\/#breadcrumb\",\"itemListElement\":[{\"@type\":\"ListItem\",\"position\":1,\"name\":\"Home\",\"item\":\"https:\\\/\\\/algavenice.com\\\/fr\\\/\"},{\"@type\":\"ListItem\",\"position\":2,\"name\":\"Politique de confidentialit\u00e9 conforme au GDPR\"}]},{\"@type\":\"WebSite\",\"@id\":\"https:\\\/\\\/algavenice.com\\\/fr\\\/#website\",\"url\":\"https:\\\/\\\/algavenice.com\\\/fr\\\/\",\"name\":\"AlgaVenice - Spirulina 100% pura, italiana e biologica\",\"description\":\"Vendita Spirulina di Alta Qualit\u00e0 Online\",\"publisher\":{\"@id\":\"https:\\\/\\\/algavenice.com\\\/fr\\\/#organization\"},\"alternateName\":\"Vendita online Spirulina di alta qualit\u00e0\",\"potentialAction\":[{\"@type\":\"SearchAction\",\"target\":{\"@type\":\"EntryPoint\",\"urlTemplate\":\"https:\\\/\\\/algavenice.com\\\/fr\\\/?s={search_term_string}\"},\"query-input\":{\"@type\":\"PropertyValueSpecification\",\"valueRequired\":true,\"valueName\":\"search_term_string\"}}],\"inLanguage\":\"fr-FR\"},{\"@type\":\"Organization\",\"@id\":\"https:\\\/\\\/algavenice.com\\\/fr\\\/#organization\",\"name\":\"Societ\u00e0 Agricola Serenissima S.r.l.\",\"alternateName\":\"AlgaVenice\",\"url\":\"https:\\\/\\\/algavenice.com\\\/fr\\\/\",\"logo\":{\"@type\":\"ImageObject\",\"inLanguage\":\"fr-FR\",\"@id\":\"https:\\\/\\\/algavenice.com\\\/fr\\\/#\\\/schema\\\/logo\\\/image\\\/\",\"url\":\"https:\\\/\\\/algavenice.com\\\/wp-content\\\/uploads\\\/2023\\\/03\\\/algavenice_logo_dati_strutturati.jpg\",\"contentUrl\":\"https:\\\/\\\/algavenice.com\\\/wp-content\\\/uploads\\\/2023\\\/03\\\/algavenice_logo_dati_strutturati.jpg\",\"width\":696,\"height\":696,\"caption\":\"Societ\u00e0 Agricola Serenissima S.r.l.\"},\"image\":{\"@id\":\"https:\\\/\\\/algavenice.com\\\/fr\\\/#\\\/schema\\\/logo\\\/image\\\/\"},\"sameAs\":[\"https:\\\/\\\/www.facebook.com\\\/algavenice.it\",\"https:\\\/\\\/www.instagram.com\\\/algavenice_spirulina\\\/\",\"https:\\\/\\\/www.youtube.com\\\/channel\\\/UCcgMDdoknspeIM22pqn7Qiw\"]}]}<\/script>\n<!-- \/ Yoast SEO plugin. -->","yoast_head_json":{"title":"Politique de confidentialit\u00e9 conforme au GDPR - AlgaVenice","description":"Notre politique de confidentialit\u00e9 et notre politique en mati\u00e8re de cookies sont conformes au GDPR. Comment notre entreprise traite et respecte vos donn\u00e9es et votre vie priv\u00e9e.","robots":{"index":"index","follow":"follow","max-snippet":"max-snippet:-1","max-image-preview":"max-image-preview:large","max-video-preview":"max-video-preview:-1"},"canonical":"https:\/\/algavenice.com\/fr\/politique-de-confidentialite-conforme-au-gdpr\/","og_locale":"fr_FR","og_type":"article","og_title":"Politique de confidentialit\u00e9 conforme au GDPR - AlgaVenice","og_description":"Notre politique de confidentialit\u00e9 et notre politique en mati\u00e8re de cookies sont conformes au GDPR. Comment notre entreprise traite et respecte vos donn\u00e9es et votre vie priv\u00e9e.","og_url":"https:\/\/algavenice.com\/fr\/politique-de-confidentialite-conforme-au-gdpr\/","og_site_name":"AlgaVenice","article_publisher":"https:\/\/www.facebook.com\/algavenice.it","article_modified_time":"2023-03-22T14:19:12+00:00","og_image":[{"width":1200,"height":1046,"url":"https:\/\/algavenice.com\/wp-content\/uploads\/2023\/03\/algavenice_cover_image.jpg","type":"image\/jpeg"}],"twitter_card":"summary_large_image","twitter_misc":{"Dur\u00e9e de lecture estim\u00e9e":"9 minutes"},"schema":{"@context":"https:\/\/schema.org","@graph":[{"@type":"WebPage","@id":"https:\/\/algavenice.com\/fr\/politique-de-confidentialite-conforme-au-gdpr\/","url":"https:\/\/algavenice.com\/fr\/politique-de-confidentialite-conforme-au-gdpr\/","name":"Politique de confidentialit\u00e9 conforme au GDPR - AlgaVenice","isPartOf":{"@id":"https:\/\/algavenice.com\/fr\/#website"},"datePublished":"2023-03-17T13:47:11+00:00","dateModified":"2023-03-22T14:19:12+00:00","description":"Notre politique de confidentialit\u00e9 et notre politique en mati\u00e8re de cookies sont conformes au GDPR. Comment notre entreprise traite et respecte vos donn\u00e9es et votre vie priv\u00e9e.","breadcrumb":{"@id":"https:\/\/algavenice.com\/fr\/politique-de-confidentialite-conforme-au-gdpr\/#breadcrumb"},"inLanguage":"fr-FR","potentialAction":[{"@type":"ReadAction","target":["https:\/\/algavenice.com\/fr\/politique-de-confidentialite-conforme-au-gdpr\/"]}]},{"@type":"BreadcrumbList","@id":"https:\/\/algavenice.com\/fr\/politique-de-confidentialite-conforme-au-gdpr\/#breadcrumb","itemListElement":[{"@type":"ListItem","position":1,"name":"Home","item":"https:\/\/algavenice.com\/fr\/"},{"@type":"ListItem","position":2,"name":"Politique de confidentialit\u00e9 conforme au GDPR"}]},{"@type":"WebSite","@id":"https:\/\/algavenice.com\/fr\/#website","url":"https:\/\/algavenice.com\/fr\/","name":"AlgaVenice - Spirulina 100% pura, italiana e biologica","description":"Vendita Spirulina di Alta Qualit\u00e0 Online","publisher":{"@id":"https:\/\/algavenice.com\/fr\/#organization"},"alternateName":"Vendita online Spirulina di alta qualit\u00e0","potentialAction":[{"@type":"SearchAction","target":{"@type":"EntryPoint","urlTemplate":"https:\/\/algavenice.com\/fr\/?s={search_term_string}"},"query-input":{"@type":"PropertyValueSpecification","valueRequired":true,"valueName":"search_term_string"}}],"inLanguage":"fr-FR"},{"@type":"Organization","@id":"https:\/\/algavenice.com\/fr\/#organization","name":"Societ\u00e0 Agricola Serenissima S.r.l.","alternateName":"AlgaVenice","url":"https:\/\/algavenice.com\/fr\/","logo":{"@type":"ImageObject","inLanguage":"fr-FR","@id":"https:\/\/algavenice.com\/fr\/#\/schema\/logo\/image\/","url":"https:\/\/algavenice.com\/wp-content\/uploads\/2023\/03\/algavenice_logo_dati_strutturati.jpg","contentUrl":"https:\/\/algavenice.com\/wp-content\/uploads\/2023\/03\/algavenice_logo_dati_strutturati.jpg","width":696,"height":696,"caption":"Societ\u00e0 Agricola Serenissima S.r.l."},"image":{"@id":"https:\/\/algavenice.com\/fr\/#\/schema\/logo\/image\/"},"sameAs":["https:\/\/www.facebook.com\/algavenice.it","https:\/\/www.instagram.com\/algavenice_spirulina\/","https:\/\/www.youtube.com\/channel\/UCcgMDdoknspeIM22pqn7Qiw"]}]}},"_links":{"self":[{"href":"https:\/\/algavenice.com\/fr\/wp-json\/wp\/v2\/pages\/11685","targetHints":{"allow":["GET"]}}],"collection":[{"href":"https:\/\/algavenice.com\/fr\/wp-json\/wp\/v2\/pages"}],"about":[{"href":"https:\/\/algavenice.com\/fr\/wp-json\/wp\/v2\/types\/page"}],"author":[{"embeddable":true,"href":"https:\/\/algavenice.com\/fr\/wp-json\/wp\/v2\/users\/1"}],"replies":[{"embeddable":true,"href":"https:\/\/algavenice.com\/fr\/wp-json\/wp\/v2\/comments?post=11685"}],"version-history":[{"count":0,"href":"https:\/\/algavenice.com\/fr\/wp-json\/wp\/v2\/pages\/11685\/revisions"}],"wp:attachment":[{"href":"https:\/\/algavenice.com\/fr\/wp-json\/wp\/v2\/media?parent=11685"}],"curies":[{"name":"wp","href":"https:\/\/api.w.org\/{rel}","templated":true}]}}