{"id":11695,"date":"2023-03-17T14:54:54","date_gmt":"2023-03-17T13:54:54","guid":{"rendered":"https:\/\/algavenice.com\/nous-contacter\/"},"modified":"2023-03-23T12:48:51","modified_gmt":"2023-03-23T11:48:51","slug":"nous-contacter","status":"publish","type":"page","link":"https:\/\/algavenice.com\/fr\/nous-contacter\/","title":{"rendered":"Nous contacter"},"content":{"rendered":"\t\t<div data-elementor-type=\"wp-page\" data-elementor-id=\"11695\" class=\"elementor elementor-11695 elementor-1479\">\n\t\t\t\t\t\t<section class=\"elementor-section elementor-top-section elementor-element elementor-element-4b98994 elementor-section-boxed elementor-section-height-default elementor-section-height-default none\" data-id=\"4b98994\" data-element_type=\"section\" data-e-type=\"section\">\n\t\t\t\t\t\t<div class=\"elementor-container elementor-column-gap-wider\">\n\t\t\t\t\t<div class=\"elementor-column elementor-col-100 elementor-top-column elementor-element elementor-element-911aa1e none\" data-id=\"911aa1e\" data-element_type=\"column\" data-e-type=\"column\">\n\t\t\t<div class=\"elementor-widget-wrap elementor-element-populated\">\n\t\t\t\t\t\t<div class=\"elementor-element elementor-element-e0a4630 none elementor-widget elementor-widget-heading\" data-id=\"e0a4630\" data-element_type=\"widget\" data-e-type=\"widget\" data-widget_type=\"heading.default\">\n\t\t\t\t<div class=\"elementor-widget-container\">\n\t\t\t\t\t<h1 class=\"elementor-heading-title elementor-size-default\">Pour ceux qui veulent des informations sur la spiruline, avant\/apr\u00e8s la vente :<br>AlgaVenice se fera un plaisir de r\u00e9pondre \u00e0 vos questions.<\/h1>\t\t\t\t<\/div>\n\t\t\t\t<\/div>\n\t\t\t\t\t<\/div>\n\t\t<\/div>\n\t\t\t\t\t<\/div>\n\t\t<\/section>\n\t\t\t\t<section class=\"elementor-section elementor-top-section elementor-element elementor-element-ae9e3a4 elementor-section-boxed elementor-section-height-default elementor-section-height-default none\" data-id=\"ae9e3a4\" data-element_type=\"section\" data-e-type=\"section\">\n\t\t\t\t\t\t<div class=\"elementor-container elementor-column-gap-wider\">\n\t\t\t\t\t<div class=\"elementor-column elementor-col-50 elementor-top-column elementor-element elementor-element-ee56e7e none\" data-id=\"ee56e7e\" data-element_type=\"column\" data-e-type=\"column\">\n\t\t\t<div class=\"elementor-widget-wrap elementor-element-populated\">\n\t\t\t\t\t\t<div class=\"elementor-element elementor-element-a8d0f9d none elementor-widget elementor-widget-heading\" data-id=\"a8d0f9d\" data-element_type=\"widget\" data-e-type=\"widget\" data-widget_type=\"heading.default\">\n\t\t\t\t<div class=\"elementor-widget-container\">\n\t\t\t\t\t<p class=\"elementor-heading-title elementor-size-default\">Informations sur les contacts<\/p>\t\t\t\t<\/div>\n\t\t\t\t<\/div>\n\t\t\t\t<div class=\"elementor-element elementor-element-5731c7d none elementor-widget elementor-widget-heading\" data-id=\"5731c7d\" data-element_type=\"widget\" data-e-type=\"widget\" data-widget_type=\"heading.default\">\n\t\t\t\t<div class=\"elementor-widget-container\">\n\t\t\t\t\t<h2 class=\"elementor-heading-title elementor-size-default\">O\u00f9 nous trouver<\/h2>\t\t\t\t<\/div>\n\t\t\t\t<\/div>\n\t\t\t\t<div class=\"elementor-element elementor-element-361caa0 none elementor-widget elementor-widget-text-editor\" data-id=\"361caa0\" data-element_type=\"widget\" data-e-type=\"widget\" data-widget_type=\"text-editor.default\">\n\t\t\t\t<div class=\"elementor-widget-container\">\n\t\t\t\t\t\t\t\t\t<p>Toujours aux c\u00f4t\u00e9s des clients et des revendeurs, vous pouvez nous trouver \u00e0 l&rsquo;adresse suivante, pour des informations sur nos produits, veuillez remplir notre formulaire de contact, sous le lien page revendeur.<\/p>\n\t\t\t\t\t\t\t\t<\/div>\n\t\t\t\t<\/div>\n\t\t\t\t<div class=\"elementor-element elementor-element-e59cefe elementor-icon-list--layout-traditional elementor-list-item-link-full_width none elementor-widget elementor-widget-icon-list\" data-id=\"e59cefe\" data-element_type=\"widget\" data-e-type=\"widget\" data-widget_type=\"icon-list.default\">\n\t\t\t\t<div class=\"elementor-widget-container\">\n\t\t\t\t\t\t\t<ul class=\"elementor-icon-list-items\">\n\t\t\t\t\t\t\t<li class=\"elementor-icon-list-item\">\n\t\t\t\t\t\t\t\t\t\t\t<span class=\"elementor-icon-list-icon\">\n\t\t\t\t\t\t\t<svg aria-hidden=\"true\" class=\"e-font-icon-svg e-far-address-card\" viewBox=\"0 0 576 512\" xmlns=\"http:\/\/www.w3.org\/2000\/svg\"><path d=\"M528 32H48C21.5 32 0 53.5 0 80v352c0 26.5 21.5 48 48 48h480c26.5 0 48-21.5 48-48V80c0-26.5-21.5-48-48-48zm0 400H48V80h480v352zM208 256c35.3 0 64-28.7 64-64s-28.7-64-64-64-64 28.7-64 64 28.7 64 64 64zm-89.6 128h179.2c12.4 0 22.4-8.6 22.4-19.2v-19.2c0-31.8-30.1-57.6-67.2-57.6-10.8 0-18.7 8-44.8 8-26.9 0-33.4-8-44.8-8-37.1 0-67.2 25.8-67.2 57.6v19.2c0 10.6 10 19.2 22.4 19.2zM360 320h112c4.4 0 8-3.6 8-8v-16c0-4.4-3.6-8-8-8H360c-4.4 0-8 3.6-8 8v16c0 4.4 3.6 8 8 8zm0-64h112c4.4 0 8-3.6 8-8v-16c0-4.4-3.6-8-8-8H360c-4.4 0-8 3.6-8 8v16c0 4.4 3.6 8 8 8zm0-64h112c4.4 0 8-3.6 8-8v-16c0-4.4-3.6-8-8-8H360c-4.4 0-8 3.6-8 8v16c0 4.4 3.6 8 8 8z\"><\/path><\/svg>\t\t\t\t\t\t<\/span>\n\t\t\t\t\t\t\t\t\t\t<span class=\"elementor-icon-list-text\">via Frignolo, 21<br>35020 Conche di Codevigo (PD)<\/span>\n\t\t\t\t\t\t\t\t\t<\/li>\n\t\t\t\t\t\t\t\t<li class=\"elementor-icon-list-item\">\n\t\t\t\t\t\t\t\t\t\t\t<span class=\"elementor-icon-list-icon\">\n\t\t\t\t\t\t\t<i aria-hidden=\"true\" class=\"far main-icon-email\"><\/i>\t\t\t\t\t\t<\/span>\n\t\t\t\t\t\t\t\t\t\t<span class=\"elementor-icon-list-text\"><a href=\"mailto:info@algavenice.it\">info@algavenice.it<\/a><\/span>\n\t\t\t\t\t\t\t\t\t<\/li>\n\t\t\t\t\t\t\t\t<li class=\"elementor-icon-list-item\">\n\t\t\t\t\t\t\t\t\t\t\t<span class=\"elementor-icon-list-icon\">\n\t\t\t\t\t\t\t<i aria-hidden=\"true\" class=\"far main-icon-phone-call1\"><\/i>\t\t\t\t\t\t<\/span>\n\t\t\t\t\t\t\t\t\t\t<span class=\"elementor-icon-list-text\"><a href=\"mailto:tel:+390499789591\">+39 049 9789591<\/a><\/span>\n\t\t\t\t\t\t\t\t\t<\/li>\n\t\t\t\t\t\t<\/ul>\n\t\t\t\t\t\t<\/div>\n\t\t\t\t<\/div>\n\t\t\t\t<div class=\"elementor-element elementor-element-5647614 none elementor-widget elementor-widget-button\" data-id=\"5647614\" data-element_type=\"widget\" data-e-type=\"widget\" data-widget_type=\"button.default\">\n\t\t\t\t<div class=\"elementor-widget-container\">\n\t\t\t\t\t\t\t\t\t<div class=\"elementor-button-wrapper\">\n\t\t\t\t\t<a class=\"elementor-button elementor-button-link elementor-size-sm\" href=\"https:\/\/algavenice.com\/fr\/spirulina-algavenice-pharmacies-et-detaillants-agrees\/\">\n\t\t\t\t\t\t<span class=\"elementor-button-content-wrapper\">\n\t\t\t\t\t\t\t\t\t<span class=\"elementor-button-text\">Nos distributeurs<\/span>\n\t\t\t\t\t<\/span>\n\t\t\t\t\t<\/a>\n\t\t\t\t<\/div>\n\t\t\t\t\t\t\t\t<\/div>\n\t\t\t\t<\/div>\n\t\t\t\t\t<\/div>\n\t\t<\/div>\n\t\t\t\t<div class=\"elementor-column elementor-col-50 elementor-top-column elementor-element elementor-element-0ba2445 none\" data-id=\"0ba2445\" data-element_type=\"column\" data-e-type=\"column\">\n\t\t\t<div class=\"elementor-widget-wrap elementor-element-populated\">\n\t\t\t\t\t\t<div class=\"elementor-element elementor-element-7735a24 none elementor-widget elementor-widget-heading\" data-id=\"7735a24\" data-element_type=\"widget\" data-e-type=\"widget\" data-widget_type=\"heading.default\">\n\t\t\t\t<div class=\"elementor-widget-container\">\n\t\t\t\t\t<p class=\"elementor-heading-title elementor-size-default\">Pour des informations avant\/apr\u00e8s la vente<\/p>\t\t\t\t<\/div>\n\t\t\t\t<\/div>\n\t\t\t\t<div class=\"elementor-element elementor-element-8cb22be none elementor-widget elementor-widget-heading\" data-id=\"8cb22be\" data-element_type=\"widget\" data-e-type=\"widget\" data-widget_type=\"heading.default\">\n\t\t\t\t<div class=\"elementor-widget-container\">\n\t\t\t\t\t<h2 class=\"elementor-heading-title elementor-size-default\">Formulaire de contact<\/h2>\t\t\t\t<\/div>\n\t\t\t\t<\/div>\n\t\t\t\t<div class=\"elementor-element elementor-element-eead5c2 none elementor-widget elementor-widget-shortcode\" data-id=\"eead5c2\" data-element_type=\"widget\" data-e-type=\"widget\" data-widget_type=\"shortcode.default\">\n\t\t\t\t<div class=\"elementor-widget-container\">\n\t\t\t\t\t\t\t<div class=\"elementor-shortcode\">\n<div class=\"wpcf7 no-js\" id=\"wpcf7-f12312-o1\" lang=\"fr-FR\" dir=\"ltr\" data-wpcf7-id=\"12312\">\n<div class=\"screen-reader-response\"><p role=\"status\" aria-live=\"polite\" aria-atomic=\"true\"><\/p> <ul><\/ul><\/div>\n<form action=\"\/fr\/wp-json\/wp\/v2\/pages\/11695#wpcf7-f12312-o1\" method=\"post\" class=\"wpcf7-form init\" aria-label=\"Formulaire de contact\" novalidate=\"novalidate\" data-status=\"init\">\n<fieldset class=\"hidden-fields-container\"><input type=\"hidden\" name=\"_wpcf7\" value=\"12312\" \/><input type=\"hidden\" name=\"_wpcf7_version\" value=\"6.1.5\" \/><input type=\"hidden\" name=\"_wpcf7_locale\" value=\"fr_FR\" \/><input type=\"hidden\" name=\"_wpcf7_unit_tag\" value=\"wpcf7-f12312-o1\" \/><input type=\"hidden\" name=\"_wpcf7_container_post\" value=\"0\" \/><input type=\"hidden\" name=\"_wpcf7_posted_data_hash\" value=\"\" \/><input type=\"hidden\" name=\"_wpcf7_recaptcha_response\" value=\"\" \/>\n<\/fieldset>\n<div class=\"row\">\n\t<p class=\"col-md-6\"><br \/>\n<span class=\"wpcf7-form-control-wrap\" data-name=\"your-name\"><input size=\"40\" maxlength=\"400\" class=\"wpcf7-form-control wpcf7-text wpcf7-validates-as-required\" aria-required=\"true\" aria-invalid=\"false\" placeholder=\"NOM *\" value=\"\" type=\"text\" name=\"your-name\" \/><\/span>\n\t<\/p>\n\t<p class=\"col-md-6\"><br \/>\n<span class=\"wpcf7-form-control-wrap\" data-name=\"your-surname\"><input size=\"40\" maxlength=\"400\" class=\"wpcf7-form-control wpcf7-text\" aria-invalid=\"false\" placeholder=\"NOM\" value=\"\" type=\"text\" name=\"your-surname\" \/><\/span>\n\t<\/p>\n\t<p class=\"col-md-6\"><br \/>\n<span class=\"wpcf7-form-control-wrap\" data-name=\"your-phone\"><input size=\"40\" maxlength=\"400\" class=\"wpcf7-form-control wpcf7-tel wpcf7-validates-as-required wpcf7-text wpcf7-validates-as-tel\" aria-required=\"true\" aria-invalid=\"false\" placeholder=\"TELEPHONE *\" value=\"\" type=\"tel\" name=\"your-phone\" \/><\/span>\n\t<\/p>\n\t<p class=\"col-md-6\"><br \/>\n<span class=\"wpcf7-form-control-wrap\" data-name=\"your-mail\"><input size=\"40\" maxlength=\"400\" class=\"wpcf7-form-control wpcf7-email wpcf7-validates-as-required wpcf7-text wpcf7-validates-as-email\" aria-required=\"true\" aria-invalid=\"false\" placeholder=\"MAIL *\" value=\"\" type=\"email\" name=\"your-mail\" \/><\/span>\n\t<\/p>\n\t<p class=\"col-md-12\"><br \/>\n<span class=\"wpcf7-form-control-wrap\" data-name=\"your-message\"><textarea cols=\"40\" rows=\"10\" maxlength=\"2000\" class=\"wpcf7-form-control wpcf7-textarea\" aria-invalid=\"false\" placeholder=\"MESSAGE\" name=\"your-message\"><\/textarea><\/span>\n\t<\/p>\n\t<p class=\"col-md-12\" style=\"margin-bottom:0px;\"><br \/>\n<span class=\"wpcf7-form-control-wrap\" data-name=\"privacy-acceptance\"><span class=\"wpcf7-form-control wpcf7-acceptance\"><span class=\"wpcf7-list-item\"><label><input type=\"checkbox\" name=\"privacy-acceptance\" value=\"1\" aria-invalid=\"false\" \/><span class=\"wpcf7-list-item-label\">En soumettant ce formulaire, vous consentez au traitement de vos donn\u00e9es personnelles.<\/span><\/label><\/span><\/span><\/span>\n\t<\/p>\n\t<p class=\"col-md-12\"><br \/>\nTraitement des donn\u00e9es personnelles Conform\u00e9ment \u00e0 la loi 196\/2003, les donn\u00e9es personnelles remplies dans ce formulaire seront utilis\u00e9es exclusivement par Azienda Agricola Serenissima S.r.l. <a href=\"\/privacy-policy\/\">+info<\/a>.\n\t<\/p>\n<\/div>\n<p><input class=\"wpcf7-form-control wpcf7-submit has-spinner\" type=\"submit\" value=\"SOUMETTRE\" \/>\n<\/p><div class=\"wpcf7-response-output\" aria-hidden=\"true\"><\/div>\n<\/form>\n<\/div>\n<\/div>\n\t\t\t\t\t\t<\/div>\n\t\t\t\t<\/div>\n\t\t\t\t\t<\/div>\n\t\t<\/div>\n\t\t\t\t\t<\/div>\n\t\t<\/section>\n\t\t\t\t<section class=\"elementor-section elementor-top-section elementor-element elementor-element-9812c9c elementor-section-stretched elementor-section-full_width elementor-section-height-default elementor-section-height-default none\" data-id=\"9812c9c\" data-element_type=\"section\" data-e-type=\"section\" data-settings=\"{&quot;stretch_section&quot;:&quot;section-stretched&quot;}\">\n\t\t\t\t\t\t<div class=\"elementor-container elementor-column-gap-no\">\n\t\t\t\t\t<div class=\"elementor-column elementor-col-100 elementor-top-column elementor-element elementor-element-d3a058d none\" data-id=\"d3a058d\" data-element_type=\"column\" data-e-type=\"column\">\n\t\t\t<div class=\"elementor-widget-wrap elementor-element-populated\">\n\t\t\t\t\t\t<div class=\"elementor-element elementor-element-075cfac none elementor-widget elementor-widget-google_maps\" data-id=\"075cfac\" data-element_type=\"widget\" data-e-type=\"widget\" data-widget_type=\"google_maps.default\">\n\t\t\t\t<div class=\"elementor-widget-container\">\n\t\t\t\t\t\t\t<div class=\"elementor-custom-embed\">\n\t\t\t<iframe loading=\"lazy\"\n\t\t\t\t\tsrc=\"https:\/\/maps.google.com\/maps?q=via%20Frignolo%2C%2021%2035020%20-%20Conche%20di%20Codevigo%20%28PD%29%20Italia&#038;t=m&#038;z=10&#038;output=embed&#038;iwloc=near\"\n\t\t\t\t\ttitle=\"via Frignolo, 21 35020 - Conche di Codevigo (PD) Italia\"\n\t\t\t\t\taria-label=\"via Frignolo, 21 35020 - Conche di Codevigo (PD) Italia\"\n\t\t\t><\/iframe>\n\t\t<\/div>\n\t\t\t\t\t\t<\/div>\n\t\t\t\t<\/div>\n\t\t\t\t\t<\/div>\n\t\t<\/div>\n\t\t\t\t\t<\/div>\n\t\t<\/section>\n\t\t\t\t<\/div>\n\t\t","protected":false},"excerpt":{"rendered":"<p>Pour ceux qui veulent des informations sur la spiruline, avant\/apr\u00e8s la vente :AlgaVenice se fera un plaisir de r\u00e9pondre \u00e0 vos questions. Informations sur les contacts O\u00f9 nous trouver Toujours [&hellip;]<\/p>\n","protected":false},"author":1,"featured_media":0,"parent":0,"menu_order":0,"comment_status":"closed","ping_status":"closed","template":"","meta":{"_acf_changed":false,"footnotes":""},"class_list":["post-11695","page","type-page","status-publish","hentry"],"acf":[],"yoast_head":"<!-- This site is optimized with the Yoast SEO plugin v27.3 - https:\/\/yoast.com\/product\/yoast-seo-wordpress\/ -->\n<title>Pour les particuliers et les d\u00e9taillants qui souhaitent acheter de la spiruline - AlgaVenice %.<\/title>\n<meta name=\"description\" content=\"Pour les particuliers et les d\u00e9taillants \u00e0 la recherche d&#039;une entreprise sp\u00e9cialis\u00e9e et certifi\u00e9e dans le domaine de la spiruline, de l&#039;alimentation et du bien-\u00eatre, contactez-nous !\" \/>\n<meta name=\"robots\" content=\"index, follow, max-snippet:-1, max-image-preview:large, max-video-preview:-1\" \/>\n<link rel=\"canonical\" href=\"https:\/\/algavenice.com\/fr\/nous-contacter\/\" \/>\n<meta property=\"og:locale\" content=\"fr_FR\" \/>\n<meta property=\"og:type\" content=\"article\" \/>\n<meta property=\"og:title\" content=\"Pour les particuliers et les d\u00e9taillants qui souhaitent acheter de la spiruline - AlgaVenice %.\" \/>\n<meta property=\"og:description\" content=\"Pour les particuliers et les d\u00e9taillants \u00e0 la recherche d&#039;une entreprise sp\u00e9cialis\u00e9e et certifi\u00e9e dans le domaine de la spiruline, de l&#039;alimentation et du bien-\u00eatre, contactez-nous !\" \/>\n<meta property=\"og:url\" content=\"https:\/\/algavenice.com\/fr\/nous-contacter\/\" \/>\n<meta property=\"og:site_name\" content=\"AlgaVenice\" \/>\n<meta property=\"article:publisher\" content=\"https:\/\/www.facebook.com\/algavenice.it\" \/>\n<meta property=\"article:modified_time\" content=\"2023-03-23T11:48:51+00:00\" \/>\n<meta property=\"og:image\" content=\"https:\/\/algavenice.com\/wp-content\/uploads\/2023\/03\/algavenice_cover_image.jpg\" \/>\n\t<meta property=\"og:image:width\" content=\"1200\" \/>\n\t<meta property=\"og:image:height\" content=\"1046\" \/>\n\t<meta property=\"og:image:type\" content=\"image\/jpeg\" \/>\n<meta name=\"twitter:card\" content=\"summary_large_image\" \/>\n<meta name=\"twitter:label1\" content=\"Dur\u00e9e de lecture estim\u00e9e\" \/>\n\t<meta name=\"twitter:data1\" content=\"1 minute\" \/>\n<script type=\"application\/ld+json\" class=\"yoast-schema-graph\">{\"@context\":\"https:\\\/\\\/schema.org\",\"@graph\":[{\"@type\":\"WebPage\",\"@id\":\"https:\\\/\\\/algavenice.com\\\/fr\\\/nous-contacter\\\/\",\"url\":\"https:\\\/\\\/algavenice.com\\\/fr\\\/nous-contacter\\\/\",\"name\":\"Pour les particuliers et les d\u00e9taillants qui souhaitent acheter de la spiruline - AlgaVenice %.\",\"isPartOf\":{\"@id\":\"https:\\\/\\\/algavenice.com\\\/fr\\\/#website\"},\"datePublished\":\"2023-03-17T13:54:54+00:00\",\"dateModified\":\"2023-03-23T11:48:51+00:00\",\"description\":\"Pour les particuliers et les d\u00e9taillants \u00e0 la recherche d'une entreprise sp\u00e9cialis\u00e9e et certifi\u00e9e dans le domaine de la spiruline, de l'alimentation et du bien-\u00eatre, contactez-nous !\",\"breadcrumb\":{\"@id\":\"https:\\\/\\\/algavenice.com\\\/fr\\\/nous-contacter\\\/#breadcrumb\"},\"inLanguage\":\"fr-FR\",\"potentialAction\":[{\"@type\":\"ReadAction\",\"target\":[\"https:\\\/\\\/algavenice.com\\\/fr\\\/nous-contacter\\\/\"]}]},{\"@type\":\"BreadcrumbList\",\"@id\":\"https:\\\/\\\/algavenice.com\\\/fr\\\/nous-contacter\\\/#breadcrumb\",\"itemListElement\":[{\"@type\":\"ListItem\",\"position\":1,\"name\":\"Home\",\"item\":\"https:\\\/\\\/algavenice.com\\\/fr\\\/\"},{\"@type\":\"ListItem\",\"position\":2,\"name\":\"Nous contacter\"}]},{\"@type\":\"WebSite\",\"@id\":\"https:\\\/\\\/algavenice.com\\\/fr\\\/#website\",\"url\":\"https:\\\/\\\/algavenice.com\\\/fr\\\/\",\"name\":\"AlgaVenice - Spirulina 100% pura, italiana e biologica\",\"description\":\"Vendita Spirulina di Alta Qualit\u00e0 Online\",\"publisher\":{\"@id\":\"https:\\\/\\\/algavenice.com\\\/fr\\\/#organization\"},\"alternateName\":\"Vendita online Spirulina di alta qualit\u00e0\",\"potentialAction\":[{\"@type\":\"SearchAction\",\"target\":{\"@type\":\"EntryPoint\",\"urlTemplate\":\"https:\\\/\\\/algavenice.com\\\/fr\\\/?s={search_term_string}\"},\"query-input\":{\"@type\":\"PropertyValueSpecification\",\"valueRequired\":true,\"valueName\":\"search_term_string\"}}],\"inLanguage\":\"fr-FR\"},{\"@type\":\"Organization\",\"@id\":\"https:\\\/\\\/algavenice.com\\\/fr\\\/#organization\",\"name\":\"Societ\u00e0 Agricola Serenissima S.r.l.\",\"alternateName\":\"AlgaVenice\",\"url\":\"https:\\\/\\\/algavenice.com\\\/fr\\\/\",\"logo\":{\"@type\":\"ImageObject\",\"inLanguage\":\"fr-FR\",\"@id\":\"https:\\\/\\\/algavenice.com\\\/fr\\\/#\\\/schema\\\/logo\\\/image\\\/\",\"url\":\"https:\\\/\\\/algavenice.com\\\/wp-content\\\/uploads\\\/2023\\\/03\\\/algavenice_logo_dati_strutturati.jpg\",\"contentUrl\":\"https:\\\/\\\/algavenice.com\\\/wp-content\\\/uploads\\\/2023\\\/03\\\/algavenice_logo_dati_strutturati.jpg\",\"width\":696,\"height\":696,\"caption\":\"Societ\u00e0 Agricola Serenissima S.r.l.\"},\"image\":{\"@id\":\"https:\\\/\\\/algavenice.com\\\/fr\\\/#\\\/schema\\\/logo\\\/image\\\/\"},\"sameAs\":[\"https:\\\/\\\/www.facebook.com\\\/algavenice.it\",\"https:\\\/\\\/www.instagram.com\\\/algavenice_spirulina\\\/\",\"https:\\\/\\\/www.youtube.com\\\/channel\\\/UCcgMDdoknspeIM22pqn7Qiw\"]}]}<\/script>\n<!-- \/ Yoast SEO plugin. -->","yoast_head_json":{"title":"Pour les particuliers et les d\u00e9taillants qui souhaitent acheter de la spiruline - AlgaVenice %.","description":"Pour les particuliers et les d\u00e9taillants \u00e0 la recherche d'une entreprise sp\u00e9cialis\u00e9e et certifi\u00e9e dans le domaine de la spiruline, de l'alimentation et du bien-\u00eatre, contactez-nous !","robots":{"index":"index","follow":"follow","max-snippet":"max-snippet:-1","max-image-preview":"max-image-preview:large","max-video-preview":"max-video-preview:-1"},"canonical":"https:\/\/algavenice.com\/fr\/nous-contacter\/","og_locale":"fr_FR","og_type":"article","og_title":"Pour les particuliers et les d\u00e9taillants qui souhaitent acheter de la spiruline - AlgaVenice %.","og_description":"Pour les particuliers et les d\u00e9taillants \u00e0 la recherche d'une entreprise sp\u00e9cialis\u00e9e et certifi\u00e9e dans le domaine de la spiruline, de l'alimentation et du bien-\u00eatre, contactez-nous !","og_url":"https:\/\/algavenice.com\/fr\/nous-contacter\/","og_site_name":"AlgaVenice","article_publisher":"https:\/\/www.facebook.com\/algavenice.it","article_modified_time":"2023-03-23T11:48:51+00:00","og_image":[{"width":1200,"height":1046,"url":"https:\/\/algavenice.com\/wp-content\/uploads\/2023\/03\/algavenice_cover_image.jpg","type":"image\/jpeg"}],"twitter_card":"summary_large_image","twitter_misc":{"Dur\u00e9e de lecture estim\u00e9e":"1 minute"},"schema":{"@context":"https:\/\/schema.org","@graph":[{"@type":"WebPage","@id":"https:\/\/algavenice.com\/fr\/nous-contacter\/","url":"https:\/\/algavenice.com\/fr\/nous-contacter\/","name":"Pour les particuliers et les d\u00e9taillants qui souhaitent acheter de la spiruline - AlgaVenice %.","isPartOf":{"@id":"https:\/\/algavenice.com\/fr\/#website"},"datePublished":"2023-03-17T13:54:54+00:00","dateModified":"2023-03-23T11:48:51+00:00","description":"Pour les particuliers et les d\u00e9taillants \u00e0 la recherche d'une entreprise sp\u00e9cialis\u00e9e et certifi\u00e9e dans le domaine de la spiruline, de l'alimentation et du bien-\u00eatre, contactez-nous !","breadcrumb":{"@id":"https:\/\/algavenice.com\/fr\/nous-contacter\/#breadcrumb"},"inLanguage":"fr-FR","potentialAction":[{"@type":"ReadAction","target":["https:\/\/algavenice.com\/fr\/nous-contacter\/"]}]},{"@type":"BreadcrumbList","@id":"https:\/\/algavenice.com\/fr\/nous-contacter\/#breadcrumb","itemListElement":[{"@type":"ListItem","position":1,"name":"Home","item":"https:\/\/algavenice.com\/fr\/"},{"@type":"ListItem","position":2,"name":"Nous contacter"}]},{"@type":"WebSite","@id":"https:\/\/algavenice.com\/fr\/#website","url":"https:\/\/algavenice.com\/fr\/","name":"AlgaVenice - Spirulina 100% pura, italiana e biologica","description":"Vendita Spirulina di Alta Qualit\u00e0 Online","publisher":{"@id":"https:\/\/algavenice.com\/fr\/#organization"},"alternateName":"Vendita online Spirulina di alta qualit\u00e0","potentialAction":[{"@type":"SearchAction","target":{"@type":"EntryPoint","urlTemplate":"https:\/\/algavenice.com\/fr\/?s={search_term_string}"},"query-input":{"@type":"PropertyValueSpecification","valueRequired":true,"valueName":"search_term_string"}}],"inLanguage":"fr-FR"},{"@type":"Organization","@id":"https:\/\/algavenice.com\/fr\/#organization","name":"Societ\u00e0 Agricola Serenissima S.r.l.","alternateName":"AlgaVenice","url":"https:\/\/algavenice.com\/fr\/","logo":{"@type":"ImageObject","inLanguage":"fr-FR","@id":"https:\/\/algavenice.com\/fr\/#\/schema\/logo\/image\/","url":"https:\/\/algavenice.com\/wp-content\/uploads\/2023\/03\/algavenice_logo_dati_strutturati.jpg","contentUrl":"https:\/\/algavenice.com\/wp-content\/uploads\/2023\/03\/algavenice_logo_dati_strutturati.jpg","width":696,"height":696,"caption":"Societ\u00e0 Agricola Serenissima S.r.l."},"image":{"@id":"https:\/\/algavenice.com\/fr\/#\/schema\/logo\/image\/"},"sameAs":["https:\/\/www.facebook.com\/algavenice.it","https:\/\/www.instagram.com\/algavenice_spirulina\/","https:\/\/www.youtube.com\/channel\/UCcgMDdoknspeIM22pqn7Qiw"]}]}},"_links":{"self":[{"href":"https:\/\/algavenice.com\/fr\/wp-json\/wp\/v2\/pages\/11695","targetHints":{"allow":["GET"]}}],"collection":[{"href":"https:\/\/algavenice.com\/fr\/wp-json\/wp\/v2\/pages"}],"about":[{"href":"https:\/\/algavenice.com\/fr\/wp-json\/wp\/v2\/types\/page"}],"author":[{"embeddable":true,"href":"https:\/\/algavenice.com\/fr\/wp-json\/wp\/v2\/users\/1"}],"replies":[{"embeddable":true,"href":"https:\/\/algavenice.com\/fr\/wp-json\/wp\/v2\/comments?post=11695"}],"version-history":[{"count":0,"href":"https:\/\/algavenice.com\/fr\/wp-json\/wp\/v2\/pages\/11695\/revisions"}],"wp:attachment":[{"href":"https:\/\/algavenice.com\/fr\/wp-json\/wp\/v2\/media?parent=11695"}],"curies":[{"name":"wp","href":"https:\/\/api.w.org\/{rel}","templated":true}]}}