{"id":11912,"date":"2021-07-15T15:01:11","date_gmt":"2023-03-19T15:31:02","guid":{"rendered":"https:\/\/algavenice.com\/prodotto\/savon-a-la-spiruline\/"},"modified":"2023-03-20T17:19:51","modified_gmt":"2023-03-20T16:19:51","slug":"savon-a-la-spiruline","status":"publish","type":"product","link":"https:\/\/algavenice.com\/fr\/produit\/savon-a-la-spiruline\/","title":{"rendered":"Savon \u00e0 la spiruline"},"content":{"rendered":"<h2>SPIRAL savon \u00e0 la spiruline AlgaVenice<\/h2>\n<p>Le <strong>savon \u00e0 la spiruline SPIRAL<\/strong> repr\u00e9sente une nouvelle r\u00e9alit\u00e9 pour votre peau. Il s&rsquo;agit d&rsquo;un savon exfoliant contenant des <a href=\"https:\/\/algavenice.com\/fr\/la-spiruline-aliment-dexcellence\/\">microalgues Arthrospira Platensis AlgaVenice Spirulina<\/a> et une \u00e9ponge v\u00e9g\u00e9tale Luffa.<\/p>\n<p>Vous pouvez utiliser ce <strong>savon gommant<\/strong> comme une \u00e9ponge sur la peau humide en effectuant des mouvements circulaires sur l&rsquo;ensemble du corps. Gr\u00e2ce \u00e0 l&rsquo;\u00e9ponge v\u00e9g\u00e9tale loofah contenue dans le savon, celui-ci exerce une action exfoliante. Son parfum de savon \u00e0 la brise de mer d\u00e9tendra \u00e9galement vos sens.<\/p>\n<h2>Propri\u00e9t\u00e9s cosm\u00e9tiques de la spiruline<\/h2>\n<p>Au fil des ans, l&rsquo;utilisation de la <strong>spiruline dans les produits cosm\u00e9tiques<\/strong> a connu une croissance fulgurante. La spiruline poss\u00e8de d&rsquo;incroyables capacit\u00e9s nutritives pour la peau du visage et du corps, elle peut : la tonifier, l&rsquo;hydrater, la nourrir et la r\u00e9g\u00e9n\u00e9rer.<\/p>\n<p>Pour le visage, elle est tr\u00e8s indiqu\u00e9e car elle a un<strong>effet anti-\u00e2ge<\/strong>, gr\u00e2ce \u00e0 la pr\u00e9sence de vitamine E, de s\u00e9l\u00e9nium et de tyrosine. Pour le corps, elle est utile pour son action<strong>tonifiante et raffermissante<\/strong>, gr\u00e2ce \u00e0 l&rsquo;action des vitamines A, C, E, K et des vitamines du groupe B telles que B2, B3, B1, B5, B9, B6, ainsi que du zinc, du cuivre, du phosphore, du fer, du mangan\u00e8se, du potassium, du calcium et du s\u00e9l\u00e9nium.<\/p>\n<p>Gr\u00e2ce \u00e0 ses propri\u00e9t\u00e9s antioxydantes et \u00e9lastiques, il contribue \u00e0 r\u00e9tablir l&rsquo;\u00e9quilibre hydrique naturel de la peau. Il contribue \u00e9galement \u00e0 <strong>ralentir le vieillissement<\/strong> pr\u00e9matur\u00e9 de l&rsquo;\u00e9piderme.<\/p>\n<p>Enfin, il est d\u00e9sormais bien connu que l&rsquo;utilisation de la spiruline Arthrospira Platensis pr\u00e9sente des avantages significatifs pour le <strong>soin des cheveux<\/strong>. Ils deviennent forts et sains gr\u00e2ce \u00e0 sa teneur en fer, en cuivre et en vitamines B.<\/p>\n<p>Si vous souhaitez <strong>lutter contre l&rsquo;acn\u00e9<\/strong>, la spiruline est votre alli\u00e9e pr\u00e9cieuse ! En effet, il contient de la vitamine A, connue pour sa capacit\u00e9 \u00e0 diminuer l&rsquo;apparition des boutons et \u00e0 r\u00e9guler la s\u00e9cr\u00e9tion des glandes s\u00e9bac\u00e9es.<\/p>\n<p>D\u00e9couvrez le pouvoir purifiant du <strong>savon<\/strong> <em>Spiruline<\/em> et rendez votre peau plus \u00e9clatante et r\u00e9\u00e9quilibr\u00e9e.<\/p>\n","protected":false},"excerpt":{"rendered":"<p>Savon gommant \u00e0 la microalgue Spirulina Arthrospira Platensis bio et \u00e0 l&rsquo;\u00e9ponge v\u00e9g\u00e9tale Luffa.<\/p>\n<p>Une nouvelle r\u00e9alit\u00e9 pour votre peau.<\/p>\n<p>Purifiant, il rend la peau plus lumineuse et r\u00e9\u00e9quilibr\u00e9e. Odeur de brise marine.<\/p>\n","protected":false},"featured_media":11011,"comment_status":"closed","ping_status":"closed","template":"","meta":{"_acf_changed":false},"product_cat":[419,418,415],"product_tag":[],"class_list":{"0":"post-11912","1":"product","2":"type-product","3":"status-publish","4":"has-post-thumbnail","6":"product_brand-algavenice-by-agricola-serenissima-s-r-l","7":"product_cat-spiruline-cosmetique","8":"product_cat-spiruline-recommandee-pour-vous","9":"product_cat-spiruline-la-plus-vendue","11":"first","12":"instock","13":"taxable","14":"shipping-taxable","15":"purchasable","16":"product-type-simple"},"acf":[],"yoast_head":"<!-- This site is optimized with the Yoast SEO plugin v27.3 - https:\/\/yoast.com\/product\/yoast-seo-wordpress\/ -->\n<title>Savon \u00e0 la spiruline In Vendita Online | AlgaVenice<\/title>\n<meta name=\"description\" content=\"Rien n&#039;est plus important pour votre peau que d&#039;utiliser des produits naturels. Essayez le savon \u00e0 la spiruline AlgaVenice. C&#039;est pour toujours !\" \/>\n<meta name=\"robots\" content=\"index, follow, max-snippet:-1, max-image-preview:large, max-video-preview:-1\" \/>\n<link rel=\"canonical\" href=\"https:\/\/algavenice.com\/fr\/produit\/savon-a-la-spiruline\/\" \/>\n<meta property=\"og:locale\" content=\"fr_FR\" \/>\n<meta property=\"og:type\" content=\"article\" \/>\n<meta property=\"og:title\" content=\"Savon \u00e0 la spiruline In Vendita Online | AlgaVenice\" \/>\n<meta property=\"og:description\" content=\"Rien n&#039;est plus important pour votre peau que d&#039;utiliser des produits naturels. Essayez le savon \u00e0 la spiruline AlgaVenice. C&#039;est pour toujours !\" \/>\n<meta property=\"og:url\" content=\"https:\/\/algavenice.com\/fr\/produit\/savon-a-la-spiruline\/\" \/>\n<meta property=\"og:site_name\" content=\"AlgaVenice\" \/>\n<meta property=\"article:publisher\" content=\"https:\/\/www.facebook.com\/algavenice.it\" \/>\n<meta property=\"article:modified_time\" content=\"2023-03-20T16:19:51+00:00\" \/>\n<meta property=\"og:image\" content=\"https:\/\/algavenice.com\/wp-content\/uploads\/2021\/07\/saponetta_alla_spirulina_bio_pura_alta_qualita.jpg\" \/>\n\t<meta property=\"og:image:width\" content=\"800\" \/>\n\t<meta property=\"og:image:height\" content=\"800\" \/>\n\t<meta property=\"og:image:type\" content=\"image\/jpeg\" \/>\n<meta name=\"twitter:card\" content=\"summary_large_image\" \/>\n<meta name=\"twitter:label1\" content=\"Dur\u00e9e de lecture estim\u00e9e\" \/>\n\t<meta name=\"twitter:data1\" content=\"2 minutes\" \/>\n<script type=\"application\/ld+json\" class=\"yoast-schema-graph\">{\"@context\":\"https:\\\/\\\/schema.org\",\"@graph\":[{\"@type\":\"WebPage\",\"@id\":\"https:\\\/\\\/algavenice.com\\\/fr\\\/produit\\\/savon-a-la-spiruline\\\/\",\"url\":\"https:\\\/\\\/algavenice.com\\\/fr\\\/produit\\\/savon-a-la-spiruline\\\/\",\"name\":\"Savon \u00e0 la spiruline In Vendita Online | AlgaVenice\",\"isPartOf\":{\"@id\":\"https:\\\/\\\/algavenice.com\\\/fr\\\/#website\"},\"primaryImageOfPage\":{\"@id\":\"https:\\\/\\\/algavenice.com\\\/fr\\\/produit\\\/savon-a-la-spiruline\\\/#primaryimage\"},\"image\":{\"@id\":\"https:\\\/\\\/algavenice.com\\\/fr\\\/produit\\\/savon-a-la-spiruline\\\/#primaryimage\"},\"thumbnailUrl\":\"https:\\\/\\\/algavenice.com\\\/wp-content\\\/uploads\\\/2021\\\/07\\\/saponetta_alla_spirulina_bio_pura_alta_qualita.jpg\",\"datePublished\":\"2023-03-19T15:31:02+00:00\",\"dateModified\":\"2023-03-20T16:19:51+00:00\",\"description\":\"Rien n'est plus important pour votre peau que d'utiliser des produits naturels. Essayez le savon \u00e0 la spiruline AlgaVenice. C'est pour toujours !\",\"breadcrumb\":{\"@id\":\"https:\\\/\\\/algavenice.com\\\/fr\\\/produit\\\/savon-a-la-spiruline\\\/#breadcrumb\"},\"inLanguage\":\"fr-FR\",\"potentialAction\":[{\"@type\":\"ReadAction\",\"target\":[\"https:\\\/\\\/algavenice.com\\\/fr\\\/produit\\\/savon-a-la-spiruline\\\/\"]}]},{\"@type\":\"ImageObject\",\"inLanguage\":\"fr-FR\",\"@id\":\"https:\\\/\\\/algavenice.com\\\/fr\\\/produit\\\/savon-a-la-spiruline\\\/#primaryimage\",\"url\":\"https:\\\/\\\/algavenice.com\\\/wp-content\\\/uploads\\\/2021\\\/07\\\/saponetta_alla_spirulina_bio_pura_alta_qualita.jpg\",\"contentUrl\":\"https:\\\/\\\/algavenice.com\\\/wp-content\\\/uploads\\\/2021\\\/07\\\/saponetta_alla_spirulina_bio_pura_alta_qualita.jpg\",\"width\":800,\"height\":800,\"caption\":\"saponetta alla spirulina bio alta qualit\u00e0\"},{\"@type\":\"BreadcrumbList\",\"@id\":\"https:\\\/\\\/algavenice.com\\\/fr\\\/produit\\\/savon-a-la-spiruline\\\/#breadcrumb\",\"itemListElement\":[{\"@type\":\"ListItem\",\"position\":1,\"name\":\"Home\",\"item\":\"https:\\\/\\\/algavenice.com\\\/fr\\\/\"},{\"@type\":\"ListItem\",\"position\":2,\"name\":\"Boutique bio\",\"item\":\"https:\\\/\\\/algavenice.com\\\/negozio-bio\\\/\"},{\"@type\":\"ListItem\",\"position\":3,\"name\":\"Savon \u00e0 la spiruline\"}]},{\"@type\":\"WebSite\",\"@id\":\"https:\\\/\\\/algavenice.com\\\/fr\\\/#website\",\"url\":\"https:\\\/\\\/algavenice.com\\\/fr\\\/\",\"name\":\"AlgaVenice - Spirulina 100% pura, italiana e biologica\",\"description\":\"Vendita Spirulina di Alta Qualit\u00e0 Online\",\"publisher\":{\"@id\":\"https:\\\/\\\/algavenice.com\\\/fr\\\/#organization\"},\"alternateName\":\"Vendita online Spirulina di alta qualit\u00e0\",\"potentialAction\":[{\"@type\":\"SearchAction\",\"target\":{\"@type\":\"EntryPoint\",\"urlTemplate\":\"https:\\\/\\\/algavenice.com\\\/fr\\\/?s={search_term_string}\"},\"query-input\":{\"@type\":\"PropertyValueSpecification\",\"valueRequired\":true,\"valueName\":\"search_term_string\"}}],\"inLanguage\":\"fr-FR\"},{\"@type\":\"Organization\",\"@id\":\"https:\\\/\\\/algavenice.com\\\/fr\\\/#organization\",\"name\":\"Societ\u00e0 Agricola Serenissima S.r.l.\",\"alternateName\":\"AlgaVenice\",\"url\":\"https:\\\/\\\/algavenice.com\\\/fr\\\/\",\"logo\":{\"@type\":\"ImageObject\",\"inLanguage\":\"fr-FR\",\"@id\":\"https:\\\/\\\/algavenice.com\\\/fr\\\/#\\\/schema\\\/logo\\\/image\\\/\",\"url\":\"https:\\\/\\\/algavenice.com\\\/wp-content\\\/uploads\\\/2023\\\/03\\\/algavenice_logo_dati_strutturati.jpg\",\"contentUrl\":\"https:\\\/\\\/algavenice.com\\\/wp-content\\\/uploads\\\/2023\\\/03\\\/algavenice_logo_dati_strutturati.jpg\",\"width\":696,\"height\":696,\"caption\":\"Societ\u00e0 Agricola Serenissima S.r.l.\"},\"image\":{\"@id\":\"https:\\\/\\\/algavenice.com\\\/fr\\\/#\\\/schema\\\/logo\\\/image\\\/\"},\"sameAs\":[\"https:\\\/\\\/www.facebook.com\\\/algavenice.it\",\"https:\\\/\\\/www.instagram.com\\\/algavenice_spirulina\\\/\",\"https:\\\/\\\/www.youtube.com\\\/channel\\\/UCcgMDdoknspeIM22pqn7Qiw\"]}]}<\/script>\n<!-- \/ Yoast SEO plugin. -->","yoast_head_json":{"title":"Savon \u00e0 la spiruline In Vendita Online | AlgaVenice","description":"Rien n'est plus important pour votre peau que d'utiliser des produits naturels. Essayez le savon \u00e0 la spiruline AlgaVenice. C'est pour toujours !","robots":{"index":"index","follow":"follow","max-snippet":"max-snippet:-1","max-image-preview":"max-image-preview:large","max-video-preview":"max-video-preview:-1"},"canonical":"https:\/\/algavenice.com\/fr\/produit\/savon-a-la-spiruline\/","og_locale":"fr_FR","og_type":"article","og_title":"Savon \u00e0 la spiruline In Vendita Online | AlgaVenice","og_description":"Rien n'est plus important pour votre peau que d'utiliser des produits naturels. Essayez le savon \u00e0 la spiruline AlgaVenice. C'est pour toujours !","og_url":"https:\/\/algavenice.com\/fr\/produit\/savon-a-la-spiruline\/","og_site_name":"AlgaVenice","article_publisher":"https:\/\/www.facebook.com\/algavenice.it","article_modified_time":"2023-03-20T16:19:51+00:00","og_image":[{"width":800,"height":800,"url":"https:\/\/algavenice.com\/wp-content\/uploads\/2021\/07\/saponetta_alla_spirulina_bio_pura_alta_qualita.jpg","type":"image\/jpeg"}],"twitter_card":"summary_large_image","twitter_misc":{"Dur\u00e9e de lecture estim\u00e9e":"2 minutes"},"schema":{"@context":"https:\/\/schema.org","@graph":[{"@type":"WebPage","@id":"https:\/\/algavenice.com\/fr\/produit\/savon-a-la-spiruline\/","url":"https:\/\/algavenice.com\/fr\/produit\/savon-a-la-spiruline\/","name":"Savon \u00e0 la spiruline In Vendita Online | AlgaVenice","isPartOf":{"@id":"https:\/\/algavenice.com\/fr\/#website"},"primaryImageOfPage":{"@id":"https:\/\/algavenice.com\/fr\/produit\/savon-a-la-spiruline\/#primaryimage"},"image":{"@id":"https:\/\/algavenice.com\/fr\/produit\/savon-a-la-spiruline\/#primaryimage"},"thumbnailUrl":"https:\/\/algavenice.com\/wp-content\/uploads\/2021\/07\/saponetta_alla_spirulina_bio_pura_alta_qualita.jpg","datePublished":"2023-03-19T15:31:02+00:00","dateModified":"2023-03-20T16:19:51+00:00","description":"Rien n'est plus important pour votre peau que d'utiliser des produits naturels. Essayez le savon \u00e0 la spiruline AlgaVenice. C'est pour toujours !","breadcrumb":{"@id":"https:\/\/algavenice.com\/fr\/produit\/savon-a-la-spiruline\/#breadcrumb"},"inLanguage":"fr-FR","potentialAction":[{"@type":"ReadAction","target":["https:\/\/algavenice.com\/fr\/produit\/savon-a-la-spiruline\/"]}]},{"@type":"ImageObject","inLanguage":"fr-FR","@id":"https:\/\/algavenice.com\/fr\/produit\/savon-a-la-spiruline\/#primaryimage","url":"https:\/\/algavenice.com\/wp-content\/uploads\/2021\/07\/saponetta_alla_spirulina_bio_pura_alta_qualita.jpg","contentUrl":"https:\/\/algavenice.com\/wp-content\/uploads\/2021\/07\/saponetta_alla_spirulina_bio_pura_alta_qualita.jpg","width":800,"height":800,"caption":"saponetta alla spirulina bio alta qualit\u00e0"},{"@type":"BreadcrumbList","@id":"https:\/\/algavenice.com\/fr\/produit\/savon-a-la-spiruline\/#breadcrumb","itemListElement":[{"@type":"ListItem","position":1,"name":"Home","item":"https:\/\/algavenice.com\/fr\/"},{"@type":"ListItem","position":2,"name":"Boutique bio","item":"https:\/\/algavenice.com\/negozio-bio\/"},{"@type":"ListItem","position":3,"name":"Savon \u00e0 la spiruline"}]},{"@type":"WebSite","@id":"https:\/\/algavenice.com\/fr\/#website","url":"https:\/\/algavenice.com\/fr\/","name":"AlgaVenice - Spirulina 100% pura, italiana e biologica","description":"Vendita Spirulina di Alta Qualit\u00e0 Online","publisher":{"@id":"https:\/\/algavenice.com\/fr\/#organization"},"alternateName":"Vendita online Spirulina di alta qualit\u00e0","potentialAction":[{"@type":"SearchAction","target":{"@type":"EntryPoint","urlTemplate":"https:\/\/algavenice.com\/fr\/?s={search_term_string}"},"query-input":{"@type":"PropertyValueSpecification","valueRequired":true,"valueName":"search_term_string"}}],"inLanguage":"fr-FR"},{"@type":"Organization","@id":"https:\/\/algavenice.com\/fr\/#organization","name":"Societ\u00e0 Agricola Serenissima S.r.l.","alternateName":"AlgaVenice","url":"https:\/\/algavenice.com\/fr\/","logo":{"@type":"ImageObject","inLanguage":"fr-FR","@id":"https:\/\/algavenice.com\/fr\/#\/schema\/logo\/image\/","url":"https:\/\/algavenice.com\/wp-content\/uploads\/2023\/03\/algavenice_logo_dati_strutturati.jpg","contentUrl":"https:\/\/algavenice.com\/wp-content\/uploads\/2023\/03\/algavenice_logo_dati_strutturati.jpg","width":696,"height":696,"caption":"Societ\u00e0 Agricola Serenissima S.r.l."},"image":{"@id":"https:\/\/algavenice.com\/fr\/#\/schema\/logo\/image\/"},"sameAs":["https:\/\/www.facebook.com\/algavenice.it","https:\/\/www.instagram.com\/algavenice_spirulina\/","https:\/\/www.youtube.com\/channel\/UCcgMDdoknspeIM22pqn7Qiw"]}]}},"_links":{"self":[{"href":"https:\/\/algavenice.com\/fr\/wp-json\/wp\/v2\/product\/11912","targetHints":{"allow":["GET"]}}],"collection":[{"href":"https:\/\/algavenice.com\/fr\/wp-json\/wp\/v2\/product"}],"about":[{"href":"https:\/\/algavenice.com\/fr\/wp-json\/wp\/v2\/types\/product"}],"replies":[{"embeddable":true,"href":"https:\/\/algavenice.com\/fr\/wp-json\/wp\/v2\/comments?post=11912"}],"wp:featuredmedia":[{"embeddable":true,"href":"https:\/\/algavenice.com\/fr\/wp-json\/wp\/v2\/media\/11011"}],"wp:attachment":[{"href":"https:\/\/algavenice.com\/fr\/wp-json\/wp\/v2\/media?parent=11912"}],"wp:term":[{"taxonomy":"product_cat","embeddable":true,"href":"https:\/\/algavenice.com\/fr\/wp-json\/wp\/v2\/product_cat?post=11912"},{"taxonomy":"product_tag","embeddable":true,"href":"https:\/\/algavenice.com\/fr\/wp-json\/wp\/v2\/product_tag?post=11912"}],"curies":[{"name":"wp","href":"https:\/\/api.w.org\/{rel}","templated":true}]}}