{"id":11917,"date":"2020-06-17T03:34:48","date_gmt":"2020-06-17T03:34:48","guid":{"rendered":"https:\/\/algavenice.com\/prodotto\/spiruline-100-bio-complement-alimentaire-comprimes\/"},"modified":"2025-10-24T14:14:38","modified_gmt":"2025-10-24T12:14:38","slug":"100-spiruline-complement-alimentaire-biologique","status":"publish","type":"product","link":"https:\/\/algavenice.com\/fr\/produit\/100-spiruline-complement-alimentaire-biologique\/","title":{"rendered":"Spiruline 100% bio compl\u00e9ment alimentaire comprim\u00e9s"},"content":{"rendered":"<p>Les <strong>comprim\u00e9s de spiruline en<\/strong> compl\u00e9ment alimentaire contiennent UNIQUEMENT de la SPIRULINE 100% PURE issue de l&rsquo;agriculture biologique.<\/p>\n<p>Il offre un soutien pr\u00e9cieux et exerce une action r\u00e9paratrice en cas de fatigue psychophysique de l&rsquo;organisme.<\/p>\n<p>Les comprim\u00e9s sont rapidement assimil\u00e9s et ne contiennent pas d&rsquo;excipients ou d&rsquo;\u00e9paississants ajout\u00e9s. Sans gluten, ni lactose, ni conservateurs. Convient aux r\u00e9gimes v\u00e9g\u00e9taliens et v\u00e9g\u00e9tariens.<\/p>\n<h2>Spiruline : combien de comprim\u00e9s par jour ?<\/h2>\n<p>Nous recommandons de prendre <strong>2 \u00e0 4 comprim\u00e9s par jour<\/strong> (maximum 6 comprim\u00e9s) en d\u00e9but de journ\u00e9e pour profiter au mieux des bienfaits de ce produit pur.<\/p>\n<p>Les comprim\u00e9s d&rsquo;AlgaVenice sont agr\u00e9ables \u00e0 prendre car ils n&rsquo;ont ni go\u00fbt ni odeur particuliers. Cela est d\u00fb au processus de production m\u00e9ticuleux.<\/p>\n<p>Les algues qui poussent dans des r\u00e9servoirs ouverts peuvent \u00eatre contamin\u00e9es et pr\u00e9senter des insectes. En cons\u00e9quence, le produit final peut prendre une mauvaise odeur. Le go\u00fbt caract\u00e9ristique des algues ne peut \u00eatre d\u00e9couvert qu&rsquo;avec les <strong>comprim\u00e9s d&rsquo;AlgaVenice<\/strong>. En effet, nous avons d\u00e9cid\u00e9 de cultiver la spiruline dans des photobior\u00e9acteurs ferm\u00e9s et surveill\u00e9s en permanence.<\/p>\n<h2>Compl\u00e9ment alimentaire \u00e0 base de spiruline<\/h2>\n<p>Ce n&rsquo;est que dans les ann\u00e9es 1970 que la spiruline <em>Arthrospira platensis<\/em> a r\u00e9ussi \u00e0 attirer \u00e0 nouveau l&rsquo;attention sur elle. Le monde acad\u00e9mique avait commenc\u00e9 \u00e0 l&rsquo;\u00e9tudier et \u00e0 r\u00e9v\u00e9ler son potentiel en tant que <strong>compl\u00e9ment alimentaire<\/strong>. Il s&rsquo;agit d&rsquo;une microalgue vert fonc\u00e9 qui vit en eau douce. Il rejoint la liste des aliments appel\u00e9s \u00ab\u00a0superfoods\u00a0\u00bb en raison de ses propri\u00e9t\u00e9s organoleptiques. En effet, il contient :<\/p>\n<ul>\n<li>entre 60 et 70 % de prot\u00e9ines v\u00e9g\u00e9tales ;<\/li>\n<li>les 11 acides amin\u00e9s que notre corps n&rsquo;int\u00e8gre que par l&rsquo;alimentation ;<\/li>\n<li>vitamines (A, B, C, E) ;<\/li>\n<li>des lipides et des min\u00e9raux tels que le fer, le magn\u00e9sium, le potassium et le calcium ;<\/li>\n<li>des acides gras essentiels ;<\/li>\n<li>phycocyanine, carot\u00e9no\u00efdes, st\u00e9rols.<\/li>\n<\/ul>\n<p>Outre les propri\u00e9t\u00e9s nutritionnelles, pourquoi <strong>prendre un suppl\u00e9ment de spiruline<\/strong>? Voici quelques-uns des avantages prouv\u00e9s de la prise de ce compl\u00e9ment alimentaire :<\/p>\n<ul>\n<li>des propri\u00e9t\u00e9s immunomodulatrices ;<\/li>\n<li>excellent alli\u00e9 contre le cholest\u00e9rol et les triglyc\u00e9rides ;<\/li>\n<li>des capacit\u00e9s anti-inflammatoires ;<\/li>\n<li>b\u00e9n\u00e9fique pour le syst\u00e8me musculaire en cas d&rsquo;effort physique ;<\/li>\n<li>lutte contre la malnutrition.<\/li>\n<\/ul>\n<p>Essayez les <strong>comprim\u00e9s de spiruline<\/strong> pour en ressentir tous les bienfaits sur votre corps !<\/p>\n","protected":false},"excerpt":{"rendered":"<p>La <strong>spiruline en comprim\u00e9s<\/strong> est un compl\u00e9ment alimentaire contenant UNIQUEMENT de la SPIRULINE 100% PURE issue de l&rsquo;agriculture biologique.<\/p>\n<p>Bo\u00eete de 90 comprim\u00e9s, poids net de l&#8217;emballage 45 g, chaque comprim\u00e9 0,5 g pour un dosage correct et une prise pratique.<\/p>\n<p>Spiruline Arthrospira Platensis compl\u00e9ment alimentaire code 111794.<\/p>\n","protected":false},"featured_media":15455,"comment_status":"closed","ping_status":"closed","template":"","meta":{"_acf_changed":false},"product_cat":[420,417,418,415],"product_tag":[],"class_list":{"0":"post-11917","1":"product","2":"type-product","3":"status-publish","4":"has-post-thumbnail","6":"product_brand-algavenice-by-agricola-serenissima-s-r-l-fr","7":"product_cat-supplements-a-base-de-spiruline","8":"product_cat-spiruline-en-bocaux","9":"product_cat-spiruline-recommandee-pour-vous","10":"product_cat-spiruline-la-plus-vendue","12":"first","13":"instock","14":"taxable","15":"shipping-taxable","16":"purchasable","17":"product-type-simple"},"acf":[],"yoast_head":"<!-- This site is optimized with the Yoast SEO plugin v27.3 - https:\/\/yoast.com\/product\/yoast-seo-wordpress\/ -->\n<title>Spiruline 100% bio compl\u00e9ment alimentaire comprim\u00e9s In Vendita Online | AlgaVenice<\/title>\n<meta name=\"description\" content=\"Algues spirulines biologiques en comprim\u00e9s 100% purs sans additifs, 90 pi\u00e8ces, s\u00e9ch\u00e9es \u00e0 basse temp\u00e9rature et analys\u00e9es par l&#039;Universit\u00e9 de Florence et de Padoue.\" \/>\n<meta name=\"robots\" content=\"index, follow, max-snippet:-1, max-image-preview:large, max-video-preview:-1\" \/>\n<link rel=\"canonical\" href=\"https:\/\/algavenice.com\/fr\/produit\/100-spiruline-complement-alimentaire-biologique\/\" \/>\n<meta property=\"og:locale\" content=\"fr_FR\" \/>\n<meta property=\"og:type\" content=\"article\" \/>\n<meta property=\"og:title\" content=\"Spiruline 100% bio compl\u00e9ment alimentaire comprim\u00e9s In Vendita Online | AlgaVenice\" \/>\n<meta property=\"og:description\" content=\"Algues spirulines biologiques en comprim\u00e9s 100% purs sans additifs, 90 pi\u00e8ces, s\u00e9ch\u00e9es \u00e0 basse temp\u00e9rature et analys\u00e9es par l&#039;Universit\u00e9 de Florence et de Padoue.\" \/>\n<meta property=\"og:url\" content=\"https:\/\/algavenice.com\/fr\/produit\/100-spiruline-complement-alimentaire-biologique\/\" \/>\n<meta property=\"og:site_name\" content=\"AlgaVenice\" \/>\n<meta property=\"article:publisher\" content=\"https:\/\/www.facebook.com\/algavenice.it\" \/>\n<meta property=\"article:modified_time\" content=\"2025-10-24T12:14:38+00:00\" \/>\n<meta property=\"og:image\" content=\"https:\/\/algavenice.com\/wp-content\/uploads\/2020\/06\/compresse_di_spirulina_in_barattolo.jpg\" \/>\n\t<meta property=\"og:image:width\" content=\"800\" \/>\n\t<meta property=\"og:image:height\" content=\"800\" \/>\n\t<meta property=\"og:image:type\" content=\"image\/jpeg\" \/>\n<meta name=\"twitter:card\" content=\"summary_large_image\" \/>\n<meta name=\"twitter:label1\" content=\"Dur\u00e9e de lecture estim\u00e9e\" \/>\n\t<meta name=\"twitter:data1\" content=\"2 minutes\" \/>\n<script type=\"application\/ld+json\" class=\"yoast-schema-graph\">{\"@context\":\"https:\\\/\\\/schema.org\",\"@graph\":[{\"@type\":\"WebPage\",\"@id\":\"https:\\\/\\\/algavenice.com\\\/fr\\\/produit\\\/100-spiruline-complement-alimentaire-biologique\\\/\",\"url\":\"https:\\\/\\\/algavenice.com\\\/fr\\\/produit\\\/100-spiruline-complement-alimentaire-biologique\\\/\",\"name\":\"Spiruline 100% bio compl\u00e9ment alimentaire comprim\u00e9s In Vendita Online | AlgaVenice\",\"isPartOf\":{\"@id\":\"https:\\\/\\\/algavenice.com\\\/fr\\\/#website\"},\"primaryImageOfPage\":{\"@id\":\"https:\\\/\\\/algavenice.com\\\/fr\\\/produit\\\/100-spiruline-complement-alimentaire-biologique\\\/#primaryimage\"},\"image\":{\"@id\":\"https:\\\/\\\/algavenice.com\\\/fr\\\/produit\\\/100-spiruline-complement-alimentaire-biologique\\\/#primaryimage\"},\"thumbnailUrl\":\"https:\\\/\\\/algavenice.com\\\/wp-content\\\/uploads\\\/2020\\\/06\\\/IMG_20251022_094810.jpg\",\"datePublished\":\"2020-06-17T03:34:48+00:00\",\"dateModified\":\"2025-10-24T12:14:38+00:00\",\"description\":\"Algues spirulines biologiques en comprim\u00e9s 100% purs sans additifs, 90 pi\u00e8ces, s\u00e9ch\u00e9es \u00e0 basse temp\u00e9rature et analys\u00e9es par l'Universit\u00e9 de Florence et de Padoue.\",\"breadcrumb\":{\"@id\":\"https:\\\/\\\/algavenice.com\\\/fr\\\/produit\\\/100-spiruline-complement-alimentaire-biologique\\\/#breadcrumb\"},\"inLanguage\":\"fr-FR\",\"potentialAction\":[{\"@type\":\"ReadAction\",\"target\":[\"https:\\\/\\\/algavenice.com\\\/fr\\\/produit\\\/100-spiruline-complement-alimentaire-biologique\\\/\"]}]},{\"@type\":\"ImageObject\",\"inLanguage\":\"fr-FR\",\"@id\":\"https:\\\/\\\/algavenice.com\\\/fr\\\/produit\\\/100-spiruline-complement-alimentaire-biologique\\\/#primaryimage\",\"url\":\"https:\\\/\\\/algavenice.com\\\/wp-content\\\/uploads\\\/2020\\\/06\\\/IMG_20251022_094810.jpg\",\"contentUrl\":\"https:\\\/\\\/algavenice.com\\\/wp-content\\\/uploads\\\/2020\\\/06\\\/IMG_20251022_094810.jpg\",\"width\":1000,\"height\":1000},{\"@type\":\"BreadcrumbList\",\"@id\":\"https:\\\/\\\/algavenice.com\\\/fr\\\/produit\\\/100-spiruline-complement-alimentaire-biologique\\\/#breadcrumb\",\"itemListElement\":[{\"@type\":\"ListItem\",\"position\":1,\"name\":\"Home\",\"item\":\"https:\\\/\\\/algavenice.com\\\/fr\\\/\"},{\"@type\":\"ListItem\",\"position\":2,\"name\":\"Boutique bio\",\"item\":\"https:\\\/\\\/algavenice.com\\\/negozio-bio\\\/\"},{\"@type\":\"ListItem\",\"position\":3,\"name\":\"Spiruline 100% bio compl\u00e9ment alimentaire comprim\u00e9s\"}]},{\"@type\":\"WebSite\",\"@id\":\"https:\\\/\\\/algavenice.com\\\/fr\\\/#website\",\"url\":\"https:\\\/\\\/algavenice.com\\\/fr\\\/\",\"name\":\"AlgaVenice - Spirulina 100% pura, italiana e biologica\",\"description\":\"Vendita Spirulina di Alta Qualit\u00e0 Online\",\"publisher\":{\"@id\":\"https:\\\/\\\/algavenice.com\\\/fr\\\/#organization\"},\"alternateName\":\"Vendita online Spirulina di alta qualit\u00e0\",\"potentialAction\":[{\"@type\":\"SearchAction\",\"target\":{\"@type\":\"EntryPoint\",\"urlTemplate\":\"https:\\\/\\\/algavenice.com\\\/fr\\\/?s={search_term_string}\"},\"query-input\":{\"@type\":\"PropertyValueSpecification\",\"valueRequired\":true,\"valueName\":\"search_term_string\"}}],\"inLanguage\":\"fr-FR\"},{\"@type\":\"Organization\",\"@id\":\"https:\\\/\\\/algavenice.com\\\/fr\\\/#organization\",\"name\":\"Societ\u00e0 Agricola Serenissima S.r.l.\",\"alternateName\":\"AlgaVenice\",\"url\":\"https:\\\/\\\/algavenice.com\\\/fr\\\/\",\"logo\":{\"@type\":\"ImageObject\",\"inLanguage\":\"fr-FR\",\"@id\":\"https:\\\/\\\/algavenice.com\\\/fr\\\/#\\\/schema\\\/logo\\\/image\\\/\",\"url\":\"https:\\\/\\\/algavenice.com\\\/wp-content\\\/uploads\\\/2023\\\/03\\\/algavenice_logo_dati_strutturati.jpg\",\"contentUrl\":\"https:\\\/\\\/algavenice.com\\\/wp-content\\\/uploads\\\/2023\\\/03\\\/algavenice_logo_dati_strutturati.jpg\",\"width\":696,\"height\":696,\"caption\":\"Societ\u00e0 Agricola Serenissima S.r.l.\"},\"image\":{\"@id\":\"https:\\\/\\\/algavenice.com\\\/fr\\\/#\\\/schema\\\/logo\\\/image\\\/\"},\"sameAs\":[\"https:\\\/\\\/www.facebook.com\\\/algavenice.it\",\"https:\\\/\\\/www.instagram.com\\\/algavenice_spirulina\\\/\",\"https:\\\/\\\/www.youtube.com\\\/channel\\\/UCcgMDdoknspeIM22pqn7Qiw\"]}]}<\/script>\n<!-- \/ Yoast SEO plugin. -->","yoast_head_json":{"title":"Spiruline 100% bio compl\u00e9ment alimentaire comprim\u00e9s In Vendita Online | AlgaVenice","description":"Algues spirulines biologiques en comprim\u00e9s 100% purs sans additifs, 90 pi\u00e8ces, s\u00e9ch\u00e9es \u00e0 basse temp\u00e9rature et analys\u00e9es par l'Universit\u00e9 de Florence et de Padoue.","robots":{"index":"index","follow":"follow","max-snippet":"max-snippet:-1","max-image-preview":"max-image-preview:large","max-video-preview":"max-video-preview:-1"},"canonical":"https:\/\/algavenice.com\/fr\/produit\/100-spiruline-complement-alimentaire-biologique\/","og_locale":"fr_FR","og_type":"article","og_title":"Spiruline 100% bio compl\u00e9ment alimentaire comprim\u00e9s In Vendita Online | AlgaVenice","og_description":"Algues spirulines biologiques en comprim\u00e9s 100% purs sans additifs, 90 pi\u00e8ces, s\u00e9ch\u00e9es \u00e0 basse temp\u00e9rature et analys\u00e9es par l'Universit\u00e9 de Florence et de Padoue.","og_url":"https:\/\/algavenice.com\/fr\/produit\/100-spiruline-complement-alimentaire-biologique\/","og_site_name":"AlgaVenice","article_publisher":"https:\/\/www.facebook.com\/algavenice.it","article_modified_time":"2025-10-24T12:14:38+00:00","og_image":[{"width":800,"height":800,"url":"https:\/\/algavenice.com\/wp-content\/uploads\/2020\/06\/compresse_di_spirulina_in_barattolo.jpg","type":"image\/jpeg"}],"twitter_card":"summary_large_image","twitter_misc":{"Dur\u00e9e de lecture estim\u00e9e":"2 minutes"},"schema":{"@context":"https:\/\/schema.org","@graph":[{"@type":"WebPage","@id":"https:\/\/algavenice.com\/fr\/produit\/100-spiruline-complement-alimentaire-biologique\/","url":"https:\/\/algavenice.com\/fr\/produit\/100-spiruline-complement-alimentaire-biologique\/","name":"Spiruline 100% bio compl\u00e9ment alimentaire comprim\u00e9s In Vendita Online | AlgaVenice","isPartOf":{"@id":"https:\/\/algavenice.com\/fr\/#website"},"primaryImageOfPage":{"@id":"https:\/\/algavenice.com\/fr\/produit\/100-spiruline-complement-alimentaire-biologique\/#primaryimage"},"image":{"@id":"https:\/\/algavenice.com\/fr\/produit\/100-spiruline-complement-alimentaire-biologique\/#primaryimage"},"thumbnailUrl":"https:\/\/algavenice.com\/wp-content\/uploads\/2020\/06\/IMG_20251022_094810.jpg","datePublished":"2020-06-17T03:34:48+00:00","dateModified":"2025-10-24T12:14:38+00:00","description":"Algues spirulines biologiques en comprim\u00e9s 100% purs sans additifs, 90 pi\u00e8ces, s\u00e9ch\u00e9es \u00e0 basse temp\u00e9rature et analys\u00e9es par l'Universit\u00e9 de Florence et de Padoue.","breadcrumb":{"@id":"https:\/\/algavenice.com\/fr\/produit\/100-spiruline-complement-alimentaire-biologique\/#breadcrumb"},"inLanguage":"fr-FR","potentialAction":[{"@type":"ReadAction","target":["https:\/\/algavenice.com\/fr\/produit\/100-spiruline-complement-alimentaire-biologique\/"]}]},{"@type":"ImageObject","inLanguage":"fr-FR","@id":"https:\/\/algavenice.com\/fr\/produit\/100-spiruline-complement-alimentaire-biologique\/#primaryimage","url":"https:\/\/algavenice.com\/wp-content\/uploads\/2020\/06\/IMG_20251022_094810.jpg","contentUrl":"https:\/\/algavenice.com\/wp-content\/uploads\/2020\/06\/IMG_20251022_094810.jpg","width":1000,"height":1000},{"@type":"BreadcrumbList","@id":"https:\/\/algavenice.com\/fr\/produit\/100-spiruline-complement-alimentaire-biologique\/#breadcrumb","itemListElement":[{"@type":"ListItem","position":1,"name":"Home","item":"https:\/\/algavenice.com\/fr\/"},{"@type":"ListItem","position":2,"name":"Boutique bio","item":"https:\/\/algavenice.com\/negozio-bio\/"},{"@type":"ListItem","position":3,"name":"Spiruline 100% bio compl\u00e9ment alimentaire comprim\u00e9s"}]},{"@type":"WebSite","@id":"https:\/\/algavenice.com\/fr\/#website","url":"https:\/\/algavenice.com\/fr\/","name":"AlgaVenice - Spirulina 100% pura, italiana e biologica","description":"Vendita Spirulina di Alta Qualit\u00e0 Online","publisher":{"@id":"https:\/\/algavenice.com\/fr\/#organization"},"alternateName":"Vendita online Spirulina di alta qualit\u00e0","potentialAction":[{"@type":"SearchAction","target":{"@type":"EntryPoint","urlTemplate":"https:\/\/algavenice.com\/fr\/?s={search_term_string}"},"query-input":{"@type":"PropertyValueSpecification","valueRequired":true,"valueName":"search_term_string"}}],"inLanguage":"fr-FR"},{"@type":"Organization","@id":"https:\/\/algavenice.com\/fr\/#organization","name":"Societ\u00e0 Agricola Serenissima S.r.l.","alternateName":"AlgaVenice","url":"https:\/\/algavenice.com\/fr\/","logo":{"@type":"ImageObject","inLanguage":"fr-FR","@id":"https:\/\/algavenice.com\/fr\/#\/schema\/logo\/image\/","url":"https:\/\/algavenice.com\/wp-content\/uploads\/2023\/03\/algavenice_logo_dati_strutturati.jpg","contentUrl":"https:\/\/algavenice.com\/wp-content\/uploads\/2023\/03\/algavenice_logo_dati_strutturati.jpg","width":696,"height":696,"caption":"Societ\u00e0 Agricola Serenissima S.r.l."},"image":{"@id":"https:\/\/algavenice.com\/fr\/#\/schema\/logo\/image\/"},"sameAs":["https:\/\/www.facebook.com\/algavenice.it","https:\/\/www.instagram.com\/algavenice_spirulina\/","https:\/\/www.youtube.com\/channel\/UCcgMDdoknspeIM22pqn7Qiw"]}]}},"_links":{"self":[{"href":"https:\/\/algavenice.com\/fr\/wp-json\/wp\/v2\/product\/11917","targetHints":{"allow":["GET"]}}],"collection":[{"href":"https:\/\/algavenice.com\/fr\/wp-json\/wp\/v2\/product"}],"about":[{"href":"https:\/\/algavenice.com\/fr\/wp-json\/wp\/v2\/types\/product"}],"replies":[{"embeddable":true,"href":"https:\/\/algavenice.com\/fr\/wp-json\/wp\/v2\/comments?post=11917"}],"wp:featuredmedia":[{"embeddable":true,"href":"https:\/\/algavenice.com\/fr\/wp-json\/wp\/v2\/media\/15455"}],"wp:attachment":[{"href":"https:\/\/algavenice.com\/fr\/wp-json\/wp\/v2\/media?parent=11917"}],"wp:term":[{"taxonomy":"product_cat","embeddable":true,"href":"https:\/\/algavenice.com\/fr\/wp-json\/wp\/v2\/product_cat?post=11917"},{"taxonomy":"product_tag","embeddable":true,"href":"https:\/\/algavenice.com\/fr\/wp-json\/wp\/v2\/product_tag?post=11917"}],"curies":[{"name":"wp","href":"https:\/\/api.w.org\/{rel}","templated":true}]}}