{"id":11930,"date":"2021-07-12T16:40:27","date_gmt":"2023-03-19T15:36:29","guid":{"rendered":"https:\/\/algavenice.com\/prodotto\/supplement-de-spiruline-avec-acerola\/"},"modified":"2023-03-19T16:36:29","modified_gmt":"2023-03-19T15:36:29","slug":"spiruline-avec-acerola","status":"publish","type":"product","link":"https:\/\/algavenice.com\/fr\/produit\/spiruline-avec-acerola\/","title":{"rendered":"Suppl\u00e9ment de spiruline avec ac\u00e9rola"},"content":{"rendered":"<p>Le<strong>suppl\u00e9ment de spiruline<\/strong> avec ac\u00e9rola a \u00e9t\u00e9 cr\u00e9\u00e9 pour donner \u00e0 l&rsquo;organisme une \u00e9nergie instantan\u00e9e. Les deux composants du compl\u00e9ment sont parfaits pour vous donner le bon coup de pouce pour une journ\u00e9e enti\u00e8re.<\/p>\n<p>Nous avons donc, d&rsquo;une part, l&rsquo;<strong>algue spiruline<\/strong> qui est utile pour restaurer et soutenir l&rsquo;organisme. Par ailleurs, la pr\u00e9sence d&rsquo;<strong>ac\u00e9rola<\/strong>, riche en <strong>vitamine C<\/strong>, est importante pour les d\u00e9fenses naturelles de l&rsquo;organisme.<\/p>\n<h3>Suppl\u00e9ment de spiruline<\/h3>\n<p>Il est d\u00e9sormais bien connu que l&rsquo;algue spirulina platensis est un superaliment riche en nutriments pr\u00e9cieux pour le bien-\u00eatre de l&rsquo;ensemble de l&rsquo;organisme humain et qu&rsquo;elle est.. :<\/p>\n<ul>\n<li><strong>revigorant et \u00e9nergisant<\/strong>. Avec ses prot\u00e9ines v\u00e9g\u00e9tales pr\u00eates \u00e0 l&#8217;emploi et ses vitamines A, B, C, K, la spiruline est un pr\u00e9cieux stimulant \u00e9nerg\u00e9tique pour l&rsquo;organisme. La pr\u00e9sence de cuivre, de fer et de vitamines B contribue \u00e0 renforcer les cheveux cassants et les ongles fragilis\u00e9s.<\/li>\n<li><strong>antioxydant<\/strong>. La pr\u00e9sence de phycocyanine et de b\u00eata-carot\u00e8ne contribue \u00e0 ralentir le vieillissement cellulaire et constitue un puissant antioxydant contre les radicaux libres.<\/li>\n<li><strong>purifiant et d\u00e9sintoxiquant<\/strong>. La chlorophylle contenue dans la spiruline contribue \u00e0 purifier l&rsquo;organisme et l&rsquo;algue elle-m\u00eame nous d\u00e9barrasse des m\u00e9taux lourds.<\/li>\n<li>b\u00e9n\u00e9fique pour le syst\u00e8me <strong>immunitaire<\/strong>. Les acides gras om\u00e9ga 3 et om\u00e9ga 6 contenus dans la spiruline sont de puissants alli\u00e9s de notre syst\u00e8me immunitaire et contribuent \u00e0 maintenir le cholest\u00e9rol sous contr\u00f4le.<\/li>\n<\/ul>\n<h3>Suppl\u00e9ment d&rsquo;ac\u00e9rola<\/h3>\n<p>L&rsquo;ac\u00e9rola est un fruit amer r\u00e9put\u00e9 pour son fort pouvoir antioxydant. Aide \u00e0 lutter contre le vieillissement en prot\u00e9geant la peau et les tissus. Il r\u00e9gule la glyc\u00e9mie et \u00e9vite ainsi le stress oxydatif du syst\u00e8me cardiovasculaire. Mais ses avantages ne s&rsquo;arr\u00eatent pas l\u00e0.<\/p>\n<p>L&rsquo;ac\u00e9rola contribue \u00e0 renforcer le syst\u00e8me immunitaire car il contient 50 fois plus d&rsquo;acide ascorbique qu&rsquo;une orange. La teneur \u00e9lev\u00e9e en bioflavono\u00efdes contribue au maintien et \u00e0 l&rsquo;am\u00e9lioration des fonctions cognitives. En outre, la vitamine A pr\u00e9sente dans l&rsquo;ac\u00e9rola contribue \u00e0 prot\u00e9ger la vue.<\/p>\n<p>&nbsp;<\/p>\n<p>D\u00e9couvrez la puissance de deux \u00ab\u00a0super-aliments\u00a0\u00bb et ne renoncez pas \u00e0 des journ\u00e9es pleines d&rsquo;\u00e9nergie !<\/p>\n","protected":false},"excerpt":{"rendered":"<p>Le<strong>suppl\u00e9ment de spiruline avec ac\u00e9rola <\/strong>a \u00e9t\u00e9 cr\u00e9\u00e9 pour donner \u00e0 l&rsquo;organisme une \u00e9nergie instantan\u00e9e. Les deux composants du compl\u00e9ment sont parfaits pour vous donner le bon coup de pouce pour une journ\u00e9e enti\u00e8re.<\/p>\n<p>Pot contenant 45 comprim\u00e9s de 1g de Spiruline <em>Arthrospira Platensis<\/em> et <em>Ac\u00e9rola<\/em>. Le poids net total de l&#8217;emballage est de 45 g.<\/p>\n<p>La spiruline \u00e0 l&rsquo;ac\u00e9rola est un compl\u00e9ment alimentaire autoris\u00e9 sous le code 138448.<\/p>\n","protected":false},"featured_media":12984,"comment_status":"closed","ping_status":"closed","template":"","meta":{"_acf_changed":false},"product_cat":[420,418,415],"product_tag":[],"class_list":{"0":"post-11930","1":"product","2":"type-product","3":"status-publish","4":"has-post-thumbnail","6":"product_brand-algavenice-by-agricola-serenissima-s-r-l","7":"product_cat-supplements-a-base-de-spiruline","8":"product_cat-spiruline-recommandee-pour-vous","9":"product_cat-spiruline-la-plus-vendue","11":"first","12":"instock","13":"taxable","14":"shipping-taxable","15":"purchasable","16":"product-type-simple"},"acf":[],"yoast_head":"<!-- This site is optimized with the Yoast SEO plugin v27.4 - https:\/\/yoast.com\/product\/yoast-seo-wordpress\/ -->\n<title>Suppl\u00e9ment de spiruline avec ac\u00e9rola In Vendita Online | AlgaVenice<\/title>\n<meta name=\"description\" content=\"Savez-vous pourquoi nous avons choisi de cr\u00e9er le compl\u00e9ment de spiruline avec de l&#039;ac\u00e9rola ? Pour doter votre corps de super-pouvoirs ! Cliquez pour en savoir plus.\" \/>\n<meta name=\"robots\" content=\"index, follow, max-snippet:-1, max-image-preview:large, max-video-preview:-1\" \/>\n<link rel=\"canonical\" href=\"https:\/\/algavenice.com\/fr\/produit\/spiruline-avec-acerola\/\" \/>\n<meta property=\"og:locale\" content=\"fr_FR\" \/>\n<meta property=\"og:type\" content=\"article\" \/>\n<meta property=\"og:title\" content=\"Suppl\u00e9ment de spiruline avec ac\u00e9rola In Vendita Online | AlgaVenice\" \/>\n<meta property=\"og:description\" content=\"Savez-vous pourquoi nous avons choisi de cr\u00e9er le compl\u00e9ment de spiruline avec de l&#039;ac\u00e9rola ? Pour doter votre corps de super-pouvoirs ! Cliquez pour en savoir plus.\" \/>\n<meta property=\"og:url\" content=\"https:\/\/algavenice.com\/fr\/produit\/spiruline-avec-acerola\/\" \/>\n<meta property=\"og:site_name\" content=\"AlgaVenice\" \/>\n<meta property=\"article:publisher\" content=\"https:\/\/www.facebook.com\/algavenice.it\" \/>\n<meta property=\"og:image\" content=\"https:\/\/algavenice.com\/wp-content\/uploads\/2021\/07\/SPIRULINA_mockup.png\" \/>\n\t<meta property=\"og:image:width\" content=\"1772\" \/>\n\t<meta property=\"og:image:height\" content=\"1498\" \/>\n\t<meta property=\"og:image:type\" content=\"image\/png\" \/>\n<meta name=\"twitter:card\" content=\"summary_large_image\" \/>\n<meta name=\"twitter:label1\" content=\"Dur\u00e9e de lecture estim\u00e9e\" \/>\n\t<meta name=\"twitter:data1\" content=\"2 minutes\" \/>\n<script type=\"application\/ld+json\" class=\"yoast-schema-graph\">{\"@context\":\"https:\\\/\\\/schema.org\",\"@graph\":[{\"@type\":\"WebPage\",\"@id\":\"https:\\\/\\\/algavenice.com\\\/fr\\\/produit\\\/spiruline-avec-acerola\\\/\",\"url\":\"https:\\\/\\\/algavenice.com\\\/fr\\\/produit\\\/spiruline-avec-acerola\\\/\",\"name\":\"Suppl\u00e9ment de spiruline avec ac\u00e9rola In Vendita Online | AlgaVenice\",\"isPartOf\":{\"@id\":\"https:\\\/\\\/algavenice.com\\\/fr\\\/#website\"},\"primaryImageOfPage\":{\"@id\":\"https:\\\/\\\/algavenice.com\\\/fr\\\/produit\\\/spiruline-avec-acerola\\\/#primaryimage\"},\"image\":{\"@id\":\"https:\\\/\\\/algavenice.com\\\/fr\\\/produit\\\/spiruline-avec-acerola\\\/#primaryimage\"},\"thumbnailUrl\":\"https:\\\/\\\/algavenice.com\\\/wp-content\\\/uploads\\\/2021\\\/07\\\/SPIRULINA_mockup.png\",\"datePublished\":\"2023-03-19T15:36:29+00:00\",\"description\":\"Savez-vous pourquoi nous avons choisi de cr\u00e9er le compl\u00e9ment de spiruline avec de l'ac\u00e9rola ? Pour doter votre corps de super-pouvoirs ! Cliquez pour en savoir plus.\",\"breadcrumb\":{\"@id\":\"https:\\\/\\\/algavenice.com\\\/fr\\\/produit\\\/spiruline-avec-acerola\\\/#breadcrumb\"},\"inLanguage\":\"fr-FR\",\"potentialAction\":[{\"@type\":\"ReadAction\",\"target\":[\"https:\\\/\\\/algavenice.com\\\/fr\\\/produit\\\/spiruline-avec-acerola\\\/\"]}]},{\"@type\":\"ImageObject\",\"inLanguage\":\"fr-FR\",\"@id\":\"https:\\\/\\\/algavenice.com\\\/fr\\\/produit\\\/spiruline-avec-acerola\\\/#primaryimage\",\"url\":\"https:\\\/\\\/algavenice.com\\\/wp-content\\\/uploads\\\/2021\\\/07\\\/SPIRULINA_mockup.png\",\"contentUrl\":\"https:\\\/\\\/algavenice.com\\\/wp-content\\\/uploads\\\/2021\\\/07\\\/SPIRULINA_mockup.png\",\"width\":1772,\"height\":1498},{\"@type\":\"BreadcrumbList\",\"@id\":\"https:\\\/\\\/algavenice.com\\\/fr\\\/produit\\\/spiruline-avec-acerola\\\/#breadcrumb\",\"itemListElement\":[{\"@type\":\"ListItem\",\"position\":1,\"name\":\"Home\",\"item\":\"https:\\\/\\\/algavenice.com\\\/fr\\\/\"},{\"@type\":\"ListItem\",\"position\":2,\"name\":\"Boutique bio\",\"item\":\"https:\\\/\\\/algavenice.com\\\/negozio-bio\\\/\"},{\"@type\":\"ListItem\",\"position\":3,\"name\":\"Suppl\u00e9ment de spiruline avec ac\u00e9rola\"}]},{\"@type\":\"WebSite\",\"@id\":\"https:\\\/\\\/algavenice.com\\\/fr\\\/#website\",\"url\":\"https:\\\/\\\/algavenice.com\\\/fr\\\/\",\"name\":\"AlgaVenice - Spirulina 100% pura, italiana e biologica\",\"description\":\"Vendita Spirulina di Alta Qualit\u00e0 Online\",\"publisher\":{\"@id\":\"https:\\\/\\\/algavenice.com\\\/fr\\\/#organization\"},\"alternateName\":\"Vendita online Spirulina di alta qualit\u00e0\",\"potentialAction\":[{\"@type\":\"SearchAction\",\"target\":{\"@type\":\"EntryPoint\",\"urlTemplate\":\"https:\\\/\\\/algavenice.com\\\/fr\\\/?s={search_term_string}\"},\"query-input\":{\"@type\":\"PropertyValueSpecification\",\"valueRequired\":true,\"valueName\":\"search_term_string\"}}],\"inLanguage\":\"fr-FR\"},{\"@type\":\"Organization\",\"@id\":\"https:\\\/\\\/algavenice.com\\\/fr\\\/#organization\",\"name\":\"Societ\u00e0 Agricola Serenissima S.r.l.\",\"alternateName\":\"AlgaVenice\",\"url\":\"https:\\\/\\\/algavenice.com\\\/fr\\\/\",\"logo\":{\"@type\":\"ImageObject\",\"inLanguage\":\"fr-FR\",\"@id\":\"https:\\\/\\\/algavenice.com\\\/fr\\\/#\\\/schema\\\/logo\\\/image\\\/\",\"url\":\"https:\\\/\\\/algavenice.com\\\/wp-content\\\/uploads\\\/2023\\\/03\\\/algavenice_logo_dati_strutturati.jpg\",\"contentUrl\":\"https:\\\/\\\/algavenice.com\\\/wp-content\\\/uploads\\\/2023\\\/03\\\/algavenice_logo_dati_strutturati.jpg\",\"width\":696,\"height\":696,\"caption\":\"Societ\u00e0 Agricola Serenissima S.r.l.\"},\"image\":{\"@id\":\"https:\\\/\\\/algavenice.com\\\/fr\\\/#\\\/schema\\\/logo\\\/image\\\/\"},\"sameAs\":[\"https:\\\/\\\/www.facebook.com\\\/algavenice.it\",\"https:\\\/\\\/www.instagram.com\\\/algavenice_spirulina\\\/\",\"https:\\\/\\\/www.youtube.com\\\/channel\\\/UCcgMDdoknspeIM22pqn7Qiw\"]}]}<\/script>\n<!-- \/ Yoast SEO plugin. -->","yoast_head_json":{"title":"Suppl\u00e9ment de spiruline avec ac\u00e9rola In Vendita Online | AlgaVenice","description":"Savez-vous pourquoi nous avons choisi de cr\u00e9er le compl\u00e9ment de spiruline avec de l'ac\u00e9rola ? Pour doter votre corps de super-pouvoirs ! Cliquez pour en savoir plus.","robots":{"index":"index","follow":"follow","max-snippet":"max-snippet:-1","max-image-preview":"max-image-preview:large","max-video-preview":"max-video-preview:-1"},"canonical":"https:\/\/algavenice.com\/fr\/produit\/spiruline-avec-acerola\/","og_locale":"fr_FR","og_type":"article","og_title":"Suppl\u00e9ment de spiruline avec ac\u00e9rola In Vendita Online | AlgaVenice","og_description":"Savez-vous pourquoi nous avons choisi de cr\u00e9er le compl\u00e9ment de spiruline avec de l'ac\u00e9rola ? Pour doter votre corps de super-pouvoirs ! Cliquez pour en savoir plus.","og_url":"https:\/\/algavenice.com\/fr\/produit\/spiruline-avec-acerola\/","og_site_name":"AlgaVenice","article_publisher":"https:\/\/www.facebook.com\/algavenice.it","og_image":[{"width":1772,"height":1498,"url":"https:\/\/algavenice.com\/wp-content\/uploads\/2021\/07\/SPIRULINA_mockup.png","type":"image\/png"}],"twitter_card":"summary_large_image","twitter_misc":{"Dur\u00e9e de lecture estim\u00e9e":"2 minutes"},"schema":{"@context":"https:\/\/schema.org","@graph":[{"@type":"WebPage","@id":"https:\/\/algavenice.com\/fr\/produit\/spiruline-avec-acerola\/","url":"https:\/\/algavenice.com\/fr\/produit\/spiruline-avec-acerola\/","name":"Suppl\u00e9ment de spiruline avec ac\u00e9rola In Vendita Online | AlgaVenice","isPartOf":{"@id":"https:\/\/algavenice.com\/fr\/#website"},"primaryImageOfPage":{"@id":"https:\/\/algavenice.com\/fr\/produit\/spiruline-avec-acerola\/#primaryimage"},"image":{"@id":"https:\/\/algavenice.com\/fr\/produit\/spiruline-avec-acerola\/#primaryimage"},"thumbnailUrl":"https:\/\/algavenice.com\/wp-content\/uploads\/2021\/07\/SPIRULINA_mockup.png","datePublished":"2023-03-19T15:36:29+00:00","description":"Savez-vous pourquoi nous avons choisi de cr\u00e9er le compl\u00e9ment de spiruline avec de l'ac\u00e9rola ? Pour doter votre corps de super-pouvoirs ! Cliquez pour en savoir plus.","breadcrumb":{"@id":"https:\/\/algavenice.com\/fr\/produit\/spiruline-avec-acerola\/#breadcrumb"},"inLanguage":"fr-FR","potentialAction":[{"@type":"ReadAction","target":["https:\/\/algavenice.com\/fr\/produit\/spiruline-avec-acerola\/"]}]},{"@type":"ImageObject","inLanguage":"fr-FR","@id":"https:\/\/algavenice.com\/fr\/produit\/spiruline-avec-acerola\/#primaryimage","url":"https:\/\/algavenice.com\/wp-content\/uploads\/2021\/07\/SPIRULINA_mockup.png","contentUrl":"https:\/\/algavenice.com\/wp-content\/uploads\/2021\/07\/SPIRULINA_mockup.png","width":1772,"height":1498},{"@type":"BreadcrumbList","@id":"https:\/\/algavenice.com\/fr\/produit\/spiruline-avec-acerola\/#breadcrumb","itemListElement":[{"@type":"ListItem","position":1,"name":"Home","item":"https:\/\/algavenice.com\/fr\/"},{"@type":"ListItem","position":2,"name":"Boutique bio","item":"https:\/\/algavenice.com\/negozio-bio\/"},{"@type":"ListItem","position":3,"name":"Suppl\u00e9ment de spiruline avec ac\u00e9rola"}]},{"@type":"WebSite","@id":"https:\/\/algavenice.com\/fr\/#website","url":"https:\/\/algavenice.com\/fr\/","name":"AlgaVenice - Spirulina 100% pura, italiana e biologica","description":"Vendita Spirulina di Alta Qualit\u00e0 Online","publisher":{"@id":"https:\/\/algavenice.com\/fr\/#organization"},"alternateName":"Vendita online Spirulina di alta qualit\u00e0","potentialAction":[{"@type":"SearchAction","target":{"@type":"EntryPoint","urlTemplate":"https:\/\/algavenice.com\/fr\/?s={search_term_string}"},"query-input":{"@type":"PropertyValueSpecification","valueRequired":true,"valueName":"search_term_string"}}],"inLanguage":"fr-FR"},{"@type":"Organization","@id":"https:\/\/algavenice.com\/fr\/#organization","name":"Societ\u00e0 Agricola Serenissima S.r.l.","alternateName":"AlgaVenice","url":"https:\/\/algavenice.com\/fr\/","logo":{"@type":"ImageObject","inLanguage":"fr-FR","@id":"https:\/\/algavenice.com\/fr\/#\/schema\/logo\/image\/","url":"https:\/\/algavenice.com\/wp-content\/uploads\/2023\/03\/algavenice_logo_dati_strutturati.jpg","contentUrl":"https:\/\/algavenice.com\/wp-content\/uploads\/2023\/03\/algavenice_logo_dati_strutturati.jpg","width":696,"height":696,"caption":"Societ\u00e0 Agricola Serenissima S.r.l."},"image":{"@id":"https:\/\/algavenice.com\/fr\/#\/schema\/logo\/image\/"},"sameAs":["https:\/\/www.facebook.com\/algavenice.it","https:\/\/www.instagram.com\/algavenice_spirulina\/","https:\/\/www.youtube.com\/channel\/UCcgMDdoknspeIM22pqn7Qiw"]}]}},"_links":{"self":[{"href":"https:\/\/algavenice.com\/fr\/wp-json\/wp\/v2\/product\/11930","targetHints":{"allow":["GET"]}}],"collection":[{"href":"https:\/\/algavenice.com\/fr\/wp-json\/wp\/v2\/product"}],"about":[{"href":"https:\/\/algavenice.com\/fr\/wp-json\/wp\/v2\/types\/product"}],"replies":[{"embeddable":true,"href":"https:\/\/algavenice.com\/fr\/wp-json\/wp\/v2\/comments?post=11930"}],"wp:featuredmedia":[{"embeddable":true,"href":"https:\/\/algavenice.com\/fr\/wp-json\/wp\/v2\/media\/12984"}],"wp:attachment":[{"href":"https:\/\/algavenice.com\/fr\/wp-json\/wp\/v2\/media?parent=11930"}],"wp:term":[{"taxonomy":"product_cat","embeddable":true,"href":"https:\/\/algavenice.com\/fr\/wp-json\/wp\/v2\/product_cat?post=11930"},{"taxonomy":"product_tag","embeddable":true,"href":"https:\/\/algavenice.com\/fr\/wp-json\/wp\/v2\/product_tag?post=11930"}],"curies":[{"name":"wp","href":"https:\/\/api.w.org\/{rel}","templated":true}]}}