{"id":11933,"date":"2021-07-12T17:03:33","date_gmt":"2023-03-19T15:37:21","guid":{"rendered":"https:\/\/algavenice.com\/prodotto\/complement-alimentaire-a-action-reparatrice\/"},"modified":"2023-04-24T13:30:21","modified_gmt":"2023-04-24T11:30:21","slug":"action-reconstituant-integrateur","status":"publish","type":"product","link":"https:\/\/algavenice.com\/fr\/produit\/action-reconstituant-integrateur\/","title":{"rendered":"Compl\u00e9ment alimentaire \u00e0 action r\u00e9paratrice"},"content":{"rendered":"<p>Les <strong>compl\u00e9ments alimentaires<\/strong> AlgaVenice sont con\u00e7us pour apporter un soutien maximal \u00e0 votre organisme. En particulier, les comprim\u00e9s \u00ab\u00a0Action r\u00e9paratrice\u00a0\u00bb sont id\u00e9aux dans des conditions de stress psychophysique. Vous vous demandez pourquoi ? La r\u00e9ponse se trouve dans la composition de ce compl\u00e9ment. Observer :<\/p>\n<ul>\n<li>l&rsquo;<strong>algue spiruline<\/strong>, utile pour une action reconstituante et de soutien ;<\/li>\n<li>le <strong>cynorrhodon<\/strong> dont l&rsquo;extrait sec est titr\u00e9 \u00e0 70% de vitamine C (acide L-ascorbique) favorise l&rsquo;absorption du fer ;<\/li>\n<li>Le <strong>fer<\/strong>, associ\u00e9 \u00e0 la <strong>vitamine B12<\/strong> et \u00e0 l&rsquo;<strong>acide folique<\/strong>, contribue \u00e0 r\u00e9duire la fatigue et l&rsquo;\u00e9puisement ;<\/li>\n<li>les <strong>vitamines B2-B6<\/strong> contribuent activement \u00e0 un m\u00e9tabolisme \u00e9nerg\u00e9tique normal ;<\/li>\n<li>L&rsquo;<strong>\u00e9leuth\u00e9rocoque<\/strong> exerce une action tonique-adaptog\u00e8ne et soutient les d\u00e9fenses immunitaires de l&rsquo;organisme ;<\/li>\n<li>de l&rsquo;<strong>acide pantoth\u00e9nique<\/strong> pour r\u00e9duire la fatigue.<\/li>\n<\/ul>\n<h2>Compl\u00e9ments alimentaires naturels<\/h2>\n<p>Le compl\u00e9ment &lsquo;Restorative Action&rsquo;, gr\u00e2ce \u00e0 sa composition, agit activement sur la <strong>r\u00e9duction de la<\/strong><strong>fatigue mentale et physique<\/strong>.<\/p>\n<p>Nous avons choisi d&rsquo;utiliser le mot \u00ab\u00a0RECONSTRUCTEUR\u00a0\u00bb pour indiquer une pr\u00e9paration de l&rsquo;organisme en vue d&rsquo;une am\u00e9lioration de la sant\u00e9. En effet, la prise du compl\u00e9ment \u00ab\u00a0Action r\u00e9paratrice\u00a0\u00bb contribue \u00e0 la <strong>restauration fonctionnelle de l&rsquo;organisme<\/strong> en cas de :<\/p>\n<ul>\n<li>la d\u00e9t\u00e9rioration ;<\/li>\n<li>convalescence ;<\/li>\n<li>pr\u00e9venir les cons\u00e9quences du surmenage physique ou psychologique.<\/li>\n<\/ul>\n<h2>Indications de l&rsquo;action restauratrice<\/h2>\n<p>Il est recommand\u00e9 de prendre 2 comprim\u00e9s par jour, de pr\u00e9f\u00e9rence le matin au petit-d\u00e9jeuner ou au d\u00e9jeuner, avec un grand verre d&rsquo;eau. Il est recommand\u00e9 de ne pas d\u00e9passer la dose journali\u00e8re indiqu\u00e9e.<\/p>\n<p>Le produit doit \u00eatre conserv\u00e9 herm\u00e9tiquement ferm\u00e9 dans un endroit sec et frais, \u00e0 l&rsquo;abri des sources de chaleur et de la lumi\u00e8re directe du soleil. La validit\u00e9 de l&#8217;emballage non ouvert est de 36 mois.<\/p>\n<p>N&rsquo;oubliez pas de tenir l&#8217;emballage hors de port\u00e9e des enfants de moins de 3 ans. Les <strong>compl\u00e9ments alimentaires d&rsquo;AlgaVenice<\/strong> ne doivent pas \u00eatre consid\u00e9r\u00e9s comme un substitut \u00e0 un r\u00e9gime alimentaire \u00e9quilibr\u00e9 ou m\u00eame \u00e0 un mode de vie sain.<\/p>\n<p>Pour l&rsquo;utilisation du produit pendant la grossesse, l&rsquo;allaitement et chez les enfants, nous recommandons de toujours demander l&rsquo;avis d&rsquo;un m\u00e9decin.<\/p>\n<p>&nbsp;<\/p>\n<p>D\u00e9couvrez tous les <strong>compl\u00e9ments alimentaires d&rsquo;<\/strong> AlgaVenice et choisissez celui dont vous avez le plus besoin en ce moment !<\/p>\n","protected":false},"excerpt":{"rendered":"<p>Gr\u00e2ce \u00e0 sa composition, le<strong>compl\u00e9ment \u00ab\u00a0action r\u00e9paratrice\u00a0\u00bb<\/strong> agit activement sur la r\u00e9duction de la fatigue mentale et physique. Les comprim\u00e9s sont id\u00e9aux dans des conditions de stress et ont la capacit\u00e9 de donner un coup de pouce suppl\u00e9mentaire dans la journ\u00e9e et dans le sport.<\/p>\n<p>Paquet de 30 comprim\u00e9s de 1g. Poids net 30g.<br \/>\nRestorative Action est un compl\u00e9ment alimentaire autoris\u00e9 sous le code 138510.<\/p>\n","protected":false},"featured_media":12989,"comment_status":"closed","ping_status":"closed","template":"","meta":{"_acf_changed":false},"product_cat":[420,418,415],"product_tag":[],"class_list":{"0":"post-11933","1":"product","2":"type-product","3":"status-publish","4":"has-post-thumbnail","6":"product_brand-algavenice-by-agricola-serenissima-s-r-l","7":"product_cat-supplements-a-base-de-spiruline","8":"product_cat-spiruline-recommandee-pour-vous","9":"product_cat-spiruline-la-plus-vendue","11":"first","12":"instock","13":"taxable","14":"shipping-taxable","15":"purchasable","16":"product-type-simple"},"acf":[],"yoast_head":"<!-- This site is optimized with the Yoast SEO plugin v27.3 - https:\/\/yoast.com\/product\/yoast-seo-wordpress\/ -->\n<title>Compl\u00e9ment alimentaire \u00e0 action r\u00e9paratrice In Vendita Online | AlgaVenice<\/title>\n<meta name=\"description\" content=\"Vous souhaitez profiter des bienfaits de la spiruline et vous assurer un effet r\u00e9parateur ? Choisissez les compl\u00e9ments alimentaires AlgaVenice avec des min\u00e9raux, des vitamines et de la spiruline !\" \/>\n<meta name=\"robots\" content=\"index, follow, max-snippet:-1, max-image-preview:large, max-video-preview:-1\" \/>\n<link rel=\"canonical\" href=\"https:\/\/algavenice.com\/fr\/produit\/action-reconstituant-integrateur\/\" \/>\n<meta property=\"og:locale\" content=\"fr_FR\" \/>\n<meta property=\"og:type\" content=\"article\" \/>\n<meta property=\"og:title\" content=\"Compl\u00e9ment alimentaire \u00e0 action r\u00e9paratrice In Vendita Online | AlgaVenice\" \/>\n<meta property=\"og:description\" content=\"Vous souhaitez profiter des bienfaits de la spiruline et vous assurer un effet r\u00e9parateur ? Choisissez les compl\u00e9ments alimentaires AlgaVenice avec des min\u00e9raux, des vitamines et de la spiruline !\" \/>\n<meta property=\"og:url\" content=\"https:\/\/algavenice.com\/fr\/produit\/action-reconstituant-integrateur\/\" \/>\n<meta property=\"og:site_name\" content=\"AlgaVenice\" \/>\n<meta property=\"article:publisher\" content=\"https:\/\/www.facebook.com\/algavenice.it\" \/>\n<meta property=\"article:modified_time\" content=\"2023-04-24T11:30:21+00:00\" \/>\n<meta property=\"og:image\" content=\"https:\/\/algavenice.com\/wp-content\/uploads\/2021\/07\/AZIONE-RICOSTITUENTE_mockup.jpg\" \/>\n\t<meta property=\"og:image:width\" content=\"1772\" \/>\n\t<meta property=\"og:image:height\" content=\"1498\" \/>\n\t<meta property=\"og:image:type\" content=\"image\/jpeg\" \/>\n<meta name=\"twitter:card\" content=\"summary_large_image\" \/>\n<meta name=\"twitter:label1\" content=\"Dur\u00e9e de lecture estim\u00e9e\" \/>\n\t<meta name=\"twitter:data1\" content=\"2 minutes\" \/>\n<script type=\"application\/ld+json\" class=\"yoast-schema-graph\">{\"@context\":\"https:\\\/\\\/schema.org\",\"@graph\":[{\"@type\":\"WebPage\",\"@id\":\"https:\\\/\\\/algavenice.com\\\/fr\\\/produit\\\/action-reconstituant-integrateur\\\/\",\"url\":\"https:\\\/\\\/algavenice.com\\\/fr\\\/produit\\\/action-reconstituant-integrateur\\\/\",\"name\":\"Compl\u00e9ment alimentaire \u00e0 action r\u00e9paratrice In Vendita Online | AlgaVenice\",\"isPartOf\":{\"@id\":\"https:\\\/\\\/algavenice.com\\\/fr\\\/#website\"},\"primaryImageOfPage\":{\"@id\":\"https:\\\/\\\/algavenice.com\\\/fr\\\/produit\\\/action-reconstituant-integrateur\\\/#primaryimage\"},\"image\":{\"@id\":\"https:\\\/\\\/algavenice.com\\\/fr\\\/produit\\\/action-reconstituant-integrateur\\\/#primaryimage\"},\"thumbnailUrl\":\"https:\\\/\\\/algavenice.com\\\/wp-content\\\/uploads\\\/2021\\\/07\\\/AZIONE-RICOSTITUENTE_mockup.jpg\",\"datePublished\":\"2023-03-19T15:37:21+00:00\",\"dateModified\":\"2023-04-24T11:30:21+00:00\",\"description\":\"Vous souhaitez profiter des bienfaits de la spiruline et vous assurer un effet r\u00e9parateur ? Choisissez les compl\u00e9ments alimentaires AlgaVenice avec des min\u00e9raux, des vitamines et de la spiruline !\",\"breadcrumb\":{\"@id\":\"https:\\\/\\\/algavenice.com\\\/fr\\\/produit\\\/action-reconstituant-integrateur\\\/#breadcrumb\"},\"inLanguage\":\"fr-FR\",\"potentialAction\":[{\"@type\":\"ReadAction\",\"target\":[\"https:\\\/\\\/algavenice.com\\\/fr\\\/produit\\\/action-reconstituant-integrateur\\\/\"]}]},{\"@type\":\"ImageObject\",\"inLanguage\":\"fr-FR\",\"@id\":\"https:\\\/\\\/algavenice.com\\\/fr\\\/produit\\\/action-reconstituant-integrateur\\\/#primaryimage\",\"url\":\"https:\\\/\\\/algavenice.com\\\/wp-content\\\/uploads\\\/2021\\\/07\\\/AZIONE-RICOSTITUENTE_mockup.jpg\",\"contentUrl\":\"https:\\\/\\\/algavenice.com\\\/wp-content\\\/uploads\\\/2021\\\/07\\\/AZIONE-RICOSTITUENTE_mockup.jpg\",\"width\":1772,\"height\":1498,\"caption\":\"Integratore Alimentare Azione Ricostituente\"},{\"@type\":\"BreadcrumbList\",\"@id\":\"https:\\\/\\\/algavenice.com\\\/fr\\\/produit\\\/action-reconstituant-integrateur\\\/#breadcrumb\",\"itemListElement\":[{\"@type\":\"ListItem\",\"position\":1,\"name\":\"Home\",\"item\":\"https:\\\/\\\/algavenice.com\\\/fr\\\/\"},{\"@type\":\"ListItem\",\"position\":2,\"name\":\"Boutique bio\",\"item\":\"https:\\\/\\\/algavenice.com\\\/negozio-bio\\\/\"},{\"@type\":\"ListItem\",\"position\":3,\"name\":\"Compl\u00e9ment alimentaire \u00e0 action r\u00e9paratrice\"}]},{\"@type\":\"WebSite\",\"@id\":\"https:\\\/\\\/algavenice.com\\\/fr\\\/#website\",\"url\":\"https:\\\/\\\/algavenice.com\\\/fr\\\/\",\"name\":\"AlgaVenice - Spirulina 100% pura, italiana e biologica\",\"description\":\"Vendita Spirulina di Alta Qualit\u00e0 Online\",\"publisher\":{\"@id\":\"https:\\\/\\\/algavenice.com\\\/fr\\\/#organization\"},\"alternateName\":\"Vendita online Spirulina di alta qualit\u00e0\",\"potentialAction\":[{\"@type\":\"SearchAction\",\"target\":{\"@type\":\"EntryPoint\",\"urlTemplate\":\"https:\\\/\\\/algavenice.com\\\/fr\\\/?s={search_term_string}\"},\"query-input\":{\"@type\":\"PropertyValueSpecification\",\"valueRequired\":true,\"valueName\":\"search_term_string\"}}],\"inLanguage\":\"fr-FR\"},{\"@type\":\"Organization\",\"@id\":\"https:\\\/\\\/algavenice.com\\\/fr\\\/#organization\",\"name\":\"Societ\u00e0 Agricola Serenissima S.r.l.\",\"alternateName\":\"AlgaVenice\",\"url\":\"https:\\\/\\\/algavenice.com\\\/fr\\\/\",\"logo\":{\"@type\":\"ImageObject\",\"inLanguage\":\"fr-FR\",\"@id\":\"https:\\\/\\\/algavenice.com\\\/fr\\\/#\\\/schema\\\/logo\\\/image\\\/\",\"url\":\"https:\\\/\\\/algavenice.com\\\/wp-content\\\/uploads\\\/2023\\\/03\\\/algavenice_logo_dati_strutturati.jpg\",\"contentUrl\":\"https:\\\/\\\/algavenice.com\\\/wp-content\\\/uploads\\\/2023\\\/03\\\/algavenice_logo_dati_strutturati.jpg\",\"width\":696,\"height\":696,\"caption\":\"Societ\u00e0 Agricola Serenissima S.r.l.\"},\"image\":{\"@id\":\"https:\\\/\\\/algavenice.com\\\/fr\\\/#\\\/schema\\\/logo\\\/image\\\/\"},\"sameAs\":[\"https:\\\/\\\/www.facebook.com\\\/algavenice.it\",\"https:\\\/\\\/www.instagram.com\\\/algavenice_spirulina\\\/\",\"https:\\\/\\\/www.youtube.com\\\/channel\\\/UCcgMDdoknspeIM22pqn7Qiw\"]}]}<\/script>\n<!-- \/ Yoast SEO plugin. -->","yoast_head_json":{"title":"Compl\u00e9ment alimentaire \u00e0 action r\u00e9paratrice In Vendita Online | AlgaVenice","description":"Vous souhaitez profiter des bienfaits de la spiruline et vous assurer un effet r\u00e9parateur ? Choisissez les compl\u00e9ments alimentaires AlgaVenice avec des min\u00e9raux, des vitamines et de la spiruline !","robots":{"index":"index","follow":"follow","max-snippet":"max-snippet:-1","max-image-preview":"max-image-preview:large","max-video-preview":"max-video-preview:-1"},"canonical":"https:\/\/algavenice.com\/fr\/produit\/action-reconstituant-integrateur\/","og_locale":"fr_FR","og_type":"article","og_title":"Compl\u00e9ment alimentaire \u00e0 action r\u00e9paratrice In Vendita Online | AlgaVenice","og_description":"Vous souhaitez profiter des bienfaits de la spiruline et vous assurer un effet r\u00e9parateur ? Choisissez les compl\u00e9ments alimentaires AlgaVenice avec des min\u00e9raux, des vitamines et de la spiruline !","og_url":"https:\/\/algavenice.com\/fr\/produit\/action-reconstituant-integrateur\/","og_site_name":"AlgaVenice","article_publisher":"https:\/\/www.facebook.com\/algavenice.it","article_modified_time":"2023-04-24T11:30:21+00:00","og_image":[{"width":1772,"height":1498,"url":"https:\/\/algavenice.com\/wp-content\/uploads\/2021\/07\/AZIONE-RICOSTITUENTE_mockup.jpg","type":"image\/jpeg"}],"twitter_card":"summary_large_image","twitter_misc":{"Dur\u00e9e de lecture estim\u00e9e":"2 minutes"},"schema":{"@context":"https:\/\/schema.org","@graph":[{"@type":"WebPage","@id":"https:\/\/algavenice.com\/fr\/produit\/action-reconstituant-integrateur\/","url":"https:\/\/algavenice.com\/fr\/produit\/action-reconstituant-integrateur\/","name":"Compl\u00e9ment alimentaire \u00e0 action r\u00e9paratrice In Vendita Online | AlgaVenice","isPartOf":{"@id":"https:\/\/algavenice.com\/fr\/#website"},"primaryImageOfPage":{"@id":"https:\/\/algavenice.com\/fr\/produit\/action-reconstituant-integrateur\/#primaryimage"},"image":{"@id":"https:\/\/algavenice.com\/fr\/produit\/action-reconstituant-integrateur\/#primaryimage"},"thumbnailUrl":"https:\/\/algavenice.com\/wp-content\/uploads\/2021\/07\/AZIONE-RICOSTITUENTE_mockup.jpg","datePublished":"2023-03-19T15:37:21+00:00","dateModified":"2023-04-24T11:30:21+00:00","description":"Vous souhaitez profiter des bienfaits de la spiruline et vous assurer un effet r\u00e9parateur ? Choisissez les compl\u00e9ments alimentaires AlgaVenice avec des min\u00e9raux, des vitamines et de la spiruline !","breadcrumb":{"@id":"https:\/\/algavenice.com\/fr\/produit\/action-reconstituant-integrateur\/#breadcrumb"},"inLanguage":"fr-FR","potentialAction":[{"@type":"ReadAction","target":["https:\/\/algavenice.com\/fr\/produit\/action-reconstituant-integrateur\/"]}]},{"@type":"ImageObject","inLanguage":"fr-FR","@id":"https:\/\/algavenice.com\/fr\/produit\/action-reconstituant-integrateur\/#primaryimage","url":"https:\/\/algavenice.com\/wp-content\/uploads\/2021\/07\/AZIONE-RICOSTITUENTE_mockup.jpg","contentUrl":"https:\/\/algavenice.com\/wp-content\/uploads\/2021\/07\/AZIONE-RICOSTITUENTE_mockup.jpg","width":1772,"height":1498,"caption":"Integratore Alimentare Azione Ricostituente"},{"@type":"BreadcrumbList","@id":"https:\/\/algavenice.com\/fr\/produit\/action-reconstituant-integrateur\/#breadcrumb","itemListElement":[{"@type":"ListItem","position":1,"name":"Home","item":"https:\/\/algavenice.com\/fr\/"},{"@type":"ListItem","position":2,"name":"Boutique bio","item":"https:\/\/algavenice.com\/negozio-bio\/"},{"@type":"ListItem","position":3,"name":"Compl\u00e9ment alimentaire \u00e0 action r\u00e9paratrice"}]},{"@type":"WebSite","@id":"https:\/\/algavenice.com\/fr\/#website","url":"https:\/\/algavenice.com\/fr\/","name":"AlgaVenice - Spirulina 100% pura, italiana e biologica","description":"Vendita Spirulina di Alta Qualit\u00e0 Online","publisher":{"@id":"https:\/\/algavenice.com\/fr\/#organization"},"alternateName":"Vendita online Spirulina di alta qualit\u00e0","potentialAction":[{"@type":"SearchAction","target":{"@type":"EntryPoint","urlTemplate":"https:\/\/algavenice.com\/fr\/?s={search_term_string}"},"query-input":{"@type":"PropertyValueSpecification","valueRequired":true,"valueName":"search_term_string"}}],"inLanguage":"fr-FR"},{"@type":"Organization","@id":"https:\/\/algavenice.com\/fr\/#organization","name":"Societ\u00e0 Agricola Serenissima S.r.l.","alternateName":"AlgaVenice","url":"https:\/\/algavenice.com\/fr\/","logo":{"@type":"ImageObject","inLanguage":"fr-FR","@id":"https:\/\/algavenice.com\/fr\/#\/schema\/logo\/image\/","url":"https:\/\/algavenice.com\/wp-content\/uploads\/2023\/03\/algavenice_logo_dati_strutturati.jpg","contentUrl":"https:\/\/algavenice.com\/wp-content\/uploads\/2023\/03\/algavenice_logo_dati_strutturati.jpg","width":696,"height":696,"caption":"Societ\u00e0 Agricola Serenissima S.r.l."},"image":{"@id":"https:\/\/algavenice.com\/fr\/#\/schema\/logo\/image\/"},"sameAs":["https:\/\/www.facebook.com\/algavenice.it","https:\/\/www.instagram.com\/algavenice_spirulina\/","https:\/\/www.youtube.com\/channel\/UCcgMDdoknspeIM22pqn7Qiw"]}]}},"_links":{"self":[{"href":"https:\/\/algavenice.com\/fr\/wp-json\/wp\/v2\/product\/11933","targetHints":{"allow":["GET"]}}],"collection":[{"href":"https:\/\/algavenice.com\/fr\/wp-json\/wp\/v2\/product"}],"about":[{"href":"https:\/\/algavenice.com\/fr\/wp-json\/wp\/v2\/types\/product"}],"replies":[{"embeddable":true,"href":"https:\/\/algavenice.com\/fr\/wp-json\/wp\/v2\/comments?post=11933"}],"wp:featuredmedia":[{"embeddable":true,"href":"https:\/\/algavenice.com\/fr\/wp-json\/wp\/v2\/media\/12989"}],"wp:attachment":[{"href":"https:\/\/algavenice.com\/fr\/wp-json\/wp\/v2\/media?parent=11933"}],"wp:term":[{"taxonomy":"product_cat","embeddable":true,"href":"https:\/\/algavenice.com\/fr\/wp-json\/wp\/v2\/product_cat?post=11933"},{"taxonomy":"product_tag","embeddable":true,"href":"https:\/\/algavenice.com\/fr\/wp-json\/wp\/v2\/product_tag?post=11933"}],"curies":[{"name":"wp","href":"https:\/\/api.w.org\/{rel}","templated":true}]}}