{"id":11936,"date":"2021-07-12T17:33:25","date_gmt":"2023-03-19T15:38:14","guid":{"rendered":"https:\/\/algavenice.com\/prodotto\/complement-alimentaire-a-base-de-spiruline-avec-des-extraits-de-plantes-et-des-mineraux\/"},"modified":"2023-03-19T16:38:14","modified_gmt":"2023-03-19T15:38:14","slug":"complement-alimentaire","status":"publish","type":"product","link":"https:\/\/algavenice.com\/fr\/produit\/complement-alimentaire\/","title":{"rendered":"Compl\u00e9ment alimentaire \u00e0 base de spiruline avec des extraits de plantes et des min\u00e9raux"},"content":{"rendered":"<p>GIOIE est un <strong>compl\u00e9ment alimentaire<\/strong> \u00e0 base d&rsquo;extraits de plantes et de min\u00e9raux pour.. :<\/p>\n<ul>\n<li>la r\u00e9cup\u00e9ration physiologique de la concentration ;<\/li>\n<li>aident activement en cas de fatigue et de stress psychologique ;<\/li>\n<li>agissent positivement en contribuant \u00e0 un effet tonico-adaptog\u00e8ne.<\/li>\n<\/ul>\n<p>Ne laissez pas tout au hasard : rafra\u00eechissez votre m\u00e9moire et faites briller vos connexions neuronales. Choisissez d&rsquo;\u00eatre bien avec \u00ab\u00a0Joie\u00a0\u00bb !<\/p>\n<h3>Compl\u00e9ment alimentaire Gioie<\/h3>\n<p>La conception du compl\u00e9ment &lsquo;Joy&rsquo; est \u00e9troitement li\u00e9e \u00e0 la volont\u00e9 de permettre \u00e0 l&rsquo;organisme humain de disposer de tous les nutriments n\u00e9cessaires pour faire face aux p\u00e9riodes de stress psychologique. Les ingr\u00e9dients secrets de cette potion magique sont la damiana, la maca, le muira puama, le ginseng, le ginkgo, l&rsquo;algue spiruline, le zinc et le s\u00e9l\u00e9nium.<\/p>\n<p>Les toniques de <strong>damiana, de maca, de muira puama et de ginseng<\/strong> sont utiles en cas de fatigue physique et mentale et agissent \u00e9galement comme stimulant neuromusculaire.<\/p>\n<p>Le <strong>ginkgo<\/strong> est reconnu depuis de nombreuses ann\u00e9es comme un antioxydant pour la m\u00e9moire et les fonctions cognitives. Il est utilis\u00e9 pour le traitement de : la d\u00e9t\u00e9rioration mentale, les acouph\u00e8nes et les vertiges, la pr\u00e9vention et le traitement de l&rsquo;ath\u00e9roscl\u00e9rose, de l&rsquo;hypertension art\u00e9rielle et de la r\u00e9tinopathie. L&rsquo;action antiphlogistique de la plante est due aux ginkgolides qu&rsquo;elle contient.<\/p>\n<p>Des \u00e9tudes scientifiques ont montr\u00e9 que le ginkgolide de type B peut inhiber les activit\u00e9s du Platelet Activating Factor (PAF), qui est un facteur chimique responsable de l&rsquo;inflammation. Les <strong>ginkgoflavono\u00efdes<\/strong> sont capables de diminuer la perm\u00e9abilit\u00e9 vasculaire et d&rsquo;augmenter la r\u00e9sistance des capillaires sanguins. Ils interagissent avec les radicaux libres et luttent ainsi contre les dommages caus\u00e9s aux membranes cellulaires.<\/p>\n<p>Le compl\u00e9ment Gioie a \u00e9galement une action de soutien et de restauration gr\u00e2ce \u00e0 la pr\u00e9sence d&rsquo;<strong>algues Spiruline<\/strong>. Sur l&rsquo;article Propri\u00e9t\u00e9s de <a href=\"https:\/\/algavenice.com\/fr\/les-proprietes-de-la-spiruline\/\">l&rsquo;algue spiruline<\/a>, vous pouvez en savoir plus sur les caract\u00e9ristiques de cette algue pr\u00e9cieuse.<\/p>\n<p>Les deux derniers composants de GIOIE sont le <strong>zinc et le s\u00e9l\u00e9nium<\/strong>. Ils contribuent \u00e0 prot\u00e9ger les cellules du stress oxydatif. Nous savons que le zinc est contenu dans des v\u00e9sicules synaptiques sp\u00e9cifiques des neurones et qu&rsquo;il peut r\u00e9guler l&rsquo;\u00e9lasticit\u00e9 neuronale, agir sur la plasticit\u00e9 synaptique et donc aussi sur la fonction d&rsquo;apprentissage.<\/p>\n<p>Le s\u00e9l\u00e9nium est un antagoniste du mercure et d&rsquo;autres m\u00e9taux potentiellement dangereux pour notre cerveau. Il aide \u00e0 contrer les dommages oxydatifs dus \u00e0 la pr\u00e9sence de ces m\u00e9taux dans le cerveau et les tissus endocriniens.<\/p>\n","protected":false},"excerpt":{"rendered":"<p><strong>Compl\u00e9ment alimentaire \u00e0 base de spiruline<\/strong> contenant des extraits de plantes et des min\u00e9raux pour une r\u00e9cup\u00e9ration physiologique efficace et optimale.<\/p>\n<p>Le compl\u00e9ment GIOIE aide activement en cas de fatigue et de stress mental et agit positivement en favorisant un effet tonico-adaptog\u00e8ne.<\/p>\n<p>Paquet de 30 comprim\u00e9s de 1g. Poids net total 30g.<br \/>\nGIOIE est un compl\u00e9ment alimentaire autoris\u00e9 code 138452<\/p>\n","protected":false},"featured_media":12993,"comment_status":"closed","ping_status":"closed","template":"","meta":{"_acf_changed":false},"product_cat":[420,418,415],"product_tag":[],"class_list":{"0":"post-11936","1":"product","2":"type-product","3":"status-publish","4":"has-post-thumbnail","6":"product_brand-algavenice-by-agricola-serenissima-s-r-l","7":"product_cat-supplements-a-base-de-spiruline","8":"product_cat-spiruline-recommandee-pour-vous","9":"product_cat-spiruline-la-plus-vendue","11":"first","12":"instock","13":"taxable","14":"shipping-taxable","15":"purchasable","16":"product-type-simple"},"acf":[],"yoast_head":"<!-- This site is optimized with the Yoast SEO plugin v27.3 - https:\/\/yoast.com\/product\/yoast-seo-wordpress\/ -->\n<title>Compl\u00e9ment alimentaire \u00e0 base de spiruline avec des extraits de plantes et des min\u00e9raux In Vendita Online | AlgaVenice<\/title>\n<meta name=\"description\" content=\"Alta qualit\u00e0 Compl\u00e9ment alimentaire \u00e0 base de spiruline avec des extraits de plantes et des min\u00e9raux in vendita su algavenice.com. Compl\u00e9ment alimentaire \u00e0 base de spiruline avec des extraits de plantes et des min\u00e9raux in vendita online con spedizione veloce e sicura! Ordina adesso!\" \/>\n<meta name=\"robots\" content=\"index, follow, max-snippet:-1, max-image-preview:large, max-video-preview:-1\" \/>\n<link rel=\"canonical\" href=\"https:\/\/algavenice.com\/fr\/produit\/complement-alimentaire\/\" \/>\n<meta property=\"og:locale\" content=\"fr_FR\" \/>\n<meta property=\"og:type\" content=\"article\" \/>\n<meta property=\"og:title\" content=\"Compl\u00e9ment alimentaire \u00e0 base de spiruline avec des extraits de plantes et des min\u00e9raux In Vendita Online | AlgaVenice\" \/>\n<meta property=\"og:description\" content=\"Alta qualit\u00e0 Compl\u00e9ment alimentaire \u00e0 base de spiruline avec des extraits de plantes et des min\u00e9raux in vendita su algavenice.com. Compl\u00e9ment alimentaire \u00e0 base de spiruline avec des extraits de plantes et des min\u00e9raux in vendita online con spedizione veloce e sicura! Ordina adesso!\" \/>\n<meta property=\"og:url\" content=\"https:\/\/algavenice.com\/fr\/produit\/complement-alimentaire\/\" \/>\n<meta property=\"og:site_name\" content=\"AlgaVenice\" \/>\n<meta property=\"article:publisher\" content=\"https:\/\/www.facebook.com\/algavenice.it\" \/>\n<meta property=\"og:image\" content=\"https:\/\/algavenice.com\/wp-content\/uploads\/2021\/07\/GIOIE_mockup.png\" \/>\n\t<meta property=\"og:image:width\" content=\"1772\" \/>\n\t<meta property=\"og:image:height\" content=\"1498\" \/>\n\t<meta property=\"og:image:type\" content=\"image\/png\" \/>\n<meta name=\"twitter:card\" content=\"summary_large_image\" \/>\n<meta name=\"twitter:label1\" content=\"Dur\u00e9e de lecture estim\u00e9e\" \/>\n\t<meta name=\"twitter:data1\" content=\"2 minutes\" \/>\n<script type=\"application\/ld+json\" class=\"yoast-schema-graph\">{\"@context\":\"https:\\\/\\\/schema.org\",\"@graph\":[{\"@type\":\"WebPage\",\"@id\":\"https:\\\/\\\/algavenice.com\\\/fr\\\/produit\\\/complement-alimentaire\\\/\",\"url\":\"https:\\\/\\\/algavenice.com\\\/fr\\\/produit\\\/complement-alimentaire\\\/\",\"name\":\"Compl\u00e9ment alimentaire \u00e0 base de spiruline avec des extraits de plantes et des min\u00e9raux In Vendita Online | AlgaVenice\",\"isPartOf\":{\"@id\":\"https:\\\/\\\/algavenice.com\\\/fr\\\/#website\"},\"primaryImageOfPage\":{\"@id\":\"https:\\\/\\\/algavenice.com\\\/fr\\\/produit\\\/complement-alimentaire\\\/#primaryimage\"},\"image\":{\"@id\":\"https:\\\/\\\/algavenice.com\\\/fr\\\/produit\\\/complement-alimentaire\\\/#primaryimage\"},\"thumbnailUrl\":\"https:\\\/\\\/algavenice.com\\\/wp-content\\\/uploads\\\/2021\\\/07\\\/GIOIE_mockup.png\",\"datePublished\":\"2023-03-19T15:38:14+00:00\",\"description\":\"Alta qualit\u00e0 Compl\u00e9ment alimentaire \u00e0 base de spiruline avec des extraits de plantes et des min\u00e9raux in vendita su algavenice.com. Compl\u00e9ment alimentaire \u00e0 base de spiruline avec des extraits de plantes et des min\u00e9raux in vendita online con spedizione veloce e sicura! Ordina adesso!\",\"breadcrumb\":{\"@id\":\"https:\\\/\\\/algavenice.com\\\/fr\\\/produit\\\/complement-alimentaire\\\/#breadcrumb\"},\"inLanguage\":\"fr-FR\",\"potentialAction\":[{\"@type\":\"ReadAction\",\"target\":[\"https:\\\/\\\/algavenice.com\\\/fr\\\/produit\\\/complement-alimentaire\\\/\"]}]},{\"@type\":\"ImageObject\",\"inLanguage\":\"fr-FR\",\"@id\":\"https:\\\/\\\/algavenice.com\\\/fr\\\/produit\\\/complement-alimentaire\\\/#primaryimage\",\"url\":\"https:\\\/\\\/algavenice.com\\\/wp-content\\\/uploads\\\/2021\\\/07\\\/GIOIE_mockup.png\",\"contentUrl\":\"https:\\\/\\\/algavenice.com\\\/wp-content\\\/uploads\\\/2021\\\/07\\\/GIOIE_mockup.png\",\"width\":1772,\"height\":1498},{\"@type\":\"BreadcrumbList\",\"@id\":\"https:\\\/\\\/algavenice.com\\\/fr\\\/produit\\\/complement-alimentaire\\\/#breadcrumb\",\"itemListElement\":[{\"@type\":\"ListItem\",\"position\":1,\"name\":\"Home\",\"item\":\"https:\\\/\\\/algavenice.com\\\/fr\\\/\"},{\"@type\":\"ListItem\",\"position\":2,\"name\":\"Boutique bio\",\"item\":\"https:\\\/\\\/algavenice.com\\\/negozio-bio\\\/\"},{\"@type\":\"ListItem\",\"position\":3,\"name\":\"Compl\u00e9ment alimentaire \u00e0 base de spiruline avec des extraits de plantes et des min\u00e9raux\"}]},{\"@type\":\"WebSite\",\"@id\":\"https:\\\/\\\/algavenice.com\\\/fr\\\/#website\",\"url\":\"https:\\\/\\\/algavenice.com\\\/fr\\\/\",\"name\":\"AlgaVenice - Spirulina 100% pura, italiana e biologica\",\"description\":\"Vendita Spirulina di Alta Qualit\u00e0 Online\",\"publisher\":{\"@id\":\"https:\\\/\\\/algavenice.com\\\/fr\\\/#organization\"},\"alternateName\":\"Vendita online Spirulina di alta qualit\u00e0\",\"potentialAction\":[{\"@type\":\"SearchAction\",\"target\":{\"@type\":\"EntryPoint\",\"urlTemplate\":\"https:\\\/\\\/algavenice.com\\\/fr\\\/?s={search_term_string}\"},\"query-input\":{\"@type\":\"PropertyValueSpecification\",\"valueRequired\":true,\"valueName\":\"search_term_string\"}}],\"inLanguage\":\"fr-FR\"},{\"@type\":\"Organization\",\"@id\":\"https:\\\/\\\/algavenice.com\\\/fr\\\/#organization\",\"name\":\"Societ\u00e0 Agricola Serenissima S.r.l.\",\"alternateName\":\"AlgaVenice\",\"url\":\"https:\\\/\\\/algavenice.com\\\/fr\\\/\",\"logo\":{\"@type\":\"ImageObject\",\"inLanguage\":\"fr-FR\",\"@id\":\"https:\\\/\\\/algavenice.com\\\/fr\\\/#\\\/schema\\\/logo\\\/image\\\/\",\"url\":\"https:\\\/\\\/algavenice.com\\\/wp-content\\\/uploads\\\/2023\\\/03\\\/algavenice_logo_dati_strutturati.jpg\",\"contentUrl\":\"https:\\\/\\\/algavenice.com\\\/wp-content\\\/uploads\\\/2023\\\/03\\\/algavenice_logo_dati_strutturati.jpg\",\"width\":696,\"height\":696,\"caption\":\"Societ\u00e0 Agricola Serenissima S.r.l.\"},\"image\":{\"@id\":\"https:\\\/\\\/algavenice.com\\\/fr\\\/#\\\/schema\\\/logo\\\/image\\\/\"},\"sameAs\":[\"https:\\\/\\\/www.facebook.com\\\/algavenice.it\",\"https:\\\/\\\/www.instagram.com\\\/algavenice_spirulina\\\/\",\"https:\\\/\\\/www.youtube.com\\\/channel\\\/UCcgMDdoknspeIM22pqn7Qiw\"]}]}<\/script>\n<!-- \/ Yoast SEO plugin. -->","yoast_head_json":{"title":"Compl\u00e9ment alimentaire \u00e0 base de spiruline avec des extraits de plantes et des min\u00e9raux In Vendita Online | AlgaVenice","description":"Alta qualit\u00e0 Compl\u00e9ment alimentaire \u00e0 base de spiruline avec des extraits de plantes et des min\u00e9raux in vendita su algavenice.com. Compl\u00e9ment alimentaire \u00e0 base de spiruline avec des extraits de plantes et des min\u00e9raux in vendita online con spedizione veloce e sicura! Ordina adesso!","robots":{"index":"index","follow":"follow","max-snippet":"max-snippet:-1","max-image-preview":"max-image-preview:large","max-video-preview":"max-video-preview:-1"},"canonical":"https:\/\/algavenice.com\/fr\/produit\/complement-alimentaire\/","og_locale":"fr_FR","og_type":"article","og_title":"Compl\u00e9ment alimentaire \u00e0 base de spiruline avec des extraits de plantes et des min\u00e9raux In Vendita Online | AlgaVenice","og_description":"Alta qualit\u00e0 Compl\u00e9ment alimentaire \u00e0 base de spiruline avec des extraits de plantes et des min\u00e9raux in vendita su algavenice.com. Compl\u00e9ment alimentaire \u00e0 base de spiruline avec des extraits de plantes et des min\u00e9raux in vendita online con spedizione veloce e sicura! Ordina adesso!","og_url":"https:\/\/algavenice.com\/fr\/produit\/complement-alimentaire\/","og_site_name":"AlgaVenice","article_publisher":"https:\/\/www.facebook.com\/algavenice.it","og_image":[{"width":1772,"height":1498,"url":"https:\/\/algavenice.com\/wp-content\/uploads\/2021\/07\/GIOIE_mockup.png","type":"image\/png"}],"twitter_card":"summary_large_image","twitter_misc":{"Dur\u00e9e de lecture estim\u00e9e":"2 minutes"},"schema":{"@context":"https:\/\/schema.org","@graph":[{"@type":"WebPage","@id":"https:\/\/algavenice.com\/fr\/produit\/complement-alimentaire\/","url":"https:\/\/algavenice.com\/fr\/produit\/complement-alimentaire\/","name":"Compl\u00e9ment alimentaire \u00e0 base de spiruline avec des extraits de plantes et des min\u00e9raux In Vendita Online | AlgaVenice","isPartOf":{"@id":"https:\/\/algavenice.com\/fr\/#website"},"primaryImageOfPage":{"@id":"https:\/\/algavenice.com\/fr\/produit\/complement-alimentaire\/#primaryimage"},"image":{"@id":"https:\/\/algavenice.com\/fr\/produit\/complement-alimentaire\/#primaryimage"},"thumbnailUrl":"https:\/\/algavenice.com\/wp-content\/uploads\/2021\/07\/GIOIE_mockup.png","datePublished":"2023-03-19T15:38:14+00:00","description":"Alta qualit\u00e0 Compl\u00e9ment alimentaire \u00e0 base de spiruline avec des extraits de plantes et des min\u00e9raux in vendita su algavenice.com. Compl\u00e9ment alimentaire \u00e0 base de spiruline avec des extraits de plantes et des min\u00e9raux in vendita online con spedizione veloce e sicura! Ordina adesso!","breadcrumb":{"@id":"https:\/\/algavenice.com\/fr\/produit\/complement-alimentaire\/#breadcrumb"},"inLanguage":"fr-FR","potentialAction":[{"@type":"ReadAction","target":["https:\/\/algavenice.com\/fr\/produit\/complement-alimentaire\/"]}]},{"@type":"ImageObject","inLanguage":"fr-FR","@id":"https:\/\/algavenice.com\/fr\/produit\/complement-alimentaire\/#primaryimage","url":"https:\/\/algavenice.com\/wp-content\/uploads\/2021\/07\/GIOIE_mockup.png","contentUrl":"https:\/\/algavenice.com\/wp-content\/uploads\/2021\/07\/GIOIE_mockup.png","width":1772,"height":1498},{"@type":"BreadcrumbList","@id":"https:\/\/algavenice.com\/fr\/produit\/complement-alimentaire\/#breadcrumb","itemListElement":[{"@type":"ListItem","position":1,"name":"Home","item":"https:\/\/algavenice.com\/fr\/"},{"@type":"ListItem","position":2,"name":"Boutique bio","item":"https:\/\/algavenice.com\/negozio-bio\/"},{"@type":"ListItem","position":3,"name":"Compl\u00e9ment alimentaire \u00e0 base de spiruline avec des extraits de plantes et des min\u00e9raux"}]},{"@type":"WebSite","@id":"https:\/\/algavenice.com\/fr\/#website","url":"https:\/\/algavenice.com\/fr\/","name":"AlgaVenice - Spirulina 100% pura, italiana e biologica","description":"Vendita Spirulina di Alta Qualit\u00e0 Online","publisher":{"@id":"https:\/\/algavenice.com\/fr\/#organization"},"alternateName":"Vendita online Spirulina di alta qualit\u00e0","potentialAction":[{"@type":"SearchAction","target":{"@type":"EntryPoint","urlTemplate":"https:\/\/algavenice.com\/fr\/?s={search_term_string}"},"query-input":{"@type":"PropertyValueSpecification","valueRequired":true,"valueName":"search_term_string"}}],"inLanguage":"fr-FR"},{"@type":"Organization","@id":"https:\/\/algavenice.com\/fr\/#organization","name":"Societ\u00e0 Agricola Serenissima S.r.l.","alternateName":"AlgaVenice","url":"https:\/\/algavenice.com\/fr\/","logo":{"@type":"ImageObject","inLanguage":"fr-FR","@id":"https:\/\/algavenice.com\/fr\/#\/schema\/logo\/image\/","url":"https:\/\/algavenice.com\/wp-content\/uploads\/2023\/03\/algavenice_logo_dati_strutturati.jpg","contentUrl":"https:\/\/algavenice.com\/wp-content\/uploads\/2023\/03\/algavenice_logo_dati_strutturati.jpg","width":696,"height":696,"caption":"Societ\u00e0 Agricola Serenissima S.r.l."},"image":{"@id":"https:\/\/algavenice.com\/fr\/#\/schema\/logo\/image\/"},"sameAs":["https:\/\/www.facebook.com\/algavenice.it","https:\/\/www.instagram.com\/algavenice_spirulina\/","https:\/\/www.youtube.com\/channel\/UCcgMDdoknspeIM22pqn7Qiw"]}]}},"_links":{"self":[{"href":"https:\/\/algavenice.com\/fr\/wp-json\/wp\/v2\/product\/11936","targetHints":{"allow":["GET"]}}],"collection":[{"href":"https:\/\/algavenice.com\/fr\/wp-json\/wp\/v2\/product"}],"about":[{"href":"https:\/\/algavenice.com\/fr\/wp-json\/wp\/v2\/types\/product"}],"replies":[{"embeddable":true,"href":"https:\/\/algavenice.com\/fr\/wp-json\/wp\/v2\/comments?post=11936"}],"wp:featuredmedia":[{"embeddable":true,"href":"https:\/\/algavenice.com\/fr\/wp-json\/wp\/v2\/media\/12993"}],"wp:attachment":[{"href":"https:\/\/algavenice.com\/fr\/wp-json\/wp\/v2\/media?parent=11936"}],"wp:term":[{"taxonomy":"product_cat","embeddable":true,"href":"https:\/\/algavenice.com\/fr\/wp-json\/wp\/v2\/product_cat?post=11936"},{"taxonomy":"product_tag","embeddable":true,"href":"https:\/\/algavenice.com\/fr\/wp-json\/wp\/v2\/product_tag?post=11936"}],"curies":[{"name":"wp","href":"https:\/\/api.w.org\/{rel}","templated":true}]}}