{"id":11939,"date":"2021-07-12T17:48:52","date_gmt":"2021-07-12T15:48:52","guid":{"rendered":"https:\/\/algavenice.com\/prodotto\/complement-alimentaire-muscle-mass\/"},"modified":"2023-03-19T16:39:03","modified_gmt":"2023-03-19T15:39:03","slug":"supplement-de-masse-musculaire","status":"publish","type":"product","link":"https:\/\/algavenice.com\/fr\/produit\/supplement-de-masse-musculaire\/","title":{"rendered":"Compl\u00e9ment alimentaire Muscle Mass"},"content":{"rendered":"<p><strong>Muscle Mass<\/strong> est un compl\u00e9ment contenant des extraits de plantes, des vitamines et de la coenzyme Q10. Ce sont des <strong>nutriments<\/strong> indispensables \u00e0 la croissance et au d\u00e9veloppement du syst\u00e8me musculaire.<\/p>\n<p>MUSCULAR MASS est un <strong>compl\u00e9ment alimentaire<\/strong> contenant :<\/p>\n<ul>\n<li>Prot\u00e9ine de spiruline d&rsquo;origine v\u00e9g\u00e9tale qui contribue \u00e0 la croissance de la masse musculaire.<\/li>\n<li>Coenzyme Q10 pour la conversion des prot\u00e9ines en \u00e9nergie.<\/li>\n<li>Euterococcus un tonique adaptog\u00e8ne qui rend le corps moins fatigu\u00e9 pendant l&rsquo;activit\u00e9 physique.<\/li>\n<li>La grenade a une fonction antioxydante et \u00e9limine ainsi toutes les substances toxiques produites par le muscle dans son activit\u00e9.<\/li>\n<li>Vitamines du complexe B qui contribuent \u00e0 la transformation normale des prot\u00e9ines et du glycog\u00e8ne en \u00e9nergie.<\/li>\n<\/ul>\n<h2>Augmentation de la masse musculaire<\/h2>\n<p>Le terme muscle d\u00e9signe un organe compos\u00e9 principalement de<strong> tissus biologiques<\/strong> ayant une capacit\u00e9 de contraction. L&rsquo;ensemble des muscles constitue l&rsquo;appareil musculaire qui, avec le squelette et les articulations, forme l&rsquo;<strong>appareil locomoteur<\/strong>.<\/p>\n<p>Pour augmenter la masse musculaire, l&rsquo;<strong>exercice<\/strong> est le seul moyen. Il s&rsquo;agit de r\u00e8gles, de pers\u00e9v\u00e9rance et de beaucoup d&rsquo;entra\u00eenement. Si vous \u00eates d\u00e9butant, commencez par 2 \u00e0 3 s\u00e9ances d&rsquo;entra\u00eenement par semaine et augmentez progressivement. Gardez \u00e9galement \u00e0 l&rsquo;esprit que vous n&rsquo;aurez besoin que de 24 heures de repos apr\u00e8s une s\u00e9ance d&rsquo;entra\u00eenement de l&rsquo;ensemble du corps, alors que pour des s\u00e9ances d&rsquo;entra\u00eenement de muscles sp\u00e9cifiques, le repos sera de 48 heures. La r\u00e9gularit\u00e9 est un facteur d\u00e9terminant du <strong>d\u00e9veloppement musculaire<\/strong>. D&rsquo;o\u00f9 l&rsquo;importance d&rsquo;un plan d&rsquo;entra\u00eenement : on n&rsquo;improvise pas !<\/p>\n<p>Le bon moment pour augmenter la charge et passer au niveau suivant est lorsque vous sentez qu&rsquo;apr\u00e8s votre s\u00e9rie d&rsquo;exercices, vous pouvez faire autre chose. Vous pouvez donc soit ins\u00e9rer une variante plus difficile, soit essayer un exercice plus avanc\u00e9 la fois suivante.<\/p>\n<p>N&rsquo;oubliez pas non plus que la base du succ\u00e8s pour faire face \u00e0 la fatigue de l&rsquo;entra\u00eenement physique r\u00e9side dans une alimentation riche en nutriments pour votre syst\u00e8me musculaire.<\/p>\n<h2>Compl\u00e9ments alimentaires pour sportifs<\/h2>\n<p>Pour assurer un d\u00e9veloppement musculaire maximal, il est n\u00e9cessaire de fournir aux muscles tous les nutriments dont ils ont besoin pour cro\u00eetre. La base de tout est une alimentation vari\u00e9e et \u00e9quilibr\u00e9e afin d&rsquo;apporter tous les nutriments dans les bonnes proportions. Si cela n&rsquo;est pas toujours possible, il est utile de compl\u00e9ter avec les <strong>macro- et micro-nutriments<\/strong> ad\u00e9quats.<\/p>\n","protected":false},"excerpt":{"rendered":"<p><strong>Muscle Mass<\/strong> Supplement est un compl\u00e9ment \u00e0 base de spiruline contenant des extraits de plantes, des vitamines et de la coenzyme Q10. Nutriments essentiels pour la croissance et le d\u00e9veloppement du syst\u00e8me musculaire.<\/p>\n<p>Paquet de 60 g\u00e9lules. Poids net 43g.<br \/>\nMuscle Mass est un compl\u00e9ment alimentaire autoris\u00e9, code 138459.<\/p>\n","protected":false},"featured_media":10500,"comment_status":"closed","ping_status":"closed","template":"","meta":{"_acf_changed":false},"product_cat":[420],"product_tag":[],"class_list":{"0":"post-11939","1":"product","2":"type-product","3":"status-publish","4":"has-post-thumbnail","6":"product_brand-algavenice-by-agricola-serenissima-s-r-l-fr","7":"product_cat-supplements-a-base-de-spiruline","9":"first","10":"outofstock","11":"taxable","12":"shipping-taxable","13":"purchasable","14":"product-type-simple"},"acf":[],"yoast_head":"<!-- This site is optimized with the Yoast SEO plugin v27.3 - https:\/\/yoast.com\/product\/yoast-seo-wordpress\/ -->\n<title>Compl\u00e9ment alimentaire Muscle Mass In Vendita Online | AlgaVenice<\/title>\n<meta name=\"description\" content=\"Vous souhaitez trouver tous les ingr\u00e9dients pour augmenter votre masse musculaire dans un seul compl\u00e9ment alimentaire ? Alors MUSCULAR MASS est fait pour vous !\" \/>\n<meta name=\"robots\" content=\"index, follow, max-snippet:-1, max-image-preview:large, max-video-preview:-1\" \/>\n<link rel=\"canonical\" href=\"https:\/\/algavenice.com\/fr\/produit\/supplement-de-masse-musculaire\/\" \/>\n<meta property=\"og:locale\" content=\"fr_FR\" \/>\n<meta property=\"og:type\" content=\"article\" \/>\n<meta property=\"og:title\" content=\"Compl\u00e9ment alimentaire Muscle Mass In Vendita Online | AlgaVenice\" \/>\n<meta property=\"og:description\" content=\"Vous souhaitez trouver tous les ingr\u00e9dients pour augmenter votre masse musculaire dans un seul compl\u00e9ment alimentaire ? Alors MUSCULAR MASS est fait pour vous !\" \/>\n<meta property=\"og:url\" content=\"https:\/\/algavenice.com\/fr\/produit\/supplement-de-masse-musculaire\/\" \/>\n<meta property=\"og:site_name\" content=\"AlgaVenice\" \/>\n<meta property=\"article:publisher\" content=\"https:\/\/www.facebook.com\/algavenice.it\" \/>\n<meta property=\"article:modified_time\" content=\"2023-03-19T15:39:03+00:00\" \/>\n<meta property=\"og:image\" content=\"https:\/\/algavenice.com\/wp-content\/uploads\/2021\/07\/integratore_per_la_massa_muscolare-_con_spirulina_estratti_vegetali_vitamin_-e_coenzima_Q10.jpg\" \/>\n\t<meta property=\"og:image:width\" content=\"800\" \/>\n\t<meta property=\"og:image:height\" content=\"800\" \/>\n\t<meta property=\"og:image:type\" content=\"image\/jpeg\" \/>\n<meta name=\"twitter:card\" content=\"summary_large_image\" \/>\n<meta name=\"twitter:label1\" content=\"Dur\u00e9e de lecture estim\u00e9e\" \/>\n\t<meta name=\"twitter:data1\" content=\"2 minutes\" \/>\n<script type=\"application\/ld+json\" class=\"yoast-schema-graph\">{\"@context\":\"https:\\\/\\\/schema.org\",\"@graph\":[{\"@type\":\"WebPage\",\"@id\":\"https:\\\/\\\/algavenice.com\\\/fr\\\/produit\\\/supplement-de-masse-musculaire\\\/\",\"url\":\"https:\\\/\\\/algavenice.com\\\/fr\\\/produit\\\/supplement-de-masse-musculaire\\\/\",\"name\":\"Compl\u00e9ment alimentaire Muscle Mass In Vendita Online | AlgaVenice\",\"isPartOf\":{\"@id\":\"https:\\\/\\\/algavenice.com\\\/fr\\\/#website\"},\"primaryImageOfPage\":{\"@id\":\"https:\\\/\\\/algavenice.com\\\/fr\\\/produit\\\/supplement-de-masse-musculaire\\\/#primaryimage\"},\"image\":{\"@id\":\"https:\\\/\\\/algavenice.com\\\/fr\\\/produit\\\/supplement-de-masse-musculaire\\\/#primaryimage\"},\"thumbnailUrl\":\"https:\\\/\\\/algavenice.com\\\/wp-content\\\/uploads\\\/2021\\\/07\\\/integratore_per_la_massa_muscolare-_con_spirulina_estratti_vegetali_vitamin_-e_coenzima_Q10.jpg\",\"datePublished\":\"2021-07-12T15:48:52+00:00\",\"dateModified\":\"2023-03-19T15:39:03+00:00\",\"description\":\"Vous souhaitez trouver tous les ingr\u00e9dients pour augmenter votre masse musculaire dans un seul compl\u00e9ment alimentaire ? Alors MUSCULAR MASS est fait pour vous !\",\"breadcrumb\":{\"@id\":\"https:\\\/\\\/algavenice.com\\\/fr\\\/produit\\\/supplement-de-masse-musculaire\\\/#breadcrumb\"},\"inLanguage\":\"fr-FR\",\"potentialAction\":[{\"@type\":\"ReadAction\",\"target\":[\"https:\\\/\\\/algavenice.com\\\/fr\\\/produit\\\/supplement-de-masse-musculaire\\\/\"]}]},{\"@type\":\"ImageObject\",\"inLanguage\":\"fr-FR\",\"@id\":\"https:\\\/\\\/algavenice.com\\\/fr\\\/produit\\\/supplement-de-masse-musculaire\\\/#primaryimage\",\"url\":\"https:\\\/\\\/algavenice.com\\\/wp-content\\\/uploads\\\/2021\\\/07\\\/integratore_per_la_massa_muscolare-_con_spirulina_estratti_vegetali_vitamin_-e_coenzima_Q10.jpg\",\"contentUrl\":\"https:\\\/\\\/algavenice.com\\\/wp-content\\\/uploads\\\/2021\\\/07\\\/integratore_per_la_massa_muscolare-_con_spirulina_estratti_vegetali_vitamin_-e_coenzima_Q10.jpg\",\"width\":800,\"height\":800,\"caption\":\"Integratore per la Massa Muscolare con Spirulina, estratti vegetali, vitamine e coenzima Q10\"},{\"@type\":\"BreadcrumbList\",\"@id\":\"https:\\\/\\\/algavenice.com\\\/fr\\\/produit\\\/supplement-de-masse-musculaire\\\/#breadcrumb\",\"itemListElement\":[{\"@type\":\"ListItem\",\"position\":1,\"name\":\"Home\",\"item\":\"https:\\\/\\\/algavenice.com\\\/fr\\\/\"},{\"@type\":\"ListItem\",\"position\":2,\"name\":\"Boutique bio\",\"item\":\"https:\\\/\\\/algavenice.com\\\/negozio-bio\\\/\"},{\"@type\":\"ListItem\",\"position\":3,\"name\":\"Compl\u00e9ment alimentaire Muscle Mass\"}]},{\"@type\":\"WebSite\",\"@id\":\"https:\\\/\\\/algavenice.com\\\/fr\\\/#website\",\"url\":\"https:\\\/\\\/algavenice.com\\\/fr\\\/\",\"name\":\"AlgaVenice - Spirulina 100% pura, italiana e biologica\",\"description\":\"Vendita Spirulina di Alta Qualit\u00e0 Online\",\"publisher\":{\"@id\":\"https:\\\/\\\/algavenice.com\\\/fr\\\/#organization\"},\"alternateName\":\"Vendita online Spirulina di alta qualit\u00e0\",\"potentialAction\":[{\"@type\":\"SearchAction\",\"target\":{\"@type\":\"EntryPoint\",\"urlTemplate\":\"https:\\\/\\\/algavenice.com\\\/fr\\\/?s={search_term_string}\"},\"query-input\":{\"@type\":\"PropertyValueSpecification\",\"valueRequired\":true,\"valueName\":\"search_term_string\"}}],\"inLanguage\":\"fr-FR\"},{\"@type\":\"Organization\",\"@id\":\"https:\\\/\\\/algavenice.com\\\/fr\\\/#organization\",\"name\":\"Societ\u00e0 Agricola Serenissima S.r.l.\",\"alternateName\":\"AlgaVenice\",\"url\":\"https:\\\/\\\/algavenice.com\\\/fr\\\/\",\"logo\":{\"@type\":\"ImageObject\",\"inLanguage\":\"fr-FR\",\"@id\":\"https:\\\/\\\/algavenice.com\\\/fr\\\/#\\\/schema\\\/logo\\\/image\\\/\",\"url\":\"https:\\\/\\\/algavenice.com\\\/wp-content\\\/uploads\\\/2023\\\/03\\\/algavenice_logo_dati_strutturati.jpg\",\"contentUrl\":\"https:\\\/\\\/algavenice.com\\\/wp-content\\\/uploads\\\/2023\\\/03\\\/algavenice_logo_dati_strutturati.jpg\",\"width\":696,\"height\":696,\"caption\":\"Societ\u00e0 Agricola Serenissima S.r.l.\"},\"image\":{\"@id\":\"https:\\\/\\\/algavenice.com\\\/fr\\\/#\\\/schema\\\/logo\\\/image\\\/\"},\"sameAs\":[\"https:\\\/\\\/www.facebook.com\\\/algavenice.it\",\"https:\\\/\\\/www.instagram.com\\\/algavenice_spirulina\\\/\",\"https:\\\/\\\/www.youtube.com\\\/channel\\\/UCcgMDdoknspeIM22pqn7Qiw\"]}]}<\/script>\n<!-- \/ Yoast SEO plugin. -->","yoast_head_json":{"title":"Compl\u00e9ment alimentaire Muscle Mass In Vendita Online | AlgaVenice","description":"Vous souhaitez trouver tous les ingr\u00e9dients pour augmenter votre masse musculaire dans un seul compl\u00e9ment alimentaire ? Alors MUSCULAR MASS est fait pour vous !","robots":{"index":"index","follow":"follow","max-snippet":"max-snippet:-1","max-image-preview":"max-image-preview:large","max-video-preview":"max-video-preview:-1"},"canonical":"https:\/\/algavenice.com\/fr\/produit\/supplement-de-masse-musculaire\/","og_locale":"fr_FR","og_type":"article","og_title":"Compl\u00e9ment alimentaire Muscle Mass In Vendita Online | AlgaVenice","og_description":"Vous souhaitez trouver tous les ingr\u00e9dients pour augmenter votre masse musculaire dans un seul compl\u00e9ment alimentaire ? Alors MUSCULAR MASS est fait pour vous !","og_url":"https:\/\/algavenice.com\/fr\/produit\/supplement-de-masse-musculaire\/","og_site_name":"AlgaVenice","article_publisher":"https:\/\/www.facebook.com\/algavenice.it","article_modified_time":"2023-03-19T15:39:03+00:00","og_image":[{"width":800,"height":800,"url":"https:\/\/algavenice.com\/wp-content\/uploads\/2021\/07\/integratore_per_la_massa_muscolare-_con_spirulina_estratti_vegetali_vitamin_-e_coenzima_Q10.jpg","type":"image\/jpeg"}],"twitter_card":"summary_large_image","twitter_misc":{"Dur\u00e9e de lecture estim\u00e9e":"2 minutes"},"schema":{"@context":"https:\/\/schema.org","@graph":[{"@type":"WebPage","@id":"https:\/\/algavenice.com\/fr\/produit\/supplement-de-masse-musculaire\/","url":"https:\/\/algavenice.com\/fr\/produit\/supplement-de-masse-musculaire\/","name":"Compl\u00e9ment alimentaire Muscle Mass In Vendita Online | AlgaVenice","isPartOf":{"@id":"https:\/\/algavenice.com\/fr\/#website"},"primaryImageOfPage":{"@id":"https:\/\/algavenice.com\/fr\/produit\/supplement-de-masse-musculaire\/#primaryimage"},"image":{"@id":"https:\/\/algavenice.com\/fr\/produit\/supplement-de-masse-musculaire\/#primaryimage"},"thumbnailUrl":"https:\/\/algavenice.com\/wp-content\/uploads\/2021\/07\/integratore_per_la_massa_muscolare-_con_spirulina_estratti_vegetali_vitamin_-e_coenzima_Q10.jpg","datePublished":"2021-07-12T15:48:52+00:00","dateModified":"2023-03-19T15:39:03+00:00","description":"Vous souhaitez trouver tous les ingr\u00e9dients pour augmenter votre masse musculaire dans un seul compl\u00e9ment alimentaire ? Alors MUSCULAR MASS est fait pour vous !","breadcrumb":{"@id":"https:\/\/algavenice.com\/fr\/produit\/supplement-de-masse-musculaire\/#breadcrumb"},"inLanguage":"fr-FR","potentialAction":[{"@type":"ReadAction","target":["https:\/\/algavenice.com\/fr\/produit\/supplement-de-masse-musculaire\/"]}]},{"@type":"ImageObject","inLanguage":"fr-FR","@id":"https:\/\/algavenice.com\/fr\/produit\/supplement-de-masse-musculaire\/#primaryimage","url":"https:\/\/algavenice.com\/wp-content\/uploads\/2021\/07\/integratore_per_la_massa_muscolare-_con_spirulina_estratti_vegetali_vitamin_-e_coenzima_Q10.jpg","contentUrl":"https:\/\/algavenice.com\/wp-content\/uploads\/2021\/07\/integratore_per_la_massa_muscolare-_con_spirulina_estratti_vegetali_vitamin_-e_coenzima_Q10.jpg","width":800,"height":800,"caption":"Integratore per la Massa Muscolare con Spirulina, estratti vegetali, vitamine e coenzima Q10"},{"@type":"BreadcrumbList","@id":"https:\/\/algavenice.com\/fr\/produit\/supplement-de-masse-musculaire\/#breadcrumb","itemListElement":[{"@type":"ListItem","position":1,"name":"Home","item":"https:\/\/algavenice.com\/fr\/"},{"@type":"ListItem","position":2,"name":"Boutique bio","item":"https:\/\/algavenice.com\/negozio-bio\/"},{"@type":"ListItem","position":3,"name":"Compl\u00e9ment alimentaire Muscle Mass"}]},{"@type":"WebSite","@id":"https:\/\/algavenice.com\/fr\/#website","url":"https:\/\/algavenice.com\/fr\/","name":"AlgaVenice - Spirulina 100% pura, italiana e biologica","description":"Vendita Spirulina di Alta Qualit\u00e0 Online","publisher":{"@id":"https:\/\/algavenice.com\/fr\/#organization"},"alternateName":"Vendita online Spirulina di alta qualit\u00e0","potentialAction":[{"@type":"SearchAction","target":{"@type":"EntryPoint","urlTemplate":"https:\/\/algavenice.com\/fr\/?s={search_term_string}"},"query-input":{"@type":"PropertyValueSpecification","valueRequired":true,"valueName":"search_term_string"}}],"inLanguage":"fr-FR"},{"@type":"Organization","@id":"https:\/\/algavenice.com\/fr\/#organization","name":"Societ\u00e0 Agricola Serenissima S.r.l.","alternateName":"AlgaVenice","url":"https:\/\/algavenice.com\/fr\/","logo":{"@type":"ImageObject","inLanguage":"fr-FR","@id":"https:\/\/algavenice.com\/fr\/#\/schema\/logo\/image\/","url":"https:\/\/algavenice.com\/wp-content\/uploads\/2023\/03\/algavenice_logo_dati_strutturati.jpg","contentUrl":"https:\/\/algavenice.com\/wp-content\/uploads\/2023\/03\/algavenice_logo_dati_strutturati.jpg","width":696,"height":696,"caption":"Societ\u00e0 Agricola Serenissima S.r.l."},"image":{"@id":"https:\/\/algavenice.com\/fr\/#\/schema\/logo\/image\/"},"sameAs":["https:\/\/www.facebook.com\/algavenice.it","https:\/\/www.instagram.com\/algavenice_spirulina\/","https:\/\/www.youtube.com\/channel\/UCcgMDdoknspeIM22pqn7Qiw"]}]}},"_links":{"self":[{"href":"https:\/\/algavenice.com\/fr\/wp-json\/wp\/v2\/product\/11939","targetHints":{"allow":["GET"]}}],"collection":[{"href":"https:\/\/algavenice.com\/fr\/wp-json\/wp\/v2\/product"}],"about":[{"href":"https:\/\/algavenice.com\/fr\/wp-json\/wp\/v2\/types\/product"}],"replies":[{"embeddable":true,"href":"https:\/\/algavenice.com\/fr\/wp-json\/wp\/v2\/comments?post=11939"}],"wp:featuredmedia":[{"embeddable":true,"href":"https:\/\/algavenice.com\/fr\/wp-json\/wp\/v2\/media\/10500"}],"wp:attachment":[{"href":"https:\/\/algavenice.com\/fr\/wp-json\/wp\/v2\/media?parent=11939"}],"wp:term":[{"taxonomy":"product_cat","embeddable":true,"href":"https:\/\/algavenice.com\/fr\/wp-json\/wp\/v2\/product_cat?post=11939"},{"taxonomy":"product_tag","embeddable":true,"href":"https:\/\/algavenice.com\/fr\/wp-json\/wp\/v2\/product_tag?post=11939"}],"curies":[{"name":"wp","href":"https:\/\/api.w.org\/{rel}","templated":true}]}}