{"id":11942,"date":"2021-07-15T13:38:26","date_gmt":"2023-03-19T15:39:56","guid":{"rendered":"https:\/\/algavenice.com\/prodotto\/flocons-de-spiruline-bio-50-g\/"},"modified":"2023-03-19T16:39:56","modified_gmt":"2023-03-19T15:39:56","slug":"spiruline-bio-50-g-en-flocons","status":"publish","type":"product","link":"https:\/\/algavenice.com\/fr\/produit\/spiruline-bio-50-g-en-flocons\/","title":{"rendered":"Flocons de spiruline bio 50 g"},"content":{"rendered":"<p>L&rsquo;algue <strong>spiruline en paillettes<\/strong> est rapidement assimil\u00e9e par l&rsquo;organisme. Il ne contient pas d&rsquo;excipients ni d&rsquo;\u00e9paississants ajout\u00e9s, il est pur \u00e0 100 % et non pasteuris\u00e9. Il s&rsquo;agit donc d&rsquo;un compl\u00e9ment naturel pour votre corps.<\/p>\n<p>Ce format de spiruline contient l&rsquo;algue s\u00e9ch\u00e9e et non transform\u00e9e. Si l&rsquo;on consid\u00e8re le format en poudre, il implique une \u00e9tape de traitement suppl\u00e9mentaire. En effet, les flocons doivent \u00eatre finement broy\u00e9s et pulv\u00e9ris\u00e9s \u00e0 froid pour devenir de la poudre de spiruline. Ainsi, les paillettes de spiruline sont le <strong>premier format de produit fini<\/strong>. Voyons maintenant comment vous pouvez le prendre.<\/p>\n<h2>Comment prendre les flocons de spiruline ?<\/h2>\n<p>Les<strong>algues en flocons Spirulina<\/strong> sont un soutien pr\u00e9cieux pour votre corps, mais aussi un excellent stimulant pour votre cr\u00e9ativit\u00e9 dans la cuisine.<\/p>\n<p>Il peut \u00eatre pris avec un verre d&rsquo;eau, du jus, des extraits, etc. Il est \u00e9galement excellent pour <strong>assaisonner les plats de<\/strong> viande ou de poisson. Il peut \u00eatre ajout\u00e9 aux <strong>salades<\/strong> compos\u00e9es ou \u00e0 divers plats comme <strong>ingr\u00e9dient de finition<\/strong>.<\/p>\n<p>Dans les <strong>recettes<\/strong> v\u00e9g\u00e9taliennes <strong>et v\u00e9g\u00e9tariennes<\/strong>, il occupe facilement le devant de la sc\u00e8ne, car 60 \u00e0 70 % de sa composition sont des prot\u00e9ines v\u00e9g\u00e9tales \u00ab\u00a0nobles\u00a0\u00bb.<\/p>\n<p>Nous recommandons une dose journali\u00e8re de 1g\/2g (maximum 3g par jour) en fonction de vos besoins physiques.<\/p>\n<h2>Pourquoi prendre de la spiruline ?<\/h2>\n<p>La <a href=\"https:\/\/algavenice.com\/fr\/les-proprietes-de-la-spiruline\/\">caract\u00e9ristique<\/a> la plus importante <a href=\"https:\/\/algavenice.com\/fr\/les-proprietes-de-la-spiruline\/\">de la spiruline<\/a> est qu&rsquo;elle apporte \u00e0 notre corps des <strong>nutriments<\/strong> pr\u00eats \u00e0 \u00eatre assimil\u00e9s. C&rsquo;est la raison pour laquelle il convient parfaitement :<\/p>\n<ul>\n<li>la r\u00e9cup\u00e9ration de la concentration et de l&rsquo;attention ;<\/li>\n<li>r\u00e9g\u00e9n\u00e9ration des forces dans les moments de grand stress ;<\/li>\n<li>le soutien du syst\u00e8me musculaire lors d&rsquo;une activit\u00e9 physique intense ;<\/li>\n<li>compl\u00e9ter le r\u00e9gime alimentaire par des substances indispensables \u00e0 l&rsquo;organisme.<\/li>\n<\/ul>\n<p>C&rsquo;est une source pr\u00e9cieuse d&rsquo;\u00e9nergie imm\u00e9diatement disponible gr\u00e2ce \u00e0 sa composition riche en.. :<\/p>\n<ul>\n<li>des <strong>prot\u00e9ines v\u00e9g\u00e9tales<\/strong> nobles (60-70%) et des <strong>acides amin\u00e9s essentiels<\/strong>;<\/li>\n<li><strong>sels min\u00e9raux<\/strong>: magn\u00e9sium, mangan\u00e8se, potassium, zinc, phosphore, fer, calcium ;<\/li>\n<li><strong>vitamines<\/strong>, y compris celles des groupes A, B, K, E, b\u00eata-carot\u00e8ne ;<\/li>\n<li>carot\u00e9no\u00efdes, phycocyanine, st\u00e9rols ;<\/li>\n<li>des acides gras essentiels (AGL, om\u00e9ga 6).<\/li>\n<\/ul>\n<p>Profitez d&rsquo;une longue p\u00e9riode de bien-\u00eatre en prenant les <strong>flocons de spiruline d&rsquo;<\/strong> AlgaVenice.<\/p>\n","protected":false},"excerpt":{"rendered":"<p>Les <strong>paillettes de spiruline <\/strong>sont rapidement assimil\u00e9es par l&rsquo;organisme. Il ne contient pas d&rsquo;excipients ni d&rsquo;\u00e9paississants ajout\u00e9s, il est pur \u00e0 100 % et non pasteuris\u00e9.<\/p>\n<p>Bo\u00eete blanche avec couvercle press\u00e9 contenant 50g de paillettes de spiruline Arthrospira Platensis.<\/p>\n<p>Dose journali\u00e8re 1g\/2g (maximum 3g par jour) en fonction des besoins physiques.<\/p>\n","protected":false},"featured_media":10973,"comment_status":"closed","ping_status":"closed","template":"","meta":{"_acf_changed":false},"product_cat":[417,418,415],"product_tag":[],"class_list":{"0":"post-11942","1":"product","2":"type-product","3":"status-publish","4":"has-post-thumbnail","6":"product_brand-algavenice-by-agricola-serenissima-s-r-l","7":"product_cat-spiruline-en-bocaux","8":"product_cat-spiruline-recommandee-pour-vous","9":"product_cat-spiruline-la-plus-vendue","11":"first","12":"instock","13":"taxable","14":"shipping-taxable","15":"purchasable","16":"product-type-simple"},"acf":[],"yoast_head":"<!-- This site is optimized with the Yoast SEO plugin v27.3 - https:\/\/yoast.com\/product\/yoast-seo-wordpress\/ -->\n<title>Flocons de spiruline bio 50 g In Vendita Online | AlgaVenice<\/title>\n<meta name=\"description\" content=\"Les flocons de spiruline sont un soutien pr\u00e9cieux pour votre corps. Id\u00e9al pour enrichir votre petit-d\u00e9jeuner ou votre collation \u00e9nergisante. D\u00e9couvrez comment !\" \/>\n<meta name=\"robots\" content=\"index, follow, max-snippet:-1, max-image-preview:large, max-video-preview:-1\" \/>\n<link rel=\"canonical\" href=\"https:\/\/algavenice.com\/fr\/produit\/spiruline-bio-50-g-en-flocons\/\" \/>\n<meta property=\"og:locale\" content=\"fr_FR\" \/>\n<meta property=\"og:type\" content=\"article\" \/>\n<meta property=\"og:title\" content=\"Flocons de spiruline bio 50 g In Vendita Online | AlgaVenice\" \/>\n<meta property=\"og:description\" content=\"Les flocons de spiruline sont un soutien pr\u00e9cieux pour votre corps. Id\u00e9al pour enrichir votre petit-d\u00e9jeuner ou votre collation \u00e9nergisante. D\u00e9couvrez comment !\" \/>\n<meta property=\"og:url\" content=\"https:\/\/algavenice.com\/fr\/produit\/spiruline-bio-50-g-en-flocons\/\" \/>\n<meta property=\"og:site_name\" content=\"AlgaVenice\" \/>\n<meta property=\"article:publisher\" content=\"https:\/\/www.facebook.com\/algavenice.it\" \/>\n<meta property=\"og:image\" content=\"https:\/\/algavenice.com\/wp-content\/uploads\/2021\/07\/spirulina_in_scaglie-1.jpg\" \/>\n\t<meta property=\"og:image:width\" content=\"800\" \/>\n\t<meta property=\"og:image:height\" content=\"800\" \/>\n\t<meta property=\"og:image:type\" content=\"image\/jpeg\" \/>\n<meta name=\"twitter:card\" content=\"summary_large_image\" \/>\n<meta name=\"twitter:label1\" content=\"Dur\u00e9e de lecture estim\u00e9e\" \/>\n\t<meta name=\"twitter:data1\" content=\"2 minutes\" \/>\n<script type=\"application\/ld+json\" class=\"yoast-schema-graph\">{\"@context\":\"https:\\\/\\\/schema.org\",\"@graph\":[{\"@type\":\"WebPage\",\"@id\":\"https:\\\/\\\/algavenice.com\\\/fr\\\/produit\\\/spiruline-bio-50-g-en-flocons\\\/\",\"url\":\"https:\\\/\\\/algavenice.com\\\/fr\\\/produit\\\/spiruline-bio-50-g-en-flocons\\\/\",\"name\":\"Flocons de spiruline bio 50 g In Vendita Online | AlgaVenice\",\"isPartOf\":{\"@id\":\"https:\\\/\\\/algavenice.com\\\/fr\\\/#website\"},\"primaryImageOfPage\":{\"@id\":\"https:\\\/\\\/algavenice.com\\\/fr\\\/produit\\\/spiruline-bio-50-g-en-flocons\\\/#primaryimage\"},\"image\":{\"@id\":\"https:\\\/\\\/algavenice.com\\\/fr\\\/produit\\\/spiruline-bio-50-g-en-flocons\\\/#primaryimage\"},\"thumbnailUrl\":\"https:\\\/\\\/algavenice.com\\\/wp-content\\\/uploads\\\/2021\\\/07\\\/spirulina_in_scaglie-1.jpg\",\"datePublished\":\"2023-03-19T15:39:56+00:00\",\"description\":\"Les flocons de spiruline sont un soutien pr\u00e9cieux pour votre corps. Id\u00e9al pour enrichir votre petit-d\u00e9jeuner ou votre collation \u00e9nergisante. D\u00e9couvrez comment !\",\"breadcrumb\":{\"@id\":\"https:\\\/\\\/algavenice.com\\\/fr\\\/produit\\\/spiruline-bio-50-g-en-flocons\\\/#breadcrumb\"},\"inLanguage\":\"fr-FR\",\"potentialAction\":[{\"@type\":\"ReadAction\",\"target\":[\"https:\\\/\\\/algavenice.com\\\/fr\\\/produit\\\/spiruline-bio-50-g-en-flocons\\\/\"]}]},{\"@type\":\"ImageObject\",\"inLanguage\":\"fr-FR\",\"@id\":\"https:\\\/\\\/algavenice.com\\\/fr\\\/produit\\\/spiruline-bio-50-g-en-flocons\\\/#primaryimage\",\"url\":\"https:\\\/\\\/algavenice.com\\\/wp-content\\\/uploads\\\/2021\\\/07\\\/spirulina_in_scaglie-1.jpg\",\"contentUrl\":\"https:\\\/\\\/algavenice.com\\\/wp-content\\\/uploads\\\/2021\\\/07\\\/spirulina_in_scaglie-1.jpg\",\"width\":800,\"height\":800,\"caption\":\"Spir\"},{\"@type\":\"BreadcrumbList\",\"@id\":\"https:\\\/\\\/algavenice.com\\\/fr\\\/produit\\\/spiruline-bio-50-g-en-flocons\\\/#breadcrumb\",\"itemListElement\":[{\"@type\":\"ListItem\",\"position\":1,\"name\":\"Home\",\"item\":\"https:\\\/\\\/algavenice.com\\\/fr\\\/\"},{\"@type\":\"ListItem\",\"position\":2,\"name\":\"Boutique bio\",\"item\":\"https:\\\/\\\/algavenice.com\\\/negozio-bio\\\/\"},{\"@type\":\"ListItem\",\"position\":3,\"name\":\"Flocons de spiruline bio 50 g\"}]},{\"@type\":\"WebSite\",\"@id\":\"https:\\\/\\\/algavenice.com\\\/fr\\\/#website\",\"url\":\"https:\\\/\\\/algavenice.com\\\/fr\\\/\",\"name\":\"AlgaVenice - Spirulina 100% pura, italiana e biologica\",\"description\":\"Vendita Spirulina di Alta Qualit\u00e0 Online\",\"publisher\":{\"@id\":\"https:\\\/\\\/algavenice.com\\\/fr\\\/#organization\"},\"alternateName\":\"Vendita online Spirulina di alta qualit\u00e0\",\"potentialAction\":[{\"@type\":\"SearchAction\",\"target\":{\"@type\":\"EntryPoint\",\"urlTemplate\":\"https:\\\/\\\/algavenice.com\\\/fr\\\/?s={search_term_string}\"},\"query-input\":{\"@type\":\"PropertyValueSpecification\",\"valueRequired\":true,\"valueName\":\"search_term_string\"}}],\"inLanguage\":\"fr-FR\"},{\"@type\":\"Organization\",\"@id\":\"https:\\\/\\\/algavenice.com\\\/fr\\\/#organization\",\"name\":\"Societ\u00e0 Agricola Serenissima S.r.l.\",\"alternateName\":\"AlgaVenice\",\"url\":\"https:\\\/\\\/algavenice.com\\\/fr\\\/\",\"logo\":{\"@type\":\"ImageObject\",\"inLanguage\":\"fr-FR\",\"@id\":\"https:\\\/\\\/algavenice.com\\\/fr\\\/#\\\/schema\\\/logo\\\/image\\\/\",\"url\":\"https:\\\/\\\/algavenice.com\\\/wp-content\\\/uploads\\\/2023\\\/03\\\/algavenice_logo_dati_strutturati.jpg\",\"contentUrl\":\"https:\\\/\\\/algavenice.com\\\/wp-content\\\/uploads\\\/2023\\\/03\\\/algavenice_logo_dati_strutturati.jpg\",\"width\":696,\"height\":696,\"caption\":\"Societ\u00e0 Agricola Serenissima S.r.l.\"},\"image\":{\"@id\":\"https:\\\/\\\/algavenice.com\\\/fr\\\/#\\\/schema\\\/logo\\\/image\\\/\"},\"sameAs\":[\"https:\\\/\\\/www.facebook.com\\\/algavenice.it\",\"https:\\\/\\\/www.instagram.com\\\/algavenice_spirulina\\\/\",\"https:\\\/\\\/www.youtube.com\\\/channel\\\/UCcgMDdoknspeIM22pqn7Qiw\"]}]}<\/script>\n<!-- \/ Yoast SEO plugin. -->","yoast_head_json":{"title":"Flocons de spiruline bio 50 g In Vendita Online | AlgaVenice","description":"Les flocons de spiruline sont un soutien pr\u00e9cieux pour votre corps. Id\u00e9al pour enrichir votre petit-d\u00e9jeuner ou votre collation \u00e9nergisante. D\u00e9couvrez comment !","robots":{"index":"index","follow":"follow","max-snippet":"max-snippet:-1","max-image-preview":"max-image-preview:large","max-video-preview":"max-video-preview:-1"},"canonical":"https:\/\/algavenice.com\/fr\/produit\/spiruline-bio-50-g-en-flocons\/","og_locale":"fr_FR","og_type":"article","og_title":"Flocons de spiruline bio 50 g In Vendita Online | AlgaVenice","og_description":"Les flocons de spiruline sont un soutien pr\u00e9cieux pour votre corps. Id\u00e9al pour enrichir votre petit-d\u00e9jeuner ou votre collation \u00e9nergisante. D\u00e9couvrez comment !","og_url":"https:\/\/algavenice.com\/fr\/produit\/spiruline-bio-50-g-en-flocons\/","og_site_name":"AlgaVenice","article_publisher":"https:\/\/www.facebook.com\/algavenice.it","og_image":[{"width":800,"height":800,"url":"https:\/\/algavenice.com\/wp-content\/uploads\/2021\/07\/spirulina_in_scaglie-1.jpg","type":"image\/jpeg"}],"twitter_card":"summary_large_image","twitter_misc":{"Dur\u00e9e de lecture estim\u00e9e":"2 minutes"},"schema":{"@context":"https:\/\/schema.org","@graph":[{"@type":"WebPage","@id":"https:\/\/algavenice.com\/fr\/produit\/spiruline-bio-50-g-en-flocons\/","url":"https:\/\/algavenice.com\/fr\/produit\/spiruline-bio-50-g-en-flocons\/","name":"Flocons de spiruline bio 50 g In Vendita Online | AlgaVenice","isPartOf":{"@id":"https:\/\/algavenice.com\/fr\/#website"},"primaryImageOfPage":{"@id":"https:\/\/algavenice.com\/fr\/produit\/spiruline-bio-50-g-en-flocons\/#primaryimage"},"image":{"@id":"https:\/\/algavenice.com\/fr\/produit\/spiruline-bio-50-g-en-flocons\/#primaryimage"},"thumbnailUrl":"https:\/\/algavenice.com\/wp-content\/uploads\/2021\/07\/spirulina_in_scaglie-1.jpg","datePublished":"2023-03-19T15:39:56+00:00","description":"Les flocons de spiruline sont un soutien pr\u00e9cieux pour votre corps. Id\u00e9al pour enrichir votre petit-d\u00e9jeuner ou votre collation \u00e9nergisante. D\u00e9couvrez comment !","breadcrumb":{"@id":"https:\/\/algavenice.com\/fr\/produit\/spiruline-bio-50-g-en-flocons\/#breadcrumb"},"inLanguage":"fr-FR","potentialAction":[{"@type":"ReadAction","target":["https:\/\/algavenice.com\/fr\/produit\/spiruline-bio-50-g-en-flocons\/"]}]},{"@type":"ImageObject","inLanguage":"fr-FR","@id":"https:\/\/algavenice.com\/fr\/produit\/spiruline-bio-50-g-en-flocons\/#primaryimage","url":"https:\/\/algavenice.com\/wp-content\/uploads\/2021\/07\/spirulina_in_scaglie-1.jpg","contentUrl":"https:\/\/algavenice.com\/wp-content\/uploads\/2021\/07\/spirulina_in_scaglie-1.jpg","width":800,"height":800,"caption":"Spir"},{"@type":"BreadcrumbList","@id":"https:\/\/algavenice.com\/fr\/produit\/spiruline-bio-50-g-en-flocons\/#breadcrumb","itemListElement":[{"@type":"ListItem","position":1,"name":"Home","item":"https:\/\/algavenice.com\/fr\/"},{"@type":"ListItem","position":2,"name":"Boutique bio","item":"https:\/\/algavenice.com\/negozio-bio\/"},{"@type":"ListItem","position":3,"name":"Flocons de spiruline bio 50 g"}]},{"@type":"WebSite","@id":"https:\/\/algavenice.com\/fr\/#website","url":"https:\/\/algavenice.com\/fr\/","name":"AlgaVenice - Spirulina 100% pura, italiana e biologica","description":"Vendita Spirulina di Alta Qualit\u00e0 Online","publisher":{"@id":"https:\/\/algavenice.com\/fr\/#organization"},"alternateName":"Vendita online Spirulina di alta qualit\u00e0","potentialAction":[{"@type":"SearchAction","target":{"@type":"EntryPoint","urlTemplate":"https:\/\/algavenice.com\/fr\/?s={search_term_string}"},"query-input":{"@type":"PropertyValueSpecification","valueRequired":true,"valueName":"search_term_string"}}],"inLanguage":"fr-FR"},{"@type":"Organization","@id":"https:\/\/algavenice.com\/fr\/#organization","name":"Societ\u00e0 Agricola Serenissima S.r.l.","alternateName":"AlgaVenice","url":"https:\/\/algavenice.com\/fr\/","logo":{"@type":"ImageObject","inLanguage":"fr-FR","@id":"https:\/\/algavenice.com\/fr\/#\/schema\/logo\/image\/","url":"https:\/\/algavenice.com\/wp-content\/uploads\/2023\/03\/algavenice_logo_dati_strutturati.jpg","contentUrl":"https:\/\/algavenice.com\/wp-content\/uploads\/2023\/03\/algavenice_logo_dati_strutturati.jpg","width":696,"height":696,"caption":"Societ\u00e0 Agricola Serenissima S.r.l."},"image":{"@id":"https:\/\/algavenice.com\/fr\/#\/schema\/logo\/image\/"},"sameAs":["https:\/\/www.facebook.com\/algavenice.it","https:\/\/www.instagram.com\/algavenice_spirulina\/","https:\/\/www.youtube.com\/channel\/UCcgMDdoknspeIM22pqn7Qiw"]}]}},"_links":{"self":[{"href":"https:\/\/algavenice.com\/fr\/wp-json\/wp\/v2\/product\/11942","targetHints":{"allow":["GET"]}}],"collection":[{"href":"https:\/\/algavenice.com\/fr\/wp-json\/wp\/v2\/product"}],"about":[{"href":"https:\/\/algavenice.com\/fr\/wp-json\/wp\/v2\/types\/product"}],"replies":[{"embeddable":true,"href":"https:\/\/algavenice.com\/fr\/wp-json\/wp\/v2\/comments?post=11942"}],"wp:featuredmedia":[{"embeddable":true,"href":"https:\/\/algavenice.com\/fr\/wp-json\/wp\/v2\/media\/10973"}],"wp:attachment":[{"href":"https:\/\/algavenice.com\/fr\/wp-json\/wp\/v2\/media?parent=11942"}],"wp:term":[{"taxonomy":"product_cat","embeddable":true,"href":"https:\/\/algavenice.com\/fr\/wp-json\/wp\/v2\/product_cat?post=11942"},{"taxonomy":"product_tag","embeddable":true,"href":"https:\/\/algavenice.com\/fr\/wp-json\/wp\/v2\/product_tag?post=11942"}],"curies":[{"name":"wp","href":"https:\/\/api.w.org\/{rel}","templated":true}]}}