{"id":11945,"date":"2021-07-15T13:54:14","date_gmt":"2021-07-15T11:54:14","guid":{"rendered":"https:\/\/algavenice.com\/prodotto\/spiruline-bio-250-g-paillettes\/"},"modified":"2023-03-19T16:41:55","modified_gmt":"2023-03-19T15:41:55","slug":"spiruline-bio-250-g-en-flocons","status":"publish","type":"product","link":"https:\/\/algavenice.com\/fr\/produit\/spiruline-bio-250-g-en-flocons\/","title":{"rendered":"Spiruline bio 250 g paillettes"},"content":{"rendered":"<p>La <strong>spiruline<\/strong> est une algue qui est rapidement assimil\u00e9e par l&rsquo;organisme et lui fournit une \u00e9nergie imm\u00e9diate. Il s&rsquo;agit d&rsquo;un compl\u00e9ment enti\u00e8rement naturel puisqu&rsquo;il ne contient ni excipients ni \u00e9paississants. De plus, elle n&rsquo;est pas pasteuris\u00e9e afin de conserver intactes les propri\u00e9t\u00e9s organoleptiques de l&rsquo;algue.<\/p>\n<p>Il peut \u00eatre pris avec un verre d&rsquo;eau, du jus, des extraits, etc. Il est \u00e9galement excellent pour assaisonner les plats de viande ou de poisson. Il peut \u00eatre ajout\u00e9 aux salades compos\u00e9es ou \u00e0 divers plats comme ingr\u00e9dient de finition.<\/p>\n<p>C&rsquo;est un ingr\u00e9dient populaire dans les recettes v\u00e9g\u00e9taliennes et v\u00e9g\u00e9tariennes en raison de ses propri\u00e9t\u00e9s nutritionnelles. En effet, il contient 60 \u00e0 70 % de prot\u00e9ines v\u00e9g\u00e9tales nobles.<\/p>\n<p>Nous recommandons une dose journali\u00e8re de 1g\/2g (maximum 3g par jour) en fonction de vos besoins physiques. La prise doit se faire de mani\u00e8re r\u00e9guli\u00e8re et pendant des p\u00e9riodes assez longues.<\/p>\n<p>Les algues ne pr\u00e9sentent pas de contre-indications particuli\u00e8res, mais nous recommandons de consulter un m\u00e9decin pour les personnes souffrant de probl\u00e8mes de thyro\u00efde ou de maladies auto-immunes.<\/p>\n<h2>Spiruline AlgaVenice : sous forme de paillettes<\/h2>\n<p>L&rsquo;algue spiruline AlgaVenice en flocons contient des algues s\u00e9ch\u00e9es \u00e0 basse temp\u00e9rature et non transform\u00e9es. Cela signifie qu&rsquo;il s&rsquo;agit de la mati\u00e8re premi\u00e8re \u00e0 partir de laquelle d&rsquo;autres formats de spiruline, tels que la poudre de spiruline ou les comprim\u00e9s de spiruline, sont ensuite d\u00e9riv\u00e9s.<\/p>\n<p>Pour obtenir la poudre, les algues en flocons sont hach\u00e9es et finement pulv\u00e9ris\u00e9es par un proc\u00e9d\u00e9 \u00e0 froid. Les comprim\u00e9s impliquent une \u00e9tape suppl\u00e9mentaire : la poudre est soumise \u00e0 une compression.<\/p>\n<p>Vous voulez savoir pourquoi vous devriez l&rsquo;engager ? Il suffit de mentionner sa caract\u00e9ristique la plus importante : apporter \u00e0 l&rsquo;organisme des nutriments pr\u00eats \u00e0 \u00eatre assimil\u00e9s. Cela permet \u00e0 l&rsquo;organisme de disposer d&rsquo;une \u00e9nergie imm\u00e9diate. Il aide \u00e9galement \u00e0 :<\/p>\n<ul>\n<li>retrouver la concentration et l&rsquo;attention ;<\/li>\n<li>r\u00e9g\u00e9n\u00e9rer l&rsquo;organisme en p\u00e9riode de stress ;<\/li>\n<li>soutenir le syst\u00e8me musculaire pendant l&rsquo;entra\u00eenement physique ;<\/li>\n<li>favoriser une perte de poids naturelle ;<\/li>\n<li>renforcer le syst\u00e8me immunitaire.<\/li>\n<\/ul>\n<p>En outre, il a le pouvoir de purifier, de d\u00e9sintoxiquer, d&rsquo;\u00e9nergiser et de tonifier le corps.<\/p>\n","protected":false},"excerpt":{"rendered":"<p>Les <strong>paillettes de spiruline<\/strong> sont rapidement assimil\u00e9es par l&rsquo;organisme. Il ne contient pas d&rsquo;excipients ni d&rsquo;\u00e9paississants ajout\u00e9s, il est pur \u00e0 100 % et non pasteuris\u00e9.<\/p>\n<p>Bo\u00eete blanche avec couvercle \u00e0 pression contenant 250 g de flocons de spiruline Arthrospira Platensis en poids net.<\/p>\n<p>Dose journali\u00e8re 1g\/2g (maximum 3g par jour) en fonction des besoins physiques.<\/p>\n","protected":false},"featured_media":10982,"comment_status":"closed","ping_status":"closed","template":"","meta":{"_acf_changed":false},"product_cat":[417],"product_tag":[],"class_list":{"0":"post-11945","1":"product","2":"type-product","3":"status-publish","4":"has-post-thumbnail","6":"product_brand-algavenice-by-agricola-serenissima-s-r-l-fr","7":"product_cat-spiruline-en-bocaux","9":"first","10":"instock","11":"taxable","12":"shipping-taxable","13":"purchasable","14":"product-type-simple"},"acf":[],"yoast_head":"<!-- This site is optimized with the Yoast SEO plugin v27.3 - https:\/\/yoast.com\/product\/yoast-seo-wordpress\/ -->\n<title>Spiruline bio 250 g paillettes In Vendita Online | AlgaVenice<\/title>\n<meta name=\"description\" content=\"Spiruline cultiv\u00e9e en Italie dans un environnement prot\u00e9g\u00e9, sans m\u00e9taux lourds ni insectes. 250 g de spiruline en flocons.\" \/>\n<meta name=\"robots\" content=\"index, follow, max-snippet:-1, max-image-preview:large, max-video-preview:-1\" \/>\n<link rel=\"canonical\" href=\"https:\/\/algavenice.com\/fr\/produit\/spiruline-bio-250-g-en-flocons\/\" \/>\n<meta property=\"og:locale\" content=\"fr_FR\" \/>\n<meta property=\"og:type\" content=\"article\" \/>\n<meta property=\"og:title\" content=\"Spiruline bio 250 g paillettes In Vendita Online | AlgaVenice\" \/>\n<meta property=\"og:description\" content=\"Spiruline cultiv\u00e9e en Italie dans un environnement prot\u00e9g\u00e9, sans m\u00e9taux lourds ni insectes. 250 g de spiruline en flocons.\" \/>\n<meta property=\"og:url\" content=\"https:\/\/algavenice.com\/fr\/produit\/spiruline-bio-250-g-en-flocons\/\" \/>\n<meta property=\"og:site_name\" content=\"AlgaVenice\" \/>\n<meta property=\"article:publisher\" content=\"https:\/\/www.facebook.com\/algavenice.it\" \/>\n<meta property=\"article:modified_time\" content=\"2023-03-19T15:41:55+00:00\" \/>\n<meta property=\"og:image\" content=\"https:\/\/algavenice.com\/wp-content\/uploads\/2021\/07\/spirulina_in_scaglie_confezione_250gr.jpg\" \/>\n\t<meta property=\"og:image:width\" content=\"800\" \/>\n\t<meta property=\"og:image:height\" content=\"800\" \/>\n\t<meta property=\"og:image:type\" content=\"image\/jpeg\" \/>\n<meta name=\"twitter:card\" content=\"summary_large_image\" \/>\n<meta name=\"twitter:label1\" content=\"Dur\u00e9e de lecture estim\u00e9e\" \/>\n\t<meta name=\"twitter:data1\" content=\"2 minutes\" \/>\n<script type=\"application\/ld+json\" class=\"yoast-schema-graph\">{\"@context\":\"https:\\\/\\\/schema.org\",\"@graph\":[{\"@type\":\"WebPage\",\"@id\":\"https:\\\/\\\/algavenice.com\\\/fr\\\/produit\\\/spiruline-bio-250-g-en-flocons\\\/\",\"url\":\"https:\\\/\\\/algavenice.com\\\/fr\\\/produit\\\/spiruline-bio-250-g-en-flocons\\\/\",\"name\":\"Spiruline bio 250 g paillettes In Vendita Online | AlgaVenice\",\"isPartOf\":{\"@id\":\"https:\\\/\\\/algavenice.com\\\/fr\\\/#website\"},\"primaryImageOfPage\":{\"@id\":\"https:\\\/\\\/algavenice.com\\\/fr\\\/produit\\\/spiruline-bio-250-g-en-flocons\\\/#primaryimage\"},\"image\":{\"@id\":\"https:\\\/\\\/algavenice.com\\\/fr\\\/produit\\\/spiruline-bio-250-g-en-flocons\\\/#primaryimage\"},\"thumbnailUrl\":\"https:\\\/\\\/algavenice.com\\\/wp-content\\\/uploads\\\/2021\\\/07\\\/spirulina_in_scaglie_confezione_250gr.jpg\",\"datePublished\":\"2021-07-15T11:54:14+00:00\",\"dateModified\":\"2023-03-19T15:41:55+00:00\",\"description\":\"Spiruline cultiv\u00e9e en Italie dans un environnement prot\u00e9g\u00e9, sans m\u00e9taux lourds ni insectes. 250 g de spiruline en flocons.\",\"breadcrumb\":{\"@id\":\"https:\\\/\\\/algavenice.com\\\/fr\\\/produit\\\/spiruline-bio-250-g-en-flocons\\\/#breadcrumb\"},\"inLanguage\":\"fr-FR\",\"potentialAction\":[{\"@type\":\"ReadAction\",\"target\":[\"https:\\\/\\\/algavenice.com\\\/fr\\\/produit\\\/spiruline-bio-250-g-en-flocons\\\/\"]}]},{\"@type\":\"ImageObject\",\"inLanguage\":\"fr-FR\",\"@id\":\"https:\\\/\\\/algavenice.com\\\/fr\\\/produit\\\/spiruline-bio-250-g-en-flocons\\\/#primaryimage\",\"url\":\"https:\\\/\\\/algavenice.com\\\/wp-content\\\/uploads\\\/2021\\\/07\\\/spirulina_in_scaglie_confezione_250gr.jpg\",\"contentUrl\":\"https:\\\/\\\/algavenice.com\\\/wp-content\\\/uploads\\\/2021\\\/07\\\/spirulina_in_scaglie_confezione_250gr.jpg\",\"width\":800,\"height\":800,\"caption\":\"spirulina bio pura 100% in scaglie confezione 250gr\"},{\"@type\":\"BreadcrumbList\",\"@id\":\"https:\\\/\\\/algavenice.com\\\/fr\\\/produit\\\/spiruline-bio-250-g-en-flocons\\\/#breadcrumb\",\"itemListElement\":[{\"@type\":\"ListItem\",\"position\":1,\"name\":\"Home\",\"item\":\"https:\\\/\\\/algavenice.com\\\/fr\\\/\"},{\"@type\":\"ListItem\",\"position\":2,\"name\":\"Boutique bio\",\"item\":\"https:\\\/\\\/algavenice.com\\\/negozio-bio\\\/\"},{\"@type\":\"ListItem\",\"position\":3,\"name\":\"Spiruline bio 250 g paillettes\"}]},{\"@type\":\"WebSite\",\"@id\":\"https:\\\/\\\/algavenice.com\\\/fr\\\/#website\",\"url\":\"https:\\\/\\\/algavenice.com\\\/fr\\\/\",\"name\":\"AlgaVenice - Spirulina 100% pura, italiana e biologica\",\"description\":\"Vendita Spirulina di Alta Qualit\u00e0 Online\",\"publisher\":{\"@id\":\"https:\\\/\\\/algavenice.com\\\/fr\\\/#organization\"},\"alternateName\":\"Vendita online Spirulina di alta qualit\u00e0\",\"potentialAction\":[{\"@type\":\"SearchAction\",\"target\":{\"@type\":\"EntryPoint\",\"urlTemplate\":\"https:\\\/\\\/algavenice.com\\\/fr\\\/?s={search_term_string}\"},\"query-input\":{\"@type\":\"PropertyValueSpecification\",\"valueRequired\":true,\"valueName\":\"search_term_string\"}}],\"inLanguage\":\"fr-FR\"},{\"@type\":\"Organization\",\"@id\":\"https:\\\/\\\/algavenice.com\\\/fr\\\/#organization\",\"name\":\"Societ\u00e0 Agricola Serenissima S.r.l.\",\"alternateName\":\"AlgaVenice\",\"url\":\"https:\\\/\\\/algavenice.com\\\/fr\\\/\",\"logo\":{\"@type\":\"ImageObject\",\"inLanguage\":\"fr-FR\",\"@id\":\"https:\\\/\\\/algavenice.com\\\/fr\\\/#\\\/schema\\\/logo\\\/image\\\/\",\"url\":\"https:\\\/\\\/algavenice.com\\\/wp-content\\\/uploads\\\/2023\\\/03\\\/algavenice_logo_dati_strutturati.jpg\",\"contentUrl\":\"https:\\\/\\\/algavenice.com\\\/wp-content\\\/uploads\\\/2023\\\/03\\\/algavenice_logo_dati_strutturati.jpg\",\"width\":696,\"height\":696,\"caption\":\"Societ\u00e0 Agricola Serenissima S.r.l.\"},\"image\":{\"@id\":\"https:\\\/\\\/algavenice.com\\\/fr\\\/#\\\/schema\\\/logo\\\/image\\\/\"},\"sameAs\":[\"https:\\\/\\\/www.facebook.com\\\/algavenice.it\",\"https:\\\/\\\/www.instagram.com\\\/algavenice_spirulina\\\/\",\"https:\\\/\\\/www.youtube.com\\\/channel\\\/UCcgMDdoknspeIM22pqn7Qiw\"]}]}<\/script>\n<!-- \/ Yoast SEO plugin. -->","yoast_head_json":{"title":"Spiruline bio 250 g paillettes In Vendita Online | AlgaVenice","description":"Spiruline cultiv\u00e9e en Italie dans un environnement prot\u00e9g\u00e9, sans m\u00e9taux lourds ni insectes. 250 g de spiruline en flocons.","robots":{"index":"index","follow":"follow","max-snippet":"max-snippet:-1","max-image-preview":"max-image-preview:large","max-video-preview":"max-video-preview:-1"},"canonical":"https:\/\/algavenice.com\/fr\/produit\/spiruline-bio-250-g-en-flocons\/","og_locale":"fr_FR","og_type":"article","og_title":"Spiruline bio 250 g paillettes In Vendita Online | AlgaVenice","og_description":"Spiruline cultiv\u00e9e en Italie dans un environnement prot\u00e9g\u00e9, sans m\u00e9taux lourds ni insectes. 250 g de spiruline en flocons.","og_url":"https:\/\/algavenice.com\/fr\/produit\/spiruline-bio-250-g-en-flocons\/","og_site_name":"AlgaVenice","article_publisher":"https:\/\/www.facebook.com\/algavenice.it","article_modified_time":"2023-03-19T15:41:55+00:00","og_image":[{"width":800,"height":800,"url":"https:\/\/algavenice.com\/wp-content\/uploads\/2021\/07\/spirulina_in_scaglie_confezione_250gr.jpg","type":"image\/jpeg"}],"twitter_card":"summary_large_image","twitter_misc":{"Dur\u00e9e de lecture estim\u00e9e":"2 minutes"},"schema":{"@context":"https:\/\/schema.org","@graph":[{"@type":"WebPage","@id":"https:\/\/algavenice.com\/fr\/produit\/spiruline-bio-250-g-en-flocons\/","url":"https:\/\/algavenice.com\/fr\/produit\/spiruline-bio-250-g-en-flocons\/","name":"Spiruline bio 250 g paillettes In Vendita Online | AlgaVenice","isPartOf":{"@id":"https:\/\/algavenice.com\/fr\/#website"},"primaryImageOfPage":{"@id":"https:\/\/algavenice.com\/fr\/produit\/spiruline-bio-250-g-en-flocons\/#primaryimage"},"image":{"@id":"https:\/\/algavenice.com\/fr\/produit\/spiruline-bio-250-g-en-flocons\/#primaryimage"},"thumbnailUrl":"https:\/\/algavenice.com\/wp-content\/uploads\/2021\/07\/spirulina_in_scaglie_confezione_250gr.jpg","datePublished":"2021-07-15T11:54:14+00:00","dateModified":"2023-03-19T15:41:55+00:00","description":"Spiruline cultiv\u00e9e en Italie dans un environnement prot\u00e9g\u00e9, sans m\u00e9taux lourds ni insectes. 250 g de spiruline en flocons.","breadcrumb":{"@id":"https:\/\/algavenice.com\/fr\/produit\/spiruline-bio-250-g-en-flocons\/#breadcrumb"},"inLanguage":"fr-FR","potentialAction":[{"@type":"ReadAction","target":["https:\/\/algavenice.com\/fr\/produit\/spiruline-bio-250-g-en-flocons\/"]}]},{"@type":"ImageObject","inLanguage":"fr-FR","@id":"https:\/\/algavenice.com\/fr\/produit\/spiruline-bio-250-g-en-flocons\/#primaryimage","url":"https:\/\/algavenice.com\/wp-content\/uploads\/2021\/07\/spirulina_in_scaglie_confezione_250gr.jpg","contentUrl":"https:\/\/algavenice.com\/wp-content\/uploads\/2021\/07\/spirulina_in_scaglie_confezione_250gr.jpg","width":800,"height":800,"caption":"spirulina bio pura 100% in scaglie confezione 250gr"},{"@type":"BreadcrumbList","@id":"https:\/\/algavenice.com\/fr\/produit\/spiruline-bio-250-g-en-flocons\/#breadcrumb","itemListElement":[{"@type":"ListItem","position":1,"name":"Home","item":"https:\/\/algavenice.com\/fr\/"},{"@type":"ListItem","position":2,"name":"Boutique bio","item":"https:\/\/algavenice.com\/negozio-bio\/"},{"@type":"ListItem","position":3,"name":"Spiruline bio 250 g paillettes"}]},{"@type":"WebSite","@id":"https:\/\/algavenice.com\/fr\/#website","url":"https:\/\/algavenice.com\/fr\/","name":"AlgaVenice - Spirulina 100% pura, italiana e biologica","description":"Vendita Spirulina di Alta Qualit\u00e0 Online","publisher":{"@id":"https:\/\/algavenice.com\/fr\/#organization"},"alternateName":"Vendita online Spirulina di alta qualit\u00e0","potentialAction":[{"@type":"SearchAction","target":{"@type":"EntryPoint","urlTemplate":"https:\/\/algavenice.com\/fr\/?s={search_term_string}"},"query-input":{"@type":"PropertyValueSpecification","valueRequired":true,"valueName":"search_term_string"}}],"inLanguage":"fr-FR"},{"@type":"Organization","@id":"https:\/\/algavenice.com\/fr\/#organization","name":"Societ\u00e0 Agricola Serenissima S.r.l.","alternateName":"AlgaVenice","url":"https:\/\/algavenice.com\/fr\/","logo":{"@type":"ImageObject","inLanguage":"fr-FR","@id":"https:\/\/algavenice.com\/fr\/#\/schema\/logo\/image\/","url":"https:\/\/algavenice.com\/wp-content\/uploads\/2023\/03\/algavenice_logo_dati_strutturati.jpg","contentUrl":"https:\/\/algavenice.com\/wp-content\/uploads\/2023\/03\/algavenice_logo_dati_strutturati.jpg","width":696,"height":696,"caption":"Societ\u00e0 Agricola Serenissima S.r.l."},"image":{"@id":"https:\/\/algavenice.com\/fr\/#\/schema\/logo\/image\/"},"sameAs":["https:\/\/www.facebook.com\/algavenice.it","https:\/\/www.instagram.com\/algavenice_spirulina\/","https:\/\/www.youtube.com\/channel\/UCcgMDdoknspeIM22pqn7Qiw"]}]}},"_links":{"self":[{"href":"https:\/\/algavenice.com\/fr\/wp-json\/wp\/v2\/product\/11945","targetHints":{"allow":["GET"]}}],"collection":[{"href":"https:\/\/algavenice.com\/fr\/wp-json\/wp\/v2\/product"}],"about":[{"href":"https:\/\/algavenice.com\/fr\/wp-json\/wp\/v2\/types\/product"}],"replies":[{"embeddable":true,"href":"https:\/\/algavenice.com\/fr\/wp-json\/wp\/v2\/comments?post=11945"}],"wp:featuredmedia":[{"embeddable":true,"href":"https:\/\/algavenice.com\/fr\/wp-json\/wp\/v2\/media\/10982"}],"wp:attachment":[{"href":"https:\/\/algavenice.com\/fr\/wp-json\/wp\/v2\/media?parent=11945"}],"wp:term":[{"taxonomy":"product_cat","embeddable":true,"href":"https:\/\/algavenice.com\/fr\/wp-json\/wp\/v2\/product_cat?post=11945"},{"taxonomy":"product_tag","embeddable":true,"href":"https:\/\/algavenice.com\/fr\/wp-json\/wp\/v2\/product_tag?post=11945"}],"curies":[{"name":"wp","href":"https:\/\/api.w.org\/{rel}","templated":true}]}}