{"id":11951,"date":"2021-07-15T14:01:45","date_gmt":"2021-07-15T12:01:45","guid":{"rendered":"https:\/\/algavenice.com\/prodotto\/spiruline-bio-500-g-paillettes\/"},"modified":"2023-03-19T16:45:23","modified_gmt":"2023-03-19T15:45:23","slug":"spiruline-bio-500-g-en-flocons","status":"publish","type":"product","link":"https:\/\/algavenice.com\/fr\/produit\/spiruline-bio-500-g-en-flocons\/","title":{"rendered":"Spiruline bio 500 g paillettes"},"content":{"rendered":"<p>Les <strong>flocons de spiruline<\/strong> peuvent \u00eatre pris avec un verre d&rsquo;eau, des jus, des extraits, etc. Elles sont tr\u00e8s souvent ajout\u00e9es aux salades compos\u00e9es, mais peuvent \u00e9galement \u00eatre utilis\u00e9es pour assaisonner les plats de poisson ou de viande. Polyvalent en tant qu&rsquo;ingr\u00e9dient final pour divers plats \u00e0 volont\u00e9.<\/p>\n<p>On le retrouve souvent comme protagoniste dans les recettes v\u00e9g\u00e9taliennes et v\u00e9g\u00e9tariennes, car 60 \u00e0 70 % de sa composition sont des prot\u00e9ines v\u00e9g\u00e9tales \u00ab\u00a0nobles\u00a0\u00bb.<\/p>\n<p>La dose journali\u00e8re recommand\u00e9e est de 1g\/2g (maximum 3g par jour) en fonction de vos besoins physiques. L&rsquo;algue spiruline ne pr\u00e9sente pas de contre-indications particuli\u00e8res. Nous vous recommandons de consulter votre m\u00e9decin si vous avez des probl\u00e8mes de thyro\u00efde et si vous souffrez de maladies auto-immunes.<\/p>\n<p>Conserver dans un endroit frais et sec, \u00e0 temp\u00e9rature ambiante, \u00e0 l&rsquo;abri des sources de chaleur et de lumi\u00e8re.<\/p>\n<h2>Pourquoi choisir les flocons de spiruline<\/h2>\n<p>L&rsquo;algue Spirulina en paillettes est un soutien pr\u00e9cieux pour l&rsquo;organisme, notamment parce qu&rsquo;elle est rapidement assimil\u00e9e et qu&rsquo;elle fournit imm\u00e9diatement de l&rsquo;\u00e9nergie. Les flocons de spiruline ne contiennent pas d&rsquo;excipients, d&rsquo;\u00e9paississants, d&rsquo;OGM ou de colorants. Il est non pasteuris\u00e9 et 100% pur. C&rsquo;est un excellent compl\u00e9ment naturel pour votre corps.<\/p>\n<p>Le format flocons de spiruline contient l&rsquo;algue s\u00e9ch\u00e9e et non transform\u00e9e. Les flocons sont transform\u00e9s en poudre par broyage m\u00e9canique. Ensuite, pour cr\u00e9er des comprim\u00e9s de spiruline, la poudre subit une nouvelle \u00e9tape : la compression. Le format en flocons est donc notre premier format de produit fini, le plus authentique.<\/p>\n<p>Les prot\u00e9ines contenues dans la spiruline exercent une fonction \u00e9nergisante et revigorante. Les acides gras ont une fonction anti-inflammatoire et immunitaire. Alors que les vitamines et le b\u00eata-carot\u00e8ne ont des propri\u00e9t\u00e9s d\u00e9toxifiantes et antioxydantes. Ensuite, nous avons la chlorophylle, qui est utile pour une action purifiante. Lequel de ces biens vous int\u00e9resse le plus ?<\/p>\n<p>Prenez de la spiruline de fa\u00e7on r\u00e9guli\u00e8re, tous les jours, pendant une p\u00e9riode plus ou moins longue, et <a href=\"https:\/\/algavenice.com\/fr\/nous-contacter\/\">faites-nous savoir<\/a> si elle a fait effet !<\/p>\n<p>&nbsp;<\/p>\n","protected":false},"excerpt":{"rendered":"<p>Les <strong>paillettes de spiruline <\/strong>sont rapidement assimil\u00e9es par l&rsquo;organisme. Il ne contient pas d&rsquo;excipients ni d&rsquo;\u00e9paississants ajout\u00e9s, il est pur \u00e0 100 % et non pasteuris\u00e9.<\/p>\n<p>Bo\u00eete blanche avec couvercle press\u00e9 contenant 500g de paillettes de spiruline Arthrospira Platensis.<\/p>\n<p>Dose journali\u00e8re 1g\/2g (maximum 3g par jour) en fonction des besoins physiques.<\/p>\n","protected":false},"featured_media":10987,"comment_status":"closed","ping_status":"closed","template":"","meta":{"_acf_changed":false},"product_cat":[417],"product_tag":[],"class_list":{"0":"post-11951","1":"product","2":"type-product","3":"status-publish","4":"has-post-thumbnail","6":"product_brand-algavenice-by-agricola-serenissima-s-r-l-fr","7":"product_cat-spiruline-en-bocaux","9":"first","10":"instock","11":"taxable","12":"shipping-taxable","13":"purchasable","14":"product-type-simple"},"acf":[],"yoast_head":"<!-- This site is optimized with the Yoast SEO plugin v27.3 - https:\/\/yoast.com\/product\/yoast-seo-wordpress\/ -->\n<title>Spiruline bio 500 g paillettes In Vendita Online | AlgaVenice<\/title>\n<meta name=\"description\" content=\"La spiruline en paillettes est le format dans lequel le produit n&#039;est pas transform\u00e9. La plus pure qui soit. C&#039;est pourquoi vous devriez le pr\u00e9f\u00e9rer !\" \/>\n<meta name=\"robots\" content=\"index, follow, max-snippet:-1, max-image-preview:large, max-video-preview:-1\" \/>\n<link rel=\"canonical\" href=\"https:\/\/algavenice.com\/fr\/produit\/spiruline-bio-500-g-en-flocons\/\" \/>\n<meta property=\"og:locale\" content=\"fr_FR\" \/>\n<meta property=\"og:type\" content=\"article\" \/>\n<meta property=\"og:title\" content=\"Spiruline bio 500 g paillettes In Vendita Online | AlgaVenice\" \/>\n<meta property=\"og:description\" content=\"La spiruline en paillettes est le format dans lequel le produit n&#039;est pas transform\u00e9. La plus pure qui soit. C&#039;est pourquoi vous devriez le pr\u00e9f\u00e9rer !\" \/>\n<meta property=\"og:url\" content=\"https:\/\/algavenice.com\/fr\/produit\/spiruline-bio-500-g-en-flocons\/\" \/>\n<meta property=\"og:site_name\" content=\"AlgaVenice\" \/>\n<meta property=\"article:publisher\" content=\"https:\/\/www.facebook.com\/algavenice.it\" \/>\n<meta property=\"article:modified_time\" content=\"2023-03-19T15:45:23+00:00\" \/>\n<meta property=\"og:image\" content=\"https:\/\/algavenice.com\/wp-content\/uploads\/2021\/07\/spirulina_in_scaglie_confezione_500gr.jpg\" \/>\n\t<meta property=\"og:image:width\" content=\"800\" \/>\n\t<meta property=\"og:image:height\" content=\"800\" \/>\n\t<meta property=\"og:image:type\" content=\"image\/jpeg\" \/>\n<meta name=\"twitter:card\" content=\"summary_large_image\" \/>\n<meta name=\"twitter:label1\" content=\"Dur\u00e9e de lecture estim\u00e9e\" \/>\n\t<meta name=\"twitter:data1\" content=\"2 minutes\" \/>\n<script type=\"application\/ld+json\" class=\"yoast-schema-graph\">{\"@context\":\"https:\\\/\\\/schema.org\",\"@graph\":[{\"@type\":\"WebPage\",\"@id\":\"https:\\\/\\\/algavenice.com\\\/fr\\\/produit\\\/spiruline-bio-500-g-en-flocons\\\/\",\"url\":\"https:\\\/\\\/algavenice.com\\\/fr\\\/produit\\\/spiruline-bio-500-g-en-flocons\\\/\",\"name\":\"Spiruline bio 500 g paillettes In Vendita Online | AlgaVenice\",\"isPartOf\":{\"@id\":\"https:\\\/\\\/algavenice.com\\\/fr\\\/#website\"},\"primaryImageOfPage\":{\"@id\":\"https:\\\/\\\/algavenice.com\\\/fr\\\/produit\\\/spiruline-bio-500-g-en-flocons\\\/#primaryimage\"},\"image\":{\"@id\":\"https:\\\/\\\/algavenice.com\\\/fr\\\/produit\\\/spiruline-bio-500-g-en-flocons\\\/#primaryimage\"},\"thumbnailUrl\":\"https:\\\/\\\/algavenice.com\\\/wp-content\\\/uploads\\\/2021\\\/07\\\/spirulina_in_scaglie_confezione_500gr.jpg\",\"datePublished\":\"2021-07-15T12:01:45+00:00\",\"dateModified\":\"2023-03-19T15:45:23+00:00\",\"description\":\"La spiruline en paillettes est le format dans lequel le produit n'est pas transform\u00e9. La plus pure qui soit. C'est pourquoi vous devriez le pr\u00e9f\u00e9rer !\",\"breadcrumb\":{\"@id\":\"https:\\\/\\\/algavenice.com\\\/fr\\\/produit\\\/spiruline-bio-500-g-en-flocons\\\/#breadcrumb\"},\"inLanguage\":\"fr-FR\",\"potentialAction\":[{\"@type\":\"ReadAction\",\"target\":[\"https:\\\/\\\/algavenice.com\\\/fr\\\/produit\\\/spiruline-bio-500-g-en-flocons\\\/\"]}]},{\"@type\":\"ImageObject\",\"inLanguage\":\"fr-FR\",\"@id\":\"https:\\\/\\\/algavenice.com\\\/fr\\\/produit\\\/spiruline-bio-500-g-en-flocons\\\/#primaryimage\",\"url\":\"https:\\\/\\\/algavenice.com\\\/wp-content\\\/uploads\\\/2021\\\/07\\\/spirulina_in_scaglie_confezione_500gr.jpg\",\"contentUrl\":\"https:\\\/\\\/algavenice.com\\\/wp-content\\\/uploads\\\/2021\\\/07\\\/spirulina_in_scaglie_confezione_500gr.jpg\",\"width\":800,\"height\":800,\"caption\":\"spirulina in scaglie confezione da 500gr\"},{\"@type\":\"BreadcrumbList\",\"@id\":\"https:\\\/\\\/algavenice.com\\\/fr\\\/produit\\\/spiruline-bio-500-g-en-flocons\\\/#breadcrumb\",\"itemListElement\":[{\"@type\":\"ListItem\",\"position\":1,\"name\":\"Home\",\"item\":\"https:\\\/\\\/algavenice.com\\\/fr\\\/\"},{\"@type\":\"ListItem\",\"position\":2,\"name\":\"Boutique bio\",\"item\":\"https:\\\/\\\/algavenice.com\\\/negozio-bio\\\/\"},{\"@type\":\"ListItem\",\"position\":3,\"name\":\"Spiruline bio 500 g paillettes\"}]},{\"@type\":\"WebSite\",\"@id\":\"https:\\\/\\\/algavenice.com\\\/fr\\\/#website\",\"url\":\"https:\\\/\\\/algavenice.com\\\/fr\\\/\",\"name\":\"AlgaVenice - Spirulina 100% pura, italiana e biologica\",\"description\":\"Vendita Spirulina di Alta Qualit\u00e0 Online\",\"publisher\":{\"@id\":\"https:\\\/\\\/algavenice.com\\\/fr\\\/#organization\"},\"alternateName\":\"Vendita online Spirulina di alta qualit\u00e0\",\"potentialAction\":[{\"@type\":\"SearchAction\",\"target\":{\"@type\":\"EntryPoint\",\"urlTemplate\":\"https:\\\/\\\/algavenice.com\\\/fr\\\/?s={search_term_string}\"},\"query-input\":{\"@type\":\"PropertyValueSpecification\",\"valueRequired\":true,\"valueName\":\"search_term_string\"}}],\"inLanguage\":\"fr-FR\"},{\"@type\":\"Organization\",\"@id\":\"https:\\\/\\\/algavenice.com\\\/fr\\\/#organization\",\"name\":\"Societ\u00e0 Agricola Serenissima S.r.l.\",\"alternateName\":\"AlgaVenice\",\"url\":\"https:\\\/\\\/algavenice.com\\\/fr\\\/\",\"logo\":{\"@type\":\"ImageObject\",\"inLanguage\":\"fr-FR\",\"@id\":\"https:\\\/\\\/algavenice.com\\\/fr\\\/#\\\/schema\\\/logo\\\/image\\\/\",\"url\":\"https:\\\/\\\/algavenice.com\\\/wp-content\\\/uploads\\\/2023\\\/03\\\/algavenice_logo_dati_strutturati.jpg\",\"contentUrl\":\"https:\\\/\\\/algavenice.com\\\/wp-content\\\/uploads\\\/2023\\\/03\\\/algavenice_logo_dati_strutturati.jpg\",\"width\":696,\"height\":696,\"caption\":\"Societ\u00e0 Agricola Serenissima S.r.l.\"},\"image\":{\"@id\":\"https:\\\/\\\/algavenice.com\\\/fr\\\/#\\\/schema\\\/logo\\\/image\\\/\"},\"sameAs\":[\"https:\\\/\\\/www.facebook.com\\\/algavenice.it\",\"https:\\\/\\\/www.instagram.com\\\/algavenice_spirulina\\\/\",\"https:\\\/\\\/www.youtube.com\\\/channel\\\/UCcgMDdoknspeIM22pqn7Qiw\"]}]}<\/script>\n<!-- \/ Yoast SEO plugin. -->","yoast_head_json":{"title":"Spiruline bio 500 g paillettes In Vendita Online | AlgaVenice","description":"La spiruline en paillettes est le format dans lequel le produit n'est pas transform\u00e9. La plus pure qui soit. C'est pourquoi vous devriez le pr\u00e9f\u00e9rer !","robots":{"index":"index","follow":"follow","max-snippet":"max-snippet:-1","max-image-preview":"max-image-preview:large","max-video-preview":"max-video-preview:-1"},"canonical":"https:\/\/algavenice.com\/fr\/produit\/spiruline-bio-500-g-en-flocons\/","og_locale":"fr_FR","og_type":"article","og_title":"Spiruline bio 500 g paillettes In Vendita Online | AlgaVenice","og_description":"La spiruline en paillettes est le format dans lequel le produit n'est pas transform\u00e9. La plus pure qui soit. C'est pourquoi vous devriez le pr\u00e9f\u00e9rer !","og_url":"https:\/\/algavenice.com\/fr\/produit\/spiruline-bio-500-g-en-flocons\/","og_site_name":"AlgaVenice","article_publisher":"https:\/\/www.facebook.com\/algavenice.it","article_modified_time":"2023-03-19T15:45:23+00:00","og_image":[{"width":800,"height":800,"url":"https:\/\/algavenice.com\/wp-content\/uploads\/2021\/07\/spirulina_in_scaglie_confezione_500gr.jpg","type":"image\/jpeg"}],"twitter_card":"summary_large_image","twitter_misc":{"Dur\u00e9e de lecture estim\u00e9e":"2 minutes"},"schema":{"@context":"https:\/\/schema.org","@graph":[{"@type":"WebPage","@id":"https:\/\/algavenice.com\/fr\/produit\/spiruline-bio-500-g-en-flocons\/","url":"https:\/\/algavenice.com\/fr\/produit\/spiruline-bio-500-g-en-flocons\/","name":"Spiruline bio 500 g paillettes In Vendita Online | AlgaVenice","isPartOf":{"@id":"https:\/\/algavenice.com\/fr\/#website"},"primaryImageOfPage":{"@id":"https:\/\/algavenice.com\/fr\/produit\/spiruline-bio-500-g-en-flocons\/#primaryimage"},"image":{"@id":"https:\/\/algavenice.com\/fr\/produit\/spiruline-bio-500-g-en-flocons\/#primaryimage"},"thumbnailUrl":"https:\/\/algavenice.com\/wp-content\/uploads\/2021\/07\/spirulina_in_scaglie_confezione_500gr.jpg","datePublished":"2021-07-15T12:01:45+00:00","dateModified":"2023-03-19T15:45:23+00:00","description":"La spiruline en paillettes est le format dans lequel le produit n'est pas transform\u00e9. La plus pure qui soit. C'est pourquoi vous devriez le pr\u00e9f\u00e9rer !","breadcrumb":{"@id":"https:\/\/algavenice.com\/fr\/produit\/spiruline-bio-500-g-en-flocons\/#breadcrumb"},"inLanguage":"fr-FR","potentialAction":[{"@type":"ReadAction","target":["https:\/\/algavenice.com\/fr\/produit\/spiruline-bio-500-g-en-flocons\/"]}]},{"@type":"ImageObject","inLanguage":"fr-FR","@id":"https:\/\/algavenice.com\/fr\/produit\/spiruline-bio-500-g-en-flocons\/#primaryimage","url":"https:\/\/algavenice.com\/wp-content\/uploads\/2021\/07\/spirulina_in_scaglie_confezione_500gr.jpg","contentUrl":"https:\/\/algavenice.com\/wp-content\/uploads\/2021\/07\/spirulina_in_scaglie_confezione_500gr.jpg","width":800,"height":800,"caption":"spirulina in scaglie confezione da 500gr"},{"@type":"BreadcrumbList","@id":"https:\/\/algavenice.com\/fr\/produit\/spiruline-bio-500-g-en-flocons\/#breadcrumb","itemListElement":[{"@type":"ListItem","position":1,"name":"Home","item":"https:\/\/algavenice.com\/fr\/"},{"@type":"ListItem","position":2,"name":"Boutique bio","item":"https:\/\/algavenice.com\/negozio-bio\/"},{"@type":"ListItem","position":3,"name":"Spiruline bio 500 g paillettes"}]},{"@type":"WebSite","@id":"https:\/\/algavenice.com\/fr\/#website","url":"https:\/\/algavenice.com\/fr\/","name":"AlgaVenice - Spirulina 100% pura, italiana e biologica","description":"Vendita Spirulina di Alta Qualit\u00e0 Online","publisher":{"@id":"https:\/\/algavenice.com\/fr\/#organization"},"alternateName":"Vendita online Spirulina di alta qualit\u00e0","potentialAction":[{"@type":"SearchAction","target":{"@type":"EntryPoint","urlTemplate":"https:\/\/algavenice.com\/fr\/?s={search_term_string}"},"query-input":{"@type":"PropertyValueSpecification","valueRequired":true,"valueName":"search_term_string"}}],"inLanguage":"fr-FR"},{"@type":"Organization","@id":"https:\/\/algavenice.com\/fr\/#organization","name":"Societ\u00e0 Agricola Serenissima S.r.l.","alternateName":"AlgaVenice","url":"https:\/\/algavenice.com\/fr\/","logo":{"@type":"ImageObject","inLanguage":"fr-FR","@id":"https:\/\/algavenice.com\/fr\/#\/schema\/logo\/image\/","url":"https:\/\/algavenice.com\/wp-content\/uploads\/2023\/03\/algavenice_logo_dati_strutturati.jpg","contentUrl":"https:\/\/algavenice.com\/wp-content\/uploads\/2023\/03\/algavenice_logo_dati_strutturati.jpg","width":696,"height":696,"caption":"Societ\u00e0 Agricola Serenissima S.r.l."},"image":{"@id":"https:\/\/algavenice.com\/fr\/#\/schema\/logo\/image\/"},"sameAs":["https:\/\/www.facebook.com\/algavenice.it","https:\/\/www.instagram.com\/algavenice_spirulina\/","https:\/\/www.youtube.com\/channel\/UCcgMDdoknspeIM22pqn7Qiw"]}]}},"_links":{"self":[{"href":"https:\/\/algavenice.com\/fr\/wp-json\/wp\/v2\/product\/11951","targetHints":{"allow":["GET"]}}],"collection":[{"href":"https:\/\/algavenice.com\/fr\/wp-json\/wp\/v2\/product"}],"about":[{"href":"https:\/\/algavenice.com\/fr\/wp-json\/wp\/v2\/types\/product"}],"replies":[{"embeddable":true,"href":"https:\/\/algavenice.com\/fr\/wp-json\/wp\/v2\/comments?post=11951"}],"wp:featuredmedia":[{"embeddable":true,"href":"https:\/\/algavenice.com\/fr\/wp-json\/wp\/v2\/media\/10987"}],"wp:attachment":[{"href":"https:\/\/algavenice.com\/fr\/wp-json\/wp\/v2\/media?parent=11951"}],"wp:term":[{"taxonomy":"product_cat","embeddable":true,"href":"https:\/\/algavenice.com\/fr\/wp-json\/wp\/v2\/product_cat?post=11951"},{"taxonomy":"product_tag","embeddable":true,"href":"https:\/\/algavenice.com\/fr\/wp-json\/wp\/v2\/product_tag?post=11951"}],"curies":[{"name":"wp","href":"https:\/\/api.w.org\/{rel}","templated":true}]}}