{"id":11954,"date":"2021-07-15T14:11:20","date_gmt":"2023-03-19T15:46:12","guid":{"rendered":"https:\/\/algavenice.com\/prodotto\/spiruline-en-poudre-250-g\/"},"modified":"2023-03-19T16:46:12","modified_gmt":"2023-03-19T15:46:12","slug":"spiruline-en-poudre-250gr","status":"publish","type":"product","link":"https:\/\/algavenice.com\/fr\/produit\/spiruline-en-poudre-250gr\/","title":{"rendered":"Spiruline en poudre 250 g"},"content":{"rendered":"<h2>Algue spirulineVenise<\/h2>\n<p>La <strong>poudre de spiruline d&rsquo;<\/strong> AlgaVenice est un compl\u00e9ment alimentaire efficace et naturel. Il apporte un soutien pr\u00e9cieux \u00e0 l&rsquo;organisme aussi bien les jours d&rsquo;activit\u00e9 normale que lors d&rsquo;activit\u00e9s psychophysiques intenses. La seule chose que vous devrez moduler est la quantit\u00e9 que vous prenez.<\/p>\n<p>La spiruline d&rsquo;AlgaVenice est rapidement assimilable par l&rsquo;organisme car elle ne contient pas d&rsquo;excipients ou d&rsquo;\u00e9paississants ajout\u00e9s.<\/p>\n<p>La poudre de spiruline peut \u00eatre ajout\u00e9e \u00e0 des boissons ou \u00e0 des plats, comme ingr\u00e9dient dans diverses recettes, dans des m\u00e9langes alimentaires, dans des glaces, des yaourts, etc.<\/p>\n<p>Mode d&#8217;emploi : Une demi-cuill\u00e8re \u00e0 caf\u00e9 est recommand\u00e9e.<br \/>\nDose journali\u00e8re 1g\/2g (maximum 3g par jour) en fonction des besoins physiques. Il est pr\u00e9f\u00e9rable de le prendre en premi\u00e8re partie de journ\u00e9e pour profiter au mieux de ses propri\u00e9t\u00e9s nutritionnelles.<\/p>\n<h2>Avantages de la poudre de spiruline<\/h2>\n<p>La spiruline d&rsquo;AlgaVenice est la seule \u00e0 \u00eatre pure \u00e0 100 %. Nous avons atteint le plus haut degr\u00e9 de puret\u00e9 gr\u00e2ce \u00e0 une installation de pointe qui permet de cultiver les algues dans des photobior\u00e9acteurs ferm\u00e9s. De plus, le s\u00e9chage se fait lentement et de mani\u00e8re tout \u00e0 fait naturelle. Aucun excipient n&rsquo;est ajout\u00e9 pour vous offrir un produit authentique exempt d&rsquo;autres substances.<\/p>\n<p>Un autre aspect \u00e0 prendre en compte lorsque vous d\u00e9cidez de commencer \u00e0 utiliser notre spiruline est le tableau nutritionnel. Les algues contiennent 60 \u00e0 70 % de prot\u00e9ines v\u00e9g\u00e9tales \u00ab\u00a0nobles\u00a0\u00bb. Qu&rsquo;est-ce que c&rsquo;est ? Les prot\u00e9ines v\u00e9g\u00e9tales nobles sont des prot\u00e9ines qui contiennent les 11 acides amin\u00e9s essentiels que nous devons fournir \u00e0 notre corps par le biais de l&rsquo;alimentation. Un autre aspect int\u00e9ressant est que ces prot\u00e9ines sont pr\u00e9dig\u00e9r\u00e9es par l&rsquo;algue, donc imm\u00e9diatement assimilables par notre organisme.<\/p>\n<p>Les algues contiennent \u00e9galement des min\u00e9raux tels que le magn\u00e9sium, le mangan\u00e8se, le potassium, le zinc, le phosphore, le fer et le calcium. On retrouve \u00e9galement de nombreuses vitamines dans sa composition, notamment celles des groupes A, B, K, E et le b\u00eata-carot\u00e8ne. D&rsquo;autres \u00e9l\u00e9ments tels que les carot\u00e9no\u00efdes, la phycocyanine, les st\u00e9rols et les acides gras essentiels (AGL, om\u00e9ga 6) sont \u00e9galement pr\u00e9sents.<\/p>\n<p>Si vous avez besoin d&rsquo;autres informations sur les valeurs nutritionnelles de la spiruline en poudre, n <a href=\"https:\/\/algavenice.com\/fr\/nous-contacter\/\">&lsquo;h\u00e9sitez pas \u00e0 nous contacter<\/a>!<\/p>\n","protected":false},"excerpt":{"rendered":"<p>La <strong>poudre de<\/strong> <strong>spiruline d&rsquo;<\/strong> AlgaVenice est un compl\u00e9ment naturel 100% pur et un soutien pr\u00e9cieux pour votre corps.<\/p>\n<p>Bo\u00eete blanche avec couvercle press\u00e9 contenant 250g de poudre de spiruline <em>Arthrospira Platensis<\/em>.<\/p>\n<p>Il peut \u00eatre ajout\u00e9 \u00e0 des boissons ou \u00e0 des plats, comme ingr\u00e9dient dans diverses recettes, dans des m\u00e9langes alimentaires, dans des glaces, des yaourts, etc.<\/p>\n","protected":false},"featured_media":10992,"comment_status":"closed","ping_status":"closed","template":"","meta":{"_acf_changed":false},"product_cat":[417,418,415],"product_tag":[],"class_list":{"0":"post-11954","1":"product","2":"type-product","3":"status-publish","4":"has-post-thumbnail","6":"product_brand-algavenice-by-agricola-serenissima-s-r-l-fr","7":"product_cat-spiruline-en-bocaux","8":"product_cat-spiruline-recommandee-pour-vous","9":"product_cat-spiruline-la-plus-vendue","11":"first","12":"instock","13":"taxable","14":"shipping-taxable","15":"purchasable","16":"product-type-simple"},"acf":[],"yoast_head":"<!-- This site is optimized with the Yoast SEO plugin v27.3 - https:\/\/yoast.com\/product\/yoast-seo-wordpress\/ -->\n<title>Spiruline en poudre 250 g In Vendita Online | AlgaVenice<\/title>\n<meta name=\"description\" content=\"Pourquoi choisir la poudre de spiruline d&#039;AlgaVenice ? C&#039;est simple : c&#039;est la seule spiruline pure sur le march\u00e9 ! Z\u00e9ro additif, 100% spiruline.\" \/>\n<meta name=\"robots\" content=\"index, follow, max-snippet:-1, max-image-preview:large, max-video-preview:-1\" \/>\n<link rel=\"canonical\" href=\"https:\/\/algavenice.com\/fr\/produit\/spiruline-en-poudre-250gr\/\" \/>\n<meta property=\"og:locale\" content=\"fr_FR\" \/>\n<meta property=\"og:type\" content=\"article\" \/>\n<meta property=\"og:title\" content=\"Spiruline en poudre 250 g In Vendita Online | AlgaVenice\" \/>\n<meta property=\"og:description\" content=\"Pourquoi choisir la poudre de spiruline d&#039;AlgaVenice ? C&#039;est simple : c&#039;est la seule spiruline pure sur le march\u00e9 ! Z\u00e9ro additif, 100% spiruline.\" \/>\n<meta property=\"og:url\" content=\"https:\/\/algavenice.com\/fr\/produit\/spiruline-en-poudre-250gr\/\" \/>\n<meta property=\"og:site_name\" content=\"AlgaVenice\" \/>\n<meta property=\"article:publisher\" content=\"https:\/\/www.facebook.com\/algavenice.it\" \/>\n<meta property=\"og:image\" content=\"https:\/\/algavenice.com\/wp-content\/uploads\/2021\/07\/spirulina_di_alta_qualita_bio_in_polvere_250gr.jpg\" \/>\n\t<meta property=\"og:image:width\" content=\"800\" \/>\n\t<meta property=\"og:image:height\" content=\"800\" \/>\n\t<meta property=\"og:image:type\" content=\"image\/jpeg\" \/>\n<meta name=\"twitter:card\" content=\"summary_large_image\" \/>\n<meta name=\"twitter:label1\" content=\"Dur\u00e9e de lecture estim\u00e9e\" \/>\n\t<meta name=\"twitter:data1\" content=\"2 minutes\" \/>\n<script type=\"application\/ld+json\" class=\"yoast-schema-graph\">{\"@context\":\"https:\\\/\\\/schema.org\",\"@graph\":[{\"@type\":\"WebPage\",\"@id\":\"https:\\\/\\\/algavenice.com\\\/fr\\\/produit\\\/spiruline-en-poudre-250gr\\\/\",\"url\":\"https:\\\/\\\/algavenice.com\\\/fr\\\/produit\\\/spiruline-en-poudre-250gr\\\/\",\"name\":\"Spiruline en poudre 250 g In Vendita Online | AlgaVenice\",\"isPartOf\":{\"@id\":\"https:\\\/\\\/algavenice.com\\\/fr\\\/#website\"},\"primaryImageOfPage\":{\"@id\":\"https:\\\/\\\/algavenice.com\\\/fr\\\/produit\\\/spiruline-en-poudre-250gr\\\/#primaryimage\"},\"image\":{\"@id\":\"https:\\\/\\\/algavenice.com\\\/fr\\\/produit\\\/spiruline-en-poudre-250gr\\\/#primaryimage\"},\"thumbnailUrl\":\"https:\\\/\\\/algavenice.com\\\/wp-content\\\/uploads\\\/2021\\\/07\\\/spirulina_di_alta_qualita_bio_in_polvere_250gr.jpg\",\"datePublished\":\"2023-03-19T15:46:12+00:00\",\"description\":\"Pourquoi choisir la poudre de spiruline d'AlgaVenice ? C'est simple : c'est la seule spiruline pure sur le march\u00e9 ! Z\u00e9ro additif, 100% spiruline.\",\"breadcrumb\":{\"@id\":\"https:\\\/\\\/algavenice.com\\\/fr\\\/produit\\\/spiruline-en-poudre-250gr\\\/#breadcrumb\"},\"inLanguage\":\"fr-FR\",\"potentialAction\":[{\"@type\":\"ReadAction\",\"target\":[\"https:\\\/\\\/algavenice.com\\\/fr\\\/produit\\\/spiruline-en-poudre-250gr\\\/\"]}]},{\"@type\":\"ImageObject\",\"inLanguage\":\"fr-FR\",\"@id\":\"https:\\\/\\\/algavenice.com\\\/fr\\\/produit\\\/spiruline-en-poudre-250gr\\\/#primaryimage\",\"url\":\"https:\\\/\\\/algavenice.com\\\/wp-content\\\/uploads\\\/2021\\\/07\\\/spirulina_di_alta_qualita_bio_in_polvere_250gr.jpg\",\"contentUrl\":\"https:\\\/\\\/algavenice.com\\\/wp-content\\\/uploads\\\/2021\\\/07\\\/spirulina_di_alta_qualita_bio_in_polvere_250gr.jpg\",\"width\":800,\"height\":800,\"caption\":\"spirulina di alta qualit\u00e0 bio in polvere 250gr\"},{\"@type\":\"BreadcrumbList\",\"@id\":\"https:\\\/\\\/algavenice.com\\\/fr\\\/produit\\\/spiruline-en-poudre-250gr\\\/#breadcrumb\",\"itemListElement\":[{\"@type\":\"ListItem\",\"position\":1,\"name\":\"Home\",\"item\":\"https:\\\/\\\/algavenice.com\\\/fr\\\/\"},{\"@type\":\"ListItem\",\"position\":2,\"name\":\"Boutique bio\",\"item\":\"https:\\\/\\\/algavenice.com\\\/negozio-bio\\\/\"},{\"@type\":\"ListItem\",\"position\":3,\"name\":\"Spiruline en poudre 250 g\"}]},{\"@type\":\"WebSite\",\"@id\":\"https:\\\/\\\/algavenice.com\\\/fr\\\/#website\",\"url\":\"https:\\\/\\\/algavenice.com\\\/fr\\\/\",\"name\":\"AlgaVenice - Spirulina 100% pura, italiana e biologica\",\"description\":\"Vendita Spirulina di Alta Qualit\u00e0 Online\",\"publisher\":{\"@id\":\"https:\\\/\\\/algavenice.com\\\/fr\\\/#organization\"},\"alternateName\":\"Vendita online Spirulina di alta qualit\u00e0\",\"potentialAction\":[{\"@type\":\"SearchAction\",\"target\":{\"@type\":\"EntryPoint\",\"urlTemplate\":\"https:\\\/\\\/algavenice.com\\\/fr\\\/?s={search_term_string}\"},\"query-input\":{\"@type\":\"PropertyValueSpecification\",\"valueRequired\":true,\"valueName\":\"search_term_string\"}}],\"inLanguage\":\"fr-FR\"},{\"@type\":\"Organization\",\"@id\":\"https:\\\/\\\/algavenice.com\\\/fr\\\/#organization\",\"name\":\"Societ\u00e0 Agricola Serenissima S.r.l.\",\"alternateName\":\"AlgaVenice\",\"url\":\"https:\\\/\\\/algavenice.com\\\/fr\\\/\",\"logo\":{\"@type\":\"ImageObject\",\"inLanguage\":\"fr-FR\",\"@id\":\"https:\\\/\\\/algavenice.com\\\/fr\\\/#\\\/schema\\\/logo\\\/image\\\/\",\"url\":\"https:\\\/\\\/algavenice.com\\\/wp-content\\\/uploads\\\/2023\\\/03\\\/algavenice_logo_dati_strutturati.jpg\",\"contentUrl\":\"https:\\\/\\\/algavenice.com\\\/wp-content\\\/uploads\\\/2023\\\/03\\\/algavenice_logo_dati_strutturati.jpg\",\"width\":696,\"height\":696,\"caption\":\"Societ\u00e0 Agricola Serenissima S.r.l.\"},\"image\":{\"@id\":\"https:\\\/\\\/algavenice.com\\\/fr\\\/#\\\/schema\\\/logo\\\/image\\\/\"},\"sameAs\":[\"https:\\\/\\\/www.facebook.com\\\/algavenice.it\",\"https:\\\/\\\/www.instagram.com\\\/algavenice_spirulina\\\/\",\"https:\\\/\\\/www.youtube.com\\\/channel\\\/UCcgMDdoknspeIM22pqn7Qiw\"]}]}<\/script>\n<!-- \/ Yoast SEO plugin. -->","yoast_head_json":{"title":"Spiruline en poudre 250 g In Vendita Online | AlgaVenice","description":"Pourquoi choisir la poudre de spiruline d'AlgaVenice ? C'est simple : c'est la seule spiruline pure sur le march\u00e9 ! Z\u00e9ro additif, 100% spiruline.","robots":{"index":"index","follow":"follow","max-snippet":"max-snippet:-1","max-image-preview":"max-image-preview:large","max-video-preview":"max-video-preview:-1"},"canonical":"https:\/\/algavenice.com\/fr\/produit\/spiruline-en-poudre-250gr\/","og_locale":"fr_FR","og_type":"article","og_title":"Spiruline en poudre 250 g In Vendita Online | AlgaVenice","og_description":"Pourquoi choisir la poudre de spiruline d'AlgaVenice ? C'est simple : c'est la seule spiruline pure sur le march\u00e9 ! Z\u00e9ro additif, 100% spiruline.","og_url":"https:\/\/algavenice.com\/fr\/produit\/spiruline-en-poudre-250gr\/","og_site_name":"AlgaVenice","article_publisher":"https:\/\/www.facebook.com\/algavenice.it","og_image":[{"width":800,"height":800,"url":"https:\/\/algavenice.com\/wp-content\/uploads\/2021\/07\/spirulina_di_alta_qualita_bio_in_polvere_250gr.jpg","type":"image\/jpeg"}],"twitter_card":"summary_large_image","twitter_misc":{"Dur\u00e9e de lecture estim\u00e9e":"2 minutes"},"schema":{"@context":"https:\/\/schema.org","@graph":[{"@type":"WebPage","@id":"https:\/\/algavenice.com\/fr\/produit\/spiruline-en-poudre-250gr\/","url":"https:\/\/algavenice.com\/fr\/produit\/spiruline-en-poudre-250gr\/","name":"Spiruline en poudre 250 g In Vendita Online | AlgaVenice","isPartOf":{"@id":"https:\/\/algavenice.com\/fr\/#website"},"primaryImageOfPage":{"@id":"https:\/\/algavenice.com\/fr\/produit\/spiruline-en-poudre-250gr\/#primaryimage"},"image":{"@id":"https:\/\/algavenice.com\/fr\/produit\/spiruline-en-poudre-250gr\/#primaryimage"},"thumbnailUrl":"https:\/\/algavenice.com\/wp-content\/uploads\/2021\/07\/spirulina_di_alta_qualita_bio_in_polvere_250gr.jpg","datePublished":"2023-03-19T15:46:12+00:00","description":"Pourquoi choisir la poudre de spiruline d'AlgaVenice ? C'est simple : c'est la seule spiruline pure sur le march\u00e9 ! Z\u00e9ro additif, 100% spiruline.","breadcrumb":{"@id":"https:\/\/algavenice.com\/fr\/produit\/spiruline-en-poudre-250gr\/#breadcrumb"},"inLanguage":"fr-FR","potentialAction":[{"@type":"ReadAction","target":["https:\/\/algavenice.com\/fr\/produit\/spiruline-en-poudre-250gr\/"]}]},{"@type":"ImageObject","inLanguage":"fr-FR","@id":"https:\/\/algavenice.com\/fr\/produit\/spiruline-en-poudre-250gr\/#primaryimage","url":"https:\/\/algavenice.com\/wp-content\/uploads\/2021\/07\/spirulina_di_alta_qualita_bio_in_polvere_250gr.jpg","contentUrl":"https:\/\/algavenice.com\/wp-content\/uploads\/2021\/07\/spirulina_di_alta_qualita_bio_in_polvere_250gr.jpg","width":800,"height":800,"caption":"spirulina di alta qualit\u00e0 bio in polvere 250gr"},{"@type":"BreadcrumbList","@id":"https:\/\/algavenice.com\/fr\/produit\/spiruline-en-poudre-250gr\/#breadcrumb","itemListElement":[{"@type":"ListItem","position":1,"name":"Home","item":"https:\/\/algavenice.com\/fr\/"},{"@type":"ListItem","position":2,"name":"Boutique bio","item":"https:\/\/algavenice.com\/negozio-bio\/"},{"@type":"ListItem","position":3,"name":"Spiruline en poudre 250 g"}]},{"@type":"WebSite","@id":"https:\/\/algavenice.com\/fr\/#website","url":"https:\/\/algavenice.com\/fr\/","name":"AlgaVenice - Spirulina 100% pura, italiana e biologica","description":"Vendita Spirulina di Alta Qualit\u00e0 Online","publisher":{"@id":"https:\/\/algavenice.com\/fr\/#organization"},"alternateName":"Vendita online Spirulina di alta qualit\u00e0","potentialAction":[{"@type":"SearchAction","target":{"@type":"EntryPoint","urlTemplate":"https:\/\/algavenice.com\/fr\/?s={search_term_string}"},"query-input":{"@type":"PropertyValueSpecification","valueRequired":true,"valueName":"search_term_string"}}],"inLanguage":"fr-FR"},{"@type":"Organization","@id":"https:\/\/algavenice.com\/fr\/#organization","name":"Societ\u00e0 Agricola Serenissima S.r.l.","alternateName":"AlgaVenice","url":"https:\/\/algavenice.com\/fr\/","logo":{"@type":"ImageObject","inLanguage":"fr-FR","@id":"https:\/\/algavenice.com\/fr\/#\/schema\/logo\/image\/","url":"https:\/\/algavenice.com\/wp-content\/uploads\/2023\/03\/algavenice_logo_dati_strutturati.jpg","contentUrl":"https:\/\/algavenice.com\/wp-content\/uploads\/2023\/03\/algavenice_logo_dati_strutturati.jpg","width":696,"height":696,"caption":"Societ\u00e0 Agricola Serenissima S.r.l."},"image":{"@id":"https:\/\/algavenice.com\/fr\/#\/schema\/logo\/image\/"},"sameAs":["https:\/\/www.facebook.com\/algavenice.it","https:\/\/www.instagram.com\/algavenice_spirulina\/","https:\/\/www.youtube.com\/channel\/UCcgMDdoknspeIM22pqn7Qiw"]}]}},"_links":{"self":[{"href":"https:\/\/algavenice.com\/fr\/wp-json\/wp\/v2\/product\/11954","targetHints":{"allow":["GET"]}}],"collection":[{"href":"https:\/\/algavenice.com\/fr\/wp-json\/wp\/v2\/product"}],"about":[{"href":"https:\/\/algavenice.com\/fr\/wp-json\/wp\/v2\/types\/product"}],"replies":[{"embeddable":true,"href":"https:\/\/algavenice.com\/fr\/wp-json\/wp\/v2\/comments?post=11954"}],"wp:featuredmedia":[{"embeddable":true,"href":"https:\/\/algavenice.com\/fr\/wp-json\/wp\/v2\/media\/10992"}],"wp:attachment":[{"href":"https:\/\/algavenice.com\/fr\/wp-json\/wp\/v2\/media?parent=11954"}],"wp:term":[{"taxonomy":"product_cat","embeddable":true,"href":"https:\/\/algavenice.com\/fr\/wp-json\/wp\/v2\/product_cat?post=11954"},{"taxonomy":"product_tag","embeddable":true,"href":"https:\/\/algavenice.com\/fr\/wp-json\/wp\/v2\/product_tag?post=11954"}],"curies":[{"name":"wp","href":"https:\/\/api.w.org\/{rel}","templated":true}]}}