{"id":11957,"date":"2021-07-15T14:34:24","date_gmt":"2021-07-15T12:34:24","guid":{"rendered":"https:\/\/algavenice.com\/prodotto\/spiruline-biologique-500-g-en-poudre\/"},"modified":"2023-03-19T16:47:00","modified_gmt":"2023-03-19T15:47:00","slug":"spiruline-bio-500-g-en-poudre","status":"publish","type":"product","link":"https:\/\/algavenice.com\/fr\/produit\/spiruline-bio-500-g-en-poudre\/","title":{"rendered":"Spiruline biologique 500 g en poudre"},"content":{"rendered":"<p>La <strong>spiruline biologique<\/strong> d&rsquo;AlgaVenice est un compl\u00e9ment naturel pr\u00e9cieux pour votre corps, sous forme de poudre 100% pure, non pasteuris\u00e9e.<br \/>\nIl est rapidement assimil\u00e9 par l&rsquo;organisme et ne contient pas d&rsquo;excipients ou d&rsquo;\u00e9paississants ajout\u00e9s. Il peut \u00eatre ajout\u00e9 \u00e0 des boissons ou \u00e0 des plats, comme ingr\u00e9dient dans diverses recettes, dans des m\u00e9langes alimentaires, dans des glaces, des yaourts, etc.<\/p>\n<p>Mode d&#8217;emploi : Une demi-cuill\u00e8re \u00e0 caf\u00e9 est recommand\u00e9e.<br \/>\nDose journali\u00e8re 1g\/2g (maximum 3g par jour) en fonction des besoins physiques.<\/p>\n<p>A prendre en d\u00e9but de journ\u00e9e pour profiter au mieux des bienfaits de ce produit pur.<\/p>\n<h2>Spiruline italienne biologique<\/h2>\n<p>La poudre de <strong>spiruline biologique<\/strong> d&rsquo;AlgaVenice est la seule spiruline biologique dont les propri\u00e9t\u00e9s organoleptiques sont intactes. Plusieurs raisons nous permettent d&rsquo;affirmer cela.<\/p>\n<p>La spiruline d&rsquo;AlgaVenice a une caract\u00e9ristique unique : elle est <strong>pure \u00e0 100 %<\/strong>. Son histoire a d\u00e9but\u00e9 en 2017 et est marqu\u00e9e par une innovation technologique de pointe. Nous voulions vous offrir un produit unique et nous avons r\u00e9ussi. La spiruline AlgaVenice, qui est une souche brevet\u00e9e de <strong>spiruline Arthrospira Platensis<\/strong>:<\/p>\n<ul>\n<li>obtient la certification de l&rsquo;<strong>algue spiruline biologique<\/strong>;<\/li>\n<li>pousse dans l&rsquo;arri\u00e8re-pays lagunaire de la V\u00e9n\u00e9tie. L&rsquo;usine ultramoderne a \u00e9t\u00e9 con\u00e7ue en collaboration avec la facult\u00e9 d&rsquo;ing\u00e9nierie de l&rsquo;universit\u00e9 de Padoue ;<\/li>\n<li>n&rsquo;est pas cultiv\u00e9 dans des r\u00e9servoirs ouverts, mais dans des photobior\u00e9acteurs ferm\u00e9s afin d&rsquo;\u00e9viter toute contamination ;<\/li>\n<li>n&rsquo;est pas pasteuris\u00e9e, ce qui permet de pr\u00e9server les <strong>propri\u00e9t\u00e9s organoleptiques de l&rsquo;algue<\/strong>;<\/li>\n<li>le s\u00e9chage se fait tr\u00e8s lentement et naturellement. Toute autre m\u00e9thode de s\u00e9chage compromet in\u00e9vitablement la qualit\u00e9 du produit ;<\/li>\n<li>ne contient ni \u00e9paississant ni additif d&rsquo;aucune sorte ;<\/li>\n<li>L&rsquo;eau du photobior\u00e9acteur a un pH contr\u00f4l\u00e9 ;<\/li>\n<li>l&rsquo;usine est constamment surveill\u00e9e par des experts de Fotosintetica &amp; Microbiologica S.r.l.<br \/>\n<a href=\"https:\/\/www.unifi.it\/p8477.html\">spin-off de l&rsquo;Universit\u00e9 de Florence<\/a> par liaison informatique ;<\/li>\n<li>Des d\u00e9tecteurs \u00e0 l&rsquo;int\u00e9rieur de la plante nous permettent de surveiller 24 heures sur 24 l&rsquo;habitat dans lequel pousse la spiruline.<\/li>\n<\/ul>\n<h2>Quelle est la meilleure marque de spiruline ?<\/h2>\n<p>Vous trouverez sans doute une infinit\u00e9 de marques sur le march\u00e9 et il vous sera difficile d&rsquo;en choisir une. Un conseil que nous pouvons vous donner est de ne pas vous fier au prix. Bien entendu, la <strong>spiruline biologique<\/strong> cultiv\u00e9e en Inde ou ailleurs peut \u00eatre ridiculement ch\u00e8re. Mais la question que vous devez vous poser est la suivante : puis-je \u00eatre s\u00fbr qu&rsquo;en plus du produit, je ne prends pas d&rsquo;autres \u00e9l\u00e9ments non d\u00e9clar\u00e9s ?<\/p>\n<p>Comme nous l&rsquo;avons expliqu\u00e9 dans la section pr\u00e9c\u00e9dente, vous devez tenir compte de nombreux aspects lorsque vous choisissez une <strong>marque de spiruline<\/strong>. C&rsquo;est donc \u00e0 vous de calculer le rapport co\u00fbt-b\u00e9n\u00e9fice de la spiruline que vous devriez prendre.<\/p>\n<p>Si vous avez d&rsquo;autres questions ou curiosit\u00e9s sur la <strong>spiruline bio<\/strong> d&rsquo;AlgaVenice, n&rsquo;h\u00e9sitez pas \u00e0 nous contacter.<br \/>\n<a href=\"https:\/\/algavenice.com\/fr\/nous-contacter\/\">contactez-nous<\/a>!<\/p>\n","protected":false},"excerpt":{"rendered":"<p>La poudre de <strong>spiruline biologique<\/strong> d&rsquo;AlgaVenice est un compl\u00e9ment naturel 100% pur et un soutien pr\u00e9cieux pour votre corps.<\/p>\n<p>Bo\u00eete blanche avec couvercle \u00e0 pression contenant un poids net de 500 g. Spiruline <em>Arthrospira Platensis<\/em> en poudre.<\/p>\n<p>Il peut \u00eatre ajout\u00e9 \u00e0 des boissons ou \u00e0 des plats, comme ingr\u00e9dient dans diverses recettes, dans des m\u00e9langes alimentaires, dans des glaces, des yaourts, etc.<\/p>\n","protected":false},"featured_media":10998,"comment_status":"closed","ping_status":"closed","template":"","meta":{"_acf_changed":false},"product_cat":[417],"product_tag":[],"class_list":{"0":"post-11957","1":"product","2":"type-product","3":"status-publish","4":"has-post-thumbnail","6":"product_brand-algavenice-by-agricola-serenissima-s-r-l-fr","7":"product_cat-spiruline-en-bocaux","9":"first","10":"instock","11":"taxable","12":"shipping-taxable","13":"purchasable","14":"product-type-simple"},"acf":[],"yoast_head":"<!-- This site is optimized with the Yoast SEO plugin v27.4 - https:\/\/yoast.com\/product\/yoast-seo-wordpress\/ -->\n<title>Spiruline biologique 500 g en poudre In Vendita Online | AlgaVenice<\/title>\n<meta name=\"description\" content=\"La poudre de spiruline est votre meilleure alli\u00e9e aussi bien dans des conditions d&#039;activit\u00e9 psychophysique normale que pendant des p\u00e9riodes d&#039;activit\u00e9 intense. D\u00e9couvrez pourquoi !\" \/>\n<meta name=\"robots\" content=\"index, follow, max-snippet:-1, max-image-preview:large, max-video-preview:-1\" \/>\n<link rel=\"canonical\" href=\"https:\/\/algavenice.com\/fr\/produit\/spiruline-bio-500-g-en-poudre\/\" \/>\n<meta property=\"og:locale\" content=\"fr_FR\" \/>\n<meta property=\"og:type\" content=\"article\" \/>\n<meta property=\"og:title\" content=\"Spiruline biologique 500 g en poudre In Vendita Online | AlgaVenice\" \/>\n<meta property=\"og:description\" content=\"La poudre de spiruline est votre meilleure alli\u00e9e aussi bien dans des conditions d&#039;activit\u00e9 psychophysique normale que pendant des p\u00e9riodes d&#039;activit\u00e9 intense. D\u00e9couvrez pourquoi !\" \/>\n<meta property=\"og:url\" content=\"https:\/\/algavenice.com\/fr\/produit\/spiruline-bio-500-g-en-poudre\/\" \/>\n<meta property=\"og:site_name\" content=\"AlgaVenice\" \/>\n<meta property=\"article:publisher\" content=\"https:\/\/www.facebook.com\/algavenice.it\" \/>\n<meta property=\"article:modified_time\" content=\"2023-03-19T15:47:00+00:00\" \/>\n<meta property=\"og:image\" content=\"https:\/\/algavenice.com\/wp-content\/uploads\/2021\/07\/spirulina_500gr_in_polvere_pura_senza_additivi.jpg\" \/>\n\t<meta property=\"og:image:width\" content=\"800\" \/>\n\t<meta property=\"og:image:height\" content=\"800\" \/>\n\t<meta property=\"og:image:type\" content=\"image\/jpeg\" \/>\n<meta name=\"twitter:card\" content=\"summary_large_image\" \/>\n<meta name=\"twitter:label1\" content=\"Dur\u00e9e de lecture estim\u00e9e\" \/>\n\t<meta name=\"twitter:data1\" content=\"2 minutes\" \/>\n<script type=\"application\/ld+json\" class=\"yoast-schema-graph\">{\"@context\":\"https:\\\/\\\/schema.org\",\"@graph\":[{\"@type\":\"WebPage\",\"@id\":\"https:\\\/\\\/algavenice.com\\\/fr\\\/produit\\\/spiruline-bio-500-g-en-poudre\\\/\",\"url\":\"https:\\\/\\\/algavenice.com\\\/fr\\\/produit\\\/spiruline-bio-500-g-en-poudre\\\/\",\"name\":\"Spiruline biologique 500 g en poudre In Vendita Online | AlgaVenice\",\"isPartOf\":{\"@id\":\"https:\\\/\\\/algavenice.com\\\/fr\\\/#website\"},\"primaryImageOfPage\":{\"@id\":\"https:\\\/\\\/algavenice.com\\\/fr\\\/produit\\\/spiruline-bio-500-g-en-poudre\\\/#primaryimage\"},\"image\":{\"@id\":\"https:\\\/\\\/algavenice.com\\\/fr\\\/produit\\\/spiruline-bio-500-g-en-poudre\\\/#primaryimage\"},\"thumbnailUrl\":\"https:\\\/\\\/algavenice.com\\\/wp-content\\\/uploads\\\/2021\\\/07\\\/spirulina_500gr_in_polvere_pura_senza_additivi.jpg\",\"datePublished\":\"2021-07-15T12:34:24+00:00\",\"dateModified\":\"2023-03-19T15:47:00+00:00\",\"description\":\"La poudre de spiruline est votre meilleure alli\u00e9e aussi bien dans des conditions d'activit\u00e9 psychophysique normale que pendant des p\u00e9riodes d'activit\u00e9 intense. D\u00e9couvrez pourquoi !\",\"breadcrumb\":{\"@id\":\"https:\\\/\\\/algavenice.com\\\/fr\\\/produit\\\/spiruline-bio-500-g-en-poudre\\\/#breadcrumb\"},\"inLanguage\":\"fr-FR\",\"potentialAction\":[{\"@type\":\"ReadAction\",\"target\":[\"https:\\\/\\\/algavenice.com\\\/fr\\\/produit\\\/spiruline-bio-500-g-en-poudre\\\/\"]}]},{\"@type\":\"ImageObject\",\"inLanguage\":\"fr-FR\",\"@id\":\"https:\\\/\\\/algavenice.com\\\/fr\\\/produit\\\/spiruline-bio-500-g-en-poudre\\\/#primaryimage\",\"url\":\"https:\\\/\\\/algavenice.com\\\/wp-content\\\/uploads\\\/2021\\\/07\\\/spirulina_500gr_in_polvere_pura_senza_additivi.jpg\",\"contentUrl\":\"https:\\\/\\\/algavenice.com\\\/wp-content\\\/uploads\\\/2021\\\/07\\\/spirulina_500gr_in_polvere_pura_senza_additivi.jpg\",\"width\":800,\"height\":800,\"caption\":\"spirulina 500gr in polvere pura senza additivi\"},{\"@type\":\"BreadcrumbList\",\"@id\":\"https:\\\/\\\/algavenice.com\\\/fr\\\/produit\\\/spiruline-bio-500-g-en-poudre\\\/#breadcrumb\",\"itemListElement\":[{\"@type\":\"ListItem\",\"position\":1,\"name\":\"Home\",\"item\":\"https:\\\/\\\/algavenice.com\\\/fr\\\/\"},{\"@type\":\"ListItem\",\"position\":2,\"name\":\"Boutique bio\",\"item\":\"https:\\\/\\\/algavenice.com\\\/negozio-bio\\\/\"},{\"@type\":\"ListItem\",\"position\":3,\"name\":\"Spiruline biologique 500 g en poudre\"}]},{\"@type\":\"WebSite\",\"@id\":\"https:\\\/\\\/algavenice.com\\\/fr\\\/#website\",\"url\":\"https:\\\/\\\/algavenice.com\\\/fr\\\/\",\"name\":\"AlgaVenice - Spirulina 100% pura, italiana e biologica\",\"description\":\"Vendita Spirulina di Alta Qualit\u00e0 Online\",\"publisher\":{\"@id\":\"https:\\\/\\\/algavenice.com\\\/fr\\\/#organization\"},\"alternateName\":\"Vendita online Spirulina di alta qualit\u00e0\",\"potentialAction\":[{\"@type\":\"SearchAction\",\"target\":{\"@type\":\"EntryPoint\",\"urlTemplate\":\"https:\\\/\\\/algavenice.com\\\/fr\\\/?s={search_term_string}\"},\"query-input\":{\"@type\":\"PropertyValueSpecification\",\"valueRequired\":true,\"valueName\":\"search_term_string\"}}],\"inLanguage\":\"fr-FR\"},{\"@type\":\"Organization\",\"@id\":\"https:\\\/\\\/algavenice.com\\\/fr\\\/#organization\",\"name\":\"Societ\u00e0 Agricola Serenissima S.r.l.\",\"alternateName\":\"AlgaVenice\",\"url\":\"https:\\\/\\\/algavenice.com\\\/fr\\\/\",\"logo\":{\"@type\":\"ImageObject\",\"inLanguage\":\"fr-FR\",\"@id\":\"https:\\\/\\\/algavenice.com\\\/fr\\\/#\\\/schema\\\/logo\\\/image\\\/\",\"url\":\"https:\\\/\\\/algavenice.com\\\/wp-content\\\/uploads\\\/2023\\\/03\\\/algavenice_logo_dati_strutturati.jpg\",\"contentUrl\":\"https:\\\/\\\/algavenice.com\\\/wp-content\\\/uploads\\\/2023\\\/03\\\/algavenice_logo_dati_strutturati.jpg\",\"width\":696,\"height\":696,\"caption\":\"Societ\u00e0 Agricola Serenissima S.r.l.\"},\"image\":{\"@id\":\"https:\\\/\\\/algavenice.com\\\/fr\\\/#\\\/schema\\\/logo\\\/image\\\/\"},\"sameAs\":[\"https:\\\/\\\/www.facebook.com\\\/algavenice.it\",\"https:\\\/\\\/www.instagram.com\\\/algavenice_spirulina\\\/\",\"https:\\\/\\\/www.youtube.com\\\/channel\\\/UCcgMDdoknspeIM22pqn7Qiw\"]}]}<\/script>\n<!-- \/ Yoast SEO plugin. -->","yoast_head_json":{"title":"Spiruline biologique 500 g en poudre In Vendita Online | AlgaVenice","description":"La poudre de spiruline est votre meilleure alli\u00e9e aussi bien dans des conditions d'activit\u00e9 psychophysique normale que pendant des p\u00e9riodes d'activit\u00e9 intense. D\u00e9couvrez pourquoi !","robots":{"index":"index","follow":"follow","max-snippet":"max-snippet:-1","max-image-preview":"max-image-preview:large","max-video-preview":"max-video-preview:-1"},"canonical":"https:\/\/algavenice.com\/fr\/produit\/spiruline-bio-500-g-en-poudre\/","og_locale":"fr_FR","og_type":"article","og_title":"Spiruline biologique 500 g en poudre In Vendita Online | AlgaVenice","og_description":"La poudre de spiruline est votre meilleure alli\u00e9e aussi bien dans des conditions d'activit\u00e9 psychophysique normale que pendant des p\u00e9riodes d'activit\u00e9 intense. D\u00e9couvrez pourquoi !","og_url":"https:\/\/algavenice.com\/fr\/produit\/spiruline-bio-500-g-en-poudre\/","og_site_name":"AlgaVenice","article_publisher":"https:\/\/www.facebook.com\/algavenice.it","article_modified_time":"2023-03-19T15:47:00+00:00","og_image":[{"width":800,"height":800,"url":"https:\/\/algavenice.com\/wp-content\/uploads\/2021\/07\/spirulina_500gr_in_polvere_pura_senza_additivi.jpg","type":"image\/jpeg"}],"twitter_card":"summary_large_image","twitter_misc":{"Dur\u00e9e de lecture estim\u00e9e":"2 minutes"},"schema":{"@context":"https:\/\/schema.org","@graph":[{"@type":"WebPage","@id":"https:\/\/algavenice.com\/fr\/produit\/spiruline-bio-500-g-en-poudre\/","url":"https:\/\/algavenice.com\/fr\/produit\/spiruline-bio-500-g-en-poudre\/","name":"Spiruline biologique 500 g en poudre In Vendita Online | AlgaVenice","isPartOf":{"@id":"https:\/\/algavenice.com\/fr\/#website"},"primaryImageOfPage":{"@id":"https:\/\/algavenice.com\/fr\/produit\/spiruline-bio-500-g-en-poudre\/#primaryimage"},"image":{"@id":"https:\/\/algavenice.com\/fr\/produit\/spiruline-bio-500-g-en-poudre\/#primaryimage"},"thumbnailUrl":"https:\/\/algavenice.com\/wp-content\/uploads\/2021\/07\/spirulina_500gr_in_polvere_pura_senza_additivi.jpg","datePublished":"2021-07-15T12:34:24+00:00","dateModified":"2023-03-19T15:47:00+00:00","description":"La poudre de spiruline est votre meilleure alli\u00e9e aussi bien dans des conditions d'activit\u00e9 psychophysique normale que pendant des p\u00e9riodes d'activit\u00e9 intense. D\u00e9couvrez pourquoi !","breadcrumb":{"@id":"https:\/\/algavenice.com\/fr\/produit\/spiruline-bio-500-g-en-poudre\/#breadcrumb"},"inLanguage":"fr-FR","potentialAction":[{"@type":"ReadAction","target":["https:\/\/algavenice.com\/fr\/produit\/spiruline-bio-500-g-en-poudre\/"]}]},{"@type":"ImageObject","inLanguage":"fr-FR","@id":"https:\/\/algavenice.com\/fr\/produit\/spiruline-bio-500-g-en-poudre\/#primaryimage","url":"https:\/\/algavenice.com\/wp-content\/uploads\/2021\/07\/spirulina_500gr_in_polvere_pura_senza_additivi.jpg","contentUrl":"https:\/\/algavenice.com\/wp-content\/uploads\/2021\/07\/spirulina_500gr_in_polvere_pura_senza_additivi.jpg","width":800,"height":800,"caption":"spirulina 500gr in polvere pura senza additivi"},{"@type":"BreadcrumbList","@id":"https:\/\/algavenice.com\/fr\/produit\/spiruline-bio-500-g-en-poudre\/#breadcrumb","itemListElement":[{"@type":"ListItem","position":1,"name":"Home","item":"https:\/\/algavenice.com\/fr\/"},{"@type":"ListItem","position":2,"name":"Boutique bio","item":"https:\/\/algavenice.com\/negozio-bio\/"},{"@type":"ListItem","position":3,"name":"Spiruline biologique 500 g en poudre"}]},{"@type":"WebSite","@id":"https:\/\/algavenice.com\/fr\/#website","url":"https:\/\/algavenice.com\/fr\/","name":"AlgaVenice - Spirulina 100% pura, italiana e biologica","description":"Vendita Spirulina di Alta Qualit\u00e0 Online","publisher":{"@id":"https:\/\/algavenice.com\/fr\/#organization"},"alternateName":"Vendita online Spirulina di alta qualit\u00e0","potentialAction":[{"@type":"SearchAction","target":{"@type":"EntryPoint","urlTemplate":"https:\/\/algavenice.com\/fr\/?s={search_term_string}"},"query-input":{"@type":"PropertyValueSpecification","valueRequired":true,"valueName":"search_term_string"}}],"inLanguage":"fr-FR"},{"@type":"Organization","@id":"https:\/\/algavenice.com\/fr\/#organization","name":"Societ\u00e0 Agricola Serenissima S.r.l.","alternateName":"AlgaVenice","url":"https:\/\/algavenice.com\/fr\/","logo":{"@type":"ImageObject","inLanguage":"fr-FR","@id":"https:\/\/algavenice.com\/fr\/#\/schema\/logo\/image\/","url":"https:\/\/algavenice.com\/wp-content\/uploads\/2023\/03\/algavenice_logo_dati_strutturati.jpg","contentUrl":"https:\/\/algavenice.com\/wp-content\/uploads\/2023\/03\/algavenice_logo_dati_strutturati.jpg","width":696,"height":696,"caption":"Societ\u00e0 Agricola Serenissima S.r.l."},"image":{"@id":"https:\/\/algavenice.com\/fr\/#\/schema\/logo\/image\/"},"sameAs":["https:\/\/www.facebook.com\/algavenice.it","https:\/\/www.instagram.com\/algavenice_spirulina\/","https:\/\/www.youtube.com\/channel\/UCcgMDdoknspeIM22pqn7Qiw"]}]}},"_links":{"self":[{"href":"https:\/\/algavenice.com\/fr\/wp-json\/wp\/v2\/product\/11957","targetHints":{"allow":["GET"]}}],"collection":[{"href":"https:\/\/algavenice.com\/fr\/wp-json\/wp\/v2\/product"}],"about":[{"href":"https:\/\/algavenice.com\/fr\/wp-json\/wp\/v2\/types\/product"}],"replies":[{"embeddable":true,"href":"https:\/\/algavenice.com\/fr\/wp-json\/wp\/v2\/comments?post=11957"}],"wp:featuredmedia":[{"embeddable":true,"href":"https:\/\/algavenice.com\/fr\/wp-json\/wp\/v2\/media\/10998"}],"wp:attachment":[{"href":"https:\/\/algavenice.com\/fr\/wp-json\/wp\/v2\/media?parent=11957"}],"wp:term":[{"taxonomy":"product_cat","embeddable":true,"href":"https:\/\/algavenice.com\/fr\/wp-json\/wp\/v2\/product_cat?post=11957"},{"taxonomy":"product_tag","embeddable":true,"href":"https:\/\/algavenice.com\/fr\/wp-json\/wp\/v2\/product_tag?post=11957"}],"curies":[{"name":"wp","href":"https:\/\/api.w.org\/{rel}","templated":true}]}}